{"id":8534,"date":"2025-01-31T11:14:21","date_gmt":"2025-01-31T07:14:21","guid":{"rendered":"https:\/\/etab.ac-reunion.fr\/lyc-sarda-garriga\/?page_id=8534"},"modified":"2025-09-21T08:21:37","modified_gmt":"2025-09-21T04:21:37","slug":"atelier-chanson","status":"publish","type":"page","link":"https:\/\/etab.ac-reunion.fr\/lyc-sarda-garriga\/atelier-chanson\/","title":{"rendered":"ATELIER CHANSON en Espagnol 2024-2025"},"content":{"rendered":"\n<p><\/p>\n\n\n\n<p><\/p>\n\n\n\n<p><\/p>\n\n\n\n<p><\/p>\n\n\n\n<p><\/p>\n\n\n\n<p><\/p>\n\n\n\n<p><\/p>\n\n\n\n<p><\/p>\n\n\n\n<p><\/p>\n\n\n\n<p><\/p>\n\n\n\n<p><\/p>\n\n\n\n<p><\/p>\n\n\n\n<p><\/p>\n\n\n\n<p><\/p>\n\n\n\n<p><\/p>\n\n\n\n<p><\/p>\n\n\n\n<p><\/p>\n\n\n\n<p><\/p>\n\n\n\n<p><\/p>\n\n\n\n<p><\/p>\n\n\n\n<p><\/p>\n\n\n\n<p><\/p>\n\n\n\n<p class=\"has-text-align-center\"><strong><mark class=\"has-inline-color has-vivid-red-color\">Clip vid\u00e9o de nos champions, r\u00e9compens\u00e9s, au concours acad\u00e9mique de la chanson en espagnol <\/mark><\/strong><\/p>\n\n\n\n<p class=\"has-text-align-center\"><\/p>\n\n\n\n<div class=\"wp-block-buttons is-content-justification-center is-layout-flex wp-container-core-buttons-is-layout-16018d1d wp-block-buttons-is-layout-flex\">\n<div class=\"wp-block-button\"><a class=\"wp-block-button__link has-text-align-center wp-element-button\" href=\"https:\/\/portail.sgarriga.ac-reunion.fr\/wordpress\/wp-content\/uploads\/2025\/09\/VAMOS-A-CUBA-VFINALE2.mp4\" target=\"_blank\" rel=\"noreferrer noopener\">Clip Vid\u00e9o<\/a><\/div>\n<\/div>\n\n\n\n<p><\/p>\n\n\n\n<figure class=\"wp-block-image size-large\"><a href=\"https:\/\/portail.sgarriga.ac-reunion.fr\/wordpress\/wp-content\/uploads\/2025\/09\/VAMOS-A-CUBA-VFINALE2.mp4\" target=\"_blank\" rel=\" noreferrer noopener\"><img loading=\"lazy\" decoding=\"async\" width=\"1024\" height=\"568\" src=\"https:\/\/etab.ac-reunion.fr\/lyc-sarda-garriga\/wp-content\/uploads\/sites\/98\/2025\/09\/clipEspagnol-1024x568.jpg\" alt=\"\" class=\"wp-image-9600\" srcset=\"https:\/\/etab.ac-reunion.fr\/lyc-sarda-garriga\/wp-content\/uploads\/sites\/98\/2025\/09\/clipEspagnol-1024x568.jpg 1024w, https:\/\/etab.ac-reunion.fr\/lyc-sarda-garriga\/wp-content\/uploads\/sites\/98\/2025\/09\/clipEspagnol-300x166.jpg 300w, https:\/\/etab.ac-reunion.fr\/lyc-sarda-garriga\/wp-content\/uploads\/sites\/98\/2025\/09\/clipEspagnol-768x426.jpg 768w, https:\/\/etab.ac-reunion.fr\/lyc-sarda-garriga\/wp-content\/uploads\/sites\/98\/2025\/09\/clipEspagnol-1536x852.jpg 1536w, https:\/\/etab.ac-reunion.fr\/lyc-sarda-garriga\/wp-content\/uploads\/sites\/98\/2025\/09\/clipEspagnol-95x54.jpg 95w, https:\/\/etab.ac-reunion.fr\/lyc-sarda-garriga\/wp-content\/uploads\/sites\/98\/2025\/09\/clipEspagnol.jpg 1626w\" sizes=\"auto, (max-width: 1024px) 100vw, 1024px\" \/><\/a><\/figure>\n\n\n\n<p class=\"has-text-align-center\"><\/p>\n\n\n\n<p><strong><mark style=\"background-color:#ffffff\" class=\"has-inline-color has-vivid-red-color\">Tournage du clip de la chanson espagnole prim\u00e9e au concours acad\u00e9mique.<\/mark><\/strong><\/p>\n\n\n\n<p class=\"has-text-align-left\">Dans le cadre de leur victoire au concours acad\u00e9mique de la chanson espagnole, les \u00e9l\u00e8ves de l\u2019atelier de Mme POININ-COULIN ont pu r\u00e9aliser le tournage du clip de leur chanson dans les jolies rues de St Gilles, le jeudi 10 avril. Une belle et enrichissante exp\u00e9rience pour eux. Encore un beau prix qui fait rayonner notre lyc\u00e9e ! Clip \u00e0 suivre tr\u00e8s prochainement !<\/p>\n\n\n\n<p><\/p>\n\n\n<div class=\"wp-block-image\">\n<figure class=\"aligncenter size-large is-resized\"><a href=\"https:\/\/etab.ac-reunion.fr\/lyc-sarda-garriga\/wp-content\/uploads\/sites\/98\/2025\/05\/tournage-1-scaled.jpg\" target=\"_blank\" rel=\" noreferrer noopener\"><img loading=\"lazy\" decoding=\"async\" width=\"1024\" height=\"768\" src=\"https:\/\/etab.ac-reunion.fr\/lyc-sarda-garriga\/wp-content\/uploads\/sites\/98\/2025\/05\/tournage-1-1024x768.jpg\" alt=\"\" class=\"wp-image-9014\" style=\"width:576px;height:auto\" srcset=\"https:\/\/etab.ac-reunion.fr\/lyc-sarda-garriga\/wp-content\/uploads\/sites\/98\/2025\/05\/tournage-1-1024x768.jpg 1024w, https:\/\/etab.ac-reunion.fr\/lyc-sarda-garriga\/wp-content\/uploads\/sites\/98\/2025\/05\/tournage-1-300x225.jpg 300w, https:\/\/etab.ac-reunion.fr\/lyc-sarda-garriga\/wp-content\/uploads\/sites\/98\/2025\/05\/tournage-1-768x576.jpg 768w, https:\/\/etab.ac-reunion.fr\/lyc-sarda-garriga\/wp-content\/uploads\/sites\/98\/2025\/05\/tournage-1-1536x1152.jpg 1536w, https:\/\/etab.ac-reunion.fr\/lyc-sarda-garriga\/wp-content\/uploads\/sites\/98\/2025\/05\/tournage-1-2048x1536.jpg 2048w\" sizes=\"auto, (max-width: 1024px) 100vw, 1024px\" \/><\/a><\/figure>\n<\/div>\n\n\n<p><\/p>\n\n\n<div class=\"wp-block-image\">\n<figure class=\"aligncenter size-full is-resized\"><a href=\"https:\/\/etab.ac-reunion.fr\/lyc-sarda-garriga\/wp-content\/uploads\/sites\/98\/2025\/05\/photo2.png\" target=\"_blank\" rel=\" noreferrer noopener\"><img loading=\"lazy\" decoding=\"async\" width=\"646\" height=\"448\" src=\"https:\/\/etab.ac-reunion.fr\/lyc-sarda-garriga\/wp-content\/uploads\/sites\/98\/2025\/05\/photo2.png\" alt=\"\" class=\"wp-image-9016\" style=\"width:582px;height:auto\" srcset=\"https:\/\/etab.ac-reunion.fr\/lyc-sarda-garriga\/wp-content\/uploads\/sites\/98\/2025\/05\/photo2.png 646w, https:\/\/etab.ac-reunion.fr\/lyc-sarda-garriga\/wp-content\/uploads\/sites\/98\/2025\/05\/photo2-300x208.png 300w\" sizes=\"auto, (max-width: 646px) 100vw, 646px\" \/><\/a><\/figure>\n<\/div>\n\n\n<p><\/p>\n\n\n\n<p>*****************************************************************************************************<\/p>\n\n\n\n<blockquote class=\"wp-block-quote is-layout-flow wp-block-quote-is-layout-flow\">\n<p>Apr\u00e8s la belle exp\u00e9rience au sein des studios du BTS Audiovisuel au Lyc\u00e9e Nord, les \u00e9l\u00e8ves de l&rsquo;atelier chanson et leur professeure Mme POININ-COULIN sont heureux de vous partager leur chanson, prim\u00e9e au concours d\u00e9partemental pour le niveau lyc\u00e9e. <\/p>\n\n\n\n<p><\/p>\n<\/blockquote>\n\n\n\n<blockquote class=\"wp-block-quote is-layout-flow wp-block-quote-is-layout-flow\">\n<p><strong><em>Cliquez sur la fl\u00e8che ci dessous pour entendre la chanson. Belle \u00e9coute \u00e0 vous ! <\/em><audio src=\"https:\/\/etab.ac-reunion.fr\/lyc-sarda-garriga\/wp-content\/uploads\/sites\/98\/2025\/04\/Vamos-a-Cuba_LQcompresse.mp3\"><\/audio><audio src=\"https:\/\/etab.ac-reunion.fr\/lyc-sarda-garriga\/wp-content\/uploads\/sites\/98\/2025\/04\/Vamos-a-Cuba_LQcompresse.mp3\"><\/audio><\/strong><\/p>\n\n\n\n<figure class=\"wp-block-audio aligncenter\"><audio controls src=\"https:\/\/etab.ac-reunion.fr\/lyc-sarda-garriga\/wp-content\/uploads\/sites\/98\/2025\/04\/Vamos-a-Cuba_LQcompresse.mp3\"><\/audio><\/figure>\n<\/blockquote>\n\n\n\n<p><\/p>\n\n\n\n<p>************************************************************************************************************<\/p>\n\n\n\n<blockquote class=\"wp-block-quote is-layout-flow wp-block-quote-is-layout-flow\">\n<blockquote class=\"wp-block-quote is-layout-flow wp-block-quote-is-layout-flow\">\n<p class=\"has-text-align-center\">Dans le cadre du<strong> concours acad\u00e9mique de la chanson en espagno<\/strong>l, les \u00e9l\u00e8ves de l\u2019atelier chanson de Mme POININ-COULIN ont re\u00e7u le <strong>1<sup>er<\/sup>&nbsp;prix pour le niveau lyc\u00e9e.<\/strong> En guise de r\u00e9compense et afin de valoriser ce projet, ils obtiennent un enregistrement de leur chanson en f\u00e9vrier 2025, chapeaut\u00e9, par les \u00e9tudiants du BTS audiovisuel au Lyc\u00e9e Nord ainsi que le tournage d\u2019un clip en avril. Bravo \u00e0 eux !<\/p>\n\n\n\n<p class=\"has-text-align-center\"><\/p>\n<\/blockquote>\n<\/blockquote>\n\n\n\n<figure class=\"wp-block-image size-large\"><a href=\"https:\/\/etab.ac-reunion.fr\/lyc-sarda-garriga\/wp-content\/uploads\/sites\/98\/2025\/01\/photo-3-scaled.jpg\" target=\"_blank\" rel=\"noreferrer noopener\"><img loading=\"lazy\" decoding=\"async\" width=\"1024\" height=\"768\" src=\"https:\/\/etab.ac-reunion.fr\/lyc-sarda-garriga\/wp-content\/uploads\/sites\/98\/2025\/01\/photo-3-1024x768.jpg\" alt=\"\" class=\"wp-image-8535\" srcset=\"https:\/\/etab.ac-reunion.fr\/lyc-sarda-garriga\/wp-content\/uploads\/sites\/98\/2025\/01\/photo-3-1024x768.jpg 1024w, https:\/\/etab.ac-reunion.fr\/lyc-sarda-garriga\/wp-content\/uploads\/sites\/98\/2025\/01\/photo-3-300x225.jpg 300w, https:\/\/etab.ac-reunion.fr\/lyc-sarda-garriga\/wp-content\/uploads\/sites\/98\/2025\/01\/photo-3-768x576.jpg 768w, https:\/\/etab.ac-reunion.fr\/lyc-sarda-garriga\/wp-content\/uploads\/sites\/98\/2025\/01\/photo-3-1536x1152.jpg 1536w, https:\/\/etab.ac-reunion.fr\/lyc-sarda-garriga\/wp-content\/uploads\/sites\/98\/2025\/01\/photo-3-2048x1536.jpg 2048w\" sizes=\"auto, (max-width: 1024px) 100vw, 1024px\" \/><\/a><\/figure>\n\n\n\n<p><\/p>\n\n\n\n<p>**************************************************************************************************************<\/p>\n\n\n\n<p><\/p>\n\n\n\n<blockquote class=\"wp-block-quote is-layout-flow wp-block-quote-is-layout-flow\">\n<p>Dans le cadre de leur victoire au concours acad\u00e9mique de chanson en espagnol, les \u00e9l\u00e8ves de l&rsquo;atelier de Mme POININ-COULIN ont eu l&rsquo;opportunit\u00e9 d&rsquo;enregistrer leur chanson au Lyc\u00e9e Nord au sein des studios du BTS Audiovisuel.<\/p>\n\n\n\n<p>Par la m\u00eame occasion, ils ont pu d\u00e9couvrir le milieu de l&rsquo;audiovisuel par une visite explicative et guid\u00e9e faite par les \u00e9tudiants. Une belle et enrichissante exp\u00e9rience pour nos \u00e9l\u00e8ves ! Chanson \u00e0 suivre prochainement &#8230;<\/p>\n<\/blockquote>\n\n\n\n<figure class=\"wp-block-image size-large\"><a href=\"https:\/\/etab.ac-reunion.fr\/lyc-sarda-garriga\/wp-content\/uploads\/sites\/98\/2025\/02\/enregistrement-Lycee-Nord.jpg\" target=\"_blank\" rel=\" noreferrer noopener\"><img loading=\"lazy\" decoding=\"async\" width=\"1024\" height=\"768\" src=\"https:\/\/etab.ac-reunion.fr\/lyc-sarda-garriga\/wp-content\/uploads\/sites\/98\/2025\/02\/enregistrement-Lycee-Nord-1024x768.jpg\" alt=\"\" class=\"wp-image-8609\" srcset=\"https:\/\/etab.ac-reunion.fr\/lyc-sarda-garriga\/wp-content\/uploads\/sites\/98\/2025\/02\/enregistrement-Lycee-Nord-1024x768.jpg 1024w, https:\/\/etab.ac-reunion.fr\/lyc-sarda-garriga\/wp-content\/uploads\/sites\/98\/2025\/02\/enregistrement-Lycee-Nord-300x225.jpg 300w, https:\/\/etab.ac-reunion.fr\/lyc-sarda-garriga\/wp-content\/uploads\/sites\/98\/2025\/02\/enregistrement-Lycee-Nord-768x576.jpg 768w, https:\/\/etab.ac-reunion.fr\/lyc-sarda-garriga\/wp-content\/uploads\/sites\/98\/2025\/02\/enregistrement-Lycee-Nord.jpg 1280w\" sizes=\"auto, (max-width: 1024px) 100vw, 1024px\" \/><\/a><\/figure>\n\n\n\n<figure class=\"wp-block-image size-large\"><a href=\"https:\/\/etab.ac-reunion.fr\/lyc-sarda-garriga\/wp-content\/uploads\/sites\/98\/2025\/02\/enregistrement-chanson-7-fevirer.jpg\" target=\"_blank\" rel=\" noreferrer noopener\"><img loading=\"lazy\" decoding=\"async\" width=\"1024\" height=\"597\" src=\"https:\/\/etab.ac-reunion.fr\/lyc-sarda-garriga\/wp-content\/uploads\/sites\/98\/2025\/02\/enregistrement-chanson-7-fevirer-1024x597.jpg\" alt=\"\" class=\"wp-image-8610\" srcset=\"https:\/\/etab.ac-reunion.fr\/lyc-sarda-garriga\/wp-content\/uploads\/sites\/98\/2025\/02\/enregistrement-chanson-7-fevirer-1024x597.jpg 1024w, https:\/\/etab.ac-reunion.fr\/lyc-sarda-garriga\/wp-content\/uploads\/sites\/98\/2025\/02\/enregistrement-chanson-7-fevirer-300x175.jpg 300w, https:\/\/etab.ac-reunion.fr\/lyc-sarda-garriga\/wp-content\/uploads\/sites\/98\/2025\/02\/enregistrement-chanson-7-fevirer-768x448.jpg 768w, https:\/\/etab.ac-reunion.fr\/lyc-sarda-garriga\/wp-content\/uploads\/sites\/98\/2025\/02\/enregistrement-chanson-7-fevirer-1536x895.jpg 1536w, https:\/\/etab.ac-reunion.fr\/lyc-sarda-garriga\/wp-content\/uploads\/sites\/98\/2025\/02\/enregistrement-chanson-7-fevirer-95x54.jpg 95w, https:\/\/etab.ac-reunion.fr\/lyc-sarda-garriga\/wp-content\/uploads\/sites\/98\/2025\/02\/enregistrement-chanson-7-fevirer.jpg 1606w\" sizes=\"auto, (max-width: 1024px) 100vw, 1024px\" \/><\/a><\/figure>\n\n\n\n<p><\/p>\n","protected":false},"excerpt":{"rendered":"<p>Clip vid\u00e9o de nos champions, r\u00e9compens\u00e9s, au concours acad\u00e9mique de la chanson en espagnol Tournage du clip de la chanson espagnole prim\u00e9e au concours acad\u00e9mique. Dans le cadre de leur victoire au concours acad\u00e9mique de la chanson espagnole, les \u00e9l\u00e8ves de l\u2019atelier de Mme POININ-COULIN ont pu r\u00e9aliser le tournage du clip de leur chanson [&hellip;]<\/p>\n","protected":false},"author":2934,"featured_media":8535,"parent":0,"menu_order":0,"comment_status":"closed","ping_status":"closed","template":"","meta":{"footnotes":"","_links_to":"","_links_to_target":""},"class_list":["post-8534","page","type-page","status-publish","has-post-thumbnail","hentry"],"_links":{"self":[{"href":"https:\/\/etab.ac-reunion.fr\/lyc-sarda-garriga\/wp-json\/wp\/v2\/pages\/8534","targetHints":{"allow":["GET"]}}],"collection":[{"href":"https:\/\/etab.ac-reunion.fr\/lyc-sarda-garriga\/wp-json\/wp\/v2\/pages"}],"about":[{"href":"https:\/\/etab.ac-reunion.fr\/lyc-sarda-garriga\/wp-json\/wp\/v2\/types\/page"}],"author":[{"embeddable":true,"href":"https:\/\/etab.ac-reunion.fr\/lyc-sarda-garriga\/wp-json\/wp\/v2\/users\/2934"}],"replies":[{"embeddable":true,"href":"https:\/\/etab.ac-reunion.fr\/lyc-sarda-garriga\/wp-json\/wp\/v2\/comments?post=8534"}],"version-history":[{"count":65,"href":"https:\/\/etab.ac-reunion.fr\/lyc-sarda-garriga\/wp-json\/wp\/v2\/pages\/8534\/revisions"}],"predecessor-version":[{"id":9620,"href":"https:\/\/etab.ac-reunion.fr\/lyc-sarda-garriga\/wp-json\/wp\/v2\/pages\/8534\/revisions\/9620"}],"wp:featuredmedia":[{"embeddable":true,"href":"https:\/\/etab.ac-reunion.fr\/lyc-sarda-garriga\/wp-json\/wp\/v2\/media\/8535"}],"wp:attachment":[{"href":"https:\/\/etab.ac-reunion.fr\/lyc-sarda-garriga\/wp-json\/wp\/v2\/media?parent=8534"}],"curies":[{"name":"wp","href":"https:\/\/api.w.org\/{rel}","templated":true}]}}