{"id":8565,"date":"2025-02-07T16:15:16","date_gmt":"2025-02-07T12:15:16","guid":{"rendered":"https:\/\/etab.ac-reunion.fr\/lyc-sarda-garriga\/?page_id=8565"},"modified":"2025-02-09T10:08:53","modified_gmt":"2025-02-09T06:08:53","slug":"safer-internet-day","status":"publish","type":"page","link":"https:\/\/etab.ac-reunion.fr\/lyc-sarda-garriga\/safer-internet-day\/","title":{"rendered":"SAFER INTERNET DAY"},"content":{"rendered":"\n<p><\/p>\n\n\n\n<p><\/p>\n\n\n\n<p><\/p>\n\n\n\n<p><\/p>\n\n\n\n<p><\/p>\n\n\n\n<p><\/p>\n\n\n\n<p><\/p>\n\n\n\n<p><\/p>\n\n\n\n<p><\/p>\n\n\n\n<p><\/p>\n\n\n\n<p><\/p>\n\n\n\n<p><\/p>\n\n\n\n<p><\/p>\n\n\n\n<p><\/p>\n\n\n\n<p><\/p>\n\n\n\n<p><\/p>\n\n\n\n<p><\/p>\n\n\n\n<p><\/p>\n\n\n\n<p><\/p>\n\n\n\n<p><\/p>\n\n\n\n<p><\/p>\n\n\n\n<p><\/p>\n\n\n\n<blockquote class=\"wp-block-quote is-layout-flow wp-block-quote-is-layout-flow\">\n<p class=\"has-text-align-center\"><strong>Le SAFER INTERNET DAY est un rendez-vous annuel de sensibilisation aux usages du num\u00e9rique \u00e0 destination des jeunes, des familles et de la communaut\u00e9 \u00e9ducative.<\/strong><\/p>\n\n\n\n<p class=\"has-text-align-center\"><strong> L\u2019objectif est d&rsquo;encourager les comportements responsables et positifs en ligne.<\/strong><\/p>\n\n\n\n<p class=\"has-text-align-center\"><strong>Nous vous proposons 2 petites vid\u00e9os \u00e0 destination  des \u00e9l\u00e8ves\u00a0\u00a0et<\/strong> <strong>des parents <\/strong><br><\/p>\n<\/blockquote>\n\n\n\n<figure class=\"wp-block-video\"><video height=\"360\" style=\"aspect-ratio: 640 \/ 360;\" width=\"640\" controls src=\"https:\/\/etab.ac-reunion.fr\/lyc-sarda-garriga\/wp-content\/uploads\/sites\/98\/2025\/02\/video-usage-dinternet.mp4\"><\/video><\/figure>\n\n\n\n<figure class=\"wp-block-video\"><video height=\"1080\" style=\"aspect-ratio: 1920 \/ 1080;\" width=\"1920\" controls src=\"https:\/\/etab.ac-reunion.fr\/lyc-sarda-garriga\/wp-content\/uploads\/sites\/98\/2025\/02\/youtube_ZHZLSIby7H4_1920x1080_h264.mp4\"><\/video><\/figure>\n","protected":false},"excerpt":{"rendered":"<p>Le SAFER INTERNET DAY est un rendez-vous annuel de sensibilisation aux usages du num\u00e9rique \u00e0 destination des jeunes, des familles et de la communaut\u00e9 \u00e9ducative. L\u2019objectif est d&rsquo;encourager les comportements responsables et positifs en ligne. Nous vous proposons 2 petites vid\u00e9os \u00e0 destination des \u00e9l\u00e8ves\u00a0\u00a0et des parents<\/p>\n","protected":false},"author":2934,"featured_media":8592,"parent":0,"menu_order":0,"comment_status":"closed","ping_status":"closed","template":"","meta":{"footnotes":"","_links_to":"","_links_to_target":""},"class_list":["post-8565","page","type-page","status-publish","has-post-thumbnail","hentry"],"_links":{"self":[{"href":"https:\/\/etab.ac-reunion.fr\/lyc-sarda-garriga\/wp-json\/wp\/v2\/pages\/8565","targetHints":{"allow":["GET"]}}],"collection":[{"href":"https:\/\/etab.ac-reunion.fr\/lyc-sarda-garriga\/wp-json\/wp\/v2\/pages"}],"about":[{"href":"https:\/\/etab.ac-reunion.fr\/lyc-sarda-garriga\/wp-json\/wp\/v2\/types\/page"}],"author":[{"embeddable":true,"href":"https:\/\/etab.ac-reunion.fr\/lyc-sarda-garriga\/wp-json\/wp\/v2\/users\/2934"}],"replies":[{"embeddable":true,"href":"https:\/\/etab.ac-reunion.fr\/lyc-sarda-garriga\/wp-json\/wp\/v2\/comments?post=8565"}],"version-history":[{"count":14,"href":"https:\/\/etab.ac-reunion.fr\/lyc-sarda-garriga\/wp-json\/wp\/v2\/pages\/8565\/revisions"}],"predecessor-version":[{"id":8594,"href":"https:\/\/etab.ac-reunion.fr\/lyc-sarda-garriga\/wp-json\/wp\/v2\/pages\/8565\/revisions\/8594"}],"wp:featuredmedia":[{"embeddable":true,"href":"https:\/\/etab.ac-reunion.fr\/lyc-sarda-garriga\/wp-json\/wp\/v2\/media\/8592"}],"wp:attachment":[{"href":"https:\/\/etab.ac-reunion.fr\/lyc-sarda-garriga\/wp-json\/wp\/v2\/media?parent=8565"}],"curies":[{"name":"wp","href":"https:\/\/api.w.org\/{rel}","templated":true}]}}