{"id":8638,"date":"2025-02-21T14:20:06","date_gmt":"2025-02-21T10:20:06","guid":{"rendered":"https:\/\/etab.ac-reunion.fr\/lyc-sarda-garriga\/?page_id=8638"},"modified":"2025-02-21T14:25:06","modified_gmt":"2025-02-21T10:25:06","slug":"cordees-de-la-reussite-2024","status":"publish","type":"page","link":"https:\/\/etab.ac-reunion.fr\/lyc-sarda-garriga\/cordees-de-la-reussite-2024\/","title":{"rendered":"Cord\u00e9es de la R\u00e9ussite 2024"},"content":{"rendered":"\n<p><\/p>\n\n\n\n<p><\/p>\n\n\n\n<p><\/p>\n\n\n\n<p><\/p>\n\n\n\n<p><\/p>\n\n\n\n<p><\/p>\n\n\n\n<p><\/p>\n\n\n\n<p><\/p>\n\n\n\n<p><\/p>\n\n\n\n<p><\/p>\n\n\n\n<p><\/p>\n\n\n\n<p><\/p>\n\n\n\n<p><\/p>\n\n\n\n<p><\/p>\n\n\n\n<p><\/p>\n\n\n\n<p><\/p>\n\n\n\n<p><\/p>\n\n\n\n<p><\/p>\n\n\n\n<p><\/p>\n\n\n\n<p><\/p>\n\n\n\n<p><\/p>\n\n\n\n<blockquote class=\"wp-block-quote is-layout-flow wp-block-quote-is-layout-flow\">\n<p>Les \u00e9l\u00e8ves des Cord\u00e9es de la R\u00e9ussite ont eu la chance de r\u00e9aliser des sorties :<\/p>\n\n\n\n<p>&#8211;<strong> le vendredi 8 novembre 2024, <\/strong>les \u00e9l\u00e8ves de premi\u00e8res et de terminales STMG faisant partie du dispositif se sont rendus au Lyc\u00e9e Marguerite Jauzelon (t\u00eate de Cord\u00e9e) pour y d\u00e9couvrir les formations suivantes : CPGE ECT, BTS CG, BTS SAM, BTS GPME, DCG.<\/p>\n\n\n\n<p>L&rsquo;apr\u00e8s midi les \u00e9l\u00e8ves ont \u00e9t\u00e9 invit\u00e9s \u00e0 participer \u00e0 une activit\u00e9 de teambuilding, autour d&rsquo;un bowling en compagnie d&rsquo;une autre Cord\u00e9e, celle du lyc\u00e9e Louis Payen.<\/p>\n\n\n\n<p>Pour rappel, le dispositif Les Cord\u00e9es de la R\u00e9ussite, a pour vocation de \u00ab\u00a0permettre aux jeunes de se projeter dans l&rsquo;enseignement sup\u00e9rieur quels que soient leur milieu et bac d&rsquo;origine\u00a0\u00bb.<\/p>\n\n\n\n<p>&#8211;<strong> le jeudi 6 f\u00e9vrier 2025 <\/strong>: ils se sont rendus \u00e0 l&rsquo;IUT de Saint Pierre pour y d\u00e9couvrir les formations BUT Technique de Commercialisation et le BUT Gestion des Entreprises et des Administrations ! L&rsquo;apr\u00e8s-midi les \u00e9l\u00e8ves ont pu faire une halte \u00e0 l&rsquo;aquarium de Saint-Gilles pour d\u00e9couvrir la biodiversit\u00e9 marine de notre \u00eele.<\/p>\n\n\n\n<p>&#8211;<strong> le jeudi 20 f\u00e9vrier 2025 <\/strong>: les \u00e9l\u00e8ves ont fait l&rsquo;exp\u00e9rience anticip\u00e9e des \u00e9tudes post bac en passant une journ\u00e9e dans les formations BTS Gestion de la Petite Moyenne Entreprise, Classe Pr\u00e9paratoire aux Grandes Ecoles (Economique et Commerciale Technologique) et Dipl\u00f4me de Comptabilit\u00e9 et de Gestion du lyc\u00e9e Marguerite Jauzelon.<\/p>\n<\/blockquote>\n\n\n\n<figure class=\"wp-block-gallery has-nested-images columns-default is-cropped wp-block-gallery-1 is-layout-flex wp-block-gallery-is-layout-flex\">\n<figure class=\"wp-block-image size-large\"><img loading=\"lazy\" decoding=\"async\" width=\"1024\" height=\"768\" data-id=\"8632\" src=\"https:\/\/etab.ac-reunion.fr\/lyc-sarda-garriga\/wp-content\/uploads\/sites\/98\/2025\/02\/PXL_20250206_070010729-1024x768.jpg\" alt=\"\" class=\"wp-image-8632\" srcset=\"https:\/\/etab.ac-reunion.fr\/lyc-sarda-garriga\/wp-content\/uploads\/sites\/98\/2025\/02\/PXL_20250206_070010729-1024x768.jpg 1024w, https:\/\/etab.ac-reunion.fr\/lyc-sarda-garriga\/wp-content\/uploads\/sites\/98\/2025\/02\/PXL_20250206_070010729-300x225.jpg 300w, https:\/\/etab.ac-reunion.fr\/lyc-sarda-garriga\/wp-content\/uploads\/sites\/98\/2025\/02\/PXL_20250206_070010729-768x576.jpg 768w, https:\/\/etab.ac-reunion.fr\/lyc-sarda-garriga\/wp-content\/uploads\/sites\/98\/2025\/02\/PXL_20250206_070010729-1536x1152.jpg 1536w, https:\/\/etab.ac-reunion.fr\/lyc-sarda-garriga\/wp-content\/uploads\/sites\/98\/2025\/02\/PXL_20250206_070010729-2048x1536.jpg 2048w\" sizes=\"auto, (max-width: 1024px) 100vw, 1024px\" \/><\/figure>\n\n\n\n<figure class=\"wp-block-image size-large\"><img loading=\"lazy\" decoding=\"async\" width=\"1024\" height=\"768\" data-id=\"8635\" src=\"https:\/\/etab.ac-reunion.fr\/lyc-sarda-garriga\/wp-content\/uploads\/sites\/98\/2025\/02\/PXL_20250206_102051615.MP_-1024x768.jpg\" alt=\"\" class=\"wp-image-8635\" srcset=\"https:\/\/etab.ac-reunion.fr\/lyc-sarda-garriga\/wp-content\/uploads\/sites\/98\/2025\/02\/PXL_20250206_102051615.MP_-1024x768.jpg 1024w, https:\/\/etab.ac-reunion.fr\/lyc-sarda-garriga\/wp-content\/uploads\/sites\/98\/2025\/02\/PXL_20250206_102051615.MP_-300x225.jpg 300w, https:\/\/etab.ac-reunion.fr\/lyc-sarda-garriga\/wp-content\/uploads\/sites\/98\/2025\/02\/PXL_20250206_102051615.MP_-768x576.jpg 768w, https:\/\/etab.ac-reunion.fr\/lyc-sarda-garriga\/wp-content\/uploads\/sites\/98\/2025\/02\/PXL_20250206_102051615.MP_-1536x1152.jpg 1536w, https:\/\/etab.ac-reunion.fr\/lyc-sarda-garriga\/wp-content\/uploads\/sites\/98\/2025\/02\/PXL_20250206_102051615.MP_-2048x1536.jpg 2048w\" sizes=\"auto, (max-width: 1024px) 100vw, 1024px\" \/><\/figure>\n\n\n\n<figure class=\"wp-block-image size-large\"><img loading=\"lazy\" decoding=\"async\" width=\"1024\" height=\"768\" data-id=\"8636\" src=\"https:\/\/etab.ac-reunion.fr\/lyc-sarda-garriga\/wp-content\/uploads\/sites\/98\/2025\/02\/PXL_20250206_0755366782-1024x768.jpg\" alt=\"\" class=\"wp-image-8636\" srcset=\"https:\/\/etab.ac-reunion.fr\/lyc-sarda-garriga\/wp-content\/uploads\/sites\/98\/2025\/02\/PXL_20250206_0755366782-1024x768.jpg 1024w, https:\/\/etab.ac-reunion.fr\/lyc-sarda-garriga\/wp-content\/uploads\/sites\/98\/2025\/02\/PXL_20250206_0755366782-300x225.jpg 300w, https:\/\/etab.ac-reunion.fr\/lyc-sarda-garriga\/wp-content\/uploads\/sites\/98\/2025\/02\/PXL_20250206_0755366782-768x576.jpg 768w, https:\/\/etab.ac-reunion.fr\/lyc-sarda-garriga\/wp-content\/uploads\/sites\/98\/2025\/02\/PXL_20250206_0755366782-1536x1152.jpg 1536w, https:\/\/etab.ac-reunion.fr\/lyc-sarda-garriga\/wp-content\/uploads\/sites\/98\/2025\/02\/PXL_20250206_0755366782-2048x1536.jpg 2048w\" sizes=\"auto, (max-width: 1024px) 100vw, 1024px\" \/><\/figure>\n\n\n\n<figure class=\"wp-block-image size-large\"><img loading=\"lazy\" decoding=\"async\" width=\"1024\" height=\"768\" data-id=\"8637\" src=\"https:\/\/etab.ac-reunion.fr\/lyc-sarda-garriga\/wp-content\/uploads\/sites\/98\/2025\/02\/PXL_20250206_0959246382-1024x768.jpg\" alt=\"\" class=\"wp-image-8637\" srcset=\"https:\/\/etab.ac-reunion.fr\/lyc-sarda-garriga\/wp-content\/uploads\/sites\/98\/2025\/02\/PXL_20250206_0959246382-1024x768.jpg 1024w, https:\/\/etab.ac-reunion.fr\/lyc-sarda-garriga\/wp-content\/uploads\/sites\/98\/2025\/02\/PXL_20250206_0959246382-300x225.jpg 300w, https:\/\/etab.ac-reunion.fr\/lyc-sarda-garriga\/wp-content\/uploads\/sites\/98\/2025\/02\/PXL_20250206_0959246382-768x576.jpg 768w, https:\/\/etab.ac-reunion.fr\/lyc-sarda-garriga\/wp-content\/uploads\/sites\/98\/2025\/02\/PXL_20250206_0959246382-1536x1152.jpg 1536w, https:\/\/etab.ac-reunion.fr\/lyc-sarda-garriga\/wp-content\/uploads\/sites\/98\/2025\/02\/PXL_20250206_0959246382-2048x1536.jpg 2048w\" sizes=\"auto, (max-width: 1024px) 100vw, 1024px\" \/><\/figure>\n<\/figure>\n\n\n\n<p><\/p>\n","protected":false},"excerpt":{"rendered":"<p>Les \u00e9l\u00e8ves des Cord\u00e9es de la R\u00e9ussite ont eu la chance de r\u00e9aliser des sorties : &#8211; le vendredi 8 novembre 2024, les \u00e9l\u00e8ves de premi\u00e8res et de terminales STMG faisant partie du dispositif se sont rendus au Lyc\u00e9e Marguerite Jauzelon (t\u00eate de Cord\u00e9e) pour y d\u00e9couvrir les formations suivantes : CPGE ECT, BTS CG, [&hellip;]<\/p>\n","protected":false},"author":2934,"featured_media":8636,"parent":0,"menu_order":0,"comment_status":"closed","ping_status":"closed","template":"","meta":{"footnotes":"","_links_to":"","_links_to_target":""},"class_list":["post-8638","page","type-page","status-publish","has-post-thumbnail","hentry"],"_links":{"self":[{"href":"https:\/\/etab.ac-reunion.fr\/lyc-sarda-garriga\/wp-json\/wp\/v2\/pages\/8638","targetHints":{"allow":["GET"]}}],"collection":[{"href":"https:\/\/etab.ac-reunion.fr\/lyc-sarda-garriga\/wp-json\/wp\/v2\/pages"}],"about":[{"href":"https:\/\/etab.ac-reunion.fr\/lyc-sarda-garriga\/wp-json\/wp\/v2\/types\/page"}],"author":[{"embeddable":true,"href":"https:\/\/etab.ac-reunion.fr\/lyc-sarda-garriga\/wp-json\/wp\/v2\/users\/2934"}],"replies":[{"embeddable":true,"href":"https:\/\/etab.ac-reunion.fr\/lyc-sarda-garriga\/wp-json\/wp\/v2\/comments?post=8638"}],"version-history":[{"count":7,"href":"https:\/\/etab.ac-reunion.fr\/lyc-sarda-garriga\/wp-json\/wp\/v2\/pages\/8638\/revisions"}],"predecessor-version":[{"id":8649,"href":"https:\/\/etab.ac-reunion.fr\/lyc-sarda-garriga\/wp-json\/wp\/v2\/pages\/8638\/revisions\/8649"}],"wp:featuredmedia":[{"embeddable":true,"href":"https:\/\/etab.ac-reunion.fr\/lyc-sarda-garriga\/wp-json\/wp\/v2\/media\/8636"}],"wp:attachment":[{"href":"https:\/\/etab.ac-reunion.fr\/lyc-sarda-garriga\/wp-json\/wp\/v2\/media?parent=8638"}],"curies":[{"name":"wp","href":"https:\/\/api.w.org\/{rel}","templated":true}]}}