{"id":9025,"date":"2025-05-29T22:19:29","date_gmt":"2025-05-29T18:19:29","guid":{"rendered":"https:\/\/etab.ac-reunion.fr\/lyc-sarda-garriga\/?page_id=9025"},"modified":"2025-05-29T23:55:14","modified_gmt":"2025-05-29T19:55:14","slug":"vivre-ensemble-avec-nos-differences","status":"publish","type":"page","link":"https:\/\/etab.ac-reunion.fr\/lyc-sarda-garriga\/vivre-ensemble-avec-nos-differences\/","title":{"rendered":"Vivre ensemble avec nos diff\u00e9rences &#8211; Mai 2025"},"content":{"rendered":"\n<p><\/p>\n\n\n\n<p><\/p>\n\n\n\n<p><\/p>\n\n\n\n<p><\/p>\n\n\n\n<p><\/p>\n\n\n\n<p><\/p>\n\n\n\n<p><\/p>\n\n\n\n<p><\/p>\n\n\n\n<p><\/p>\n\n\n\n<p><\/p>\n\n\n\n<p><\/p>\n\n\n\n<p><\/p>\n\n\n\n<p><\/p>\n\n\n\n<p><\/p>\n\n\n\n<p><\/p>\n\n\n\n<p><\/p>\n\n\n\n<p><\/p>\n\n\n\n<p><\/p>\n\n\n\n<p><\/p>\n\n\n\n<p><\/p>\n\n\n\n<div class=\"wp-block-group\"><div class=\"wp-block-group__inner-container is-layout-constrained wp-block-group-is-layout-constrained\">\n<blockquote class=\"wp-block-quote is-layout-flow wp-block-quote-is-layout-flow\">\n<p><\/p>\n\n\n\n<p><\/p>\n\n\n\n<p><\/p>\n\n\n\n<p><\/p>\n\n\n\n<p><\/p>\n\n\n\n<p><\/p>\n\n\n\n<p><\/p>\n\n\n\n<p><\/p>\n\n\n\n<p><\/p>\n\n\n\n<p><\/p>\n\n\n\n<p><\/p>\n\n\n\n<p><\/p>\n\n\n\n<p><\/p>\n\n\n\n<p><\/p>\n\n\n\n<p><\/p>\n\n\n\n<p><\/p>\n\n\n\n<p><\/p>\n\n\n\n<p><\/p>\n\n\n\n<p><\/p>\n\n\n\n<p><\/p>\n\n\n\n<p><\/p>\n\n\n\n<p><\/p>\n\n\n\n<p><\/p>\n\n\n\n<p><\/p>\n\n\n\n<p><\/p>\n\n\n\n<p><\/p>\n\n\n\n<p><\/p>\n\n\n\n<p><\/p>\n\n\n\n<p><\/p>\n\n\n\n<p><\/p>\n\n\n\n<p><\/p>\n\n\n\n<p><\/p>\n\n\n\n<p><\/p>\n\n\n\n<p><\/p>\n\n\n\n<p><\/p>\n\n\n\n<p><\/p>\n\n\n\n<p class=\"has-text-align-center\"><strong>Prix de l\u2019\u00c9ducation Citoyenne 2024-2025 de l\u2019ANMONM <\/strong><\/p>\n\n\n\n<p class=\"has-text-align-center\"><strong>(Association Nationale des Membres de l\u2019Ordre National du M\u00e9rite) <\/strong><\/p>\n\n\n\n<p>Nous sommes fiers de vous annoncer que le projet \u00ab Vivre ensemble avec nos diff\u00e9rences \u00bb a remport\u00e9 le Premier Prix D\u00e9partemental de l\u2019\u00c9ducation Citoyenne ! <\/p>\n\n\n\n<p>Une belle reconnaissance qui valorise l\u2019engagement des \u00e9tudiants de la CPES, en partenariat avec les \u00e9co-d\u00e9l\u00e9gu\u00e9s et les jeunes de l\u2019Institut M\u00e9dico-\u00c9ducatif Raymond Allard, dans des actions mettant \u00e0 l\u2019honneur l\u2019inclusion, le vivre-ensemble et la sensibilisation au d\u00e9veloppement durable.<\/p>\n<\/blockquote>\n\n\n\n<blockquote class=\"wp-block-quote is-layout-flow wp-block-quote-is-layout-flow\">\n<p>Bravo aux jeunes et aux membres de la communaut\u00e9 \u00e9ducative ayant soutenu ce projet !<\/p>\n<\/blockquote>\n<\/div><\/div>\n\n\n\n<figure class=\"wp-block-image size-full is-resized\"><a href=\"https:\/\/etab.ac-reunion.fr\/lyc-sarda-garriga\/wp-content\/uploads\/sites\/98\/2025\/05\/image.jpg\" target=\"_blank\" rel=\" noreferrer noopener\"><img loading=\"lazy\" decoding=\"async\" width=\"1280\" height=\"1280\" src=\"https:\/\/etab.ac-reunion.fr\/lyc-sarda-garriga\/wp-content\/uploads\/sites\/98\/2025\/05\/image.jpg\" alt=\"\" class=\"wp-image-9028\" style=\"width:840px;height:auto\" srcset=\"https:\/\/etab.ac-reunion.fr\/lyc-sarda-garriga\/wp-content\/uploads\/sites\/98\/2025\/05\/image.jpg 1280w, https:\/\/etab.ac-reunion.fr\/lyc-sarda-garriga\/wp-content\/uploads\/sites\/98\/2025\/05\/image-300x300.jpg 300w, https:\/\/etab.ac-reunion.fr\/lyc-sarda-garriga\/wp-content\/uploads\/sites\/98\/2025\/05\/image-1024x1024.jpg 1024w, https:\/\/etab.ac-reunion.fr\/lyc-sarda-garriga\/wp-content\/uploads\/sites\/98\/2025\/05\/image-60x60.jpg 60w, https:\/\/etab.ac-reunion.fr\/lyc-sarda-garriga\/wp-content\/uploads\/sites\/98\/2025\/05\/image-768x768.jpg 768w, https:\/\/etab.ac-reunion.fr\/lyc-sarda-garriga\/wp-content\/uploads\/sites\/98\/2025\/05\/image-200x200.jpg 200w, https:\/\/etab.ac-reunion.fr\/lyc-sarda-garriga\/wp-content\/uploads\/sites\/98\/2025\/05\/image-130x130.jpg 130w, https:\/\/etab.ac-reunion.fr\/lyc-sarda-garriga\/wp-content\/uploads\/sites\/98\/2025\/05\/image-67x67.jpg 67w, https:\/\/etab.ac-reunion.fr\/lyc-sarda-garriga\/wp-content\/uploads\/sites\/98\/2025\/05\/image-40x40.jpg 40w, https:\/\/etab.ac-reunion.fr\/lyc-sarda-garriga\/wp-content\/uploads\/sites\/98\/2025\/05\/image-184x184.jpg 184w\" sizes=\"auto, (max-width: 1280px) 100vw, 1280px\" \/><\/a><\/figure>\n\n\n\n<p>(2\u00e8me m\u00e9daille rapport\u00e9e sur 2 participations)<\/p>\n","protected":false},"excerpt":{"rendered":"<p>Prix de l\u2019\u00c9ducation Citoyenne 2024-2025 de l\u2019ANMONM (Association Nationale des Membres de l\u2019Ordre National du M\u00e9rite) Nous sommes fiers de vous annoncer que le projet \u00ab Vivre ensemble avec nos diff\u00e9rences \u00bb a remport\u00e9 le Premier Prix D\u00e9partemental de l\u2019\u00c9ducation Citoyenne ! Une belle reconnaissance qui valorise l\u2019engagement des \u00e9tudiants de la CPES, en partenariat [&hellip;]<\/p>\n","protected":false},"author":2934,"featured_media":9062,"parent":0,"menu_order":0,"comment_status":"closed","ping_status":"closed","template":"","meta":{"footnotes":"","_links_to":"","_links_to_target":""},"class_list":["post-9025","page","type-page","status-publish","has-post-thumbnail","hentry"],"_links":{"self":[{"href":"https:\/\/etab.ac-reunion.fr\/lyc-sarda-garriga\/wp-json\/wp\/v2\/pages\/9025","targetHints":{"allow":["GET"]}}],"collection":[{"href":"https:\/\/etab.ac-reunion.fr\/lyc-sarda-garriga\/wp-json\/wp\/v2\/pages"}],"about":[{"href":"https:\/\/etab.ac-reunion.fr\/lyc-sarda-garriga\/wp-json\/wp\/v2\/types\/page"}],"author":[{"embeddable":true,"href":"https:\/\/etab.ac-reunion.fr\/lyc-sarda-garriga\/wp-json\/wp\/v2\/users\/2934"}],"replies":[{"embeddable":true,"href":"https:\/\/etab.ac-reunion.fr\/lyc-sarda-garriga\/wp-json\/wp\/v2\/comments?post=9025"}],"version-history":[{"count":13,"href":"https:\/\/etab.ac-reunion.fr\/lyc-sarda-garriga\/wp-json\/wp\/v2\/pages\/9025\/revisions"}],"predecessor-version":[{"id":9063,"href":"https:\/\/etab.ac-reunion.fr\/lyc-sarda-garriga\/wp-json\/wp\/v2\/pages\/9025\/revisions\/9063"}],"wp:featuredmedia":[{"embeddable":true,"href":"https:\/\/etab.ac-reunion.fr\/lyc-sarda-garriga\/wp-json\/wp\/v2\/media\/9062"}],"wp:attachment":[{"href":"https:\/\/etab.ac-reunion.fr\/lyc-sarda-garriga\/wp-json\/wp\/v2\/media?parent=9025"}],"curies":[{"name":"wp","href":"https:\/\/api.w.org\/{rel}","templated":true}]}}