{"id":9368,"date":"2025-06-26T19:01:31","date_gmt":"2025-06-26T15:01:31","guid":{"rendered":"https:\/\/etab.ac-reunion.fr\/lyc-sarda-garriga\/?page_id=9368"},"modified":"2025-06-26T19:13:35","modified_gmt":"2025-06-26T15:13:35","slug":"inscriptions-pour-la-rentree-2025-dates-pieces-a-fournir","status":"publish","type":"page","link":"https:\/\/etab.ac-reunion.fr\/lyc-sarda-garriga\/inscriptions-pour-la-rentree-2025-dates-pieces-a-fournir\/","title":{"rendered":"Inscriptions pour la rentr\u00e9e 2025 : dates, pi\u00e8ces \u00e0 fournir"},"content":{"rendered":"\n<div class=\"wp-block-file aligncenter\"><a id=\"wp-block-file--media-095c4eee-0f1b-446b-bec2-d7518c5eb20e\" href=\"https:\/\/etab.ac-reunion.fr\/lyc-sarda-garriga\/wp-content\/uploads\/sites\/98\/2025\/06\/Calendrier-des-inscriptions-2025-2026-1.pdf\">Calendrier-des-inscriptions-2025-2026   en pdf<\/a><\/div>\n\n\n<div class=\"wp-block-image\">\n<figure class=\"aligncenter size-full is-resized\"><a href=\"https:\/\/etab.ac-reunion.fr\/lyc-sarda-garriga\/wp-content\/uploads\/sites\/98\/2025\/06\/Calendrier-des-inscriptions-2025-2026.jpg\" target=\"_blank\" rel=\" noreferrer noopener\"><img loading=\"lazy\" decoding=\"async\" width=\"806\" height=\"683\" src=\"https:\/\/etab.ac-reunion.fr\/lyc-sarda-garriga\/wp-content\/uploads\/sites\/98\/2025\/06\/Calendrier-des-inscriptions-2025-2026.jpg\" alt=\"\" class=\"wp-image-9377\" style=\"width:598px;height:auto\" srcset=\"https:\/\/etab.ac-reunion.fr\/lyc-sarda-garriga\/wp-content\/uploads\/sites\/98\/2025\/06\/Calendrier-des-inscriptions-2025-2026.jpg 806w, https:\/\/etab.ac-reunion.fr\/lyc-sarda-garriga\/wp-content\/uploads\/sites\/98\/2025\/06\/Calendrier-des-inscriptions-2025-2026-300x254.jpg 300w, https:\/\/etab.ac-reunion.fr\/lyc-sarda-garriga\/wp-content\/uploads\/sites\/98\/2025\/06\/Calendrier-des-inscriptions-2025-2026-768x651.jpg 768w\" sizes=\"auto, (max-width: 806px) 100vw, 806px\" \/><\/a><\/figure>\n<\/div>\n\n\n<div class=\"wp-block-file aligncenter\"><a id=\"wp-block-file--media-9319a8b5-3c89-45ad-8feb-3fd9a036de36\" href=\"https:\/\/etab.ac-reunion.fr\/lyc-sarda-garriga\/wp-content\/uploads\/sites\/98\/2025\/06\/Liste-des-pieces-a-fournir.pdf\">Liste des pi\u00e8ces \u00e0 fournir en pdf<\/a><\/div>\n\n\n<div class=\"wp-block-image\">\n<figure class=\"aligncenter size-full is-resized\"><a href=\"https:\/\/etab.ac-reunion.fr\/lyc-sarda-garriga\/wp-content\/uploads\/sites\/98\/2025\/06\/Liste-des-pieces-a-fournir-1.jpg\" target=\"_blank\" rel=\" noreferrer noopener\"><img loading=\"lazy\" decoding=\"async\" width=\"549\" height=\"678\" src=\"https:\/\/etab.ac-reunion.fr\/lyc-sarda-garriga\/wp-content\/uploads\/sites\/98\/2025\/06\/Liste-des-pieces-a-fournir-1.jpg\" alt=\"\" class=\"wp-image-9382\" style=\"width:486px;height:auto\" srcset=\"https:\/\/etab.ac-reunion.fr\/lyc-sarda-garriga\/wp-content\/uploads\/sites\/98\/2025\/06\/Liste-des-pieces-a-fournir-1.jpg 549w, https:\/\/etab.ac-reunion.fr\/lyc-sarda-garriga\/wp-content\/uploads\/sites\/98\/2025\/06\/Liste-des-pieces-a-fournir-1-243x300.jpg 243w\" sizes=\"auto, (max-width: 549px) 100vw, 549px\" \/><\/a><\/figure>\n<\/div>\n\n\n<div class=\"wp-block-file aligncenter\"><a id=\"wp-block-file--media-42f2e412-b18e-4e3c-b217-171f665289a7\" href=\"https:\/\/etab.ac-reunion.fr\/lyc-sarda-garriga\/wp-content\/uploads\/sites\/98\/2025\/06\/INFIRMERIE-INSCRIPTIONS-NOUVEAUX-ELEVES-2025-_-2026.pdf\">INFIRMERIE INSCRIPTIONS NOUVEAUX ELEVES 2025 _ 2026  en pdf<\/a><\/div>\n\n\n<div class=\"wp-block-image\">\n<figure class=\"aligncenter size-full is-resized\"><a href=\"https:\/\/etab.ac-reunion.fr\/lyc-sarda-garriga\/wp-content\/uploads\/sites\/98\/2025\/06\/INFIRMERIE-INSCRIPTIONS-NOUVEAUX-ELEVES-2025-_-2026-1.jpg\" target=\"_blank\" rel=\" noreferrer noopener\"><img loading=\"lazy\" decoding=\"async\" width=\"920\" height=\"639\" src=\"https:\/\/etab.ac-reunion.fr\/lyc-sarda-garriga\/wp-content\/uploads\/sites\/98\/2025\/06\/INFIRMERIE-INSCRIPTIONS-NOUVEAUX-ELEVES-2025-_-2026-1.jpg\" alt=\"\" class=\"wp-image-9384\" style=\"width:557px;height:auto\" srcset=\"https:\/\/etab.ac-reunion.fr\/lyc-sarda-garriga\/wp-content\/uploads\/sites\/98\/2025\/06\/INFIRMERIE-INSCRIPTIONS-NOUVEAUX-ELEVES-2025-_-2026-1.jpg 920w, https:\/\/etab.ac-reunion.fr\/lyc-sarda-garriga\/wp-content\/uploads\/sites\/98\/2025\/06\/INFIRMERIE-INSCRIPTIONS-NOUVEAUX-ELEVES-2025-_-2026-1-300x208.jpg 300w, https:\/\/etab.ac-reunion.fr\/lyc-sarda-garriga\/wp-content\/uploads\/sites\/98\/2025\/06\/INFIRMERIE-INSCRIPTIONS-NOUVEAUX-ELEVES-2025-_-2026-1-768x533.jpg 768w\" sizes=\"auto, (max-width: 920px) 100vw, 920px\" \/><\/a><\/figure>\n<\/div>","protected":false},"excerpt":{"rendered":"","protected":false},"author":2934,"featured_media":0,"parent":0,"menu_order":0,"comment_status":"closed","ping_status":"closed","template":"","meta":{"footnotes":"","_links_to":"","_links_to_target":""},"class_list":["post-9368","page","type-page","status-publish","hentry"],"_links":{"self":[{"href":"https:\/\/etab.ac-reunion.fr\/lyc-sarda-garriga\/wp-json\/wp\/v2\/pages\/9368","targetHints":{"allow":["GET"]}}],"collection":[{"href":"https:\/\/etab.ac-reunion.fr\/lyc-sarda-garriga\/wp-json\/wp\/v2\/pages"}],"about":[{"href":"https:\/\/etab.ac-reunion.fr\/lyc-sarda-garriga\/wp-json\/wp\/v2\/types\/page"}],"author":[{"embeddable":true,"href":"https:\/\/etab.ac-reunion.fr\/lyc-sarda-garriga\/wp-json\/wp\/v2\/users\/2934"}],"replies":[{"embeddable":true,"href":"https:\/\/etab.ac-reunion.fr\/lyc-sarda-garriga\/wp-json\/wp\/v2\/comments?post=9368"}],"version-history":[{"count":7,"href":"https:\/\/etab.ac-reunion.fr\/lyc-sarda-garriga\/wp-json\/wp\/v2\/pages\/9368\/revisions"}],"predecessor-version":[{"id":9386,"href":"https:\/\/etab.ac-reunion.fr\/lyc-sarda-garriga\/wp-json\/wp\/v2\/pages\/9368\/revisions\/9386"}],"wp:attachment":[{"href":"https:\/\/etab.ac-reunion.fr\/lyc-sarda-garriga\/wp-json\/wp\/v2\/media?parent=9368"}],"curies":[{"name":"wp","href":"https:\/\/api.w.org\/{rel}","templated":true}]}}