{"id":9425,"date":"2025-06-27T14:56:31","date_gmt":"2025-06-27T10:56:31","guid":{"rendered":"https:\/\/etab.ac-reunion.fr\/lyc-sarda-garriga\/?page_id=9425"},"modified":"2025-06-27T15:36:24","modified_gmt":"2025-06-27T11:36:24","slug":"attestation-de-stage-pour-les-eleves-de-classe-de-seconde","status":"publish","type":"page","link":"https:\/\/etab.ac-reunion.fr\/lyc-sarda-garriga\/attestation-de-stage-pour-les-eleves-de-classe-de-seconde\/","title":{"rendered":"Attestation de stage pour les \u00e9l\u00e8ves de classe de seconde"},"content":{"rendered":"\n<p>Nous vous informons que l\u2019attestation de stage pour les \u00e9l\u00e8ves de classe de seconde est d\u00e9sormais disponible (voir le document ci dessous). Ce document sert de pi\u00e8ce justificative pour les deux semaines d\u2019immersion professionnelle que votre enfant a effectu\u00e9<strong> du lundi&nbsp;16&nbsp;juin au vendredi&nbsp;27 juin 2025. <\/strong>Cette attestation servira pour la valorisation de son parcours d\u2019orientation.<\/p>\n\n\n\n<p><strong>Ce document doit \u00eatre compl\u00e9t\u00e9 par l\u2019\u00e9l\u00e8ve et l\u2019entreprise, sign\u00e9 par les deux parties. <\/strong>Madame la Proviseure de l\u2019\u00e9tablissement y apposera ensuite son visa pour attester que les deux semaines de stage ont bien eu lieu.<\/p>\n\n\n\n<p>Pour les \u00e9l\u00e8ves ayant choisi de r\u00e9aliser leur stage dans deux entreprises diff\u00e9rentes, il est possible de compl\u00e9ter deux attestations en veillant \u00e0 bien sp\u00e9cifier les p\u00e9riodes pass\u00e9es dans chaque entreprise. Sans le retour de ces documents d\u00fbment compl\u00e9t\u00e9s, il ne nous sera pas possible d\u2019attester de l\u2019immersion professionnelle. Veuillez noter que la convention de stage ne pourra pas servir de justificatif.<\/p>\n\n\n\n<p><\/p>\n\n\n\n<div class=\"wp-block-file aligncenter\"><a id=\"wp-block-file--media-b5e4e358-e25f-49bf-adec-1952e183bb44\" href=\"https:\/\/etab.ac-reunion.fr\/lyc-sarda-garriga\/wp-content\/uploads\/sites\/98\/2024\/06\/ATTESTATION_DE_STAGE_2ND-2024.pdf\">ATTESTATION_DE_STAGE_2ND   en pdf<\/a><\/div>\n\n\n\n<div data-wp-interactive=\"core\/file\" class=\"wp-block-file\"><object data-wp-bind--hidden=\"!state.hasPdfPreview\" hidden class=\"wp-block-file__embed\" data=\"https:\/\/etab.ac-reunion.fr\/lyc-sarda-garriga\/wp-content\/uploads\/sites\/98\/2024\/06\/ATTESTATION_DE_STAGE_2ND-2024.pdf\" type=\"application\/pdf\" style=\"width:100%;height:600px\" aria-label=\"PDF embarqu\u00e9\"><\/object><\/div>\n\n\n\n<p><\/p>\n","protected":false},"excerpt":{"rendered":"<p>Nous vous informons que l\u2019attestation de stage pour les \u00e9l\u00e8ves de classe de seconde est d\u00e9sormais disponible (voir le document ci dessous). Ce document sert de pi\u00e8ce justificative pour les deux semaines d\u2019immersion professionnelle que votre enfant a effectu\u00e9 du lundi&nbsp;16&nbsp;juin au vendredi&nbsp;27 juin 2025. Cette attestation servira pour la valorisation de son parcours d\u2019orientation. [&hellip;]<\/p>\n","protected":false},"author":2934,"featured_media":0,"parent":0,"menu_order":0,"comment_status":"closed","ping_status":"closed","template":"","meta":{"footnotes":"","_links_to":"","_links_to_target":""},"class_list":["post-9425","page","type-page","status-publish","hentry"],"_links":{"self":[{"href":"https:\/\/etab.ac-reunion.fr\/lyc-sarda-garriga\/wp-json\/wp\/v2\/pages\/9425","targetHints":{"allow":["GET"]}}],"collection":[{"href":"https:\/\/etab.ac-reunion.fr\/lyc-sarda-garriga\/wp-json\/wp\/v2\/pages"}],"about":[{"href":"https:\/\/etab.ac-reunion.fr\/lyc-sarda-garriga\/wp-json\/wp\/v2\/types\/page"}],"author":[{"embeddable":true,"href":"https:\/\/etab.ac-reunion.fr\/lyc-sarda-garriga\/wp-json\/wp\/v2\/users\/2934"}],"replies":[{"embeddable":true,"href":"https:\/\/etab.ac-reunion.fr\/lyc-sarda-garriga\/wp-json\/wp\/v2\/comments?post=9425"}],"version-history":[{"count":2,"href":"https:\/\/etab.ac-reunion.fr\/lyc-sarda-garriga\/wp-json\/wp\/v2\/pages\/9425\/revisions"}],"predecessor-version":[{"id":9430,"href":"https:\/\/etab.ac-reunion.fr\/lyc-sarda-garriga\/wp-json\/wp\/v2\/pages\/9425\/revisions\/9430"}],"wp:attachment":[{"href":"https:\/\/etab.ac-reunion.fr\/lyc-sarda-garriga\/wp-json\/wp\/v2\/media?parent=9425"}],"curies":[{"name":"wp","href":"https:\/\/api.w.org\/{rel}","templated":true}]}}