{"id":9464,"date":"2025-07-08T11:27:52","date_gmt":"2025-07-08T07:27:52","guid":{"rendered":"https:\/\/etab.ac-reunion.fr\/lyc-sarda-garriga\/?page_id=9464"},"modified":"2025-10-10T16:09:28","modified_gmt":"2025-10-10T12:09:28","slug":"un-trimestre-un-livre","status":"publish","type":"page","link":"https:\/\/etab.ac-reunion.fr\/lyc-sarda-garriga\/un-trimestre-un-livre\/","title":{"rendered":"UN TRIMESTRE, UN LIVRE &#8211; rentr\u00e9e 2025"},"content":{"rendered":"\n<p>Un dispositif reconduit par la R\u00e9gion R\u00e9union<\/p>\n\n\n\n<figure data-wp-context=\"{&quot;imageId&quot;:&quot;69e4ad52cf6dc&quot;}\" data-wp-interactive=\"core\/image\" data-wp-key=\"69e4ad52cf6dc\" class=\"wp-block-image size-full wp-lightbox-container\"><img loading=\"lazy\" decoding=\"async\" width=\"557\" height=\"816\" data-wp-class--hide=\"state.isContentHidden\" data-wp-class--show=\"state.isContentVisible\" data-wp-init=\"callbacks.setButtonStyles\" data-wp-on--click=\"actions.showLightbox\" data-wp-on--load=\"callbacks.setButtonStyles\" data-wp-on-window--resize=\"callbacks.setButtonStyles\" src=\"https:\/\/etab.ac-reunion.fr\/lyc-sarda-garriga\/wp-content\/uploads\/sites\/98\/2025\/07\/untrimestreunlivre.jpg\" alt=\"\" class=\"wp-image-9462\" srcset=\"https:\/\/etab.ac-reunion.fr\/lyc-sarda-garriga\/wp-content\/uploads\/sites\/98\/2025\/07\/untrimestreunlivre.jpg 557w, https:\/\/etab.ac-reunion.fr\/lyc-sarda-garriga\/wp-content\/uploads\/sites\/98\/2025\/07\/untrimestreunlivre-205x300.jpg 205w\" sizes=\"auto, (max-width: 557px) 100vw, 557px\" \/><button\n\t\t\tclass=\"lightbox-trigger\"\n\t\t\ttype=\"button\"\n\t\t\taria-haspopup=\"dialog\"\n\t\t\taria-label=\"Agrandir\"\n\t\t\tdata-wp-init=\"callbacks.initTriggerButton\"\n\t\t\tdata-wp-on--click=\"actions.showLightbox\"\n\t\t\tdata-wp-style--right=\"state.imageButtonRight\"\n\t\t\tdata-wp-style--top=\"state.imageButtonTop\"\n\t\t>\n\t\t\t<svg xmlns=\"http:\/\/www.w3.org\/2000\/svg\" width=\"12\" height=\"12\" fill=\"none\" viewBox=\"0 0 12 12\">\n\t\t\t\t<path fill=\"#fff\" d=\"M2 0a2 2 0 0 0-2 2v2h1.5V2a.5.5 0 0 1 .5-.5h2V0H2Zm2 10.5H2a.5.5 0 0 1-.5-.5V8H0v2a2 2 0 0 0 2 2h2v-1.5ZM8 12v-1.5h2a.5.5 0 0 0 .5-.5V8H12v2a2 2 0 0 1-2 2H8Zm2-12a2 2 0 0 1 2 2v2h-1.5V2a.5.5 0 0 0-.5-.5H8V0h2Z\" \/>\n\t\t\t<\/svg>\n\t\t<\/button><\/figure>\n\n\n\n<p><\/p>\n\n\n\n<p class=\"has-luminous-vivid-orange-color has-text-color has-link-color has-medium-font-size wp-elements-734982039e9e930a8dd378bda9a4e2d1\"><a href=\"https:\/\/etab.ac-reunion.fr\/lyc-sarda-garriga\/wp-content\/uploads\/sites\/98\/2025\/10\/formulaire_de_demande_1_livre_1_trimestre_2025-2026.pdf\" target=\"_blank\" rel=\"noreferrer noopener\"><strong>Lien pour le formulaire<\/strong> <\/a>                                                                                                             <\/p>\n\n\n\n<p><\/p>\n\n\n\n<p class=\"has-luminous-vivid-orange-color has-text-color has-link-color has-medium-font-size wp-elements-cefeb2bae21ed578ad40436fbcd64dc6\"><strong><a href=\"https:\/\/etab.ac-reunion.fr\/lyc-sarda-garriga\/wp-content\/uploads\/sites\/98\/2025\/10\/references_1t1l_classes_par_genre_2025-2026.pdf\" target=\"_blank\" rel=\"noreferrer noopener\">Lien pour la liste des ouvrages<\/a>\u00a0<\/strong>                                                                                                        <\/p>\n\n\n\n<p><\/p>\n\n\n\n<p class=\"has-text-align-left has-vivid-red-color has-text-color has-link-color has-medium-font-size wp-elements-07a396151e4a0659cf591bf3081b8e41\"><strong>Les formulaires avec une copie du certificat de scolarit\u00e9<\/strong><\/p>\n\n\n\n<p class=\"has-text-align-left has-vivid-red-color has-text-color has-link-color has-medium-font-size wp-elements-d2a891cbc36b02b60bf74ac47f883ec4\"><strong> sont \u00e0 remettre en main propre \u00e0 l&rsquo;Agent ARTICE du lyc\u00e9e <\/strong><\/p>\n\n\n\n<p class=\"has-text-align-left has-vivid-red-color has-text-color has-link-color has-medium-font-size wp-elements-137c3c177d59a417c808106613b1f9fc\"><strong>Mme CLAIN \u00e0 la salle Repro du Bat C\u00a0<\/strong><\/p>\n\n\n\n<p class=\"has-text-align-left has-vivid-red-color has-text-color has-link-color has-medium-font-size wp-elements-223fb1232b0e7ba8244b46855bccb59a\"><strong>Date limite de d\u00e9p\u00f4t avant la fin du 1er trimestre\u00a0<\/strong><\/p>\n\n\n\n<p><\/p>\n","protected":false},"excerpt":{"rendered":"<p>Un dispositif reconduit par la R\u00e9gion R\u00e9union Lien pour le formulaire Lien pour la liste des ouvrages\u00a0 Les formulaires avec une copie du certificat de scolarit\u00e9 sont \u00e0 remettre en main propre \u00e0 l&rsquo;Agent ARTICE du lyc\u00e9e Mme CLAIN \u00e0 la salle Repro du Bat C\u00a0 Date limite de d\u00e9p\u00f4t avant la fin du 1er [&hellip;]<\/p>\n","protected":false},"author":2934,"featured_media":0,"parent":0,"menu_order":0,"comment_status":"closed","ping_status":"closed","template":"","meta":{"footnotes":"","_links_to":"","_links_to_target":""},"class_list":["post-9464","page","type-page","status-publish","hentry"],"_links":{"self":[{"href":"https:\/\/etab.ac-reunion.fr\/lyc-sarda-garriga\/wp-json\/wp\/v2\/pages\/9464","targetHints":{"allow":["GET"]}}],"collection":[{"href":"https:\/\/etab.ac-reunion.fr\/lyc-sarda-garriga\/wp-json\/wp\/v2\/pages"}],"about":[{"href":"https:\/\/etab.ac-reunion.fr\/lyc-sarda-garriga\/wp-json\/wp\/v2\/types\/page"}],"author":[{"embeddable":true,"href":"https:\/\/etab.ac-reunion.fr\/lyc-sarda-garriga\/wp-json\/wp\/v2\/users\/2934"}],"replies":[{"embeddable":true,"href":"https:\/\/etab.ac-reunion.fr\/lyc-sarda-garriga\/wp-json\/wp\/v2\/comments?post=9464"}],"version-history":[{"count":10,"href":"https:\/\/etab.ac-reunion.fr\/lyc-sarda-garriga\/wp-json\/wp\/v2\/pages\/9464\/revisions"}],"predecessor-version":[{"id":9653,"href":"https:\/\/etab.ac-reunion.fr\/lyc-sarda-garriga\/wp-json\/wp\/v2\/pages\/9464\/revisions\/9653"}],"wp:attachment":[{"href":"https:\/\/etab.ac-reunion.fr\/lyc-sarda-garriga\/wp-json\/wp\/v2\/media?parent=9464"}],"curies":[{"name":"wp","href":"https:\/\/api.w.org\/{rel}","templated":true}]}}