{"id":9709,"date":"2025-11-17T20:29:20","date_gmt":"2025-11-17T16:29:20","guid":{"rendered":"https:\/\/etab.ac-reunion.fr\/lyc-sarda-garriga\/?page_id=9709"},"modified":"2026-02-24T08:35:32","modified_gmt":"2026-02-24T04:35:32","slug":"2025-sida","status":"publish","type":"page","link":"https:\/\/etab.ac-reunion.fr\/lyc-sarda-garriga\/2025-sida\/","title":{"rendered":"2025 Sida"},"content":{"rendered":"\n<p><\/p>\n\n\n\n<p><\/p>\n\n\n\n<p><\/p>\n\n\n\n<p><\/p>\n\n\n\n<p><\/p>\n\n\n\n<p><\/p>\n\n\n\n<p><\/p>\n\n\n\n<p><\/p>\n\n\n\n<p><\/p>\n\n\n\n<p><\/p>\n\n\n\n<p><\/p>\n\n\n\n<p><\/p>\n\n\n\n<p><\/p>\n\n\n\n<p><\/p>\n\n\n\n<p><\/p>\n\n\n\n<p><\/p>\n\n\n\n<p><\/p>\n\n\n\n<p><\/p>\n\n\n\n<p><\/p>\n\n\n\n<p><\/p>\n\n\n\n<p><\/p>\n\n\n\n<p><\/p>\n\n\n\n<p><\/p>\n\n\n\n<p class=\"has-text-align-center\"><strong><mark style=\"background-color:#ffffff\" class=\"has-inline-color has-vivid-red-color\">R\u00e9colte de fonds de la sidaction<\/mark><\/strong><\/p>\n\n\n\n<p>\u00ab\u00a0Le lyc\u00e9e Sarda Garriga, en collaboration avec les membres du CVL, a organis\u00e9 une action de sensibilisation et de collecte au profit de l\u2019association \u00ab RIVE \u00bb, engag\u00e9e dans la lutte contre le VIH\/SIDA.<\/p>\n\n\n\n<p>Dans le cadre de cette initiative, les \u00e9l\u00e8ves du CVL sont intervenus dans plusieurs classes afin de mener des actions de pr\u00e9vention, d\u2019\u00e9changer autour des enjeux li\u00e9s au VIH et de rappeler l\u2019importance de l\u2019information et de la protection.Gr\u00e2ce \u00e0 l\u2019engagement et \u00e0 la g\u00e9n\u00e9rosit\u00e9 des \u00e9l\u00e8ves, des personnels et des familles, la somme de 400 \u20ac a pu \u00eatre r\u00e9colt\u00e9e. Ce don contribuera \u00e0 soutenir les actions de pr\u00e9vention, d\u2019accompagnement et d\u2019aide aux personnes concern\u00e9es.Le lyc\u00e9e remercie chaleureusement l\u2019ensemble des participants pour leur mobilisation et leur solidarit\u00e9.\u00a0\u00bb<\/p>\n\n\n\n<p class=\"has-text-align-right\">Vice pr\u00e9sidente du CVL,<\/p>\n\n\n\n<p class=\"has-text-align-right\">N.K\u00e9doravalli<\/p>\n\n\n\n<figure class=\"wp-block-image size-large\"><a href=\"https:\/\/etab.ac-reunion.fr\/lyc-sarda-garriga\/wp-content\/uploads\/sites\/98\/2026\/02\/1000050872-scaled.jpg\" target=\"_blank\" rel=\" noreferrer noopener\"><img loading=\"lazy\" decoding=\"async\" width=\"1024\" height=\"768\" src=\"https:\/\/etab.ac-reunion.fr\/lyc-sarda-garriga\/wp-content\/uploads\/sites\/98\/2026\/02\/1000050872-1024x768.jpg\" alt=\"\" class=\"wp-image-9857\" srcset=\"https:\/\/etab.ac-reunion.fr\/lyc-sarda-garriga\/wp-content\/uploads\/sites\/98\/2026\/02\/1000050872-1024x768.jpg 1024w, https:\/\/etab.ac-reunion.fr\/lyc-sarda-garriga\/wp-content\/uploads\/sites\/98\/2026\/02\/1000050872-300x225.jpg 300w, https:\/\/etab.ac-reunion.fr\/lyc-sarda-garriga\/wp-content\/uploads\/sites\/98\/2026\/02\/1000050872-768x576.jpg 768w, https:\/\/etab.ac-reunion.fr\/lyc-sarda-garriga\/wp-content\/uploads\/sites\/98\/2026\/02\/1000050872-1536x1152.jpg 1536w, https:\/\/etab.ac-reunion.fr\/lyc-sarda-garriga\/wp-content\/uploads\/sites\/98\/2026\/02\/1000050872-2048x1536.jpg 2048w\" sizes=\"auto, (max-width: 1024px) 100vw, 1024px\" \/><\/a><\/figure>\n\n\n\n<p><\/p>\n\n\n\n<p><\/p>\n\n\n\n<p><\/p>\n\n\n\n<p class=\"has-text-align-center\"><strong><mark style=\"background-color:#ffffff\" class=\"has-inline-color has-vivid-red-color\">Lutte contre le Sida : <\/mark><\/strong><\/p>\n\n\n\n<p class=\"has-text-align-center\"><strong><mark style=\"background-color:#ffffff\" class=\"has-inline-color has-vivid-red-color\">Collecte de fonds (17\/11 au 2\/12) par les d\u00e9l\u00e9gu\u00e9s CVL <\/mark><\/strong><\/p>\n\n\n\n<p class=\"has-text-align-center\"><strong><mark style=\"background-color:#ffffff\" class=\"has-inline-color has-vivid-red-color\"> Ateliers de sensibilisation journ\u00e9e du 1\/12\/25 par notre Infirmi\u00e8re<\/mark><\/strong><\/p>\n\n\n\n<figure class=\"wp-block-gallery has-nested-images columns-default is-cropped wp-block-gallery-1 is-layout-flex wp-block-gallery-is-layout-flex\">\n<figure class=\"wp-block-image size-large\"><a href=\"https:\/\/etab.ac-reunion.fr\/lyc-sarda-garriga\/wp-content\/uploads\/sites\/98\/2025\/11\/Affiche-SIDA-2025.jpeg\" target=\"_blank\" rel=\" noreferrer noopener\"><img loading=\"lazy\" decoding=\"async\" width=\"725\" height=\"1024\" data-id=\"9710\" src=\"https:\/\/etab.ac-reunion.fr\/lyc-sarda-garriga\/wp-content\/uploads\/sites\/98\/2025\/11\/Affiche-SIDA-2025-725x1024.jpeg\" alt=\"\" class=\"wp-image-9710\" srcset=\"https:\/\/etab.ac-reunion.fr\/lyc-sarda-garriga\/wp-content\/uploads\/sites\/98\/2025\/11\/Affiche-SIDA-2025-725x1024.jpeg 725w, https:\/\/etab.ac-reunion.fr\/lyc-sarda-garriga\/wp-content\/uploads\/sites\/98\/2025\/11\/Affiche-SIDA-2025-212x300.jpeg 212w, https:\/\/etab.ac-reunion.fr\/lyc-sarda-garriga\/wp-content\/uploads\/sites\/98\/2025\/11\/Affiche-SIDA-2025.jpeg 765w\" sizes=\"auto, (max-width: 725px) 100vw, 725px\" \/><\/a><\/figure>\n\n\n\n<figure class=\"wp-block-image size-large\"><a href=\"https:\/\/etab.ac-reunion.fr\/lyc-sarda-garriga\/wp-content\/uploads\/sites\/98\/2025\/11\/AteliersSida2025-scaled.jpg\" target=\"_blank\" rel=\" noreferrer noopener\"><img loading=\"lazy\" decoding=\"async\" width=\"725\" height=\"1024\" data-id=\"9711\" src=\"https:\/\/etab.ac-reunion.fr\/lyc-sarda-garriga\/wp-content\/uploads\/sites\/98\/2025\/11\/AteliersSida2025-725x1024.jpg\" alt=\"\" class=\"wp-image-9711\" srcset=\"https:\/\/etab.ac-reunion.fr\/lyc-sarda-garriga\/wp-content\/uploads\/sites\/98\/2025\/11\/AteliersSida2025-725x1024.jpg 725w, https:\/\/etab.ac-reunion.fr\/lyc-sarda-garriga\/wp-content\/uploads\/sites\/98\/2025\/11\/AteliersSida2025-212x300.jpg 212w, https:\/\/etab.ac-reunion.fr\/lyc-sarda-garriga\/wp-content\/uploads\/sites\/98\/2025\/11\/AteliersSida2025-768x1084.jpg 768w, https:\/\/etab.ac-reunion.fr\/lyc-sarda-garriga\/wp-content\/uploads\/sites\/98\/2025\/11\/AteliersSida2025-1088x1536.jpg 1088w, https:\/\/etab.ac-reunion.fr\/lyc-sarda-garriga\/wp-content\/uploads\/sites\/98\/2025\/11\/AteliersSida2025-1451x2048.jpg 1451w, https:\/\/etab.ac-reunion.fr\/lyc-sarda-garriga\/wp-content\/uploads\/sites\/98\/2025\/11\/AteliersSida2025-scaled.jpg 1813w\" sizes=\"auto, (max-width: 725px) 100vw, 725px\" \/><\/a><\/figure>\n<\/figure>\n","protected":false},"excerpt":{"rendered":"<p>R\u00e9colte de fonds de la sidaction \u00ab\u00a0Le lyc\u00e9e Sarda Garriga, en collaboration avec les membres du CVL, a organis\u00e9 une action de sensibilisation et de collecte au profit de l\u2019association \u00ab RIVE \u00bb, engag\u00e9e dans la lutte contre le VIH\/SIDA. Dans le cadre de cette initiative, les \u00e9l\u00e8ves du CVL sont intervenus dans plusieurs classes [&hellip;]<\/p>\n","protected":false},"author":2934,"featured_media":9857,"parent":0,"menu_order":0,"comment_status":"closed","ping_status":"closed","template":"","meta":{"footnotes":"","_links_to":"","_links_to_target":""},"class_list":["post-9709","page","type-page","status-publish","has-post-thumbnail","hentry"],"_links":{"self":[{"href":"https:\/\/etab.ac-reunion.fr\/lyc-sarda-garriga\/wp-json\/wp\/v2\/pages\/9709","targetHints":{"allow":["GET"]}}],"collection":[{"href":"https:\/\/etab.ac-reunion.fr\/lyc-sarda-garriga\/wp-json\/wp\/v2\/pages"}],"about":[{"href":"https:\/\/etab.ac-reunion.fr\/lyc-sarda-garriga\/wp-json\/wp\/v2\/types\/page"}],"author":[{"embeddable":true,"href":"https:\/\/etab.ac-reunion.fr\/lyc-sarda-garriga\/wp-json\/wp\/v2\/users\/2934"}],"replies":[{"embeddable":true,"href":"https:\/\/etab.ac-reunion.fr\/lyc-sarda-garriga\/wp-json\/wp\/v2\/comments?post=9709"}],"version-history":[{"count":12,"href":"https:\/\/etab.ac-reunion.fr\/lyc-sarda-garriga\/wp-json\/wp\/v2\/pages\/9709\/revisions"}],"predecessor-version":[{"id":9870,"href":"https:\/\/etab.ac-reunion.fr\/lyc-sarda-garriga\/wp-json\/wp\/v2\/pages\/9709\/revisions\/9870"}],"wp:featuredmedia":[{"embeddable":true,"href":"https:\/\/etab.ac-reunion.fr\/lyc-sarda-garriga\/wp-json\/wp\/v2\/media\/9857"}],"wp:attachment":[{"href":"https:\/\/etab.ac-reunion.fr\/lyc-sarda-garriga\/wp-json\/wp\/v2\/media?parent=9709"}],"curies":[{"name":"wp","href":"https:\/\/api.w.org\/{rel}","templated":true}]}}