{"id":9791,"date":"2026-03-27T08:20:00","date_gmt":"2026-03-27T04:20:00","guid":{"rendered":"https:\/\/etab.ac-reunion.fr\/lyc-sarda-garriga\/?page_id=9791"},"modified":"2026-03-27T08:59:37","modified_gmt":"2026-03-27T04:59:37","slug":"2026-je-filme-le-metier-qui-me-plait","status":"publish","type":"page","link":"https:\/\/etab.ac-reunion.fr\/lyc-sarda-garriga\/2026-je-filme-le-metier-qui-me-plait\/","title":{"rendered":"2026 Je filme le m\u00e9tier qui me pla\u00eet &#8211; Soutenez nous en aimant notre vid\u00e9o !"},"content":{"rendered":"\n<p><\/p>\n\n\n\n<p><\/p>\n\n\n\n<p><\/p>\n\n\n\n<p><\/p>\n\n\n\n<p><\/p>\n\n\n\n<p><\/p>\n\n\n\n<p><\/p>\n\n\n\n<p><\/p>\n\n\n\n<p><\/p>\n\n\n\n<p><\/p>\n\n\n\n<p><\/p>\n\n\n\n<p><\/p>\n\n\n\n<p><\/p>\n\n\n\n<p><\/p>\n\n\n\n<p><\/p>\n\n\n\n<p><\/p>\n\n\n\n<p><\/p>\n\n\n\n<p><\/p>\n\n\n\n<p><\/p>\n\n\n\n<p><\/p>\n\n\n\n<p><\/p>\n\n\n\n<p><\/p>\n\n\n\n<p>Notre vid\u00e9o a retenu l&rsquo;attention du jury et int\u00e8gre la S\u00e9lection Officielle du concours. <\/p>\n\n\n\n<p>Soutenez nous en <strong><mark class=\"has-inline-color has-vivid-red-color\">AIMANT<\/mark><\/strong> , commentant et partageant notre vid\u00e9o<\/p>\n\n\n\n<p><\/p>\n\n\n\n<p class=\"has-text-align-center\"><strong><mark style=\"background-color:#ffffff\" class=\"has-inline-color has-vivid-red-color\">Voir la vid\u00e9o en cliquant  sur la photo ci dessous<\/mark><\/strong><\/p>\n\n\n\n<figure class=\"wp-block-image size-full\"><a href=\"https:\/\/www.parcoursmetiers.tv\/video\/19530-le-flair-de-la-police-un-duo-de-choc\" target=\"_blank\" rel=\" noreferrer noopener\"><img loading=\"lazy\" decoding=\"async\" width=\"727\" height=\"439\" src=\"https:\/\/etab.ac-reunion.fr\/lyc-sarda-garriga\/wp-content\/uploads\/sites\/98\/2026\/03\/JFLM2026-1.jpg\" alt=\"\" class=\"wp-image-9929\" srcset=\"https:\/\/etab.ac-reunion.fr\/lyc-sarda-garriga\/wp-content\/uploads\/sites\/98\/2026\/03\/JFLM2026-1.jpg 727w, https:\/\/etab.ac-reunion.fr\/lyc-sarda-garriga\/wp-content\/uploads\/sites\/98\/2026\/03\/JFLM2026-1-300x181.jpg 300w\" sizes=\"auto, (max-width: 727px) 100vw, 727px\" \/><\/a><\/figure>\n\n\n\n<p><\/p>\n\n\n\n<div class=\"wp-block-file aligncenter\"><a id=\"wp-block-file--media-5c524da3-ea91-41cd-ad03-7d9a49376360\" href=\"https:\/\/etab.ac-reunion.fr\/lyc-sarda-garriga\/wp-content\/uploads\/sites\/98\/2026\/03\/Le-flair-de-la-policeLe-flair-de-la-police-Le-flair-de-la-police_20260323_133000_0000.pdf\">Le flair de la police   fichier .pdf<\/a><\/div>\n\n\n\n<p><\/p>\n\n\n\n<div data-wp-interactive=\"core\/file\" class=\"wp-block-file\"><object data-wp-bind--hidden=\"!state.hasPdfPreview\" hidden class=\"wp-block-file__embed\" data=\"https:\/\/etab.ac-reunion.fr\/lyc-sarda-garriga\/wp-content\/uploads\/sites\/98\/2026\/03\/Le-flair-de-la-policeLe-flair-de-la-police-Le-flair-de-la-police_20260323_133000_0000.pdf\" type=\"application\/pdf\" style=\"width:100%;height:660px\" aria-label=\"Contenu embarqu\u00e9 Le flair de la police.\"><\/object><a id=\"wp-block-file--media-850f0505-f685-4966-acbe-56bc1d405f90\" href=\"https:\/\/etab.ac-reunion.fr\/lyc-sarda-garriga\/wp-content\/uploads\/sites\/98\/2026\/03\/Le-flair-de-la-policeLe-flair-de-la-police-Le-flair-de-la-police_20260323_133000_0000.pdf\">Le flair de la police<\/a><\/div>\n\n\n\n<p><\/p>\n\n\n\n<p>****************************************************************************************************************<\/p>\n\n\n\n<blockquote class=\"wp-block-quote is-layout-flow wp-block-quote-is-layout-flow\">\n<p class=\"has-text-align-center\"><strong>Rencontre avec un sacr\u00e9 bin\u00f4me<\/strong><\/p>\n\n\n\n<p>C\u2019est reparti pour une nouvelle ann\u00e9e&nbsp;pour le projet \u00ab&nbsp;Je filme le m\u00e9tier qui me plait&nbsp;\u00bb avec, nous l\u2019esp\u00e9rons, toujours le m\u00eame r\u00e9sultat !!! Cette ann\u00e9e, direction Saint-Denis.<\/p>\n\n\n\n<p><strong>Le mercredi 28 janvier 2026, 13 \u00e9l\u00e8ves du CVL accompagn\u00e9s des porteurs de projet sont all\u00e9s \u00e0 la rencontre du bin\u00f4me compos\u00e9 du Major GLAMPORT de la brigade cynophile de la Police Nationale et de Sacco, son chien malinois \u00e2g\u00e9 de 1 an \u00bd sp\u00e9cialis\u00e9 dans la recherche (drogue, munition, argent). Ils ont \u00e9t\u00e9 en immersion toute une journ\u00e9e dans les locaux de la compagnie a\u00e9rienne Air Austral et du commissariat du Chaudron<\/strong>. Ils ont eu l\u2019occasion de discuter, de filmer, de poser des questions et de d\u00e9couvrir un m\u00e9tier m\u00e9connu, indispensable et d\u2019actualit\u00e9.<\/p>\n\n\n\n<p>&nbsp;Une grosse patte \u00e0 Sacco, le malinois.<\/p>\n\n\n\n<p>Ce f\u00fbt de tr\u00e8s belles rencontres<\/p>\n\n\n\n<p class=\"has-text-align-right\">Les porteurs de projet<\/p>\n<\/blockquote>\n\n\n\n<figure class=\"wp-block-gallery has-nested-images columns-default is-cropped wp-block-gallery-1 is-layout-flex wp-block-gallery-is-layout-flex\">\n<figure class=\"wp-block-image size-large\"><img loading=\"lazy\" decoding=\"async\" width=\"875\" height=\"533\" data-id=\"9794\" src=\"https:\/\/etab.ac-reunion.fr\/lyc-sarda-garriga\/wp-content\/uploads\/sites\/98\/2026\/02\/2026JFMP_P2.jpg\" alt=\"\" class=\"wp-image-9794\" srcset=\"https:\/\/etab.ac-reunion.fr\/lyc-sarda-garriga\/wp-content\/uploads\/sites\/98\/2026\/02\/2026JFMP_P2.jpg 875w, https:\/\/etab.ac-reunion.fr\/lyc-sarda-garriga\/wp-content\/uploads\/sites\/98\/2026\/02\/2026JFMP_P2-300x183.jpg 300w, https:\/\/etab.ac-reunion.fr\/lyc-sarda-garriga\/wp-content\/uploads\/sites\/98\/2026\/02\/2026JFMP_P2-768x468.jpg 768w\" sizes=\"auto, (max-width: 875px) 100vw, 875px\" \/><\/figure>\n\n\n\n<figure class=\"wp-block-image size-large\"><img loading=\"lazy\" decoding=\"async\" width=\"818\" height=\"537\" data-id=\"9795\" src=\"https:\/\/etab.ac-reunion.fr\/lyc-sarda-garriga\/wp-content\/uploads\/sites\/98\/2026\/02\/2026JFMP_P1.jpg\" alt=\"\" class=\"wp-image-9795\" srcset=\"https:\/\/etab.ac-reunion.fr\/lyc-sarda-garriga\/wp-content\/uploads\/sites\/98\/2026\/02\/2026JFMP_P1.jpg 818w, https:\/\/etab.ac-reunion.fr\/lyc-sarda-garriga\/wp-content\/uploads\/sites\/98\/2026\/02\/2026JFMP_P1-300x197.jpg 300w, https:\/\/etab.ac-reunion.fr\/lyc-sarda-garriga\/wp-content\/uploads\/sites\/98\/2026\/02\/2026JFMP_P1-768x504.jpg 768w, https:\/\/etab.ac-reunion.fr\/lyc-sarda-garriga\/wp-content\/uploads\/sites\/98\/2026\/02\/2026JFMP_P1-248x162.jpg 248w, https:\/\/etab.ac-reunion.fr\/lyc-sarda-garriga\/wp-content\/uploads\/sites\/98\/2026\/02\/2026JFMP_P1-207x136.jpg 207w, https:\/\/etab.ac-reunion.fr\/lyc-sarda-garriga\/wp-content\/uploads\/sites\/98\/2026\/02\/2026JFMP_P1-260x170.jpg 260w, https:\/\/etab.ac-reunion.fr\/lyc-sarda-garriga\/wp-content\/uploads\/sites\/98\/2026\/02\/2026JFMP_P1-430x283.jpg 430w\" sizes=\"auto, (max-width: 818px) 100vw, 818px\" \/><\/figure>\n\n\n\n<figure class=\"wp-block-image size-large\"><img loading=\"lazy\" decoding=\"async\" width=\"536\" height=\"533\" data-id=\"9793\" src=\"https:\/\/etab.ac-reunion.fr\/lyc-sarda-garriga\/wp-content\/uploads\/sites\/98\/2026\/02\/2026JFMP_P3.jpg\" alt=\"\" class=\"wp-image-9793\" srcset=\"https:\/\/etab.ac-reunion.fr\/lyc-sarda-garriga\/wp-content\/uploads\/sites\/98\/2026\/02\/2026JFMP_P3.jpg 536w, https:\/\/etab.ac-reunion.fr\/lyc-sarda-garriga\/wp-content\/uploads\/sites\/98\/2026\/02\/2026JFMP_P3-300x298.jpg 300w, https:\/\/etab.ac-reunion.fr\/lyc-sarda-garriga\/wp-content\/uploads\/sites\/98\/2026\/02\/2026JFMP_P3-60x60.jpg 60w, https:\/\/etab.ac-reunion.fr\/lyc-sarda-garriga\/wp-content\/uploads\/sites\/98\/2026\/02\/2026JFMP_P3-200x200.jpg 200w, https:\/\/etab.ac-reunion.fr\/lyc-sarda-garriga\/wp-content\/uploads\/sites\/98\/2026\/02\/2026JFMP_P3-130x130.jpg 130w, https:\/\/etab.ac-reunion.fr\/lyc-sarda-garriga\/wp-content\/uploads\/sites\/98\/2026\/02\/2026JFMP_P3-67x67.jpg 67w, https:\/\/etab.ac-reunion.fr\/lyc-sarda-garriga\/wp-content\/uploads\/sites\/98\/2026\/02\/2026JFMP_P3-40x40.jpg 40w, https:\/\/etab.ac-reunion.fr\/lyc-sarda-garriga\/wp-content\/uploads\/sites\/98\/2026\/02\/2026JFMP_P3-184x184.jpg 184w\" sizes=\"auto, (max-width: 536px) 100vw, 536px\" \/><\/figure>\n<\/figure>\n","protected":false},"excerpt":{"rendered":"<p>Notre vid\u00e9o a retenu l&rsquo;attention du jury et int\u00e8gre la S\u00e9lection Officielle du concours. Soutenez nous en AIMANT , commentant et partageant notre vid\u00e9o Voir la vid\u00e9o en cliquant sur la photo ci dessous **************************************************************************************************************** Rencontre avec un sacr\u00e9 bin\u00f4me C\u2019est reparti pour une nouvelle ann\u00e9e&nbsp;pour le projet \u00ab&nbsp;Je filme le m\u00e9tier qui me plait&nbsp;\u00bb [&hellip;]<\/p>\n","protected":false},"author":2934,"featured_media":9940,"parent":0,"menu_order":0,"comment_status":"closed","ping_status":"closed","template":"","meta":{"footnotes":"","_links_to":"","_links_to_target":""},"class_list":["post-9791","page","type-page","status-publish","has-post-thumbnail","hentry"],"_links":{"self":[{"href":"https:\/\/etab.ac-reunion.fr\/lyc-sarda-garriga\/wp-json\/wp\/v2\/pages\/9791","targetHints":{"allow":["GET"]}}],"collection":[{"href":"https:\/\/etab.ac-reunion.fr\/lyc-sarda-garriga\/wp-json\/wp\/v2\/pages"}],"about":[{"href":"https:\/\/etab.ac-reunion.fr\/lyc-sarda-garriga\/wp-json\/wp\/v2\/types\/page"}],"author":[{"embeddable":true,"href":"https:\/\/etab.ac-reunion.fr\/lyc-sarda-garriga\/wp-json\/wp\/v2\/users\/2934"}],"replies":[{"embeddable":true,"href":"https:\/\/etab.ac-reunion.fr\/lyc-sarda-garriga\/wp-json\/wp\/v2\/comments?post=9791"}],"version-history":[{"count":27,"href":"https:\/\/etab.ac-reunion.fr\/lyc-sarda-garriga\/wp-json\/wp\/v2\/pages\/9791\/revisions"}],"predecessor-version":[{"id":9939,"href":"https:\/\/etab.ac-reunion.fr\/lyc-sarda-garriga\/wp-json\/wp\/v2\/pages\/9791\/revisions\/9939"}],"wp:featuredmedia":[{"embeddable":true,"href":"https:\/\/etab.ac-reunion.fr\/lyc-sarda-garriga\/wp-json\/wp\/v2\/media\/9940"}],"wp:attachment":[{"href":"https:\/\/etab.ac-reunion.fr\/lyc-sarda-garriga\/wp-json\/wp\/v2\/media?parent=9791"}],"curies":[{"name":"wp","href":"https:\/\/api.w.org\/{rel}","templated":true}]}}