{"id":9942,"date":"2026-04-07T08:15:23","date_gmt":"2026-04-07T04:15:23","guid":{"rendered":"https:\/\/etab.ac-reunion.fr\/lyc-sarda-garriga\/?page_id=9942"},"modified":"2026-04-07T08:20:41","modified_gmt":"2026-04-07T04:20:41","slug":"2026-challenge-innovatech","status":"publish","type":"page","link":"https:\/\/etab.ac-reunion.fr\/lyc-sarda-garriga\/2026-challenge-innovatech\/","title":{"rendered":"2026 Challenge Innovatech\u00a0"},"content":{"rendered":"\n<p><\/p>\n\n\n\n<p><\/p>\n\n\n\n<p><\/p>\n\n\n\n<p><\/p>\n\n\n\n<p><\/p>\n\n\n\n<p><\/p>\n\n\n\n<p><\/p>\n\n\n\n<p><\/p>\n\n\n\n<p><\/p>\n\n\n\n<p><\/p>\n\n\n\n<p><\/p>\n\n\n\n<p><\/p>\n\n\n\n<p><\/p>\n\n\n\n<p><\/p>\n\n\n\n<p><\/p>\n\n\n\n<p><\/p>\n\n\n\n<p><\/p>\n\n\n\n<p><\/p>\n\n\n\n<p><\/p>\n\n\n\n<p><\/p>\n\n\n\n<p><\/p>\n\n\n\n<p><\/p>\n\n\n\n<p>2 lyc\u00e9ennes, Cassandre et Lilou, \u00e9l\u00e8ves de premi\u00e8re g\u00e9n\u00e9rale, ont particip\u00e9 le mercredi<br>25 mars 2026 au challenge Innovatech (concours 100 % f\u00e9minin et interg\u00e9n\u00e9rationnel) au<br>lyc\u00e9e Lislet GEOFFROY \u00e0 Saint-Denis, challenge organis\u00e9 par l\u2019Association Elles bougent.<br>Elles ont gagn\u00e9 le droit de repr\u00e9senter  le lyc\u00e9e SARDA GARRIGA \u00e0 la finale nationale qui aura lieu le 06 mai 2026 \u00e0 la Cit\u00e9 des Sciences et de l\u2019Industrie \u00e0 la Villette \u00e0 Paris. Face \u00e0 elles et \u00e0 leurs \u00e9quipi\u00e8res, il y aura 21 \u00e9quipes de l\u2019hexagone et des outremers.<\/p>\n\n\n\n<figure class=\"wp-block-image size-full\"><img loading=\"lazy\" decoding=\"async\" width=\"854\" height=\"523\" src=\"https:\/\/etab.ac-reunion.fr\/lyc-sarda-garriga\/wp-content\/uploads\/sites\/98\/2026\/04\/2026_challengeInnovatech.jpg\" alt=\"\" class=\"wp-image-9943\" srcset=\"https:\/\/etab.ac-reunion.fr\/lyc-sarda-garriga\/wp-content\/uploads\/sites\/98\/2026\/04\/2026_challengeInnovatech.jpg 854w, https:\/\/etab.ac-reunion.fr\/lyc-sarda-garriga\/wp-content\/uploads\/sites\/98\/2026\/04\/2026_challengeInnovatech-300x184.jpg 300w, https:\/\/etab.ac-reunion.fr\/lyc-sarda-garriga\/wp-content\/uploads\/sites\/98\/2026\/04\/2026_challengeInnovatech-768x470.jpg 768w\" sizes=\"auto, (max-width: 854px) 100vw, 854px\" \/><\/figure>\n\n\n\n<div class=\"wp-block-file aligncenter\"><a id=\"wp-block-file--media-5bdd59f5-cf6f-4586-a34f-26548125ea07\" href=\"https:\/\/etab.ac-reunion.fr\/lyc-sarda-garriga\/wp-content\/uploads\/sites\/98\/2026\/04\/CHALLENGE-INNOVATECH2.pdf\">CHALLENGE INNOVATECH  .pdf<\/a><\/div>\n\n\n\n<div data-wp-interactive=\"core\/file\" class=\"wp-block-file\"><object data-wp-bind--hidden=\"!state.hasPdfPreview\" hidden class=\"wp-block-file__embed\" data=\"https:\/\/etab.ac-reunion.fr\/lyc-sarda-garriga\/wp-content\/uploads\/sites\/98\/2026\/04\/CHALLENGE-INNOVATECH2.pdf\" type=\"application\/pdf\" style=\"width:100%;height:600px\" aria-label=\"PDF embarqu\u00e9\"><\/object><\/div>\n","protected":false},"excerpt":{"rendered":"<p>2 lyc\u00e9ennes, Cassandre et Lilou, \u00e9l\u00e8ves de premi\u00e8re g\u00e9n\u00e9rale, ont particip\u00e9 le mercredi25 mars 2026 au challenge Innovatech (concours 100 % f\u00e9minin et interg\u00e9n\u00e9rationnel) aulyc\u00e9e Lislet GEOFFROY \u00e0 Saint-Denis, challenge organis\u00e9 par l\u2019Association Elles bougent.Elles ont gagn\u00e9 le droit de repr\u00e9senter le lyc\u00e9e SARDA GARRIGA \u00e0 la finale nationale qui aura lieu le 06 mai [&hellip;]<\/p>\n","protected":false},"author":2934,"featured_media":9943,"parent":0,"menu_order":0,"comment_status":"closed","ping_status":"closed","template":"","meta":{"footnotes":"","_links_to":"","_links_to_target":""},"class_list":["post-9942","page","type-page","status-publish","has-post-thumbnail","hentry"],"_links":{"self":[{"href":"https:\/\/etab.ac-reunion.fr\/lyc-sarda-garriga\/wp-json\/wp\/v2\/pages\/9942","targetHints":{"allow":["GET"]}}],"collection":[{"href":"https:\/\/etab.ac-reunion.fr\/lyc-sarda-garriga\/wp-json\/wp\/v2\/pages"}],"about":[{"href":"https:\/\/etab.ac-reunion.fr\/lyc-sarda-garriga\/wp-json\/wp\/v2\/types\/page"}],"author":[{"embeddable":true,"href":"https:\/\/etab.ac-reunion.fr\/lyc-sarda-garriga\/wp-json\/wp\/v2\/users\/2934"}],"replies":[{"embeddable":true,"href":"https:\/\/etab.ac-reunion.fr\/lyc-sarda-garriga\/wp-json\/wp\/v2\/comments?post=9942"}],"version-history":[{"count":6,"href":"https:\/\/etab.ac-reunion.fr\/lyc-sarda-garriga\/wp-json\/wp\/v2\/pages\/9942\/revisions"}],"predecessor-version":[{"id":9955,"href":"https:\/\/etab.ac-reunion.fr\/lyc-sarda-garriga\/wp-json\/wp\/v2\/pages\/9942\/revisions\/9955"}],"wp:featuredmedia":[{"embeddable":true,"href":"https:\/\/etab.ac-reunion.fr\/lyc-sarda-garriga\/wp-json\/wp\/v2\/media\/9943"}],"wp:attachment":[{"href":"https:\/\/etab.ac-reunion.fr\/lyc-sarda-garriga\/wp-json\/wp\/v2\/media?parent=9942"}],"curies":[{"name":"wp","href":"https:\/\/api.w.org\/{rel}","templated":true}]}}