{"id":9970,"date":"2026-04-08T10:06:11","date_gmt":"2026-04-08T06:06:11","guid":{"rendered":"https:\/\/etab.ac-reunion.fr\/lyc-sarda-garriga\/?page_id=9970"},"modified":"2026-04-08T10:06:11","modified_gmt":"2026-04-08T06:06:11","slug":"2026-concours-de-calcul-mental-pour-les-secondes-generales-et-technologiques","status":"publish","type":"page","link":"https:\/\/etab.ac-reunion.fr\/lyc-sarda-garriga\/2026-concours-de-calcul-mental-pour-les-secondes-generales-et-technologiques\/","title":{"rendered":"2026 Concours de calcul mental pour les secondes g\u00e9n\u00e9rales et technologiques"},"content":{"rendered":"\n<p>Mardi 7 avril 2026, le Lyc\u00e9e Jean-Claude Fruteau (Saint-Beno\u00eet) accueillait la finale du bassin Est du concours de calcul mental. Nos trois repr\u00e9sentants, s\u00e9lectionn\u00e9s lors des \u00e9liminatoires, ont brillamment port\u00e9 les couleurs de Sarda Garriga face aux lyc\u00e9es Bel Air, Fruteau et Marie Curie.<\/p>\n\n\n\n<p>F\u00e9licitations \u00e0 nos \u00e9l\u00e8ves pour leurs excellents r\u00e9sultats :<\/p>\n\n\n\n<p>Adrien V. (205) : 1er prix&nbsp;<\/p>\n\n\n\n<p>Louis S. (205) : 2\u00e8me prix&nbsp;<\/p>\n\n\n\n<p>Sanjay B. (203) : pour son beau parcours jusqu&rsquo;en finale.<\/p>\n\n\n\n<p>Un grand bravo pour votre motivation et votre esprit de comp\u00e9tition qui mettent les math\u00e9matiques \u00e0 l&rsquo;honneur \u00e0 Sarda Garriga !<\/p>\n\n\n\n<figure class=\"wp-block-image size-large\"><img loading=\"lazy\" decoding=\"async\" width=\"1024\" height=\"913\" src=\"https:\/\/etab.ac-reunion.fr\/lyc-sarda-garriga\/wp-content\/uploads\/sites\/98\/2026\/04\/20260407_111417-1024x913.jpg\" alt=\"\" class=\"wp-image-9972\" srcset=\"https:\/\/etab.ac-reunion.fr\/lyc-sarda-garriga\/wp-content\/uploads\/sites\/98\/2026\/04\/20260407_111417-1024x913.jpg 1024w, https:\/\/etab.ac-reunion.fr\/lyc-sarda-garriga\/wp-content\/uploads\/sites\/98\/2026\/04\/20260407_111417-300x268.jpg 300w, https:\/\/etab.ac-reunion.fr\/lyc-sarda-garriga\/wp-content\/uploads\/sites\/98\/2026\/04\/20260407_111417-768x685.jpg 768w, https:\/\/etab.ac-reunion.fr\/lyc-sarda-garriga\/wp-content\/uploads\/sites\/98\/2026\/04\/20260407_111417-1536x1370.jpg 1536w, https:\/\/etab.ac-reunion.fr\/lyc-sarda-garriga\/wp-content\/uploads\/sites\/98\/2026\/04\/20260407_111417-2048x1826.jpg 2048w\" sizes=\"auto, (max-width: 1024px) 100vw, 1024px\" \/><\/figure>\n","protected":false},"excerpt":{"rendered":"<p>Mardi 7 avril 2026, le Lyc\u00e9e Jean-Claude Fruteau (Saint-Beno\u00eet) accueillait la finale du bassin Est du concours de calcul mental. Nos trois repr\u00e9sentants, s\u00e9lectionn\u00e9s lors des \u00e9liminatoires, ont brillamment port\u00e9 les couleurs de Sarda Garriga face aux lyc\u00e9es Bel Air, Fruteau et Marie Curie. F\u00e9licitations \u00e0 nos \u00e9l\u00e8ves pour leurs excellents r\u00e9sultats : Adrien V. [&hellip;]<\/p>\n","protected":false},"author":2934,"featured_media":9972,"parent":0,"menu_order":0,"comment_status":"closed","ping_status":"closed","template":"","meta":{"footnotes":"","_links_to":"","_links_to_target":""},"class_list":["post-9970","page","type-page","status-publish","has-post-thumbnail","hentry"],"_links":{"self":[{"href":"https:\/\/etab.ac-reunion.fr\/lyc-sarda-garriga\/wp-json\/wp\/v2\/pages\/9970","targetHints":{"allow":["GET"]}}],"collection":[{"href":"https:\/\/etab.ac-reunion.fr\/lyc-sarda-garriga\/wp-json\/wp\/v2\/pages"}],"about":[{"href":"https:\/\/etab.ac-reunion.fr\/lyc-sarda-garriga\/wp-json\/wp\/v2\/types\/page"}],"author":[{"embeddable":true,"href":"https:\/\/etab.ac-reunion.fr\/lyc-sarda-garriga\/wp-json\/wp\/v2\/users\/2934"}],"replies":[{"embeddable":true,"href":"https:\/\/etab.ac-reunion.fr\/lyc-sarda-garriga\/wp-json\/wp\/v2\/comments?post=9970"}],"version-history":[{"count":1,"href":"https:\/\/etab.ac-reunion.fr\/lyc-sarda-garriga\/wp-json\/wp\/v2\/pages\/9970\/revisions"}],"predecessor-version":[{"id":9973,"href":"https:\/\/etab.ac-reunion.fr\/lyc-sarda-garriga\/wp-json\/wp\/v2\/pages\/9970\/revisions\/9973"}],"wp:featuredmedia":[{"embeddable":true,"href":"https:\/\/etab.ac-reunion.fr\/lyc-sarda-garriga\/wp-json\/wp\/v2\/media\/9972"}],"wp:attachment":[{"href":"https:\/\/etab.ac-reunion.fr\/lyc-sarda-garriga\/wp-json\/wp\/v2\/media?parent=9970"}],"curies":[{"name":"wp","href":"https:\/\/api.w.org\/{rel}","templated":true}]}}