{"id":9976,"date":"2026-04-17T13:52:52","date_gmt":"2026-04-17T09:52:52","guid":{"rendered":"https:\/\/etab.ac-reunion.fr\/lyc-sarda-garriga\/?page_id=9976"},"modified":"2026-04-17T15:36:21","modified_gmt":"2026-04-17T11:36:21","slug":"2026-rencontres-academiques-de-theatre-en-espagnol","status":"publish","type":"page","link":"https:\/\/etab.ac-reunion.fr\/lyc-sarda-garriga\/2026-rencontres-academiques-de-theatre-en-espagnol\/","title":{"rendered":"2026 Rencontres acad\u00e9miques de th\u00e9\u00e2tre en espagnol."},"content":{"rendered":"\n<p><\/p>\n\n\n\n<p><\/p>\n\n\n\n<p><\/p>\n\n\n\n<p><\/p>\n\n\n\n<p><\/p>\n\n\n\n<p><\/p>\n\n\n\n<p><\/p>\n\n\n\n<p><\/p>\n\n\n\n<p><\/p>\n\n\n\n<p><\/p>\n\n\n\n<p><\/p>\n\n\n\n<p><\/p>\n\n\n\n<p><\/p>\n\n\n\n<p><\/p>\n\n\n\n<p><\/p>\n\n\n\n<p><\/p>\n\n\n\n<p><\/p>\n\n\n\n<p><\/p>\n\n\n\n<p><\/p>\n\n\n\n<p><\/p>\n\n\n\n<p><\/p>\n\n\n\n<p><\/p>\n\n\n\n<p><\/p>\n\n\n\n<p><\/p>\n\n\n\n<p>Le lundi 25 mars les \u00e9l\u00e8ves de l&rsquo;atelier th\u00e9\u00e2tre en espagnol ont eu l&rsquo;opportunit\u00e9 de participer \u00e0 la11\u00e8me \u00e9dition des rencontres acad\u00e9miques de th\u00e9\u00e2tre aupr\u00e8s de&nbsp; 6 autres \u00e9tablissements participants.&nbsp;<\/p>\n\n\n\n<p>Durant cette journ\u00e9e les \u00e9l\u00e8ves ont pu effectuer une prestation th\u00e9\u00e2trale en pr\u00e9sence de Mme l&rsquo; Inspectrice. Un travail de plusieurs mois, men\u00e9 par les professeures d&rsquo;espagnol Mme ANAMA et Mme POININ-COULIN, accompagn\u00e9es par la metteuse en sc\u00e8ne Mathilde AGLIO de la troupe th\u00e9\u00e2trale Cies Singes Savants.&nbsp;<\/p>\n\n\n\n<p><\/p>\n","protected":false},"excerpt":{"rendered":"<p>Le lundi 25 mars les \u00e9l\u00e8ves de l&rsquo;atelier th\u00e9\u00e2tre en espagnol ont eu l&rsquo;opportunit\u00e9 de participer \u00e0 la11\u00e8me \u00e9dition des rencontres acad\u00e9miques de th\u00e9\u00e2tre aupr\u00e8s de&nbsp; 6 autres \u00e9tablissements participants.&nbsp; Durant cette journ\u00e9e les \u00e9l\u00e8ves ont pu effectuer une prestation th\u00e9\u00e2trale en pr\u00e9sence de Mme l&rsquo; Inspectrice. Un travail de plusieurs mois, men\u00e9 par les [&hellip;]<\/p>\n","protected":false},"author":2934,"featured_media":0,"parent":0,"menu_order":0,"comment_status":"closed","ping_status":"closed","template":"","meta":{"footnotes":"","_links_to":"","_links_to_target":""},"class_list":["post-9976","page","type-page","status-publish","hentry"],"_links":{"self":[{"href":"https:\/\/etab.ac-reunion.fr\/lyc-sarda-garriga\/wp-json\/wp\/v2\/pages\/9976","targetHints":{"allow":["GET"]}}],"collection":[{"href":"https:\/\/etab.ac-reunion.fr\/lyc-sarda-garriga\/wp-json\/wp\/v2\/pages"}],"about":[{"href":"https:\/\/etab.ac-reunion.fr\/lyc-sarda-garriga\/wp-json\/wp\/v2\/types\/page"}],"author":[{"embeddable":true,"href":"https:\/\/etab.ac-reunion.fr\/lyc-sarda-garriga\/wp-json\/wp\/v2\/users\/2934"}],"replies":[{"embeddable":true,"href":"https:\/\/etab.ac-reunion.fr\/lyc-sarda-garriga\/wp-json\/wp\/v2\/comments?post=9976"}],"version-history":[{"count":5,"href":"https:\/\/etab.ac-reunion.fr\/lyc-sarda-garriga\/wp-json\/wp\/v2\/pages\/9976\/revisions"}],"predecessor-version":[{"id":9985,"href":"https:\/\/etab.ac-reunion.fr\/lyc-sarda-garriga\/wp-json\/wp\/v2\/pages\/9976\/revisions\/9985"}],"wp:attachment":[{"href":"https:\/\/etab.ac-reunion.fr\/lyc-sarda-garriga\/wp-json\/wp\/v2\/media?parent=9976"}],"curies":[{"name":"wp","href":"https:\/\/api.w.org\/{rel}","templated":true}]}}