{"id":9987,"date":"2026-04-21T13:12:25","date_gmt":"2026-04-21T09:12:25","guid":{"rendered":"https:\/\/etab.ac-reunion.fr\/lyc-sarda-garriga\/?page_id=9987"},"modified":"2026-04-21T14:38:27","modified_gmt":"2026-04-21T10:38:27","slug":"9987-2","status":"publish","type":"page","link":"https:\/\/etab.ac-reunion.fr\/lyc-sarda-garriga\/9987-2\/","title":{"rendered":"2026 KOZARLOR"},"content":{"rendered":"\n<p><\/p>\n\n\n\n<p><\/p>\n\n\n\n<p><\/p>\n\n\n\n<p><\/p>\n\n\n\n<p><\/p>\n\n\n\n<p><\/p>\n\n\n\n<p><\/p>\n\n\n\n<p><\/p>\n\n\n\n<p><\/p>\n\n\n\n<p><\/p>\n\n\n\n<p><\/p>\n\n\n\n<p><\/p>\n\n\n\n<p><\/p>\n\n\n\n<p><\/p>\n\n\n\n<p><\/p>\n\n\n\n<p><\/p>\n\n\n\n<p><\/p>\n\n\n\n<p><\/p>\n\n\n\n<p><\/p>\n\n\n\n<p><\/p>\n\n\n\n<p><\/p>\n\n\n\n<p><\/p>\n\n\n\n<p><\/p>\n\n\n\n<p class=\"has-text-align-center\">Ouvert aux lyc\u00e9ens de la seconde \u00e0 la terminale, en voie g\u00e9n\u00e9rale, technologique ou professionnelle, KoZarlor d\u00e9passe largement le cadre d\u2019un simple concours. Il invite les jeunes \u00e0 lib\u00e9rer leur parole, \u00e0 d\u00e9fendre leurs id\u00e9es et \u00e0 valoriser la richesse du cr\u00e9ole r\u00e9unionnais \u00e0 travers des discours structur\u00e9s, sensibles et argument\u00e9s. Face \u00e0 un public et \u00e0 un jury, chaque candidat dispose de cinq minutes pour convaincre, \u00e9mouvoir et marquer les esprits. Cette ann\u00e9e, le th\u00e8me impos\u00e9 <strong>\u00ab Zot la pa f\u00e9, nou va f\u00e9 ! \u00bb<\/strong> appelle \u00e0 l\u2019engagement, \u00e0 la prise d\u2019initiative et \u00e0 la responsabilit\u00e9 de la nouvelle g\u00e9n\u00e9ration. Un message fort, que les \u00e9l\u00e8ves du lyc\u00e9e Sarda Garriga ont su faire r\u00e9sonner avec intelligence et maturit\u00e9.<\/p>\n\n\n\n<p><\/p>\n\n\n\n<p><\/p>\n\n\n\n<blockquote class=\"wp-block-quote is-layout-flow wp-block-quote-is-layout-flow\">\n<p class=\"has-text-align-center\">Deux candidats au concours d\u2019\u00e9loquence cr\u00e9ole <strong>KoZarlor<\/strong> ont brillamment \u00e9t\u00e9 s\u00e9lectionn\u00e9s lors de la demi-finale du 17 avril  pour participer \u00e0 la finale, qui se tiendra le <strong>vendredi 22 mai 2026<\/strong>. Il s\u2019agit de <strong>Wayka SABILI<\/strong> (TGF-RH) et de <strong>Hakim BEN NAAMANE<\/strong> (TGF-RH). Tous deux suivent l\u2019option cr\u00e9ole depuis la classe de seconde. Initialement tr\u00e8s r\u00e9serv\u00e9s et non cr\u00e9olophones, ils ont su, par leur travail, leur pers\u00e9v\u00e9rance et leur courage, se d\u00e9passer pour atteindre ce tr\u00e8s beau niveau de r\u00e9ussite.<\/p>\n<\/blockquote>\n\n\n\n<p><\/p>\n\n\n\n<blockquote class=\"wp-block-quote is-layout-flow wp-block-quote-is-layout-flow\">\n<p class=\"has-text-align-center\"><strong>Une fiert\u00e9 pour le lyc\u00e9e Sarda Garriga<\/strong><\/p>\n\n\n\n<p class=\"has-text-align-center\">La s\u00e9lection de Hakim et Wayka illustre pleinement la dynamique port\u00e9e par l\u2019option cr\u00e9ole du lyc\u00e9e Sarda Garriga : former des jeunes capables de penser, de s\u2019exprimer et de d\u00e9fendre des causes qui leur tiennent \u00e0 c\u0153ur, dans la langue de leur territoire. Au-del\u00e0 de la comp\u00e9tition, leur parcours rappelle que le cr\u00e9ole r\u00e9unionnais est une langue vivante, puissante et l\u00e9gitime pour dire le monde, porter des id\u00e9es et faire entendre la voix de toute une g\u00e9n\u00e9ration. Le lyc\u00e9e Sarda Garriga peut \u00eatre fier de ses ambassadeurs. En finale, Hakim et Wayka ne porteront pas seulement leurs textes : ils porteront une jeunesse qui ose parler, r\u00e9fl\u00e9chir et agir et porteront \u00e9videmment haut les couleurs de notre lyc\u00e9e.<\/p>\n\n\n\n<p class=\"has-text-align-center\"><strong>Zot la pa f\u00e9 ? Nou va f\u00e9 !<\/strong><\/p>\n\n\n\n<p class=\"has-text-align-right\">Richard K.<\/p>\n<\/blockquote>\n\n\n\n<div class=\"wp-block-file aligncenter\"><a id=\"wp-block-file--media-e88397a7-2336-4ed1-acfd-aec9d8920249\" href=\"https:\/\/etab.ac-reunion.fr\/lyc-sarda-garriga\/wp-content\/uploads\/sites\/98\/2026\/04\/2026kozarlor.pdf\">ARTICLE  : 2026 kozarlor    .pdf<\/a><\/div>\n\n\n\n<p><\/p>\n\n\n\n<div data-wp-interactive=\"core\/file\" class=\"wp-block-file\"><object data-wp-bind--hidden=\"!state.hasPdfPreview\" hidden class=\"wp-block-file__embed\" data=\"https:\/\/etab.ac-reunion.fr\/lyc-sarda-garriga\/wp-content\/uploads\/sites\/98\/2026\/04\/2026kozarlor.pdf\" type=\"application\/pdf\" style=\"width:100%;height:600px\" aria-label=\"Contenu embarqu\u00e9 2026kozarlor.\"><\/object><a id=\"wp-block-file--media-6f95f3ac-48b6-4113-a238-aa1b035a1dac\" href=\"https:\/\/etab.ac-reunion.fr\/lyc-sarda-garriga\/wp-content\/uploads\/sites\/98\/2026\/04\/2026kozarlor.pdf\">2026kozarlor<\/a><\/div>\n\n\n\n<p><\/p>\n\n\n\n<figure class=\"wp-block-gallery has-nested-images columns-default is-cropped wp-block-gallery-1 is-layout-flex wp-block-gallery-is-layout-flex\">\n<figure class=\"wp-block-image size-large\"><a href=\"https:\/\/etab.ac-reunion.fr\/lyc-sarda-garriga\/wp-content\/uploads\/sites\/98\/2026\/04\/8C4F88DF-71F8-41AF-BDB5-7A59553389DC-scaled.jpg\" target=\"_blank\" rel=\" noreferrer noopener\"><img loading=\"lazy\" decoding=\"async\" width=\"576\" height=\"1024\" data-id=\"9997\" src=\"https:\/\/etab.ac-reunion.fr\/lyc-sarda-garriga\/wp-content\/uploads\/sites\/98\/2026\/04\/8C4F88DF-71F8-41AF-BDB5-7A59553389DC-576x1024.jpg\" alt=\"\" class=\"wp-image-9997\" srcset=\"https:\/\/etab.ac-reunion.fr\/lyc-sarda-garriga\/wp-content\/uploads\/sites\/98\/2026\/04\/8C4F88DF-71F8-41AF-BDB5-7A59553389DC-576x1024.jpg 576w, https:\/\/etab.ac-reunion.fr\/lyc-sarda-garriga\/wp-content\/uploads\/sites\/98\/2026\/04\/8C4F88DF-71F8-41AF-BDB5-7A59553389DC-169x300.jpg 169w, https:\/\/etab.ac-reunion.fr\/lyc-sarda-garriga\/wp-content\/uploads\/sites\/98\/2026\/04\/8C4F88DF-71F8-41AF-BDB5-7A59553389DC-768x1365.jpg 768w, https:\/\/etab.ac-reunion.fr\/lyc-sarda-garriga\/wp-content\/uploads\/sites\/98\/2026\/04\/8C4F88DF-71F8-41AF-BDB5-7A59553389DC-864x1536.jpg 864w, https:\/\/etab.ac-reunion.fr\/lyc-sarda-garriga\/wp-content\/uploads\/sites\/98\/2026\/04\/8C4F88DF-71F8-41AF-BDB5-7A59553389DC-1152x2048.jpg 1152w, https:\/\/etab.ac-reunion.fr\/lyc-sarda-garriga\/wp-content\/uploads\/sites\/98\/2026\/04\/8C4F88DF-71F8-41AF-BDB5-7A59553389DC-scaled.jpg 1440w\" sizes=\"auto, (max-width: 576px) 100vw, 576px\" \/><\/a><\/figure>\n\n\n\n<figure class=\"wp-block-image size-large\"><a href=\"https:\/\/etab.ac-reunion.fr\/lyc-sarda-garriga\/wp-content\/uploads\/sites\/98\/2026\/04\/2931C04A-34A1-46C4-8A20-F848AD36E57A.jpg\" target=\"_blank\" rel=\" noreferrer noopener\"><img loading=\"lazy\" decoding=\"async\" width=\"1024\" height=\"708\" data-id=\"9995\" src=\"https:\/\/etab.ac-reunion.fr\/lyc-sarda-garriga\/wp-content\/uploads\/sites\/98\/2026\/04\/2931C04A-34A1-46C4-8A20-F848AD36E57A-1024x708.jpg\" alt=\"\" class=\"wp-image-9995\" srcset=\"https:\/\/etab.ac-reunion.fr\/lyc-sarda-garriga\/wp-content\/uploads\/sites\/98\/2026\/04\/2931C04A-34A1-46C4-8A20-F848AD36E57A-1024x708.jpg 1024w, https:\/\/etab.ac-reunion.fr\/lyc-sarda-garriga\/wp-content\/uploads\/sites\/98\/2026\/04\/2931C04A-34A1-46C4-8A20-F848AD36E57A-300x207.jpg 300w, https:\/\/etab.ac-reunion.fr\/lyc-sarda-garriga\/wp-content\/uploads\/sites\/98\/2026\/04\/2931C04A-34A1-46C4-8A20-F848AD36E57A-768x531.jpg 768w, https:\/\/etab.ac-reunion.fr\/lyc-sarda-garriga\/wp-content\/uploads\/sites\/98\/2026\/04\/2931C04A-34A1-46C4-8A20-F848AD36E57A.jpg 1206w\" sizes=\"auto, (max-width: 1024px) 100vw, 1024px\" \/><\/a><\/figure>\n\n\n\n<figure class=\"wp-block-image size-large\"><a href=\"https:\/\/etab.ac-reunion.fr\/lyc-sarda-garriga\/wp-content\/uploads\/sites\/98\/2026\/04\/EC90A657-AC86-469D-89EB-3175E1CEF2B9.jpg\" target=\"_blank\" rel=\" noreferrer noopener\"><img loading=\"lazy\" decoding=\"async\" width=\"814\" height=\"1024\" data-id=\"9996\" src=\"https:\/\/etab.ac-reunion.fr\/lyc-sarda-garriga\/wp-content\/uploads\/sites\/98\/2026\/04\/EC90A657-AC86-469D-89EB-3175E1CEF2B9-814x1024.jpg\" alt=\"\" class=\"wp-image-9996\" srcset=\"https:\/\/etab.ac-reunion.fr\/lyc-sarda-garriga\/wp-content\/uploads\/sites\/98\/2026\/04\/EC90A657-AC86-469D-89EB-3175E1CEF2B9-814x1024.jpg 814w, https:\/\/etab.ac-reunion.fr\/lyc-sarda-garriga\/wp-content\/uploads\/sites\/98\/2026\/04\/EC90A657-AC86-469D-89EB-3175E1CEF2B9-238x300.jpg 238w, https:\/\/etab.ac-reunion.fr\/lyc-sarda-garriga\/wp-content\/uploads\/sites\/98\/2026\/04\/EC90A657-AC86-469D-89EB-3175E1CEF2B9-768x967.jpg 768w, https:\/\/etab.ac-reunion.fr\/lyc-sarda-garriga\/wp-content\/uploads\/sites\/98\/2026\/04\/EC90A657-AC86-469D-89EB-3175E1CEF2B9.jpg 1206w\" sizes=\"auto, (max-width: 814px) 100vw, 814px\" \/><\/a><\/figure>\n<\/figure>\n","protected":false},"excerpt":{"rendered":"<p>Ouvert aux lyc\u00e9ens de la seconde \u00e0 la terminale, en voie g\u00e9n\u00e9rale, technologique ou professionnelle, KoZarlor d\u00e9passe largement le cadre d\u2019un simple concours. Il invite les jeunes \u00e0 lib\u00e9rer leur parole, \u00e0 d\u00e9fendre leurs id\u00e9es et \u00e0 valoriser la richesse du cr\u00e9ole r\u00e9unionnais \u00e0 travers des discours structur\u00e9s, sensibles et argument\u00e9s. Face \u00e0 un public [&hellip;]<\/p>\n","protected":false},"author":2934,"featured_media":10007,"parent":0,"menu_order":0,"comment_status":"closed","ping_status":"closed","template":"","meta":{"footnotes":"","_links_to":"","_links_to_target":""},"class_list":["post-9987","page","type-page","status-publish","has-post-thumbnail","hentry"],"_links":{"self":[{"href":"https:\/\/etab.ac-reunion.fr\/lyc-sarda-garriga\/wp-json\/wp\/v2\/pages\/9987","targetHints":{"allow":["GET"]}}],"collection":[{"href":"https:\/\/etab.ac-reunion.fr\/lyc-sarda-garriga\/wp-json\/wp\/v2\/pages"}],"about":[{"href":"https:\/\/etab.ac-reunion.fr\/lyc-sarda-garriga\/wp-json\/wp\/v2\/types\/page"}],"author":[{"embeddable":true,"href":"https:\/\/etab.ac-reunion.fr\/lyc-sarda-garriga\/wp-json\/wp\/v2\/users\/2934"}],"replies":[{"embeddable":true,"href":"https:\/\/etab.ac-reunion.fr\/lyc-sarda-garriga\/wp-json\/wp\/v2\/comments?post=9987"}],"version-history":[{"count":16,"href":"https:\/\/etab.ac-reunion.fr\/lyc-sarda-garriga\/wp-json\/wp\/v2\/pages\/9987\/revisions"}],"predecessor-version":[{"id":10015,"href":"https:\/\/etab.ac-reunion.fr\/lyc-sarda-garriga\/wp-json\/wp\/v2\/pages\/9987\/revisions\/10015"}],"wp:featuredmedia":[{"embeddable":true,"href":"https:\/\/etab.ac-reunion.fr\/lyc-sarda-garriga\/wp-json\/wp\/v2\/media\/10007"}],"wp:attachment":[{"href":"https:\/\/etab.ac-reunion.fr\/lyc-sarda-garriga\/wp-json\/wp\/v2\/media?parent=9987"}],"curies":[{"name":"wp","href":"https:\/\/api.w.org\/{rel}","templated":true}]}}