{"id":4282,"date":"2019-10-21T17:17:36","date_gmt":"2019-10-21T13:17:36","guid":{"rendered":"http:\/\/lycee-3bassins.ac-reunion.fr\/?page_id=4282"},"modified":"2022-09-29T08:50:52","modified_gmt":"2022-09-29T04:50:52","slug":"restauration-et-internat","status":"publish","type":"page","link":"https:\/\/etab.ac-reunion.fr\/lyc-trois-bassins\/restauration-et-internat\/","title":{"rendered":"Restauration et Internat"},"content":{"rendered":"[et_pb_section fb_built=\u00a0\u00bb1&Prime; _builder_version=\u00a0\u00bb4.16&Prime; background_color=\u00a0\u00bb#00a75f\u00a0\u00bb custom_padding=\u00a0\u00bb0px||0px||false\u00a0\u00bb box_shadow_style=\u00a0\u00bbpreset6&Prime; box_shadow_blur=\u00a0\u00bb80px\u00a0\u00bb global_colors_info=\u00a0\u00bb{}\u00a0\u00bb][et_pb_row _builder_version=\u00a0\u00bb4.16&Prime; max_width=\u00a0\u00bb1280px\u00a0\u00bb use_custom_width=\u00a0\u00bbon\u00a0\u00bb custom_width_px=\u00a0\u00bb1280px\u00a0\u00bb global_colors_info=\u00a0\u00bb{}\u00a0\u00bb][et_pb_column type=\u00a0\u00bb4_4&Prime; _builder_version=\u00a0\u00bb4.16&Prime; custom_padding=\u00a0\u00bb|||\u00a0\u00bb global_colors_info=\u00a0\u00bb{}\u00a0\u00bb custom_padding__hover=\u00a0\u00bb|||\u00a0\u00bb][et_pb_text _builder_version=\u00a0\u00bb4.16&Prime; header_font=\u00a0\u00bb|700|||||||\u00a0\u00bb header_text_align=\u00a0\u00bbcenter\u00a0\u00bb header_text_color=\u00a0\u00bb#ffffff\u00a0\u00bb header_font_size=\u00a0\u00bb50px\u00a0\u00bb custom_padding=\u00a0\u00bb1px||\u00a0\u00bb header_font_size_tablet=\u00a0\u00bb40px\u00a0\u00bb header_font_size_phone=\u00a0\u00bb30px\u00a0\u00bb header_font_size_last_edited=\u00a0\u00bbon|phone\u00a0\u00bb global_colors_info=\u00a0\u00bb{}\u00a0\u00bb]\n<h1>Restauration et Internat<\/h1>\n[\/et_pb_text][\/et_pb_column][\/et_pb_row][\/et_pb_section][et_pb_section fb_built=\u00a0\u00bb1&Prime; _builder_version=\u00a0\u00bb4.16&Prime; custom_margin=\u00a0\u00bb0px||0px||false|false\u00a0\u00bb custom_padding=\u00a0\u00bb0px||0px||false|false\u00a0\u00bb global_colors_info=\u00a0\u00bb{}\u00a0\u00bb][et_pb_row _builder_version=\u00a0\u00bb4.16&Prime; max_width=\u00a0\u00bb1400px\u00a0\u00bb custom_margin=\u00a0\u00bb0px||0px||false|false\u00a0\u00bb custom_padding=\u00a0\u00bb10px||10px||false|false\u00a0\u00bb global_colors_info=\u00a0\u00bb{}\u00a0\u00bb][et_pb_column type=\u00a0\u00bb4_4&Prime; _builder_version=\u00a0\u00bb4.16&Prime; global_colors_info=\u00a0\u00bb{}\u00a0\u00bb][et_pb_text _builder_version=\u00a0\u00bb4.16&Prime; text_font_size=\u00a0\u00bb16px\u00a0\u00bb global_colors_info=\u00a0\u00bb{}\u00a0\u00bb]\n<p style=\"text-align: justify\">Vous \u00eates ici : <span style=\"color: #303030\"><a href=\"https:\/\/etab.ac-reunion.fr\/lyc-trois-bassins\/\" style=\"color: #303030\">Accueil<\/a><\/span> &gt; <span style=\"color: #303030\">Vie au Lyc\u00e9e<\/span>\u00a0&gt; <span style=\"color: #00a75f\">Restauration et Internat<\/span><\/p>\n[\/et_pb_text][\/et_pb_column][\/et_pb_row][\/et_pb_section][et_pb_section fb_built=\u00a0\u00bb1&Prime; _builder_version=\u00a0\u00bb4.16&Prime; custom_margin=\u00a0\u00bb0px||||false|false\u00a0\u00bb custom_padding=\u00a0\u00bb20px||0px||false|false\u00a0\u00bb global_colors_info=\u00a0\u00bb{}\u00a0\u00bb][et_pb_row _builder_version=\u00a0\u00bb4.16&Prime; global_colors_info=\u00a0\u00bb{}\u00a0\u00bb][et_pb_column type=\u00a0\u00bb4_4&Prime; _builder_version=\u00a0\u00bb4.16&Prime; global_colors_info=\u00a0\u00bb{}\u00a0\u00bb][et_pb_text _builder_version=\u00a0\u00bb4.16&Prime; header_text_align=\u00a0\u00bbcenter\u00a0\u00bb header_3_font=\u00a0\u00bb|700|||||||\u00a0\u00bb header_3_text_align=\u00a0\u00bbcenter\u00a0\u00bb header_3_text_color=\u00a0\u00bb#00a75f\u00a0\u00bb header_3_font_size=\u00a0\u00bb28px\u00a0\u00bb global_colors_info=\u00a0\u00bb{}\u00a0\u00bb]\n<h3>Restauration<\/h3>\n[\/et_pb_text][et_pb_text _builder_version=\u00a0\u00bb4.16&Prime; text_font_size=\u00a0\u00bb16px\u00a0\u00bb global_colors_info=\u00a0\u00bb{}\u00a0\u00bb]\n<div class=\"et-fb-mousetrap et-fb-mousetrap--column\"><\/div>\n<div class=\"et_fb_editing_enabled et_pb_text et_pb_module ui-sortable et_pb_text_1 et-animated--vb et_pb_text_align_left et_pb_bg_layout_light et-first-child et-last-child\" data-address=\"2.0.0.0\">\n<div class=\"et_pb_text_inner\">\n<div data-shortcode-id=\"2.0.0.0-1568010220374\" data-quickaccess-editable=\"yes\" class=\"et-fb-popover-tinymce\">\n<div class=\"mce-content-body\">\n<p style=\"text-align: justify\">Les repas sont pr\u00e9par\u00e9s \u00e0 la cuisine centrale du Lyc\u00e9e des Avirons et livr\u00e9s en liaison froide.<\/p>\n<p style=\"text-align: justify\">Le repas se compose d\u2019une entr\u00e9e, d\u2019un plat principal et d\u2019un dessert (ou fromage).<\/p>\n<p style=\"text-align: justify\">Un demi-pensionnaire a la possibilit\u00e9 de prendre son repas \u00e0 la caf\u00e9t\u00e9ria en le r\u00e9servant \u00e0 partir de 7h40 \u00e0 l\u2019entr\u00e9e du self.<\/p>\n<p style=\"text-align: justify\"><span>Les plages horaires d\u2019ouverture du service de restauration le midi sont\u00a0: 11h30 \u00e0 13h.<\/span><\/p>\n<p style=\"text-align: justify\"><strong>Le menu est consultable sur Pronote.<\/strong><\/p>\n<p style=\"text-align: justify\">Le paiement au forfait est payable en 3 termes: <span>ao\u00fbt \u00e0 d\u00e9cembre, janvier \u00e0 mars, avril \u00e0 juillet. <\/span><\/p>\n<p style=\"text-align: justify\">Les demandes de changement de r\u00e9gime formul\u00e9es par les familles ou les \u00e9l\u00e8ves majeurs, doivent \u00eatre re\u00e7ues par l\u2019\u00e9tablissement au plus tard <strong>2 semaines<\/strong> avant l\u2019issue de chaque terme, pour une prise d\u2019effet \u00e0 compter du terme qui suit.<\/p>\n<p style=\"text-align: justify\">Les changements de r\u00e9gime sont accept\u00e9s sans conditions dans les 15 jours suivant la rentr\u00e9e scolaire.<\/p>\n<p><span><u>Les types de r\u00e9gime sont\u00a0: <\/u><\/span><\/p>\n<ul>\n<li><span> <\/span>Demi-pensionnaire\u00a0: Forfait 5 jours \/ semaine (tarif journalier\u00a0: 2.71\u20ac)<\/li>\n<li><span> <\/span>Demi-pensionnaire\u00a0:<span> Forfait 4 jours \/ semaine (tarif journalier : 2.72\u20ac)<\/span><\/li>\n<li>Demi-pensionnaire\u00a0:<span style=\"text-align: justify\"> Forfait 3 jours \/ semaine (tarif journalier : 2.73\u20ac)<\/span><\/li>\n<\/ul>\n<\/div>\n<\/div>\n<\/div>\n<\/div>\n[\/et_pb_text][\/et_pb_column][\/et_pb_row][\/et_pb_section][et_pb_section fb_built=\u00a0\u00bb1&Prime; _builder_version=\u00a0\u00bb4.16&Prime; custom_margin=\u00a0\u00bb-4px||||false|false\u00a0\u00bb custom_padding=\u00a0\u00bb0px||0px||false|false\u00a0\u00bb global_colors_info=\u00a0\u00bb{}\u00a0\u00bb][et_pb_row _builder_version=\u00a0\u00bb4.16&Prime; global_colors_info=\u00a0\u00bb{}\u00a0\u00bb][et_pb_column type=\u00a0\u00bb4_4&Prime; _builder_version=\u00a0\u00bb4.16&Prime; global_colors_info=\u00a0\u00bb{}\u00a0\u00bb][et_pb_text _builder_version=\u00a0\u00bb4.16&Prime; header_text_align=\u00a0\u00bbcenter\u00a0\u00bb header_3_font=\u00a0\u00bb|700|||||||\u00a0\u00bb header_3_text_align=\u00a0\u00bbcenter\u00a0\u00bb header_3_text_color=\u00a0\u00bb#00a75f\u00a0\u00bb header_3_font_size=\u00a0\u00bb28px\u00a0\u00bb global_colors_info=\u00a0\u00bb{}\u00a0\u00bb]\n<h3>Internat<\/h3>\n[\/et_pb_text][et_pb_text _builder_version=\u00a0\u00bb4.16&Prime; text_font_size=\u00a0\u00bb16px\u00a0\u00bb global_colors_info=\u00a0\u00bb{}\u00a0\u00bb]\n<div class=\"et-fb-mousetrap et-fb-mousetrap--column\"><\/div>\n<div class=\"et_fb_editing_enabled et_pb_text et_pb_module ui-sortable et_pb_text_1 et-animated--vb et_pb_text_align_left et_pb_bg_layout_light et-first-child et-last-child\" data-address=\"2.0.0.0\">\n<div class=\"et_pb_text_inner\">\n<div data-shortcode-id=\"2.0.0.0-1568010220374\" data-quickaccess-editable=\"yes\" class=\"et-fb-popover-tinymce\">\n<div class=\"mce-content-body\">\n<p>L\u2019internat se situe au lyc\u00e9e de Vue Belle (La Saline). Des navettes sont pr\u00e9vues entre les deux lyc\u00e9es.<\/p>\n<p><span><u>Les types de r\u00e9gime sont\u00a0: <\/u><\/span><\/p>\n<ul>\n<li><span> <\/span><span>Interne (tarif journalier\u00a0: 7.47\u20ac)<\/span><\/li>\n<li><span> <\/span><span>Interne h\u00e9berg\u00e9 (nuit\u00e9e, repas du soir et petit-d\u00e9jeuner, mais repas midi \u00e0 l\u2019ext\u00e9rieur) (tarif journalier\u00a0: 4.76\u20ac)<\/span><\/li>\n<\/ul>\n<\/div>\n<\/div>\n<\/div>\n<\/div>\n[\/et_pb_text][\/et_pb_column][\/et_pb_row][\/et_pb_section][et_pb_section fb_built=\u00a0\u00bb1&Prime; _builder_version=\u00a0\u00bb4.16&Prime; custom_margin=\u00a0\u00bb0px||||false|false\u00a0\u00bb custom_padding=\u00a0\u00bb0px||30px||false|false\u00a0\u00bb global_colors_info=\u00a0\u00bb{}\u00a0\u00bb][et_pb_row _builder_version=\u00a0\u00bb4.16&Prime; global_colors_info=\u00a0\u00bb{}\u00a0\u00bb][et_pb_column type=\u00a0\u00bb4_4&Prime; _builder_version=\u00a0\u00bb4.16&Prime; global_colors_info=\u00a0\u00bb{}\u00a0\u00bb][et_pb_text _builder_version=\u00a0\u00bb4.16&Prime; header_text_align=\u00a0\u00bbcenter\u00a0\u00bb header_3_font=\u00a0\u00bb|700|||||||\u00a0\u00bb header_3_text_align=\u00a0\u00bbcenter\u00a0\u00bb header_3_text_color=\u00a0\u00bb#00a75f\u00a0\u00bb header_3_font_size=\u00a0\u00bb28px\u00a0\u00bb global_colors_info=\u00a0\u00bb{}\u00a0\u00bb]\n<h3>R\u00e8glement r\u00e9gional du service de restauration et d&rsquo;h\u00e9bergement<\/h3>\n[\/et_pb_text][et_pb_text _builder_version=\u00a0\u00bb4.16&Prime; text_font_size=\u00a0\u00bb16px\u00a0\u00bb global_colors_info=\u00a0\u00bb{}\u00a0\u00bb]\n<div class=\"et-fb-mousetrap et-fb-mousetrap--column\"><\/div>\n<div class=\"et_fb_editing_enabled et_pb_text et_pb_module ui-sortable et_pb_text_1 et-animated--vb et_pb_text_align_left et_pb_bg_layout_light et-first-child et-last-child\" data-address=\"2.0.0.0\">\n<div class=\"et_pb_text_inner\">\n<div data-shortcode-id=\"2.0.0.0-1568010220374\" data-quickaccess-editable=\"yes\" class=\"et-fb-popover-tinymce\">\n<div class=\"mce-content-body\">\n<p>Vous pouvez consulter le r\u00e8glement r\u00e9gional du service de restauration et d&rsquo;h\u00e9bergement en cliquant sur le bouton ci-dessous :<\/p>\n<\/div>\n<\/div>\n<\/div>\n<\/div>\n[\/et_pb_text][et_pb_button button_url=\u00a0\u00bbhttps:\/\/etab.ac-reunion.fr\/lyc-trois-bassins\/wp-content\/uploads\/sites\/100\/2022\/09\/Reglement-Regional-SRH-pour-site-internet.pdf\u00a0\u00bb button_text=\u00a0\u00bbR\u00e8glement g\u00e9n\u00e9ral\u00a0\u00bb button_alignment=\u00a0\u00bbcenter\u00a0\u00bb _builder_version=\u00a0\u00bb4.18.0&Prime; custom_button=\u00a0\u00bbon\u00a0\u00bb button_text_size=\u00a0\u00bb20px\u00a0\u00bb button_text_color=\u00a0\u00bb#ffffff\u00a0\u00bb button_bg_color=\u00a0\u00bb#00a75f\u00a0\u00bb button_border_color=\u00a0\u00bb#00a75f\u00a0\u00bb button_border_radius=\u00a0\u00bb6px\u00a0\u00bb button_font=\u00a0\u00bb|||on|||||\u00a0\u00bb hover_enabled=\u00a0\u00bb0&Prime; box_shadow_style=\u00a0\u00bbpreset1&Prime; global_colors_info=\u00a0\u00bb{}\u00a0\u00bb button_text_color__hover_enabled=\u00a0\u00bbon|hover\u00a0\u00bb button_text_color__hover=\u00a0\u00bb#ffffff\u00a0\u00bb button_bg_color__hover_enabled=\u00a0\u00bbon|hover\u00a0\u00bb button_bg_color__hover=\u00a0\u00bb#7cda24&Prime; button_bg_enable_color__hover=\u00a0\u00bbon\u00a0\u00bb button_border_color__hover_enabled=\u00a0\u00bbon|hover\u00a0\u00bb button_border_color__hover=\u00a0\u00bb#7cda24&Prime; button_text_size__hover_enabled=\u00a0\u00bbon|hover\u00a0\u00bb sticky_enabled=\u00a0\u00bb0&Prime; button_text_size__hover=\u00a0\u00bb20px\u00a0\u00bb][\/et_pb_button][\/et_pb_column][\/et_pb_row][\/et_pb_section]\n","protected":false},"excerpt":{"rendered":"<p>Restauration et InternatVous \u00eates ici : Accueil &gt; Vie au Lyc\u00e9e\u00a0&gt; Restauration et InternatRestauration Les repas sont pr\u00e9par\u00e9s \u00e0 la cuisine centrale du Lyc\u00e9e des Avirons et livr\u00e9s en liaison froide. Le repas se compose d\u2019une entr\u00e9e, d\u2019un plat principal et d\u2019un dessert (ou fromage). Un demi-pensionnaire a la possibilit\u00e9 de prendre son repas \u00e0 [&hellip;]<\/p>\n","protected":false},"author":6711,"featured_media":0,"parent":0,"menu_order":0,"comment_status":"closed","ping_status":"closed","template":"","meta":{"_et_pb_use_builder":"on","_et_pb_old_content":"","_et_gb_content_width":"","footnotes":""},"class_list":["post-4282","page","type-page","status-publish","hentry"],"_links":{"self":[{"href":"https:\/\/etab.ac-reunion.fr\/lyc-trois-bassins\/wp-json\/wp\/v2\/pages\/4282","targetHints":{"allow":["GET"]}}],"collection":[{"href":"https:\/\/etab.ac-reunion.fr\/lyc-trois-bassins\/wp-json\/wp\/v2\/pages"}],"about":[{"href":"https:\/\/etab.ac-reunion.fr\/lyc-trois-bassins\/wp-json\/wp\/v2\/types\/page"}],"author":[{"embeddable":true,"href":"https:\/\/etab.ac-reunion.fr\/lyc-trois-bassins\/wp-json\/wp\/v2\/users\/6711"}],"replies":[{"embeddable":true,"href":"https:\/\/etab.ac-reunion.fr\/lyc-trois-bassins\/wp-json\/wp\/v2\/comments?post=4282"}],"version-history":[{"count":5,"href":"https:\/\/etab.ac-reunion.fr\/lyc-trois-bassins\/wp-json\/wp\/v2\/pages\/4282\/revisions"}],"predecessor-version":[{"id":6528,"href":"https:\/\/etab.ac-reunion.fr\/lyc-trois-bassins\/wp-json\/wp\/v2\/pages\/4282\/revisions\/6528"}],"wp:attachment":[{"href":"https:\/\/etab.ac-reunion.fr\/lyc-trois-bassins\/wp-json\/wp\/v2\/media?parent=4282"}],"curies":[{"name":"wp","href":"https:\/\/api.w.org\/{rel}","templated":true}]}}