{"id":4286,"date":"2019-10-21T17:19:56","date_gmt":"2019-10-21T13:19:56","guid":{"rendered":"http:\/\/lycee-3bassins.ac-reunion.fr\/?page_id=4286"},"modified":"2022-09-30T11:26:13","modified_gmt":"2022-09-30T07:26:13","slug":"bourses-et-aides","status":"publish","type":"page","link":"https:\/\/etab.ac-reunion.fr\/lyc-trois-bassins\/bourses-et-aides\/","title":{"rendered":"Bourses et Aides"},"content":{"rendered":"[et_pb_section fb_built=\u00a0\u00bb1&Prime; _builder_version=\u00a0\u00bb4.16&Prime; background_color=\u00a0\u00bb#00a75f\u00a0\u00bb custom_padding=\u00a0\u00bb0px||0px||false\u00a0\u00bb box_shadow_style=\u00a0\u00bbpreset6&Prime; box_shadow_blur=\u00a0\u00bb80px\u00a0\u00bb global_colors_info=\u00a0\u00bb{}\u00a0\u00bb][et_pb_row _builder_version=\u00a0\u00bb4.16&Prime; max_width=\u00a0\u00bb1280px\u00a0\u00bb use_custom_width=\u00a0\u00bbon\u00a0\u00bb custom_width_px=\u00a0\u00bb1280px\u00a0\u00bb global_colors_info=\u00a0\u00bb{}\u00a0\u00bb][et_pb_column type=\u00a0\u00bb4_4&Prime; _builder_version=\u00a0\u00bb4.16&Prime; custom_padding=\u00a0\u00bb|||\u00a0\u00bb global_colors_info=\u00a0\u00bb{}\u00a0\u00bb custom_padding__hover=\u00a0\u00bb|||\u00a0\u00bb][et_pb_text _builder_version=\u00a0\u00bb4.16&Prime; header_font=\u00a0\u00bb|700|||||||\u00a0\u00bb header_text_align=\u00a0\u00bbcenter\u00a0\u00bb header_text_color=\u00a0\u00bb#ffffff\u00a0\u00bb header_font_size=\u00a0\u00bb50px\u00a0\u00bb custom_padding=\u00a0\u00bb1px||\u00a0\u00bb header_font_size_tablet=\u00a0\u00bb40px\u00a0\u00bb header_font_size_phone=\u00a0\u00bb30px\u00a0\u00bb header_font_size_last_edited=\u00a0\u00bbon|phone\u00a0\u00bb global_colors_info=\u00a0\u00bb{}\u00a0\u00bb]\n<h1>Bourses et primes<\/h1>\n[\/et_pb_text][\/et_pb_column][\/et_pb_row][\/et_pb_section][et_pb_section fb_built=\u00a0\u00bb1&Prime; _builder_version=\u00a0\u00bb4.16&Prime; custom_margin=\u00a0\u00bb0px||0px||false|false\u00a0\u00bb custom_padding=\u00a0\u00bb0px||0px||false|false\u00a0\u00bb global_colors_info=\u00a0\u00bb{}\u00a0\u00bb][et_pb_row _builder_version=\u00a0\u00bb4.16&Prime; max_width=\u00a0\u00bb1400px\u00a0\u00bb custom_margin=\u00a0\u00bb0px||0px||false|false\u00a0\u00bb custom_padding=\u00a0\u00bb10px||10px||false|false\u00a0\u00bb global_colors_info=\u00a0\u00bb{}\u00a0\u00bb][et_pb_column type=\u00a0\u00bb4_4&Prime; _builder_version=\u00a0\u00bb4.16&Prime; global_colors_info=\u00a0\u00bb{}\u00a0\u00bb][et_pb_text _builder_version=\u00a0\u00bb4.16&Prime; text_font_size=\u00a0\u00bb16px\u00a0\u00bb global_colors_info=\u00a0\u00bb{}\u00a0\u00bb]\n<p style=\"text-align: justify\">Vous \u00eates ici : <span style=\"color: #303030\"><a href=\"https:\/\/etab.ac-reunion.fr\/lyc-trois-bassins\/\" style=\"color: #303030\">Accueil<\/a><\/span> &gt; <span style=\"color: #303030\">Vie au Lyc\u00e9e<\/span>\u00a0&gt; <span style=\"color: #00a75f\">Bourses et aides<\/span><\/p>\n[\/et_pb_text][\/et_pb_column][\/et_pb_row][\/et_pb_section][et_pb_section fb_built=\u00a0\u00bb1&Prime; _builder_version=\u00a0\u00bb4.16&Prime; custom_margin=\u00a0\u00bb0px||||false|false\u00a0\u00bb custom_padding=\u00a0\u00bb20px||0px||false|false\u00a0\u00bb global_colors_info=\u00a0\u00bb{}\u00a0\u00bb][et_pb_row _builder_version=\u00a0\u00bb4.16&Prime; global_colors_info=\u00a0\u00bb{}\u00a0\u00bb][et_pb_column type=\u00a0\u00bb4_4&Prime; _builder_version=\u00a0\u00bb4.16&Prime; global_colors_info=\u00a0\u00bb{}\u00a0\u00bb][et_pb_text _builder_version=\u00a0\u00bb4.16&Prime; text_font_size=\u00a0\u00bb16px\u00a0\u00bb global_colors_info=\u00a0\u00bb{}\u00a0\u00bb]\n<div class=\"et-fb-mousetrap et-fb-mousetrap--column\"><\/div>\n<div class=\"et_fb_editing_enabled et_pb_text et_pb_module ui-sortable et_pb_text_1 et-animated--vb et_pb_text_align_left et_pb_bg_layout_light et-first-child et-last-child\" data-address=\"2.0.0.0\">\n<div class=\"et_pb_text_inner\">\n<div data-shortcode-id=\"2.0.0.0-1568010220374\" data-quickaccess-editable=\"yes\" class=\"et-fb-popover-tinymce\">\n<div class=\"mce-content-body\">\n<p>La bourse de lyc\u00e9e est accord\u00e9e, sous condition de ressources, au(x)\u00a0<span><a href=\"https:\/\/www.service-public.fr\/particuliers\/glossaire\/R44252\"><em>responsable(s)<\/em><\/a><\/span>\u00a0d&rsquo;un lyc\u00e9en. Son montant varie en fonction des ressources et des charges.<\/p>\n<p>Les ressources prises en compte pour l&rsquo;ann\u00e9e scolaire 2022-2023 correspondent au revenu fiscal de r\u00e9f\u00e9rence de l&rsquo;avis d&rsquo;imp\u00f4t 2022 sur les revenus de l&rsquo;ann\u00e9e 2021.<\/p>\n<p>La bourse comporte 6 \u00e9chelons, qui prennent en compte\u00a0:<\/p>\n<ul>\n<li>le nombre\u00a0<a href=\"https:\/\/www.service-public.fr\/particuliers\/vosdroits\/F23468\">d&rsquo;enfants \u00e0 charge<\/a>\u00a0composant le foyer du responsable du lyc\u00e9en<\/li>\n<li>et les ressources de ce foyer \u00e0 ne pas d\u00e9passer.<\/li>\n<\/ul>\n<p>Si vous touchez la bourse de lyc\u00e9e depuis la rentr\u00e9e 2021, vous continuerez d&rsquo;en b\u00e9n\u00e9ficier automatiquement pour l&rsquo;ann\u00e9e 2022-2023. Vous n&rsquo;aurez aucune d\u00e9marche \u00e0 effectuer, sauf si votre situation a fortement chang\u00e9. Ainsi, si vous redoublez, si vous changez d&rsquo;orientation ou si les ressources de votre\u00a0<span><a href=\"https:\/\/www.service-public.fr\/particuliers\/glossaire\/R1046\"><em>foyer fiscal<\/em><\/a><\/span>\u00a0diminuent ou augmentent, vous devrez suivre les m\u00eames d\u00e9marches que si vous demandiez la bourse pour la 1<sup>re<\/sup>\u00a0fois.<\/p>\n<p>&nbsp;<\/p>\n<p>L&rsquo;\u00e9l\u00e8ve boursier peut, selon sa situation, b\u00e9n\u00e9ficier \u00e9galement\u00a0:<\/p>\n<ul>\n<li>d&rsquo;une\u00a0<a href=\"https:\/\/www.service-public.fr\/particuliers\/vosdroits\/F32928\">bourse au m\u00e9rite<\/a>\u00a0s&rsquo;il a obtenu une mention Bien ou Tr\u00e8s bien au brevet,<\/li>\n<li><a href=\"https:\/\/www.service-public.fr\/particuliers\/vosdroits\/F32915\">d\u2019une prime d\u2019\u00e9quipement s&rsquo;il est inscrit dans la voie professionnelle<\/a>,<\/li>\n<li>D\u2019une prime trimestrielle pour l\u2019internat<\/li>\n<\/ul>\n<\/div>\n<\/div>\n<\/div>\n<\/div>\n[\/et_pb_text][\/et_pb_column][\/et_pb_row][et_pb_row column_structure=\u00a0\u00bb1_2,1_2&Prime; _builder_version=\u00a0\u00bb4.18.0&Prime; _module_preset=\u00a0\u00bbdefault\u00a0\u00bb global_colors_info=\u00a0\u00bb{}\u00a0\u00bb][et_pb_column type=\u00a0\u00bb1_2&Prime; _builder_version=\u00a0\u00bb4.18.0&Prime; _module_preset=\u00a0\u00bbdefault\u00a0\u00bb global_colors_info=\u00a0\u00bb{}\u00a0\u00bb][et_pb_button button_url=\u00a0\u00bbhttps:\/\/etab.ac-reunion.fr\/lyc-trois-bassins\/wp-content\/uploads\/sites\/100\/2022\/09\/bareme-et-montant-des-bourses-nationales-de-lycee-2022-2023.pdf\u00a0\u00bb button_text=\u00a0\u00bbMontants de la bourses et des primes\u00a0\u00bb button_alignment=\u00a0\u00bbcenter\u00a0\u00bb _builder_version=\u00a0\u00bb4.18.0&Prime; custom_button=\u00a0\u00bbon\u00a0\u00bb button_text_size=\u00a0\u00bb20px\u00a0\u00bb button_text_color=\u00a0\u00bb#ffffff\u00a0\u00bb button_bg_color=\u00a0\u00bb#00a75f\u00a0\u00bb button_border_color=\u00a0\u00bb#00a75f\u00a0\u00bb button_border_radius=\u00a0\u00bb6px\u00a0\u00bb button_font=\u00a0\u00bb|||on|||||\u00a0\u00bb box_shadow_style=\u00a0\u00bbpreset1&Prime; global_colors_info=\u00a0\u00bb{}\u00a0\u00bb button_text_color__hover_enabled=\u00a0\u00bbon|hover\u00a0\u00bb button_text_color__hover=\u00a0\u00bb#ffffff\u00a0\u00bb button_bg_color__hover_enabled=\u00a0\u00bbon|hover\u00a0\u00bb button_bg_color__hover=\u00a0\u00bb#7cda24&Prime; button_bg_enable_color__hover=\u00a0\u00bbon\u00a0\u00bb button_border_color__hover_enabled=\u00a0\u00bbon|hover\u00a0\u00bb button_border_color__hover=\u00a0\u00bb#7cda24&Prime; button_text_size__hover_enabled=\u00a0\u00bbon|hover\u00a0\u00bb button_text_size__hover=\u00a0\u00bb20px\u00a0\u00bb][\/et_pb_button][\/et_pb_column][et_pb_column type=\u00a0\u00bb1_2&Prime; _builder_version=\u00a0\u00bb4.18.0&Prime; _module_preset=\u00a0\u00bbdefault\u00a0\u00bb global_colors_info=\u00a0\u00bb{}\u00a0\u00bb][et_pb_button button_url=\u00a0\u00bbhttps:\/\/etab.ac-reunion.fr\/lyc-trois-bassins\/wp-content\/uploads\/sites\/100\/2022\/09\/Notice-pour-parents-bourses-2022-2023.pdf\u00a0\u00bb button_text=\u00a0\u00bbNotice\u00a0\u00bb button_alignment=\u00a0\u00bbcenter\u00a0\u00bb _builder_version=\u00a0\u00bb4.18.0&Prime; custom_button=\u00a0\u00bbon\u00a0\u00bb button_text_size=\u00a0\u00bb20px\u00a0\u00bb button_text_color=\u00a0\u00bb#ffffff\u00a0\u00bb button_bg_color=\u00a0\u00bb#00a75f\u00a0\u00bb button_border_color=\u00a0\u00bb#00a75f\u00a0\u00bb button_border_radius=\u00a0\u00bb6px\u00a0\u00bb button_font=\u00a0\u00bb|||on|||||\u00a0\u00bb box_shadow_style=\u00a0\u00bbpreset1&Prime; global_colors_info=\u00a0\u00bb{}\u00a0\u00bb button_text_color__hover_enabled=\u00a0\u00bbon|hover\u00a0\u00bb button_text_color__hover=\u00a0\u00bb#ffffff\u00a0\u00bb button_bg_color__hover_enabled=\u00a0\u00bbon|hover\u00a0\u00bb button_bg_color__hover=\u00a0\u00bb#7cda24&Prime; button_bg_enable_color__hover=\u00a0\u00bbon\u00a0\u00bb button_border_color__hover_enabled=\u00a0\u00bbon|hover\u00a0\u00bb button_border_color__hover=\u00a0\u00bb#7cda24&Prime; button_text_size__hover_enabled=\u00a0\u00bbon|hover\u00a0\u00bb button_text_size__hover=\u00a0\u00bb20px\u00a0\u00bb][\/et_pb_button][\/et_pb_column][\/et_pb_row][\/et_pb_section]\n","protected":false},"excerpt":{"rendered":"<p>Bourses et primesVous \u00eates ici : Accueil &gt; Vie au Lyc\u00e9e\u00a0&gt; Bourses et aides La bourse de lyc\u00e9e est accord\u00e9e, sous condition de ressources, au(x)\u00a0responsable(s)\u00a0d&rsquo;un lyc\u00e9en. Son montant varie en fonction des ressources et des charges. Les ressources prises en compte pour l&rsquo;ann\u00e9e scolaire 2022-2023 correspondent au revenu fiscal de r\u00e9f\u00e9rence de l&rsquo;avis d&rsquo;imp\u00f4t 2022 [&hellip;]<\/p>\n","protected":false},"author":6711,"featured_media":0,"parent":0,"menu_order":0,"comment_status":"closed","ping_status":"closed","template":"","meta":{"_et_pb_use_builder":"on","_et_pb_old_content":"","_et_gb_content_width":"","footnotes":""},"class_list":["post-4286","page","type-page","status-publish","hentry"],"_links":{"self":[{"href":"https:\/\/etab.ac-reunion.fr\/lyc-trois-bassins\/wp-json\/wp\/v2\/pages\/4286","targetHints":{"allow":["GET"]}}],"collection":[{"href":"https:\/\/etab.ac-reunion.fr\/lyc-trois-bassins\/wp-json\/wp\/v2\/pages"}],"about":[{"href":"https:\/\/etab.ac-reunion.fr\/lyc-trois-bassins\/wp-json\/wp\/v2\/types\/page"}],"author":[{"embeddable":true,"href":"https:\/\/etab.ac-reunion.fr\/lyc-trois-bassins\/wp-json\/wp\/v2\/users\/6711"}],"replies":[{"embeddable":true,"href":"https:\/\/etab.ac-reunion.fr\/lyc-trois-bassins\/wp-json\/wp\/v2\/comments?post=4286"}],"version-history":[{"count":7,"href":"https:\/\/etab.ac-reunion.fr\/lyc-trois-bassins\/wp-json\/wp\/v2\/pages\/4286\/revisions"}],"predecessor-version":[{"id":6600,"href":"https:\/\/etab.ac-reunion.fr\/lyc-trois-bassins\/wp-json\/wp\/v2\/pages\/4286\/revisions\/6600"}],"wp:attachment":[{"href":"https:\/\/etab.ac-reunion.fr\/lyc-trois-bassins\/wp-json\/wp\/v2\/media?parent=4286"}],"curies":[{"name":"wp","href":"https:\/\/api.w.org\/{rel}","templated":true}]}}