{"id":6232,"date":"2021-12-15T10:00:00","date_gmt":"2021-12-15T06:00:00","guid":{"rendered":"http:\/\/lycee-3bassins.ac-reunion.fr\/?page_id=6232"},"modified":"2021-12-15T10:09:03","modified_gmt":"2021-12-15T06:09:03","slug":"atelier-developpement-durable","status":"publish","type":"page","link":"https:\/\/etab.ac-reunion.fr\/lyc-trois-bassins\/atelier-developpement-durable\/","title":{"rendered":"Atelier d\u00e9veloppement durable"},"content":{"rendered":"[et_pb_section fb_built=\u00a0\u00bb1&Prime; disabled_on=\u00a0\u00bboff|off|off\u00a0\u00bb _builder_version=\u00a0\u00bb4.14.2&Prime; background_color=\u00a0\u00bbrgba(0,0,0,0)\u00a0\u00bb background_image=\u00a0\u00bbhttps:\/\/etab.ac-reunion.fr\/lyc-trois-bassins\/wp-content\/uploads\/sites\/100\/2021\/12\/ruches.jpg\u00a0\u00bb background_blend=\u00a0\u00bbdarken\u00a0\u00bb z_index=\u00a0\u00bb0&Prime; min_height=\u00a0\u00bb85vh\u00a0\u00bb height=\u00a0\u00bb85vh\u00a0\u00bb max_height=\u00a0\u00bb85vh\u00a0\u00bb global_colors_info=\u00a0\u00bb{}\u00a0\u00bb][et_pb_row _builder_version=\u00a0\u00bb4.7.3&Prime; max_width=\u00a0\u00bb80%\u00a0\u00bb custom_margin=\u00a0\u00bb5vh||||false|false\u00a0\u00bb global_colors_info=\u00a0\u00bb{}\u00a0\u00bb][et_pb_column type=\u00a0\u00bb4_4&Prime; _builder_version=\u00a0\u00bb4.4.1&Prime; global_colors_info=\u00a0\u00bb{}\u00a0\u00bb][et_pb_text _builder_version=\u00a0\u00bb4.14.2&Prime; text_font=\u00a0\u00bb|700||on|||||\u00a0\u00bb text_text_color=\u00a0\u00bb#00a75f\u00a0\u00bb text_font_size=\u00a0\u00bb50px\u00a0\u00bb text_line_height=\u00a0\u00bb1.8em\u00a0\u00bb text_orientation=\u00a0\u00bbcenter\u00a0\u00bb text_font_size_tablet=\u00a0\u00bb40px\u00a0\u00bb text_font_size_phone=\u00a0\u00bb35px\u00a0\u00bb text_font_size_last_edited=\u00a0\u00bbon|desktop\u00a0\u00bb global_colors_info=\u00a0\u00bb{}\u00a0\u00bb]\n<p>Projet d\u00e9veloppement durable<\/p>\n[\/et_pb_text][\/et_pb_column][\/et_pb_row][et_pb_row column_structure=\u00a0\u00bb1_2,1_2&Prime; use_custom_gutter=\u00a0\u00bbon\u00a0\u00bb gutter_width=\u00a0\u00bb2&Prime; make_equal=\u00a0\u00bbon\u00a0\u00bb padding_top_bottom_link_1=\u00a0\u00bbtrue\u00a0\u00bb padding_top_bottom_link_2=\u00a0\u00bbtrue\u00a0\u00bb padding_top_bottom_link_3=\u00a0\u00bbtrue\u00a0\u00bb admin_label=\u00a0\u00bbLigne-3 Blocs\u00a0\u00bb _builder_version=\u00a0\u00bb4.14.2&Prime; width=\u00a0\u00bb45%\u00a0\u00bb max_width=\u00a0\u00bb1280px\u00a0\u00bb custom_margin=\u00a0\u00bb||30px||false|false\u00a0\u00bb custom_padding=\u00a0\u00bb||15px||false|false\u00a0\u00bb use_custom_width=\u00a0\u00bbon\u00a0\u00bb custom_width_px=\u00a0\u00bb1280px\u00a0\u00bb locked=\u00a0\u00bboff\u00a0\u00bb global_colors_info=\u00a0\u00bb{}\u00a0\u00bb][et_pb_column type=\u00a0\u00bb1_2&Prime; _builder_version=\u00a0\u00bb4.14.2&Prime; background_color=\u00a0\u00bbrgba(0,0,0,0.7)\u00a0\u00bb custom_padding=\u00a0\u00bb30px||30px|\u00a0\u00bb animation_style=\u00a0\u00bbzoom\u00a0\u00bb link_option_url=\u00a0\u00bbhttps:\/\/padlet.com\/L3B_SVT\/v5rtb42ieinl9w1k\u00a0\u00bb link_option_url_new_window=\u00a0\u00bbon\u00a0\u00bb custom_css_main_element=\u00a0\u00bbbox-shadow: 0px 2px 18px 0px rgba(0,0,0,0.3);||||\u00a0\u00bb global_colors_info=\u00a0\u00bb{}\u00a0\u00bb custom_padding__hover=\u00a0\u00bb|||\u00a0\u00bb background__hover_enabled=\u00a0\u00bbon|hover\u00a0\u00bb background_color__hover=\u00a0\u00bb#7cda24&Prime; background_enable_color__hover=\u00a0\u00bbon\u00a0\u00bb][et_pb_blurb use_icon=\u00a0\u00bbon\u00a0\u00bb font_icon=\u00a0\u00bb&#xf299;||fa||400&Prime; icon_color=\u00a0\u00bb#ffffff\u00a0\u00bb image_icon_width=\u00a0\u00bb90px\u00a0\u00bb admin_label=\u00a0\u00bbIc\u00f4ne personnels\u00a0\u00bb _builder_version=\u00a0\u00bb4.14.2&Prime; header_level=\u00a0\u00bbh3&Prime; header_font=\u00a0\u00bb|600|||||||\u00a0\u00bb header_text_align=\u00a0\u00bbcenter\u00a0\u00bb header_text_color=\u00a0\u00bb#C93E10&Prime; header_font_size=\u00a0\u00bb28px\u00a0\u00bb body_font=\u00a0\u00bb||||||||\u00a0\u00bb body_font_size=\u00a0\u00bb18px\u00a0\u00bb custom_margin=\u00a0\u00bb||0px\u00a0\u00bb custom_padding=\u00a0\u00bb50px|30px|10px|30px|false|true\u00a0\u00bb animation=\u00a0\u00bboff\u00a0\u00bb icon_font_size=\u00a0\u00bb90px\u00a0\u00bb global_colors_info=\u00a0\u00bb{}\u00a0\u00bb][\/et_pb_blurb][et_pb_text admin_label=\u00a0\u00bb\u00e9l\u00e8ves\u00a0\u00bb _builder_version=\u00a0\u00bb4.14.2&Prime; text_text_color=\u00a0\u00bb#ffffff\u00a0\u00bb header_font=\u00a0\u00bb||||||||\u00a0\u00bb header_text_color=\u00a0\u00bb#ffffff\u00a0\u00bb header_3_font=\u00a0\u00bb|600|||||||\u00a0\u00bb header_3_text_align=\u00a0\u00bbcenter\u00a0\u00bb header_3_text_color=\u00a0\u00bb#ffffff\u00a0\u00bb header_3_font_size=\u00a0\u00bb28px\u00a0\u00bb custom_padding=\u00a0\u00bb|10px|50px|10px|false|false\u00a0\u00bb global_colors_info=\u00a0\u00bb{}\u00a0\u00bb]\n<h3><span>territoire E3D <\/span><\/h3>\n<h3><span>de Trois Bassins<\/span><\/h3>\n[\/et_pb_text][\/et_pb_column][et_pb_column type=\u00a0\u00bb1_2&Prime; _builder_version=\u00a0\u00bb4.14.2&Prime; background_color=\u00a0\u00bbrgba(0,0,0,0.7)\u00a0\u00bb custom_padding=\u00a0\u00bb30px||30px|\u00a0\u00bb animation_style=\u00a0\u00bbzoom\u00a0\u00bb animation_delay=\u00a0\u00bb1500ms\u00a0\u00bb link_option_url=\u00a0\u00bbhttps:\/\/padlet.com\/L3B_SVT\/3g84lmwqk830y1w0&Prime; link_option_url_new_window=\u00a0\u00bbon\u00a0\u00bb custom_css_main_element=\u00a0\u00bbbox-shadow: 0px 2px 18px 0px rgba(0,0,0,0.3);\u00a0\u00bb global_colors_info=\u00a0\u00bb{}\u00a0\u00bb custom_padding__hover=\u00a0\u00bb|||\u00a0\u00bb background__hover_enabled=\u00a0\u00bbon|hover\u00a0\u00bb background_color__hover=\u00a0\u00bb#7cda24&Prime; background_enable_color__hover=\u00a0\u00bbon\u00a0\u00bb][et_pb_blurb use_icon=\u00a0\u00bbon\u00a0\u00bb font_icon=\u00a0\u00bb&#xf4e5;||fa||400&Prime; icon_color=\u00a0\u00bb#ffffff\u00a0\u00bb image_icon_width=\u00a0\u00bb90px\u00a0\u00bb admin_label=\u00a0\u00bbIc\u00f4ne personnels\u00a0\u00bb _builder_version=\u00a0\u00bb4.14.2&Prime; header_level=\u00a0\u00bbh3&Prime; header_font=\u00a0\u00bb|600|||||||\u00a0\u00bb header_text_align=\u00a0\u00bbcenter\u00a0\u00bb header_text_color=\u00a0\u00bb#C93E10&Prime; header_font_size=\u00a0\u00bb28px\u00a0\u00bb body_font=\u00a0\u00bb||||||||\u00a0\u00bb body_font_size=\u00a0\u00bb18px\u00a0\u00bb custom_margin=\u00a0\u00bb||0px\u00a0\u00bb custom_padding=\u00a0\u00bb50px|30px|10px|30px|false|true\u00a0\u00bb animation=\u00a0\u00bboff\u00a0\u00bb icon_font_size=\u00a0\u00bb90px\u00a0\u00bb global_colors_info=\u00a0\u00bb{}\u00a0\u00bb][\/et_pb_blurb][et_pb_text admin_label=\u00a0\u00bb\u00e9l\u00e8ves\u00a0\u00bb _builder_version=\u00a0\u00bb4.14.2&Prime; text_text_color=\u00a0\u00bb#ffffff\u00a0\u00bb header_font=\u00a0\u00bb||||||||\u00a0\u00bb header_text_color=\u00a0\u00bb#ffffff\u00a0\u00bb header_3_font=\u00a0\u00bb|600|||||||\u00a0\u00bb header_3_text_align=\u00a0\u00bbcenter\u00a0\u00bb header_3_text_color=\u00a0\u00bb#ffffff\u00a0\u00bb header_3_font_size=\u00a0\u00bb28px\u00a0\u00bb custom_padding=\u00a0\u00bb|10px|50px|10px|false|false\u00a0\u00bb global_colors_info=\u00a0\u00bb{}\u00a0\u00bb]\n<h3><span>projets des <\/span><\/h3>\n<h3><span>\u00e9co-d\u00e9l\u00e9gu\u00e9s<\/span><\/h3>\n[\/et_pb_text][\/et_pb_column][\/et_pb_row][\/et_pb_section][et_pb_section fb_built=\u00a0\u00bb1&Prime; admin_label=\u00a0\u00bbSection-Actualit\u00e9s\u00a0\u00bb _builder_version=\u00a0\u00bb3.22.3&Prime; global_colors_info=\u00a0\u00bb{}\u00a0\u00bb][et_pb_row make_equal=\u00a0\u00bbon\u00a0\u00bb admin_label=\u00a0\u00bbLigne-Actualit\u00e9s\u00a0\u00bb _builder_version=\u00a0\u00bb4.6.5&Prime; width=\u00a0\u00bb100%\u00a0\u00bb max_width=\u00a0\u00bb1280px\u00a0\u00bb custom_margin=\u00a0\u00bb|auto||auto|false|false\u00a0\u00bb use_custom_width=\u00a0\u00bbon\u00a0\u00bb custom_width_px=\u00a0\u00bb1280px\u00a0\u00bb global_colors_info=\u00a0\u00bb{}\u00a0\u00bb][et_pb_column type=\u00a0\u00bb4_4&Prime; _builder_version=\u00a0\u00bb3.25&Prime; custom_padding=\u00a0\u00bb|||\u00a0\u00bb global_colors_info=\u00a0\u00bb{}\u00a0\u00bb custom_padding__hover=\u00a0\u00bb|||\u00a0\u00bb][et_pb_text admin_label=\u00a0\u00bbActualit\u00e9s\u00a0\u00bb _builder_version=\u00a0\u00bb4.14.2&Prime; text_font=\u00a0\u00bb||||||||\u00a0\u00bb header_font=\u00a0\u00bb||||||||\u00a0\u00bb header_2_font=\u00a0\u00bb|700|||||||\u00a0\u00bb header_2_text_color=\u00a0\u00bb#00a75f\u00a0\u00bb header_2_font_size=\u00a0\u00bb50px\u00a0\u00bb header_2_letter_spacing=\u00a0\u00bb1px\u00a0\u00bb global_colors_info=\u00a0\u00bb{}\u00a0\u00bb]\n<h2 style=\"text-align: center\">Actu d\u00e9veloppement durable<\/h2>\n[\/et_pb_text][et_pb_blog fullwidth=\u00a0\u00bboff\u00a0\u00bb posts_number=\u00a0\u00bb12&Prime; include_categories=\u00a0\u00bb25,69&Prime; meta_date=\u00a0\u00bbj F Y\u00a0\u00bb show_more=\u00a0\u00bbon\u00a0\u00bb show_author=\u00a0\u00bboff\u00a0\u00bb show_categories=\u00a0\u00bboff\u00a0\u00bb show_pagination=\u00a0\u00bboff\u00a0\u00bb disabled_on=\u00a0\u00bboff|off|off\u00a0\u00bb admin_label=\u00a0\u00bbBlog-Desktop\/Smartphone\u00a0\u00bb _builder_version=\u00a0\u00bb4.14.2&Prime; header_level=\u00a0\u00bbh3&Prime; header_font=\u00a0\u00bb|700|||||||\u00a0\u00bb header_text_align=\u00a0\u00bbcenter\u00a0\u00bb header_text_color=\u00a0\u00bb#00a75f\u00a0\u00bb body_font=\u00a0\u00bbPoppins||||||||\u00a0\u00bb body_font_size=\u00a0\u00bb16px\u00a0\u00bb meta_font=\u00a0\u00bb||||||||\u00a0\u00bb meta_text_color=\u00a0\u00bb#afafaf\u00a0\u00bb pagination_font=\u00a0\u00bb||||||||\u00a0\u00bb width=\u00a0\u00bb1280px\u00a0\u00bb max_width=\u00a0\u00bb95%\u00a0\u00bb module_alignment=\u00a0\u00bbcenter\u00a0\u00bb custom_margin=\u00a0\u00bb|0px||0px|false|false\u00a0\u00bb hover_enabled=\u00a0\u00bb0&Prime; z_index_tablet=\u00a0\u00bb\u00a0\u00bb z_index_phone=\u00a0\u00bb\u00a0\u00bb z_index_last_edited=\u00a0\u00bbon|desktop\u00a0\u00bb box_shadow_style=\u00a0\u00bbpreset1&Prime; global_colors_info=\u00a0\u00bb{}\u00a0\u00bb sticky_enabled=\u00a0\u00bb0&Prime;][\/et_pb_blog][\/et_pb_column][\/et_pb_row][\/et_pb_section]\n","protected":false},"excerpt":{"rendered":"<p>Projet d\u00e9veloppement durableterritoire E3D de Trois Bassinsprojets des \u00e9co-d\u00e9l\u00e9gu\u00e9sActu d\u00e9veloppement durable<\/p>\n","protected":false},"author":24070,"featured_media":0,"parent":0,"menu_order":0,"comment_status":"closed","ping_status":"closed","template":"","meta":{"_et_pb_use_builder":"on","_et_pb_old_content":"","_et_gb_content_width":"","footnotes":""},"class_list":["post-6232","page","type-page","status-publish","hentry"],"_links":{"self":[{"href":"https:\/\/etab.ac-reunion.fr\/lyc-trois-bassins\/wp-json\/wp\/v2\/pages\/6232","targetHints":{"allow":["GET"]}}],"collection":[{"href":"https:\/\/etab.ac-reunion.fr\/lyc-trois-bassins\/wp-json\/wp\/v2\/pages"}],"about":[{"href":"https:\/\/etab.ac-reunion.fr\/lyc-trois-bassins\/wp-json\/wp\/v2\/types\/page"}],"author":[{"embeddable":true,"href":"https:\/\/etab.ac-reunion.fr\/lyc-trois-bassins\/wp-json\/wp\/v2\/users\/24070"}],"replies":[{"embeddable":true,"href":"https:\/\/etab.ac-reunion.fr\/lyc-trois-bassins\/wp-json\/wp\/v2\/comments?post=6232"}],"version-history":[{"count":4,"href":"https:\/\/etab.ac-reunion.fr\/lyc-trois-bassins\/wp-json\/wp\/v2\/pages\/6232\/revisions"}],"predecessor-version":[{"id":6238,"href":"https:\/\/etab.ac-reunion.fr\/lyc-trois-bassins\/wp-json\/wp\/v2\/pages\/6232\/revisions\/6238"}],"wp:attachment":[{"href":"https:\/\/etab.ac-reunion.fr\/lyc-trois-bassins\/wp-json\/wp\/v2\/media?parent=6232"}],"curies":[{"name":"wp","href":"https:\/\/api.w.org\/{rel}","templated":true}]}}