{"id":6818,"date":"2023-02-22T11:22:03","date_gmt":"2023-02-22T07:22:03","guid":{"rendered":"https:\/\/etab.ac-reunion.fr\/lyc-trois-bassins\/?page_id=6818"},"modified":"2024-09-07T19:12:14","modified_gmt":"2024-09-07T15:12:14","slug":"le-bts-ciel","status":"publish","type":"page","link":"https:\/\/etab.ac-reunion.fr\/lyc-trois-bassins\/le-bts-ciel\/","title":{"rendered":"Le BTS CIEL"},"content":{"rendered":"[et_pb_section fb_built=\u00a0\u00bb1&Prime; _builder_version=\u00a0\u00bb4.16&Prime; background_color=\u00a0\u00bb#00a75f\u00a0\u00bb custom_padding=\u00a0\u00bb0px||0px||false\u00a0\u00bb box_shadow_style=\u00a0\u00bbpreset6&Prime; box_shadow_blur=\u00a0\u00bb80px\u00a0\u00bb global_colors_info=\u00a0\u00bb{}\u00a0\u00bb][et_pb_row _builder_version=\u00a0\u00bb4.16&Prime; max_width=\u00a0\u00bb1280px\u00a0\u00bb use_custom_width=\u00a0\u00bbon\u00a0\u00bb custom_width_px=\u00a0\u00bb1280px\u00a0\u00bb global_colors_info=\u00a0\u00bb{}\u00a0\u00bb][et_pb_column type=\u00a0\u00bb4_4&Prime; _builder_version=\u00a0\u00bb4.16&Prime; custom_padding=\u00a0\u00bb|||\u00a0\u00bb global_colors_info=\u00a0\u00bb{}\u00a0\u00bb custom_padding__hover=\u00a0\u00bb|||\u00a0\u00bb][et_pb_text _builder_version=\u00a0\u00bb4.20.0&Prime; header_font=\u00a0\u00bb|700|||||||\u00a0\u00bb header_text_align=\u00a0\u00bbcenter\u00a0\u00bb header_text_color=\u00a0\u00bb#ffffff\u00a0\u00bb header_font_size=\u00a0\u00bb50px\u00a0\u00bb custom_padding=\u00a0\u00bb1px||\u00a0\u00bb header_font_size_tablet=\u00a0\u00bb40px\u00a0\u00bb header_font_size_phone=\u00a0\u00bb30px\u00a0\u00bb header_font_size_last_edited=\u00a0\u00bbon|phone\u00a0\u00bb global_colors_info=\u00a0\u00bb{}\u00a0\u00bb]\n<h1>Le BTS Cybers\u00e9curit\u00e9, Informatique et R\u00e9seaux, Electronique (CIEL)<\/h1>\n[\/et_pb_text][\/et_pb_column][\/et_pb_row][\/et_pb_section][et_pb_section fb_built=\u00a0\u00bb1&Prime; _builder_version=\u00a0\u00bb4.16&Prime; custom_margin=\u00a0\u00bb0px||0px||false|false\u00a0\u00bb custom_padding=\u00a0\u00bb0px||0px||false|false\u00a0\u00bb global_colors_info=\u00a0\u00bb{}\u00a0\u00bb][et_pb_row _builder_version=\u00a0\u00bb4.16&Prime; max_width=\u00a0\u00bb1400px\u00a0\u00bb custom_margin=\u00a0\u00bb0px||0px||false|false\u00a0\u00bb custom_padding=\u00a0\u00bb10px||10px||false|false\u00a0\u00bb global_colors_info=\u00a0\u00bb{}\u00a0\u00bb][et_pb_column type=\u00a0\u00bb4_4&Prime; _builder_version=\u00a0\u00bb4.16&Prime; global_colors_info=\u00a0\u00bb{}\u00a0\u00bb][et_pb_text _builder_version=\u00a0\u00bb4.20.0&Prime; text_font_size=\u00a0\u00bb16px\u00a0\u00bb global_colors_info=\u00a0\u00bb{}\u00a0\u00bb]\n<p style=\"text-align: justify\">Vous \u00eates ici : <span style=\"color: #303030\"><a href=\"https:\/\/etab.ac-reunion.fr\/lyc-trois-bassins\/\" style=\"color: #303030\">Accueil<\/a><\/span> &gt; <span style=\"color: #303030\">Formations &gt; Section technicien sup\u00e9rieur<\/span>\u00a0&gt; <span style=\"color: #00a75f\">BTS CIEL<\/span><\/p>\n[\/et_pb_text][\/et_pb_column][\/et_pb_row][\/et_pb_section][et_pb_section fb_built=\u00a0\u00bb1&Prime; _builder_version=\u00a0\u00bb4.16&Prime; custom_margin=\u00a0\u00bb0px||0px||false|false\u00a0\u00bb custom_padding=\u00a0\u00bb20px||0px||false|false\u00a0\u00bb global_colors_info=\u00a0\u00bb{}\u00a0\u00bb][et_pb_row _builder_version=\u00a0\u00bb4.16&Prime; global_colors_info=\u00a0\u00bb{}\u00a0\u00bb][et_pb_column type=\u00a0\u00bb4_4&Prime; _builder_version=\u00a0\u00bb4.16&Prime; global_colors_info=\u00a0\u00bb{}\u00a0\u00bb][et_pb_text _builder_version=\u00a0\u00bb4.16&Prime; header_text_align=\u00a0\u00bbcenter\u00a0\u00bb header_3_font=\u00a0\u00bb|700|||||||\u00a0\u00bb header_3_text_align=\u00a0\u00bbcenter\u00a0\u00bb header_3_text_color=\u00a0\u00bb#00a75f\u00a0\u00bb header_3_font_size=\u00a0\u00bb28px\u00a0\u00bb global_colors_info=\u00a0\u00bb{}\u00a0\u00bb]\n<h3>M\u00e9tiers du num\u00e9rique<\/h3>\n[\/et_pb_text][et_pb_text _builder_version=\u00a0\u00bb4.16&Prime; text_font_size=\u00a0\u00bb16px\u00a0\u00bb global_colors_info=\u00a0\u00bb{}\u00a0\u00bb]\n<div class=\"et-fb-mousetrap et-fb-mousetrap--column\"><\/div>\n<div class=\"et_fb_editing_enabled et_pb_text et_pb_module ui-sortable et_pb_text_1 et-animated--vb et_pb_text_align_left et_pb_bg_layout_light et-first-child et-last-child\" data-address=\"2.0.0.0\">\n<div class=\"et_pb_text_inner\">\n<div data-shortcode-id=\"2.0.0.0-1568010220374\" data-quickaccess-editable=\"yes\" class=\"et-fb-popover-tinymce\">\n<div class=\"mce-content-body\">\n<p><span>A la rentr\u00e9e 2023, le BTS Syst\u00e8mes Num\u00e9riques devient le BTS Cybers\u00e9curit\u00e9, Informatique et R\u00e9seaux, Electronique (CIEL).<\/span><\/p>\n<p><span>Dans un monde o\u00f9 l\u2019Informatique r\u00e9volutionne notre quotidien, et fait \u00e9voluer la soci\u00e9t\u00e9 et les m\u00e9tiers, pourquoi ne pas envisager un BTS CIEL\u00a0?<\/span><\/p>\n<p><span>Il s\u2019adresse principalement aux bacheliers technologiques STI2D et aux bacheliers professionnels des fili\u00e8res du num\u00e9rique et de l\u2019\u00e9lectronique.<\/span><\/p>\n<p><span>Pour avoir un avant-go\u00fbt et ne pas vous tromper dans vos choix, vous pouvez contacter le service DDFPT afin d&rsquo;organiser une immersion dans notre BTS CIEL.<\/span><\/p>\n<ul><\/ul>\n<\/div>\n<\/div>\n<\/div>\n<\/div>\n[\/et_pb_text][et_pb_image src=\u00a0\u00bbhttps:\/\/etab.ac-reunion.fr\/lyc-trois-bassins\/wp-content\/uploads\/sites\/100\/2023\/02\/bts-ciel.png\u00a0\u00bb title_text=\u00a0\u00bbbts-ciel\u00a0\u00bb _builder_version=\u00a0\u00bb4.20.0&Prime; _module_preset=\u00a0\u00bbdefault\u00a0\u00bb global_colors_info=\u00a0\u00bb{}\u00a0\u00bb][\/et_pb_image][et_pb_video src=\u00a0\u00bbhttps:\/\/eduscol.education.fr\/sti\/sites\/eduscol.education.fr.sti\/files\/u20596\/renovation_CIEL\/6_Video_CIEL.mp4&Prime; play_icon_color=\u00a0\u00bb#FFFFFF\u00a0\u00bb font_icon=\u00a0\u00bb&#x49;||divi||400&Prime; _builder_version=\u00a0\u00bb4.20.0&Prime; _module_preset=\u00a0\u00bbdefault\u00a0\u00bb global_colors_info=\u00a0\u00bb{}\u00a0\u00bb][\/et_pb_video][\/et_pb_column][\/et_pb_row][\/et_pb_section]\n","protected":false},"excerpt":{"rendered":"<p>Le BTS Cybers\u00e9curit\u00e9, Informatique et R\u00e9seaux, Electronique (CIEL)Vous \u00eates ici : Accueil &gt; Formations &gt; Section technicien sup\u00e9rieur\u00a0&gt; BTS CIELM\u00e9tiers du num\u00e9rique A la rentr\u00e9e 2023, le BTS Syst\u00e8mes Num\u00e9riques devient le BTS Cybers\u00e9curit\u00e9, Informatique et R\u00e9seaux, Electronique (CIEL). Dans un monde o\u00f9 l\u2019Informatique r\u00e9volutionne notre quotidien, et fait \u00e9voluer la soci\u00e9t\u00e9 et les m\u00e9tiers, [&hellip;]<\/p>\n","protected":false},"author":24070,"featured_media":0,"parent":0,"menu_order":0,"comment_status":"closed","ping_status":"closed","template":"","meta":{"_et_pb_use_builder":"on","_et_pb_old_content":"","_et_gb_content_width":"","footnotes":""},"class_list":["post-6818","page","type-page","status-publish","hentry"],"_links":{"self":[{"href":"https:\/\/etab.ac-reunion.fr\/lyc-trois-bassins\/wp-json\/wp\/v2\/pages\/6818","targetHints":{"allow":["GET"]}}],"collection":[{"href":"https:\/\/etab.ac-reunion.fr\/lyc-trois-bassins\/wp-json\/wp\/v2\/pages"}],"about":[{"href":"https:\/\/etab.ac-reunion.fr\/lyc-trois-bassins\/wp-json\/wp\/v2\/types\/page"}],"author":[{"embeddable":true,"href":"https:\/\/etab.ac-reunion.fr\/lyc-trois-bassins\/wp-json\/wp\/v2\/users\/24070"}],"replies":[{"embeddable":true,"href":"https:\/\/etab.ac-reunion.fr\/lyc-trois-bassins\/wp-json\/wp\/v2\/comments?post=6818"}],"version-history":[{"count":9,"href":"https:\/\/etab.ac-reunion.fr\/lyc-trois-bassins\/wp-json\/wp\/v2\/pages\/6818\/revisions"}],"predecessor-version":[{"id":7463,"href":"https:\/\/etab.ac-reunion.fr\/lyc-trois-bassins\/wp-json\/wp\/v2\/pages\/6818\/revisions\/7463"}],"wp:attachment":[{"href":"https:\/\/etab.ac-reunion.fr\/lyc-trois-bassins\/wp-json\/wp\/v2\/media?parent=6818"}],"curies":[{"name":"wp","href":"https:\/\/api.w.org\/{rel}","templated":true}]}}