{"id":150,"date":"2014-09-06T11:41:57","date_gmt":"2014-09-06T10:41:57","guid":{"rendered":"http:\/\/lycee-victor-schoelcher-tmp.ac-reunion.fr\/?page_id=150"},"modified":"2015-10-06T11:21:04","modified_gmt":"2015-10-06T07:21:04","slug":"resultats-dexamens","status":"publish","type":"page","link":"https:\/\/etab.ac-reunion.fr\/lyc-victor-schoelcher\/resultats-dexamens\/","title":{"rendered":"R\u00e9sultats d&rsquo;examens"},"content":{"rendered":"<h5>Acc\u00e9der aux r\u00e9sultats des 5 derni\u00e8res ann\u00e9es en cliquant sur le lien ci-dessous :<\/h5>\n<p>&nbsp;<\/p>\n<p style=\"text-align: center\"><a href=\"https:\/\/etab.ac-reunion.fr\/lyc-victor-schoelcher\/wp-content\/uploads\/sites\/93\/2015\/10\/RESULTATS-EXAMS-2015.pdf\">RESULTATS EXAMS\u00a0 Session 2015<\/a><a href=\"https:\/\/etab.ac-reunion.fr\/lyc-victor-schoelcher\/wp-content\/uploads\/sites\/93\/2014\/09\/RESULTATS-EXAMS-2014-.pdf\"><br \/>\nRESULTATS EXAMS\u00a0 Session 2014<\/a><\/p>\n<p>&nbsp;<\/p>\n","protected":false},"excerpt":{"rendered":"<p>Acc\u00e9der aux r\u00e9sultats des 5 derni\u00e8res ann\u00e9es en cliquant sur le lien ci-dessous : &nbsp; RESULTATS EXAMS\u00a0 Session 2015 RESULTATS EXAMS\u00a0 Session 2014 &nbsp;<\/p>\n<p> <a class=\"continue-reading-link\" href=\"https:\/\/etab.ac-reunion.fr\/lyc-victor-schoelcher\/resultats-dexamens\/\"><span>Lire le contenu<\/span><i class=\"crycon-right-dir\"><\/i><\/a> <\/p>\n","protected":false},"author":2226,"featured_media":0,"parent":0,"menu_order":0,"comment_status":"open","ping_status":"open","template":"page-full.php","meta":{"footnotes":""},"class_list":["post-150","page","type-page","status-publish","hentry"],"_links":{"self":[{"href":"https:\/\/etab.ac-reunion.fr\/lyc-victor-schoelcher\/wp-json\/wp\/v2\/pages\/150","targetHints":{"allow":["GET"]}}],"collection":[{"href":"https:\/\/etab.ac-reunion.fr\/lyc-victor-schoelcher\/wp-json\/wp\/v2\/pages"}],"about":[{"href":"https:\/\/etab.ac-reunion.fr\/lyc-victor-schoelcher\/wp-json\/wp\/v2\/types\/page"}],"author":[{"embeddable":true,"href":"https:\/\/etab.ac-reunion.fr\/lyc-victor-schoelcher\/wp-json\/wp\/v2\/users\/2226"}],"replies":[{"embeddable":true,"href":"https:\/\/etab.ac-reunion.fr\/lyc-victor-schoelcher\/wp-json\/wp\/v2\/comments?post=150"}],"version-history":[{"count":6,"href":"https:\/\/etab.ac-reunion.fr\/lyc-victor-schoelcher\/wp-json\/wp\/v2\/pages\/150\/revisions"}],"predecessor-version":[{"id":2087,"href":"https:\/\/etab.ac-reunion.fr\/lyc-victor-schoelcher\/wp-json\/wp\/v2\/pages\/150\/revisions\/2087"}],"wp:attachment":[{"href":"https:\/\/etab.ac-reunion.fr\/lyc-victor-schoelcher\/wp-json\/wp\/v2\/media?parent=150"}],"curies":[{"name":"wp","href":"https:\/\/api.w.org\/{rel}","templated":true}]}}