{"id":3750,"date":"2019-02-28T05:30:08","date_gmt":"2019-02-28T01:30:08","guid":{"rendered":"http:\/\/lycee-victor-schoelcher.ac-reunion.fr\/?page_id=3750"},"modified":"2019-02-28T06:17:07","modified_gmt":"2019-02-28T02:17:07","slug":"visage-des-eleves-participant-au-projet","status":"publish","type":"page","link":"https:\/\/etab.ac-reunion.fr\/lyc-victor-schoelcher\/visage-des-eleves-participant-au-projet\/","title":{"rendered":"Les \u00e9l\u00e8ves participant au projet"},"content":{"rendered":"<p>C&rsquo;est avec plaisir que nous vous pr\u00e9sentons les visages, des 37 \u00e9l\u00e8ves de Terminale, qui participent au projet Erasmus + du LPVS.<\/p>\n<p>Le d\u00e9part pour un stage professionnel \u00e0 Malte et en Espagne, est pr\u00e9vu du 30 mars 2019 au 27 avril 2019.<\/p>\n<p><a href=\"https:\/\/etab.ac-reunion.fr\/lyc-victor-schoelcher\/wp-content\/uploads\/sites\/93\/2019\/02\/TROMBINOSCOPE-MALTE.jpg\"><img loading=\"lazy\" decoding=\"async\" class=\"aligncenter wp-image-3733\" src=\"https:\/\/etab.ac-reunion.fr\/lyc-victor-schoelcher\/wp-content\/uploads\/sites\/93\/2019\/02\/TROMBINOSCOPE-MALTE.jpg\" alt=\"\" width=\"600\" height=\"424\" srcset=\"https:\/\/etab.ac-reunion.fr\/lyc-victor-schoelcher\/wp-content\/uploads\/sites\/93\/2019\/02\/TROMBINOSCOPE-MALTE.jpg 4960w, https:\/\/etab.ac-reunion.fr\/lyc-victor-schoelcher\/wp-content\/uploads\/sites\/93\/2019\/02\/TROMBINOSCOPE-MALTE-300x212.jpg 300w, https:\/\/etab.ac-reunion.fr\/lyc-victor-schoelcher\/wp-content\/uploads\/sites\/93\/2019\/02\/TROMBINOSCOPE-MALTE-1024x724.jpg 1024w\" sizes=\"auto, (max-width: 600px) 100vw, 600px\" \/><\/a><\/p>\n<hr \/>\n<p><a href=\"https:\/\/etab.ac-reunion.fr\/lyc-victor-schoelcher\/wp-content\/uploads\/sites\/93\/2019\/02\/TOMBINOSCOPE-ESPAGNE.jpg\"><img loading=\"lazy\" decoding=\"async\" class=\"aligncenter wp-image-3734\" src=\"https:\/\/etab.ac-reunion.fr\/lyc-victor-schoelcher\/wp-content\/uploads\/sites\/93\/2019\/02\/TOMBINOSCOPE-ESPAGNE.jpg\" alt=\"\" width=\"600\" height=\"424\" srcset=\"https:\/\/etab.ac-reunion.fr\/lyc-victor-schoelcher\/wp-content\/uploads\/sites\/93\/2019\/02\/TOMBINOSCOPE-ESPAGNE.jpg 4960w, https:\/\/etab.ac-reunion.fr\/lyc-victor-schoelcher\/wp-content\/uploads\/sites\/93\/2019\/02\/TOMBINOSCOPE-ESPAGNE-300x212.jpg 300w, https:\/\/etab.ac-reunion.fr\/lyc-victor-schoelcher\/wp-content\/uploads\/sites\/93\/2019\/02\/TOMBINOSCOPE-ESPAGNE-1024x724.jpg 1024w\" sizes=\"auto, (max-width: 600px) 100vw, 600px\" \/><\/a><\/p>\n<p>Vous pouvez en lire plus ici : <a href=\"http:\/\/bit.ly\/2NwM1jC\" target=\"_blank\" rel=\"noopener\">Article zinfos974<\/a><\/p>\n","protected":false},"excerpt":{"rendered":"<p>C&rsquo;est avec plaisir que nous vous pr\u00e9sentons les visages, des 37 \u00e9l\u00e8ves de Terminale, qui participent au projet Erasmus + du LPVS. Le d\u00e9part pour un stage professionnel \u00e0 Malte et en Espagne, est pr\u00e9vu du 30 mars 2019 au 27 avril 2019. Vous pouvez en lire plus ici :&#8230;<\/p>\n<p> <a class=\"continue-reading-link\" href=\"https:\/\/etab.ac-reunion.fr\/lyc-victor-schoelcher\/visage-des-eleves-participant-au-projet\/\"><span>Lire le contenu<\/span><i class=\"crycon-right-dir\"><\/i><\/a> <\/p>\n","protected":false},"author":2226,"featured_media":0,"parent":0,"menu_order":0,"comment_status":"closed","ping_status":"closed","template":"","meta":{"footnotes":""},"class_list":["post-3750","page","type-page","status-publish","hentry"],"_links":{"self":[{"href":"https:\/\/etab.ac-reunion.fr\/lyc-victor-schoelcher\/wp-json\/wp\/v2\/pages\/3750","targetHints":{"allow":["GET"]}}],"collection":[{"href":"https:\/\/etab.ac-reunion.fr\/lyc-victor-schoelcher\/wp-json\/wp\/v2\/pages"}],"about":[{"href":"https:\/\/etab.ac-reunion.fr\/lyc-victor-schoelcher\/wp-json\/wp\/v2\/types\/page"}],"author":[{"embeddable":true,"href":"https:\/\/etab.ac-reunion.fr\/lyc-victor-schoelcher\/wp-json\/wp\/v2\/users\/2226"}],"replies":[{"embeddable":true,"href":"https:\/\/etab.ac-reunion.fr\/lyc-victor-schoelcher\/wp-json\/wp\/v2\/comments?post=3750"}],"version-history":[{"count":6,"href":"https:\/\/etab.ac-reunion.fr\/lyc-victor-schoelcher\/wp-json\/wp\/v2\/pages\/3750\/revisions"}],"predecessor-version":[{"id":3754,"href":"https:\/\/etab.ac-reunion.fr\/lyc-victor-schoelcher\/wp-json\/wp\/v2\/pages\/3750\/revisions\/3754"}],"wp:attachment":[{"href":"https:\/\/etab.ac-reunion.fr\/lyc-victor-schoelcher\/wp-json\/wp\/v2\/media?parent=3750"}],"curies":[{"name":"wp","href":"https:\/\/api.w.org\/{rel}","templated":true}]}}