{"id":3798,"date":"2019-03-21T15:26:22","date_gmt":"2019-03-21T11:26:22","guid":{"rendered":"http:\/\/lycee-victor-schoelcher.ac-reunion.fr\/?page_id=3798"},"modified":"2019-03-22T17:55:57","modified_gmt":"2019-03-22T13:55:57","slug":"les-donnees-personnelles","status":"publish","type":"page","link":"https:\/\/etab.ac-reunion.fr\/lyc-victor-schoelcher\/les-donnees-personnelles\/","title":{"rendered":"LES DONN\u00c9ES PERSONNELLES"},"content":{"rendered":"<p>L&rsquo;\u00e9tablissement s&rsquo;engage \u00e0 ce que les traitements de donn\u00e9es personnelles effectu\u00e9s sur lycee-victor-schoelcher.ac-reunion.fr soient conformes au r\u00e8glement g\u00e9n\u00e9ral sur la protection des donn\u00e9es (RGPD) et \u00e0 la loi Informatique et Libert\u00e9s.<\/p>\n<p>&nbsp;<\/p>\n<h6><strong>Politique de protection des donn\u00e9es<\/strong><\/h6>\n<p>Les informations fournies via le formulaire de contact sont transmises par protocole s\u00e9curis\u00e9 au destinataire pour traitement.<\/p>\n<p>&nbsp;<\/p>\n<h6><strong>Exercez vos droits<\/strong><\/h6>\n<p>Pour toute information ou exercice de vos droits Informatique et Libert\u00e9s sur les traitements de donn\u00e9es personnelles g\u00e9r\u00e9s par l\u2019\u00e9tablissement, vous pouvez contacter l\u2019\u00e9tablissement :<\/p>\n<p>&#8211; Par courrier (avec copie de votre pi\u00e8ce d\u2019identit\u00e9 en cas d\u2019exercice de vos droits) \u00e0 l\u2019adresse suivante :<\/p>\n<p style=\"padding-left: 30px\"><strong>LYCEE PROFESSIONNEL VICTOR SCHOELCHER<br \/>\n<\/strong>Avenue du P\u00e8re Ren\u00e9 PAYET &#8211; ZAV Avenir<br \/>\nBP 36<br \/>\n97899\u00a0 SAINT LOUIS CEDEX 01<\/p>\n<p>&#8211; Par <a href=\"https:\/\/etab.ac-reunion.fr\/lyc-victor-schoelcher\/formulaire-de-contact-2\/\">ce formulaire<\/a><\/p>\n<p>&nbsp;<\/p>\n<h6><strong>A propos des cookies<\/strong><\/h6>\n<p>Les \u00ab cookies \u00bb sont des petits fichiers qui collectent des donn\u00e9es lors de l\u2019usage de sites internet.<br \/>\nTrois types de cookies sont cr\u00e9\u00e9s lors de la consultation du site :<\/p>\n<p>&nbsp;<\/p>\n<h6><strong>Cookies internes n\u00e9cessaires au site pour fonctionner<\/strong><\/h6>\n<p>Exemples :<\/p>\n<ul>\n<li>PHPSESSID<\/li>\n<li>tarteaucitron<\/li>\n<\/ul>\n<p>&nbsp;<\/p>\n<h6><strong>Cookie de mesure d\u2019audience<\/strong><\/h6>\n<p>La mesure d\u2019audience se fait avec Matomo (ex-Piwik) o\u00f9 l\u2019adresse IP est anonymis\u00e9e sur 2 octets, conform\u00e9ment aux pr\u00e9conisations de la CNIL.<\/p>\n<p>&nbsp;<\/p>\n<h6><strong>Cookies tiers li\u00e9s \u00e0 des contenus tiers en ligne<\/strong><\/h6>\n<p>Des services tiers n\u00e9cessitent l\u2019acceptation des cookies pour fonctionner :<\/p>\n<ul>\n<li>Vid\u00e9os en ligne (Dailymotion, YouTube)<\/li>\n<li>Pr\u00e9sentations anim\u00e9es (Mindomo, Prezi)<\/li>\n<\/ul>\n","protected":false},"excerpt":{"rendered":"<p>L&rsquo;\u00e9tablissement s&rsquo;engage \u00e0 ce que les traitements de donn\u00e9es personnelles effectu\u00e9s sur lycee-victor-schoelcher.ac-reunion.fr soient conformes au r\u00e8glement g\u00e9n\u00e9ral sur la protection des donn\u00e9es (RGPD) et \u00e0 la loi Informatique et Libert\u00e9s. &nbsp; Politique de protection des donn\u00e9es Les informations fournies via le formulaire de contact sont transmises par protocole s\u00e9curis\u00e9&#8230;<\/p>\n<p> <a class=\"continue-reading-link\" href=\"https:\/\/etab.ac-reunion.fr\/lyc-victor-schoelcher\/les-donnees-personnelles\/\"><span>Lire le contenu<\/span><i class=\"crycon-right-dir\"><\/i><\/a> <\/p>\n","protected":false},"author":2226,"featured_media":0,"parent":0,"menu_order":0,"comment_status":"closed","ping_status":"closed","template":"","meta":{"footnotes":""},"class_list":["post-3798","page","type-page","status-publish","hentry"],"_links":{"self":[{"href":"https:\/\/etab.ac-reunion.fr\/lyc-victor-schoelcher\/wp-json\/wp\/v2\/pages\/3798","targetHints":{"allow":["GET"]}}],"collection":[{"href":"https:\/\/etab.ac-reunion.fr\/lyc-victor-schoelcher\/wp-json\/wp\/v2\/pages"}],"about":[{"href":"https:\/\/etab.ac-reunion.fr\/lyc-victor-schoelcher\/wp-json\/wp\/v2\/types\/page"}],"author":[{"embeddable":true,"href":"https:\/\/etab.ac-reunion.fr\/lyc-victor-schoelcher\/wp-json\/wp\/v2\/users\/2226"}],"replies":[{"embeddable":true,"href":"https:\/\/etab.ac-reunion.fr\/lyc-victor-schoelcher\/wp-json\/wp\/v2\/comments?post=3798"}],"version-history":[{"count":12,"href":"https:\/\/etab.ac-reunion.fr\/lyc-victor-schoelcher\/wp-json\/wp\/v2\/pages\/3798\/revisions"}],"predecessor-version":[{"id":3851,"href":"https:\/\/etab.ac-reunion.fr\/lyc-victor-schoelcher\/wp-json\/wp\/v2\/pages\/3798\/revisions\/3851"}],"wp:attachment":[{"href":"https:\/\/etab.ac-reunion.fr\/lyc-victor-schoelcher\/wp-json\/wp\/v2\/media?parent=3798"}],"curies":[{"name":"wp","href":"https:\/\/api.w.org\/{rel}","templated":true}]}}