{"id":4269,"date":"2020-07-06T17:27:15","date_gmt":"2020-07-06T13:27:15","guid":{"rendered":"http:\/\/lycee-victor-schoelcher.ac-reunion.fr\/?page_id=4269"},"modified":"2020-07-06T18:31:24","modified_gmt":"2020-07-06T14:31:24","slug":"examen-2020","status":"publish","type":"page","link":"https:\/\/etab.ac-reunion.fr\/lyc-victor-schoelcher\/examen-2020\/","title":{"rendered":"R\u00e9sultats Examens 2020 du BAC, CAP, BEP."},"content":{"rendered":"\n<h1 class=\"has-text-align-center wp-block-heading\"><strong><span class=\"has-inline-color has-luminous-vivid-orange-color\">\u00c0 tous les candidats de la session d\u2019examen 2020 <\/span><\/strong><\/h1>\n\n\n\n<p><\/p>\n\n\n\n<div class=\"wp-block-cover has-background-dim\" style=\"background-image:url(https:\/\/etab.ac-reunion.fr\/lyc-victor-schoelcher\/wp-content\/uploads\/sites\/93\/2020\/07\/bac.jpg);min-height:128px;aspect-ratio:unset;\"><div class=\"wp-block-cover__inner-container is-layout-flow wp-block-cover-is-layout-flow\">\n<p class=\"has-text-align-center has-large-font-size\">BAC <\/p>\n<\/div><\/div>\n\n\n\n<p class=\"has-text-align-center\"><br>Les r\u00e9sultats du BAC PRO&nbsp; seront <strong>uniquement<\/strong> disponibles sur le site : <strong><a rel=\"noreferrer noopener\" href=\"http:\/\/publinet.ac-reunion.fr\/\" target=\"_blank\">http:\/\/publinet.ac-reunion.fr\/<\/a> le mardi 7 juillet 2020 \u00e0 partir de 9h<\/strong>. <strong>Il n&rsquo;y aura pas d&rsquo;affichage au lyc\u00e9e.<\/strong> Les relev\u00e9s de notes sont \u00e0 r\u00e9cup\u00e9rer imp\u00e9rativement<strong> le mardi 7 juillet 2020 de 13h \u00e0 16h.<\/strong> <\/p>\n\n\n\n<p class=\"has-text-align-center\"><br><br><\/p>\n\n\n\n<div class=\"wp-block-cover has-background-dim\" style=\"background-image:url(https:\/\/etab.ac-reunion.fr\/lyc-victor-schoelcher\/wp-content\/uploads\/sites\/93\/2020\/07\/cap-1.jpg);min-height:128px;aspect-ratio:unset;\"><div class=\"wp-block-cover__inner-container is-layout-flow wp-block-cover-is-layout-flow\">\n<p class=\"has-text-align-center has-large-font-size\">CAP &#8211; BEP<\/p>\n<\/div><\/div>\n\n\n\n<p class=\"has-text-align-center\"><br>Les r\u00e9sultats du CAP\/BEP seront <strong>uniquement<\/strong> disponibles sur le site :<strong> <a rel=\"noreferrer noopener\" href=\"http:\/\/publinet.ac-reunion.fr\/\" target=\"_blank\">http:\/\/publinet.ac-reunion.fr\/<\/a> le vendredi 10 juillet 2020 \u00e0 partir de 14h<\/strong>. <strong>Il n&rsquo;y aura pas d&rsquo;affichage au lyc\u00e9e.<\/strong> Les relev\u00e9s de notes sont \u00e0 r\u00e9cup\u00e9rer imp\u00e9rativement <strong>le vendredi 10 juillet 2020 de 14h30 \u00e0 16h<\/strong>.<\/p>\n\n\n\n<p class=\"has-text-align-center\">Nous vous remercions de respecter le protocole exceptionnel li\u00e9 \u00e0 la situation sanitaire ainsi que les dates et les horaires indiqu\u00e9s ci-dessus.<\/p>\n\n\n\n<p><\/p>\n\n\n\n<p><\/p>\n\n\n\n<p><\/p>\n\n\n\n<p><\/p>\n\n\n\n<div class=\"wp-block-cover has-background-dim\" style=\"background-image:url(https:\/\/etab.ac-reunion.fr\/lyc-victor-schoelcher\/wp-content\/uploads\/sites\/93\/2018\/01\/imglpvs.png);min-height:119px;aspect-ratio:unset;\"><div class=\"wp-block-cover__inner-container is-layout-flow wp-block-cover-is-layout-flow\">\n<p><\/p>\n\n\n\n<figure class=\"wp-block-embed-wordpress wp-block-embed is-type-wp-embed is-provider-lycee-victor-schoelcher\"><div class=\"wp-block-embed__wrapper\">\nhttps:\/\/etab.ac-reunion.fr\/lyc-victor-schoelcher\/inscription-pour-la-rentree-2020\/\n<\/div><\/figure>\n<\/div><\/div>\n\n\n\n<p><\/p>\n","protected":false},"excerpt":{"rendered":"<p>\u00c0 tous les candidats de la session d\u2019examen 2020 Les r\u00e9sultats du BAC PRO&nbsp; seront uniquement disponibles sur le site : http:\/\/publinet.ac-reunion.fr\/ le mardi 7 juillet 2020 \u00e0 partir de 9h. Il n&rsquo;y aura pas d&rsquo;affichage au lyc\u00e9e. Les relev\u00e9s de notes sont \u00e0 r\u00e9cup\u00e9rer imp\u00e9rativement le mardi 7 juillet&#8230;<\/p>\n<p> <a class=\"continue-reading-link\" href=\"https:\/\/etab.ac-reunion.fr\/lyc-victor-schoelcher\/examen-2020\/\"><span>Lire le contenu<\/span><i class=\"crycon-right-dir\"><\/i><\/a> <\/p>\n","protected":false},"author":2226,"featured_media":0,"parent":0,"menu_order":0,"comment_status":"closed","ping_status":"closed","template":"","meta":{"footnotes":""},"class_list":["post-4269","page","type-page","status-publish","hentry"],"_links":{"self":[{"href":"https:\/\/etab.ac-reunion.fr\/lyc-victor-schoelcher\/wp-json\/wp\/v2\/pages\/4269","targetHints":{"allow":["GET"]}}],"collection":[{"href":"https:\/\/etab.ac-reunion.fr\/lyc-victor-schoelcher\/wp-json\/wp\/v2\/pages"}],"about":[{"href":"https:\/\/etab.ac-reunion.fr\/lyc-victor-schoelcher\/wp-json\/wp\/v2\/types\/page"}],"author":[{"embeddable":true,"href":"https:\/\/etab.ac-reunion.fr\/lyc-victor-schoelcher\/wp-json\/wp\/v2\/users\/2226"}],"replies":[{"embeddable":true,"href":"https:\/\/etab.ac-reunion.fr\/lyc-victor-schoelcher\/wp-json\/wp\/v2\/comments?post=4269"}],"version-history":[{"count":16,"href":"https:\/\/etab.ac-reunion.fr\/lyc-victor-schoelcher\/wp-json\/wp\/v2\/pages\/4269\/revisions"}],"predecessor-version":[{"id":4304,"href":"https:\/\/etab.ac-reunion.fr\/lyc-victor-schoelcher\/wp-json\/wp\/v2\/pages\/4269\/revisions\/4304"}],"wp:attachment":[{"href":"https:\/\/etab.ac-reunion.fr\/lyc-victor-schoelcher\/wp-json\/wp\/v2\/media?parent=4269"}],"curies":[{"name":"wp","href":"https:\/\/api.w.org\/{rel}","templated":true}]}}