{"id":4915,"date":"2022-04-01T21:27:52","date_gmt":"2022-04-01T17:27:52","guid":{"rendered":"http:\/\/lycee-victor-schoelcher.ac-reunion.fr\/?page_id=4915"},"modified":"2022-12-12T05:47:20","modified_gmt":"2022-12-12T01:47:20","slug":"carnet-de-bord-de-la-ctpsr","status":"publish","type":"page","link":"https:\/\/etab.ac-reunion.fr\/lyc-victor-schoelcher\/carnet-de-bord-de-la-ctpsr\/","title":{"rendered":"Des \u00e9l\u00e8ves de CAP PSR en PFMP \u00e0 BRUXELLES"},"content":{"rendered":"\n<figure class=\"wp-block-image size-full\"><img loading=\"lazy\" decoding=\"async\" width=\"1809\" height=\"2220\" src=\"https:\/\/etab.ac-reunion.fr\/lyc-victor-schoelcher\/wp-content\/uploads\/sites\/93\/2022\/12\/Page-1_-ARTICLE-ERASMUS-PSR--scaled-e1670809336781.jpg\" alt=\"\" class=\"wp-image-5329\" srcset=\"https:\/\/etab.ac-reunion.fr\/lyc-victor-schoelcher\/wp-content\/uploads\/sites\/93\/2022\/12\/Page-1_-ARTICLE-ERASMUS-PSR--scaled-e1670809336781.jpg 1809w, https:\/\/etab.ac-reunion.fr\/lyc-victor-schoelcher\/wp-content\/uploads\/sites\/93\/2022\/12\/Page-1_-ARTICLE-ERASMUS-PSR--scaled-e1670809336781-244x300.jpg 244w, https:\/\/etab.ac-reunion.fr\/lyc-victor-schoelcher\/wp-content\/uploads\/sites\/93\/2022\/12\/Page-1_-ARTICLE-ERASMUS-PSR--scaled-e1670809336781-834x1024.jpg 834w, https:\/\/etab.ac-reunion.fr\/lyc-victor-schoelcher\/wp-content\/uploads\/sites\/93\/2022\/12\/Page-1_-ARTICLE-ERASMUS-PSR--scaled-e1670809336781-768x942.jpg 768w, https:\/\/etab.ac-reunion.fr\/lyc-victor-schoelcher\/wp-content\/uploads\/sites\/93\/2022\/12\/Page-1_-ARTICLE-ERASMUS-PSR--scaled-e1670809336781-1252x1536.jpg 1252w, https:\/\/etab.ac-reunion.fr\/lyc-victor-schoelcher\/wp-content\/uploads\/sites\/93\/2022\/12\/Page-1_-ARTICLE-ERASMUS-PSR--scaled-e1670809336781-1669x2048.jpg 1669w\" sizes=\"auto, (max-width: 1809px) 100vw, 1809px\" \/><\/figure>\n\n\n\n<figure class=\"wp-block-image size-full\"><img loading=\"lazy\" decoding=\"async\" width=\"1809\" height=\"2329\" src=\"https:\/\/etab.ac-reunion.fr\/lyc-victor-schoelcher\/wp-content\/uploads\/sites\/93\/2022\/12\/Page-2_-ARTICLE-ERASMUS-PSR--scaled-e1670809371275.jpg\" alt=\"\" class=\"wp-image-5331\" srcset=\"https:\/\/etab.ac-reunion.fr\/lyc-victor-schoelcher\/wp-content\/uploads\/sites\/93\/2022\/12\/Page-2_-ARTICLE-ERASMUS-PSR--scaled-e1670809371275.jpg 1809w, https:\/\/etab.ac-reunion.fr\/lyc-victor-schoelcher\/wp-content\/uploads\/sites\/93\/2022\/12\/Page-2_-ARTICLE-ERASMUS-PSR--scaled-e1670809371275-233x300.jpg 233w, https:\/\/etab.ac-reunion.fr\/lyc-victor-schoelcher\/wp-content\/uploads\/sites\/93\/2022\/12\/Page-2_-ARTICLE-ERASMUS-PSR--scaled-e1670809371275-795x1024.jpg 795w, https:\/\/etab.ac-reunion.fr\/lyc-victor-schoelcher\/wp-content\/uploads\/sites\/93\/2022\/12\/Page-2_-ARTICLE-ERASMUS-PSR--scaled-e1670809371275-768x989.jpg 768w, https:\/\/etab.ac-reunion.fr\/lyc-victor-schoelcher\/wp-content\/uploads\/sites\/93\/2022\/12\/Page-2_-ARTICLE-ERASMUS-PSR--scaled-e1670809371275-1193x1536.jpg 1193w, https:\/\/etab.ac-reunion.fr\/lyc-victor-schoelcher\/wp-content\/uploads\/sites\/93\/2022\/12\/Page-2_-ARTICLE-ERASMUS-PSR--scaled-e1670809371275-1591x2048.jpg 1591w\" sizes=\"auto, (max-width: 1809px) 100vw, 1809px\" \/><\/figure>\n\n\n\n<p><\/p>\n\n\n\n<p><\/p>\n","protected":false},"excerpt":{"rendered":"<p> <a class=\"continue-reading-link\" href=\"https:\/\/etab.ac-reunion.fr\/lyc-victor-schoelcher\/carnet-de-bord-de-la-ctpsr\/\"><span>Lire le contenu<\/span><i class=\"crycon-right-dir\"><\/i><\/a> <\/p>\n","protected":false},"author":2226,"featured_media":0,"parent":0,"menu_order":0,"comment_status":"closed","ping_status":"closed","template":"","meta":{"footnotes":""},"class_list":["post-4915","page","type-page","status-publish","hentry"],"_links":{"self":[{"href":"https:\/\/etab.ac-reunion.fr\/lyc-victor-schoelcher\/wp-json\/wp\/v2\/pages\/4915","targetHints":{"allow":["GET"]}}],"collection":[{"href":"https:\/\/etab.ac-reunion.fr\/lyc-victor-schoelcher\/wp-json\/wp\/v2\/pages"}],"about":[{"href":"https:\/\/etab.ac-reunion.fr\/lyc-victor-schoelcher\/wp-json\/wp\/v2\/types\/page"}],"author":[{"embeddable":true,"href":"https:\/\/etab.ac-reunion.fr\/lyc-victor-schoelcher\/wp-json\/wp\/v2\/users\/2226"}],"replies":[{"embeddable":true,"href":"https:\/\/etab.ac-reunion.fr\/lyc-victor-schoelcher\/wp-json\/wp\/v2\/comments?post=4915"}],"version-history":[{"count":22,"href":"https:\/\/etab.ac-reunion.fr\/lyc-victor-schoelcher\/wp-json\/wp\/v2\/pages\/4915\/revisions"}],"predecessor-version":[{"id":5335,"href":"https:\/\/etab.ac-reunion.fr\/lyc-victor-schoelcher\/wp-json\/wp\/v2\/pages\/4915\/revisions\/5335"}],"wp:attachment":[{"href":"https:\/\/etab.ac-reunion.fr\/lyc-victor-schoelcher\/wp-json\/wp\/v2\/media?parent=4915"}],"curies":[{"name":"wp","href":"https:\/\/api.w.org\/{rel}","templated":true}]}}