{"id":56,"date":"2014-09-05T02:21:52","date_gmt":"2014-09-05T01:21:52","guid":{"rendered":"http:\/\/lycee-victor-schoelcher-tmp.ac-reunion.fr\/?page_id=56"},"modified":"2021-07-09T05:39:16","modified_gmt":"2021-07-09T01:39:16","slug":"mentions-legales","status":"publish","type":"page","link":"https:\/\/etab.ac-reunion.fr\/lyc-victor-schoelcher\/mentions-legales\/","title":{"rendered":"MENTIONS L\u00c9GALES"},"content":{"rendered":"<hr \/>\n<h3><\/h3>\n<h3>\u00c9diteur<\/h3>\n<p>Lyc\u00e9e Professionnel Victor Schoelcher (Lyc\u00e9e public d&rsquo;enseignement professionnel)<br \/>\nAvenue du P\u00e8re Ren\u00e9 PAYET &#8211; ZAC Avenir &#8211; BP36<br \/>\n97899\u00a0 SAINT LOUIS CEDEX 01<br \/>\nTel : 0262 91 95 95<br \/>\nContact : ce.9740020d@ac-reunion.fr<\/p>\n<h3><\/h3>\n<h3>Directeur de la publication<\/h3>\n<p>Fran\u00e7ois RIVIERE &#8211; Proviseur<\/p>\n<h3>H\u00e9bergeur du site<\/h3>\n<p>Rectorat de l\u2019acad\u00e9mie de la R\u00e9union<\/p>\n<p>24, avenue Georges Brassens<br \/>\nCS 71003<br \/>\n97743 Saint Denis Cedex 9<br \/>\nT\u00e9l.+262 (0)2 62 48 10 10<\/p>\n<h3>Conditions d&rsquo;utilisation<\/h3>\n<blockquote><p>Sur ce site, les photos ne sont pas libres de droit. Elles sont prot\u00e9g\u00e9es par le Code de la Propri\u00e9t\u00e9 Intellectuelle (CPI).<\/p>\n<p>Sauf mention contraire, les textes sont r\u00e9utilisables dans le respect de la licence Creative Commons Attribution \u2013 Pas d\u2019Utilisation Commerciale \u2013 Partage dans les M\u00eames Conditions (CC BY-NC-SA).<\/p>\n<p><a href=\"https:\/\/etab.ac-reunion.fr\/lyc-victor-schoelcher\/wp-content\/uploads\/sites\/93\/2019\/03\/cc_byncsa-300x105.png\"><img loading=\"lazy\" decoding=\"async\" class=\"aligncenter size-medium wp-image-3784\" src=\"https:\/\/etab.ac-reunion.fr\/lyc-victor-schoelcher\/wp-content\/uploads\/sites\/93\/2019\/03\/cc_byncsa-300x105-300x105.png\" alt=\"\" width=\"300\" height=\"105\" \/><\/a><\/p><\/blockquote>\n","protected":false},"excerpt":{"rendered":"<p>\u00c9diteur Lyc\u00e9e Professionnel Victor Schoelcher (Lyc\u00e9e public d&rsquo;enseignement professionnel) Avenue du P\u00e8re Ren\u00e9 PAYET &#8211; ZAC Avenir &#8211; BP36 97899\u00a0 SAINT LOUIS CEDEX 01 Tel : 0262 91 95 95 Contact : ce.9740020d@ac-reunion.fr Directeur de la publication Fran\u00e7ois RIVIERE &#8211; Proviseur H\u00e9bergeur du site Rectorat de l\u2019acad\u00e9mie de la R\u00e9union&#8230;<\/p>\n<p> <a class=\"continue-reading-link\" href=\"https:\/\/etab.ac-reunion.fr\/lyc-victor-schoelcher\/mentions-legales\/\"><span>Lire le contenu<\/span><i class=\"crycon-right-dir\"><\/i><\/a> <\/p>\n","protected":false},"author":2226,"featured_media":0,"parent":0,"menu_order":0,"comment_status":"open","ping_status":"open","template":"","meta":{"footnotes":""},"class_list":["post-56","page","type-page","status-publish","hentry"],"_links":{"self":[{"href":"https:\/\/etab.ac-reunion.fr\/lyc-victor-schoelcher\/wp-json\/wp\/v2\/pages\/56","targetHints":{"allow":["GET"]}}],"collection":[{"href":"https:\/\/etab.ac-reunion.fr\/lyc-victor-schoelcher\/wp-json\/wp\/v2\/pages"}],"about":[{"href":"https:\/\/etab.ac-reunion.fr\/lyc-victor-schoelcher\/wp-json\/wp\/v2\/types\/page"}],"author":[{"embeddable":true,"href":"https:\/\/etab.ac-reunion.fr\/lyc-victor-schoelcher\/wp-json\/wp\/v2\/users\/2226"}],"replies":[{"embeddable":true,"href":"https:\/\/etab.ac-reunion.fr\/lyc-victor-schoelcher\/wp-json\/wp\/v2\/comments?post=56"}],"version-history":[{"count":24,"href":"https:\/\/etab.ac-reunion.fr\/lyc-victor-schoelcher\/wp-json\/wp\/v2\/pages\/56\/revisions"}],"predecessor-version":[{"id":4539,"href":"https:\/\/etab.ac-reunion.fr\/lyc-victor-schoelcher\/wp-json\/wp\/v2\/pages\/56\/revisions\/4539"}],"wp:attachment":[{"href":"https:\/\/etab.ac-reunion.fr\/lyc-victor-schoelcher\/wp-json\/wp\/v2\/media?parent=56"}],"curies":[{"name":"wp","href":"https:\/\/api.w.org\/{rel}","templated":true}]}}