{"id":594,"date":"2014-09-25T21:23:51","date_gmt":"2014-09-25T17:23:51","guid":{"rendered":"http:\/\/lycee-victor-schoelcher-tmp.ac-reunion.fr\/?page_id=594"},"modified":"2014-10-09T17:39:53","modified_gmt":"2014-10-09T13:39:53","slug":"horaires-du-lycee","status":"publish","type":"page","link":"https:\/\/etab.ac-reunion.fr\/lyc-victor-schoelcher\/horaires-du-lycee\/","title":{"rendered":"Horaires du lyc\u00e9e"},"content":{"rendered":"<div id=\"ja-content\">\n<div id=\"ja-content-top\">\n<div id=\"ja-content-bot\" class=\"clearfix\">\n<div id=\"ja-current-content\" class=\"clearfix\">\n<div class=\"article-content\">\n<h3 style=\"text-align: center\"><span style=\"color: #ff6600\">MATIN\u00c9E<br \/>\n<\/span><\/h3>\n<p>&nbsp;<\/p>\n<p style=\"text-align: center\"><strong>7H25<\/strong> : 1\u00e8re sonnerie<\/p>\n<p style=\"text-align: center\"><strong>7H30 <\/strong>: D\u00e9but des cours<\/p>\n<p style=\"text-align: center\"><strong>9H20<\/strong> : R\u00e9cr\u00e9ation<\/p>\n<p style=\"text-align: center\"><strong>9H40<\/strong> : Reprise des cours<\/p>\n<hr \/>\n<p>&nbsp;<\/p>\n<h3 style=\"text-align: center\"><span style=\"color: #ff6600\">PAUSE M\u00c9RIDIENNE<br \/>\n<\/span><\/h3>\n<p>&nbsp;<\/p>\n<p style=\"text-align: center\"><strong>11H30 \u00e0 13H00<\/strong> ou <strong>12H30 \u00e0 14H00<\/strong><\/p>\n<p>&nbsp;<\/p>\n<hr \/>\n<p>&nbsp;<\/p>\n<h3 style=\"text-align: center\"><span style=\"color: #ff6600\">APR\u00c8S &#8211; MIDI<\/span><\/h3>\n<p>&nbsp;<\/p>\n<p style=\"text-align: center\"><strong>13H00 ou 14H00<\/strong> : D\u00e9but des cours<\/p>\n<p style=\"text-align: center\"><strong>14H50 \u2013 15H10<\/strong> : R\u00e9cr\u00e9ation<\/p>\n<p style=\"text-align: center\"><strong>17H00<\/strong> : Fin des cours<\/p>\n<\/div>\n<\/div>\n<\/div>\n<\/div>\n<\/div>\n","protected":false},"excerpt":{"rendered":"<p>MATIN\u00c9E &nbsp; 7H25 : 1\u00e8re sonnerie 7H30 : D\u00e9but des cours 9H20 : R\u00e9cr\u00e9ation 9H40 : Reprise des cours &nbsp; PAUSE M\u00c9RIDIENNE &nbsp; 11H30 \u00e0 13H00 ou 12H30 \u00e0 14H00 &nbsp; &nbsp; APR\u00c8S &#8211; MIDI &nbsp; 13H00 ou 14H00 : D\u00e9but des cours 14H50 \u2013 15H10 : R\u00e9cr\u00e9ation 17H00 :&#8230;<\/p>\n<p> <a class=\"continue-reading-link\" href=\"https:\/\/etab.ac-reunion.fr\/lyc-victor-schoelcher\/horaires-du-lycee\/\"><span>Lire le contenu<\/span><i class=\"crycon-right-dir\"><\/i><\/a> <\/p>\n","protected":false},"author":2226,"featured_media":0,"parent":0,"menu_order":0,"comment_status":"open","ping_status":"open","template":"page-full.php","meta":{"footnotes":""},"class_list":["post-594","page","type-page","status-publish","hentry"],"_links":{"self":[{"href":"https:\/\/etab.ac-reunion.fr\/lyc-victor-schoelcher\/wp-json\/wp\/v2\/pages\/594","targetHints":{"allow":["GET"]}}],"collection":[{"href":"https:\/\/etab.ac-reunion.fr\/lyc-victor-schoelcher\/wp-json\/wp\/v2\/pages"}],"about":[{"href":"https:\/\/etab.ac-reunion.fr\/lyc-victor-schoelcher\/wp-json\/wp\/v2\/types\/page"}],"author":[{"embeddable":true,"href":"https:\/\/etab.ac-reunion.fr\/lyc-victor-schoelcher\/wp-json\/wp\/v2\/users\/2226"}],"replies":[{"embeddable":true,"href":"https:\/\/etab.ac-reunion.fr\/lyc-victor-schoelcher\/wp-json\/wp\/v2\/comments?post=594"}],"version-history":[{"count":5,"href":"https:\/\/etab.ac-reunion.fr\/lyc-victor-schoelcher\/wp-json\/wp\/v2\/pages\/594\/revisions"}],"predecessor-version":[{"id":969,"href":"https:\/\/etab.ac-reunion.fr\/lyc-victor-schoelcher\/wp-json\/wp\/v2\/pages\/594\/revisions\/969"}],"wp:attachment":[{"href":"https:\/\/etab.ac-reunion.fr\/lyc-victor-schoelcher\/wp-json\/wp\/v2\/media?parent=594"}],"curies":[{"name":"wp","href":"https:\/\/api.w.org\/{rel}","templated":true}]}}