{"id":6589,"date":"2025-08-05T05:57:21","date_gmt":"2025-08-05T01:57:21","guid":{"rendered":"https:\/\/etab.ac-reunion.fr\/lyc-victor-schoelcher\/?page_id=6589"},"modified":"2025-08-05T06:37:50","modified_gmt":"2025-08-05T02:37:50","slug":"%f0%9f%93%9a-listes-des-effets-scolaires-2025-2026","status":"publish","type":"page","link":"https:\/\/etab.ac-reunion.fr\/lyc-victor-schoelcher\/%f0%9f%93%9a-listes-des-effets-scolaires-2025-2026\/","title":{"rendered":"\ud83d\udcda Listes des effets scolaires 2025-2026"},"content":{"rendered":"\n<div style=\"background-color: #FFA726;color: white;padding: 15px;text-align: center;font-size: 18px;font-weight: bold\">\n\ud83d\udcd8 Retrouvez ci-dessous les listes des effets scolaires par niveau et classe pour l&rsquo;ann\u00e9e scolaire 2025-2026.\n Ces documents resteront accessibles tout au long de l\u2019ann\u00e9e.\n<\/div>\n\n\n\n<div style=\"height:16px\" aria-hidden=\"true\" class=\"wp-block-spacer\"><\/div>\n\n\n\n<nav style=\"margin-bottom: 20px;text-align: center\">\n  <strong>\ud83d\udd17 Acc\u00e8s rapide :<\/strong>\n  <span style=\"margin-left: 10px\">\n    <a href=\"#Premi\u00e8re-CAP\" style=\"margin-right: 15px\">Premi\u00e8re CAP<\/a>\n    <a href=\"#Terminale-cap\" style=\"margin-right: 15px\">Terminale CAP<\/a>\n    <a href=\"#seconde-bac\" style=\"margin-right: 15px\">Seconde Bac Pro<\/a>\n    <a href=\"#premiere-bac\" style=\"margin-right: 15px\">Premi\u00e8re Bac Pro<\/a>\n    <a href=\"#terminale-bac\">Terminale Bac Pro<\/a>\n  <\/span>\n<\/nav>\n\n\n\n\n<h2 id=\"Premi\u00e8re-CAP\"> \ud83d\udcd8 Classes de Premi\u00e8re CAP<\/h2>\n<table style=\"width: 100%;border-collapse: collapse\">\n  <thead>\n    <tr style=\"background-color: #f8f8f8\">\n      <th style=\"border: 1px solid #ccc;padding: 8px\">Classes<\/th>\n      <th style=\"border: 1px solid #ccc;padding: 8px\">Consulter<\/th>\n      <th style=\"border: 1px solid #ccc;padding: 8px\">T\u00e9l\u00e9charger<\/th>\n    <\/tr>\n  <\/thead>\n  <tbody>\n    <tr>\n      <td style=\"border: 1px solid #ccc;padding: 8px\">Premi\u00e8re AEPE<\/td>\n      <td style=\"border: 1px solid #ccc;padding: 8px\"><a href=\"https:\/\/etab.ac-reunion.fr\/lyc-victor-schoelcher\/wp-content\/uploads\/sites\/93\/2023\/03\/Liste_CAP_1ere_Annee_AEPE.pdf\" target=\"_blank\">\ud83d\udd0dVoir<\/a><\/td>\n      <td style=\"border: 1px solid #ccc;padding: 8px\"><a href=\"https:\/\/etab.ac-reunion.fr\/lyc-victor-schoelcher\/wp-content\/uploads\/sites\/93\/2023\/03\/Liste_CAP_1ere_Annee_AEPE.pdf\" download>\u2b07\ufe0f T\u00e9l\u00e9charger<\/a><\/td>\n    <\/tr>\n   <tr>\n   <td style=\"border: 1px solid #ccc;padding: 8px\">Premi\u00e8re EPC<\/td>\n      <td style=\"border: 1px solid #ccc;padding: 8px\"><a href=\"https:\/\/etab.ac-reunion.fr\/lyc-victor-schoelcher\/wp-content\/uploads\/sites\/93\/2023\/03\/Liste_CAP_1ere_Annee_EPC.pdf\" target=\"_blank\">\ud83d\udd0dVoir<\/a><\/td>\n      <td style=\"border: 1px solid #ccc;padding: 8px\"><a href=\"https:\/\/etab.ac-reunion.fr\/lyc-victor-schoelcher\/wp-content\/uploads\/sites\/93\/2023\/03\/Liste_CAP_1ere_Annee_EPC.pdf\" download>\u2b07\ufe0f T\u00e9l\u00e9charger<\/a><\/td>\n  <\/tr>\n\n  <tr>\n<td style=\"border: 1px solid #ccc;padding: 8px\">Premi\u00e8re PPB<\/td>\n      <td style=\"border: 1px solid #ccc;padding: 8px\"><a href=\"https:\/\/etab.ac-reunion.fr\/lyc-victor-schoelcher\/wp-content\/uploads\/sites\/93\/2023\/03\/Liste_CAP_1ere_Annee_PPB.pdf\" target=\"_blank\">\ud83d\udd0dVoir<\/a><\/td>\n      <td style=\"border: 1px solid #ccc;padding: 8px\"><a href=\"https:\/\/etab.ac-reunion.fr\/lyc-victor-schoelcher\/wp-content\/uploads\/sites\/93\/2023\/03\/Liste_CAP_1ere_Annee_PBP.pdf\" download>\u2b07\ufe0f T\u00e9l\u00e9charger<\/a><\/td>\n<\/tr>\n<tr>\n<td style=\"border: 1px solid #ccc;padding: 8px\">Premi\u00e8re PSR<\/td>\n      <td style=\"border: 1px solid #ccc;padding: 8px\"><a href=\"https:\/\/etab.ac-reunion.fr\/lyc-victor-schoelcher\/wp-content\/uploads\/sites\/93\/2025\/08\/Liste_CAP_1ere_Annee_PSR.pdf\" target=\"_blank\">\ud83d\udd0dVoir<\/a><\/td>\n      <td style=\"border: 1px solid #ccc;padding: 8px\"><a href=\"https:\/\/etab.ac-reunion.fr\/lyc-victor-schoelcher\/wp-content\/uploads\/sites\/93\/2025\/08\/Liste_CAP_1ere_Annee_PSR.pdf\" download>\u2b07\ufe0f T\u00e9l\u00e9charger<\/a><\/td>\n<\/tr>\n\n<td style=\"border: 1px solid #ccc;padding: 8px\">Premi\u00e8re VMPEU<\/td>\n      <td style=\"border: 1px solid #ccc;padding: 8px\"><a href=\"https:\/\/etab.ac-reunion.fr\/lyc-victor-schoelcher\/wp-content\/uploads\/sites\/93\/2025\/08\/Liste_CAP_1ere_Annee_VMPEU.pdf\" target=\"_blank\">\ud83d\udd0dVoir<\/a><\/td>\n      <td style=\"border: 1px solid #ccc;padding: 8px\"><a href=\"https:\/\/etab.ac-reunion.fr\/lyc-victor-schoelcher\/wp-content\/uploads\/sites\/93\/2025\/08\/Liste_CAP_1ere_Annee_VMPEU.pdf\" download>\u2b07\ufe0f T\u00e9l\u00e9charger<\/a><\/td>\n  <\/tbody>\n<\/table>\n\n<h2 id=\"Terminale-cap\">\ud83d\udcd8 Classes de Terminale CAP<\/h2>\n<table style=\"width: 100%;border-collapse: collapse\">\n <thead>\n    <tr style=\"background-color: #f8f8f8\">\n      <th style=\"border: 1px solid #ccc;padding: 8px\">Classes<\/th>\n      <th style=\"border: 1px solid #ccc;padding: 8px\">Consulter<\/th>\n      <th style=\"border: 1px solid #ccc;padding: 8px\">T\u00e9l\u00e9charger<\/th>\n    <\/tr>\n  <\/thead>\n<tbody>\n    <tr>\n      <td style=\"border: 1px solid #ccc;padding: 8px\">Terminale AEPE<\/td>\n      <td style=\"border: 1px solid #ccc;padding: 8px\"><a href=\"https:\/\/etab.ac-reunion.fr\/lyc-victor-schoelcher\/wp-content\/uploads\/sites\/93\/2025\/08\/Liste_CAP_Terminale_AEPE.pdf\" target=\"_blank\">\ud83d\udd0dVoir<\/a><\/td>\n      <td style=\"border: 1px solid #ccc;padding: 8px\"><a href=\"https:\/\/etab.ac-reunion.fr\/lyc-victor-schoelcher\/wp-content\/uploads\/sites\/93\/2025\/08\/Liste_CAP_Terminale_AEPE.pdf\" download>\u2b07\ufe0f T\u00e9l\u00e9charger<\/a><\/td>\n    <\/tr>\n\n <tr>\n      <td style=\"border: 1px solid #ccc;padding: 8px\">Terminale APH<\/td>\n      <td style=\"border: 1px solid #ccc;padding: 8px\"><a href=\"https:\/\/etab.ac-reunion.fr\/lyc-victor-schoelcher\/wp-content\/uploads\/sites\/93\/2025\/08\/Liste_CAP_Terminale_APH.pdf\" target=\"_blank\">\ud83d\udd0dVoir<\/a><\/td>\n      <td style=\"border: 1px solid #ccc;padding: 8px\"><a href=\"https:\/\/etab.ac-reunion.fr\/lyc-victor-schoelcher\/wp-content\/uploads\/sites\/93\/2025\/08\/Liste_CAP_Terminale_APH.pdf\" download>\u2b07\ufe0f T\u00e9l\u00e9charger<\/a><\/td>\n    <\/tr>\n\n <tr>\n      <td style=\"border: 1px solid #ccc;padding: 8px\">Terminale EPC<\/td>\n      <td style=\"border: 1px solid #ccc;padding: 8px\"><a href=\"https:\/\/etab.ac-reunion.fr\/lyc-victor-schoelcher\/wp-content\/uploads\/sites\/93\/2025\/08\/Liste_CAP_Terminale_EPC.pdf\" target=\"_blank\">\ud83d\udd0dVoir<\/a><\/td>\n      <td style=\"border: 1px solid #ccc;padding: 8px\"><a href=\"https:\/\/etab.ac-reunion.fr\/lyc-victor-schoelcher\/wp-content\/uploads\/sites\/93\/2025\/08\/Liste_CAP_Terminale_EPC.pdf\" download>\u2b07\ufe0f T\u00e9l\u00e9charger<\/a><\/td>\n    <\/tr>\n\n <tr>\n      <td style=\"border: 1px solid #ccc;padding: 8px\">Terminale PEURC(VMPEU)<\/td>\n      <td style=\"border: 1px solid #ccc;padding: 8px\"><a href=\"https:\/\/etab.ac-reunion.fr\/lyc-victor-schoelcher\/wp-content\/uploads\/sites\/93\/2025\/08\/Liste_CAP_Terminale_PEURC_VMPEU.pdf\" target=\"_blank\">\ud83d\udd0dVoir<\/a><\/td>\n      <td style=\"border: 1px solid #ccc;padding: 8px\"><a href=\"https:\/\/etab.ac-reunion.fr\/lyc-victor-schoelcher\/wp-content\/uploads\/sites\/93\/2025\/08\/Liste_CAP_Terminale_PEURC_VMPEU.pdf\" download>\u2b07\ufe0f T\u00e9l\u00e9charger<\/a><\/td>\n    <\/tr>\n\n <tr>\n      <td style=\"border: 1px solid #ccc;padding: 8px\">Terminale PSR<\/td>\n      <td style=\"border: 1px solid #ccc;padding: 8px\"><a href=\"https:\/\/etab.ac-reunion.fr\/lyc-victor-schoelcher\/wp-content\/uploads\/sites\/93\/2025\/08\/Liste_CAP_Terminale_PSR.pdf\" target=\"_blank\">\ud83d\udd0dVoir<\/a><\/td>\n      <td style=\"border: 1px solid #ccc;padding: 8px\"><a href=\"https:\/\/etab.ac-reunion.fr\/lyc-victor-schoelcher\/wp-content\/uploads\/sites\/93\/2025\/08\/Liste_CAP_Terminale_PSR.pdf\" download>\u2b07\ufe0f T\u00e9l\u00e9charger<\/a><\/td>\n    <\/tr>\n\n<\/table>\n  <\/tbody>\n<h2 id=\"seconde-bac\">\ud83c\udf93 Classes de Seconde Bac Pro<\/h2>\n<table style=\"width: 100%;border-collapse: collapse\">\n <table style=\"width: 100%;border-collapse: collapse\">\n <thead>\n    <tr style=\"background-color: #f8f8f8\">\n      <th style=\"border: 1px solid #ccc;padding: 8px\">Classes<\/th>\n      <th style=\"border: 1px solid #ccc;padding: 8px\">Consulter<\/th>\n      <th style=\"border: 1px solid #ccc;padding: 8px\">T\u00e9l\u00e9charger<\/th>\n    <\/tr>\n  <\/thead>\n<tbody>\n    <tr>\n      <td style=\"border: 1px solid #ccc;padding: 8px\">2nde Bac Pro AEPA<\/td>\n      <td style=\"border: 1px solid #ccc;padding: 8px\"><a href=\"https:\/\/etab.ac-reunion.fr\/lyc-victor-schoelcher\/wp-content\/uploads\/sites\/93\/2025\/08\/Liste_2nde_Bac_Pro_AEPA.pdf\" target=\"_blank\">\ud83d\udd0dVoir<\/a><\/td>\n      <td style=\"border: 1px solid #ccc;padding: 8px\"><a href=\"https:\/\/etab.ac-reunion.fr\/lyc-victor-schoelcher\/wp-content\/uploads\/sites\/93\/2025\/08\/Liste_2nde_Bac_Pro_AEPA.pdf\" download>\u2b07\ufe0f T\u00e9l\u00e9charger<\/a><\/td>\n    <\/tr>\n\n<tr>\n      <td style=\"border: 1px solid #ccc;padding: 8px\">2nde Bac Pro ASSP<\/td>\n      <td style=\"border: 1px solid #ccc;padding: 8px\"><a href=\"https:\/\/etab.ac-reunion.fr\/lyc-victor-schoelcher\/wp-content\/uploads\/sites\/93\/2025\/08\/Liste_2nde_Bac_Pro_ASSP.pdf\" target=\"_blank\">\ud83d\udd0dVoir<\/a><\/td>\n      <td style=\"border: 1px solid #ccc;padding: 8px\"><a href=\"https:\/\/etab.ac-reunion.fr\/lyc-victor-schoelcher\/wp-content\/uploads\/sites\/93\/2025\/08\/Liste_2nde_Bac_Pro_ASSP.pdf\" download>\u2b07\ufe0f T\u00e9l\u00e9charger<\/a><\/td>\n    <\/tr>\n\n<tr>\n      <td style=\"border: 1px solid #ccc;padding: 8px\">2nde Bac Pro GATL<\/td>\n      <td style=\"border: 1px solid #ccc;padding: 8px\"><a href=\"https:\/\/etab.ac-reunion.fr\/lyc-victor-schoelcher\/wp-content\/uploads\/sites\/93\/2025\/08\/Liste_2nde_Bac_Pro_GATL.pdf\" target=\"_blank\">\ud83d\udd0dVoir<\/a><\/td>\n      <td style=\"border: 1px solid #ccc;padding: 8px\"><a href=\"https:\/\/etab.ac-reunion.fr\/lyc-victor-schoelcher\/wp-content\/uploads\/sites\/93\/2025\/08\/Liste_2nde_Bac_Pro_GATL.pdf\" download>\u2b07\ufe0f T\u00e9l\u00e9charger<\/a><\/td>\n    <\/tr>\n\n<tr>\n      <td style=\"border: 1px solid #ccc;padding: 8px\">2nde Bac Pro HPS<\/td>\n      <td style=\"border: 1px solid #ccc;padding: 8px\"><a href=\"https:\/\/etab.ac-reunion.fr\/lyc-victor-schoelcher\/wp-content\/uploads\/sites\/93\/2025\/08\/Liste_2nde_Bac_Pro_HPS.pdf\" target=\"_blank\">\ud83d\udd0dVoir<\/a><\/td>\n      <td style=\"border: 1px solid #ccc;padding: 8px\"><a href=\"https:\/\/etab.ac-reunion.fr\/lyc-victor-schoelcher\/wp-content\/uploads\/sites\/93\/2025\/08\/Liste_2nde_Bac_Pro_HPS.pdf\" download>\u2b07\ufe0f T\u00e9l\u00e9charger<\/a><\/td>\n    <\/tr>\n\n<tr>\n      <td style=\"border: 1px solid #ccc;padding: 8px\">2nde Bac Pro MEPEU<\/td>\n      <td style=\"border: 1px solid #ccc;padding: 8px\"><a href=\"https:\/\/etab.ac-reunion.fr\/lyc-victor-schoelcher\/wp-content\/uploads\/sites\/93\/2025\/08\/Liste_2nde_Bac_Pro_MEPEU.pdf\" target=\"_blank\">\ud83d\udd0dVoir<\/a><\/td>\n      <td style=\"border: 1px solid #ccc;padding: 8px\"><a href=\"https:\/\/etab.ac-reunion.fr\/lyc-victor-schoelcher\/wp-content\/uploads\/sites\/93\/2025\/08\/Liste_2nde_Bac_Pro_MEPEU.pdf\" download>\u2b07\ufe0f T\u00e9l\u00e9charger<\/a><\/td>\n    <\/tr>\n\n<tr>\n      <td style=\"border: 1px solid #ccc;padding: 8px\">2nde Bac Pro MRC<\/td>\n      <td style=\"border: 1px solid #ccc;padding: 8px\"><a href=\"https:\/\/etab.ac-reunion.fr\/lyc-victor-schoelcher\/wp-content\/uploads\/sites\/93\/2025\/08\/Liste_2nde_Bac_Pro_MRC.pdf\" target=\"_blank\">\ud83d\udd0dVoir<\/a><\/td>\n      <td style=\"border: 1px solid #ccc;padding: 8px\"><a href=\"https:\/\/etab.ac-reunion.fr\/lyc-victor-schoelcher\/wp-content\/uploads\/sites\/93\/2025\/08\/Liste_2nde_Bac_Pro_MRC.pdf\" download>\u2b07\ufe0f T\u00e9l\u00e9charger<\/a><\/td>\n    <\/tr>\n\n<\/table>\n  <\/tbody>\n<\/table>\n\n<h2 id=\"premiere-bac\">\ud83c\udf93 Classes de Premi\u00e8re Bac Pro<\/h2>\n<table style=\"width: 100%;border-collapse: collapse\">\n <table style=\"width: 100%;border-collapse: collapse\">\n <thead>\n    <tr style=\"background-color: #f8f8f8\">\n      <th style=\"border: 1px solid #ccc;padding: 8px\">Classes<\/th>\n      <th style=\"border: 1px solid #ccc;padding: 8px\">Consulter<\/th>\n      <th style=\"border: 1px solid #ccc;padding: 8px\">T\u00e9l\u00e9charger<\/th>\n    <\/tr>\n  <\/thead>\n<tbody>\n    <tr>\n      <td style=\"border: 1px solid #ccc;padding: 8px\">1ere Bac Pro AEPA<\/td>\n      <td style=\"border: 1px solid #ccc;padding: 8px\"><a href=\"https:\/\/etab.ac-reunion.fr\/lyc-victor-schoelcher\/wp-content\/uploads\/sites\/93\/2025\/08\/Liste_1ere_Bac_Pro_AEPA.pdf\" target=\"_blank\">\ud83d\udd0d Voir<\/a><\/td>\n      <td style=\"border: 1px solid #ccc;padding: 8px\"><a href=\"https:\/\/etab.ac-reunion.fr\/lyc-victor-schoelcher\/wp-content\/uploads\/sites\/93\/2025\/08\/Liste_1ere_Bac_Pro_AEPA.pdf\" download>\u2b07\ufe0f T\u00e9l\u00e9charger<\/a><\/td>\n    <\/tr>\n\n<tr>\n      <td style=\"border: 1px solid #ccc;padding: 8px\">1ere Bac Pro AGORA<\/td>\n      <td style=\"border: 1px solid #ccc;padding: 8px\"><a href=\"https:\/\/etab.ac-reunion.fr\/lyc-victor-schoelcher\/wp-content\/uploads\/sites\/93\/2025\/08\/Liste_1ere_Bac_Pro_AGORA.pdf\" target=\"_blank\">\ud83d\udd0d Voir<\/a><\/td>\n      <td style=\"border: 1px solid #ccc;padding: 8px\"><a href=\"https:\/\/etab.ac-reunion.fr\/lyc-victor-schoelcher\/wp-content\/uploads\/sites\/93\/2025\/08\/Liste_1ere_Bac_Pro_AGORA.pdf\" download>\u2b07\ufe0f T\u00e9l\u00e9charger<\/a><\/td>\n    <\/tr>\n<tr>\n      <td style=\"border: 1px solid #ccc;padding: 8px\">1ere Bac Pro ASSP<\/td>\n      <td style=\"border: 1px solid #ccc;padding: 8px\"><a href=\"https:\/\/etab.ac-reunion.fr\/lyc-victor-schoelcher\/wp-content\/uploads\/sites\/93\/2025\/08\/Liste_1ere_Bac_Pro_ASSP.pdf\" target=\"_blank\">\ud83d\udd0d Voir<\/a><\/td>\n      <td style=\"border: 1px solid #ccc;padding: 8px\"><a href=\"https:\/\/etab.ac-reunion.fr\/lyc-victor-schoelcher\/wp-content\/uploads\/sites\/93\/2025\/08\/Liste_1ere_Bac_Pro_ASSP.pdf\" download>\u2b07\ufe0f T\u00e9l\u00e9charger<\/a><\/td>\n    <\/tr>\n\n<tr>\n      <td style=\"border: 1px solid #ccc;padding: 8px\">1ere Bac Pro GPPE<\/td>\n      <td style=\"border: 1px solid #ccc;padding: 8px\"><a href=\"https:\/\/etab.ac-reunion.fr\/lyc-victor-schoelcher\/wp-content\/uploads\/sites\/93\/2025\/08\/Liste_1ere_Bac_Pro_GPPE.pdf\" target=\"_blank\">\ud83d\udd0d Voir<\/a><\/td>\n      <td style=\"border: 1px solid #ccc;padding: 8px\"><a href=\"https:\/\/etab.ac-reunion.fr\/lyc-victor-schoelcher\/wp-content\/uploads\/sites\/93\/2025\/08\/Liste_1ere_Bac_Pro_GPPE.pdf\" download>\u2b07\ufe0f T\u00e9l\u00e9charger<\/a><\/td>\n    <\/tr>\n\n<tr>\n      <td style=\"border: 1px solid #ccc;padding: 8px\">1ere Bac Pro HPS<\/td>\n      <td style=\"border: 1px solid #ccc;padding: 8px\"><a href=\"https:\/\/etab.ac-reunion.fr\/lyc-victor-schoelcher\/wp-content\/uploads\/sites\/93\/2025\/08\/Liste_1ere_Bac_Pro_HPS.pdf\" target=\"_blank\">\ud83d\udd0d Voir<\/a><\/td>\n      <td style=\"border: 1px solid #ccc;padding: 8px\"><a href=\"https:\/\/etab.ac-reunion.fr\/lyc-victor-schoelcher\/wp-content\/uploads\/sites\/93\/2025\/08\/Liste_1ere_Bac_Pro_HPS.pdf\" download>\u2b07\ufe0f T\u00e9l\u00e9charger<\/a><\/td>\n    <\/tr>\n\n<tr>\n      <td style=\"border: 1px solid #ccc;padding: 8px\">1ere Bac Pro LOG<\/td>\n      <td style=\"border: 1px solid #ccc;padding: 8px\"><a href=\"https:\/\/etab.ac-reunion.fr\/lyc-victor-schoelcher\/wp-content\/uploads\/sites\/93\/2025\/08\/Liste_1ere_Bac_Pro_LOG.pdf\" target=\"_blank\">\ud83d\udd0d Voir<\/a><\/td>\n      <td style=\"border: 1px solid #ccc;padding: 8px\"><a href=\"https:\/\/etab.ac-reunion.fr\/lyc-victor-schoelcher\/wp-content\/uploads\/sites\/93\/2025\/08\/Liste_1ere_Bac_Pro_LOG.pdf\" download>\u2b07\ufe0f T\u00e9l\u00e9charger<\/a><\/td>\n    <\/tr>\n\n<tr>\n      <td style=\"border: 1px solid #ccc;padding: 8px\">1ere Bac Pro MAC<\/td>\n      <td style=\"border: 1px solid #ccc;padding: 8px\"><a href=\"https:\/\/etab.ac-reunion.fr\/lyc-victor-schoelcher\/wp-content\/uploads\/sites\/93\/2025\/08\/Liste_1ere_Bac_Pro_MAC.pdf\" target=\"_blank\">\ud83d\udd0d Voir<\/a><\/td>\n      <td style=\"border: 1px solid #ccc;padding: 8px\"><a href=\"https:\/\/etab.ac-reunion.fr\/lyc-victor-schoelcher\/wp-content\/uploads\/sites\/93\/2025\/08\/Liste_1ere_Bac_Pro_MAC.pdf\" download>\u2b07\ufe0f T\u00e9l\u00e9charger<\/a><\/td>\n    <\/tr>\n\n<tr>\n      <td style=\"border: 1px solid #ccc;padding: 8px\">1ere Bac Pro MCVA<\/td>\n      <td style=\"border: 1px solid #ccc;padding: 8px\"><a href=\"https:\/\/etab.ac-reunion.fr\/lyc-victor-schoelcher\/wp-content\/uploads\/sites\/93\/2025\/08\/Liste_1ere_Bac_Pro_MCVA.pdf\" target=\"_blank\">\ud83d\udd0d Voir<\/a><\/td>\n      <td style=\"border: 1px solid #ccc;padding: 8px\"><a href=\"https:\/\/etab.ac-reunion.fr\/lyc-victor-schoelcher\/wp-content\/uploads\/sites\/93\/2025\/08\/Liste_1ere_Bac_Pro_MCVA.pdf\" download>\u2b07\ufe0f T\u00e9l\u00e9charger<\/a><\/td>\n    <\/tr>\n\n<tr>\n      <td style=\"border: 1px solid #ccc;padding: 8px\">1ere Bac Pro MCVB<\/td>\n      <td style=\"border: 1px solid #ccc;padding: 8px\"><a href=\"https:\/\/etab.ac-reunion.fr\/lyc-victor-schoelcher\/wp-content\/uploads\/sites\/93\/2025\/08\/Liste_1ere_Bac_Pro_MCVB.pdf\" target=\"_blank\">\ud83d\udd0d Voir<\/a><\/td>\n      <td style=\"border: 1px solid #ccc;padding: 8px\"><a href=\"https:\/\/etab.ac-reunion.fr\/lyc-victor-schoelcher\/wp-content\/uploads\/sites\/93\/2025\/08\/Liste_1ere_Bac_Pro_MCVB.pdf\" download>\u2b07\ufe0f T\u00e9l\u00e9charger<\/a><\/td>\n    <\/tr>\n\n<tr>\n      <td style=\"border: 1px solid #ccc;padding: 8px\">1ere Bac Pro OTM<\/td>\n      <td style=\"border: 1px solid #ccc;padding: 8px\"><a href=\"https:\/\/etab.ac-reunion.fr\/lyc-victor-schoelcher\/wp-content\/uploads\/sites\/93\/2025\/08\/Liste_1ere_Bac_Pro_OTM.pdf\" target=\"_blank\">\ud83d\udd0d Voir<\/a><\/td>\n      <td style=\"border: 1px solid #ccc;padding: 8px\"><a href=\"https:\/\/etab.ac-reunion.fr\/lyc-victor-schoelcher\/wp-content\/uploads\/sites\/93\/2025\/08\/Liste_1ere_Bac_Pro_OTM.pdf\" download>\u2b07\ufe0f T\u00e9l\u00e9charger<\/a><\/td>\n    <\/tr>\n<\/table>\n  <\/tbody>\n<\/table>\n\n<h2 id=\"terminale-bac\">\ud83c\udf93 Classes de Terminale Bac Pro<\/h2>\n<table style=\"width: 100%;border-collapse: collapse\">\n <table style=\"width: 100%;border-collapse: collapse\">\n <thead>\n    <tr style=\"background-color: #f8f8f8\">\n      <th style=\"border: 1px solid #ccc;padding: 8px\">Classes<\/th>\n      <th style=\"border: 1px solid #ccc;padding: 8px\">Consulter<\/th>\n      <th style=\"border: 1px solid #ccc;padding: 8px\">T\u00e9l\u00e9charger<\/th>\n    <\/tr>\n  <\/thead>\n<tbody>\n\n<tr>\n      <td style=\"border: 1px solid #ccc;padding: 8px\">Terminale Bac Pro AEPA<\/td>\n      <td style=\"border: 1px solid #ccc;padding: 8px\"><a href=\"https:\/\/etab.ac-reunion.fr\/lyc-victor-schoelcher\/wp-content\/uploads\/sites\/93\/2025\/08\/Liste_Term_Bac_Pro_AEPA.pdf\" target=\"_blank\">\ud83d\udd0d Voir<\/a><\/td>\n      <td style=\"border: 1px solid #ccc;padding: 8px\"><a href=\"https:\/\/etab.ac-reunion.fr\/lyc-victor-schoelcher\/wp-content\/uploads\/sites\/93\/2025\/08\/Liste_Term_Bac_Pro_AEPA.pdf\" download>\u2b07\ufe0f T\u00e9l\u00e9charger<\/a><\/td>\n    <\/tr>\n\n    <tr>\n      <td style=\"border: 1px solid #ccc;padding: 8px\">Terminale Bac Pro AGORA<\/td>\n      <td style=\"border: 1px solid #ccc;padding: 8px\"><a href=\"https:\/\/etab.ac-reunion.fr\/lyc-victor-schoelcher\/wp-content\/uploads\/sites\/93\/2025\/08\/Liste_Term_Bac_Pro_AGORA.pdf\" target=\"_blank\">\ud83d\udd0d Voir<\/a><\/td>\n      <td style=\"border: 1px solid #ccc;padding: 8px\"><a href=\"https:\/\/etab.ac-reunion.fr\/lyc-victor-schoelcher\/wp-content\/uploads\/sites\/93\/2025\/08\/Liste_Term_Bac_Pro_AGORA.pdf\" download>\u2b07\ufe0f T\u00e9l\u00e9charger<\/a><\/td>\n    <\/tr>\n\n<tr>\n      <td style=\"border: 1px solid #ccc;padding: 8px\">Terminale Bac Pro ASSP<\/td>\n      <td style=\"border: 1px solid #ccc;padding: 8px\"><a href=\"https:\/\/etab.ac-reunion.fr\/lyc-victor-schoelcher\/wp-content\/uploads\/sites\/93\/2025\/08\/Liste_Term_Bac_Pro_ASSP.pdf\" target=\"_blank\">\ud83d\udd0d Voir<\/a><\/td>\n      <td style=\"border: 1px solid #ccc;padding: 8px\"><a href=\"https:\/\/etab.ac-reunion.fr\/lyc-victor-schoelcher\/wp-content\/uploads\/sites\/93\/2025\/08\/Liste_Term_Bac_Pro_ASSP.pdf\" download>\u2b07\ufe0f T\u00e9l\u00e9charger<\/a><\/td>\n    <\/tr>\n\n<tr>\n      <td style=\"border: 1px solid #ccc;padding: 8px\">Terminale Bac Pro GPPE<\/td>\n      <td style=\"border: 1px solid #ccc;padding: 8px\"><a href=\"https:\/\/etab.ac-reunion.fr\/lyc-victor-schoelcher\/wp-content\/uploads\/sites\/93\/2025\/08\/Liste_Term_Bac_Pro_GPPE.pdf\" target=\"_blank\">\ud83d\udd0d Voir<\/a><\/td>\n      <td style=\"border: 1px solid #ccc;padding: 8px\"><a href=\"https:\/\/etab.ac-reunion.fr\/lyc-victor-schoelcher\/wp-content\/uploads\/sites\/93\/2025\/08\/Liste_Term_Bac_Pro_GPPE.pdf\" download>\u2b07\ufe0f T\u00e9l\u00e9charger<\/a><\/td>\n    <\/tr>\n\n<tr>\n      <td style=\"border: 1px solid #ccc;padding: 8px\">Terminale Bac Pro HPS<\/td>\n      <td style=\"border: 1px solid #ccc;padding: 8px\"><a href=\"https:\/\/etab.ac-reunion.fr\/lyc-victor-schoelcher\/wp-content\/uploads\/sites\/93\/2025\/08\/Liste_Term_Bac_Pro_HPS.pdf\" target=\"_blank\">\ud83d\udd0d Voir<\/a><\/td>\n      <td style=\"border: 1px solid #ccc;padding: 8px\"><a href=\"https:\/\/etab.ac-reunion.fr\/lyc-victor-schoelcher\/wp-content\/uploads\/sites\/93\/2025\/08\/Liste_Term_Bac_Pro_HPS.pdf\" download>\u2b07\ufe0f T\u00e9l\u00e9charger<\/a><\/td>\n    <\/tr>\n\n<tr>\n      <td style=\"border: 1px solid #ccc;padding: 8px\">Terminale Bac Pro LOG<\/td>\n      <td style=\"border: 1px solid #ccc;padding: 8px\"><a href=\"https:\/\/etab.ac-reunion.fr\/lyc-victor-schoelcher\/wp-content\/uploads\/sites\/93\/2025\/08\/Liste_Term_Bac_Pro_LOG.pdf\" target=\"_blank\">\ud83d\udd0d Voir<\/a><\/td>\n      <td style=\"border: 1px solid #ccc;padding: 8px\"><a href=\"https:\/\/etab.ac-reunion.fr\/lyc-victor-schoelcher\/wp-content\/uploads\/sites\/93\/2025\/08\/Liste_Term_Bac_Pro_LOG.pdf\" download>\u2b07\ufe0f T\u00e9l\u00e9charger<\/a><\/td>\n    <\/tr>\n<tr>\n      <td style=\"border: 1px solid #ccc;padding: 8px\">Terminale Bac Pro MAC<\/td>\n      <td style=\"border: 1px solid #ccc;padding: 8px\"><a href=\"https:\/\/etab.ac-reunion.fr\/lyc-victor-schoelcher\/wp-content\/uploads\/sites\/93\/2025\/08\/Liste_Term_Bac_Pro_MAC.pdf\" target=\"_blank\">\ud83d\udd0d Voir<\/a><\/td>\n      <td style=\"border: 1px solid #ccc;padding: 8px\"><a href=\"https:\/\/etab.ac-reunion.fr\/lyc-victor-schoelcher\/wp-content\/uploads\/sites\/93\/2025\/08\/Liste_Term_Bac_Pro_MAC.pdf\" download>\u2b07\ufe0f T\u00e9l\u00e9charger<\/a><\/td>\n    <\/tr>\n\n<tr>\n      <td style=\"border: 1px solid #ccc;padding: 8px\">Terminale Bac Pro MCVA<\/td>\n      <td style=\"border: 1px solid #ccc;padding: 8px\"><a href=\"https:\/\/etab.ac-reunion.fr\/lyc-victor-schoelcher\/wp-content\/uploads\/sites\/93\/2025\/08\/Liste_Term_Bac_Pro_MCVA.pdf\" target=\"_blank\">\ud83d\udd0d Voir<\/a><\/td>\n      <td style=\"border: 1px solid #ccc;padding: 8px\"><a href=\"https:\/\/etab.ac-reunion.fr\/lyc-victor-schoelcher\/wp-content\/uploads\/sites\/93\/2025\/08\/Liste_Term_Bac_Pro_MCVA.pdf\" download>\u2b07\ufe0f T\u00e9l\u00e9charger<\/a><\/td>\n    <\/tr>\n\n<tr>\n      <td style=\"border: 1px solid #ccc;padding: 8px\">Terminale Bac Pro MCVB<\/td>\n      <td style=\"border: 1px solid #ccc;padding: 8px\"><a href=\"https:\/\/etab.ac-reunion.fr\/lyc-victor-schoelcher\/wp-content\/uploads\/sites\/93\/2025\/08\/Liste_Term_Bac_Pro_MCVB.pdf\" target=\"_blank\">\ud83d\udd0d Voir<\/a><\/td>\n      <td style=\"border: 1px solid #ccc;padding: 8px\"><a href=\"https:\/\/etab.ac-reunion.fr\/lyc-victor-schoelcher\/wp-content\/uploads\/sites\/93\/2025\/08\/Liste_Term_Bac_Pro_MCVB.pdf\" download>\u2b07\ufe0f T\u00e9l\u00e9charger<\/a><\/td>\n    <\/tr>\n\n<tr>\n      <td style=\"border: 1px solid #ccc;padding: 8px\">Terminale Bac Pro OTM<\/td>\n      <td style=\"border: 1px solid #ccc;padding: 8px\"><a href=\"https:\/\/etab.ac-reunion.fr\/lyc-victor-schoelcher\/wp-content\/uploads\/sites\/93\/2025\/08\/Liste_Term_Bac_Pro_OTM.pdf\" target=\"_blank\">\ud83d\udd0d Voir<\/a><\/td>\n      <td style=\"border: 1px solid #ccc;padding: 8px\"><a href=\"https:\/\/etab.ac-reunion.fr\/lyc-victor-schoelcher\/wp-content\/uploads\/sites\/93\/2025\/08\/Liste_Term_Bac_Pro_OTM.pdf\" download>\u2b07\ufe0f T\u00e9l\u00e9charger<\/a><\/td>\n    <\/tr>\n\n<\/table>\n  <\/tbody>\n<\/table>\n","protected":false},"excerpt":{"rendered":"<p>\ud83d\udcd8 Retrouvez ci-dessous les listes des effets scolaires par niveau et classe pour l&rsquo;ann\u00e9e scolaire 2025-2026. Ces documents resteront accessibles tout au long de l\u2019ann\u00e9e. \ud83d\udd17 Acc\u00e8s rapide : Premi\u00e8re CAP Terminale CAP Seconde Bac Pro Premi\u00e8re Bac Pro Terminale Bac Pro \ud83d\udcd8 Classes de Premi\u00e8re CAP Classes Consulter T\u00e9l\u00e9charger&#8230;<\/p>\n<p> <a class=\"continue-reading-link\" href=\"https:\/\/etab.ac-reunion.fr\/lyc-victor-schoelcher\/%f0%9f%93%9a-listes-des-effets-scolaires-2025-2026\/\"><span>Lire le contenu<\/span><i class=\"crycon-right-dir\"><\/i><\/a> <\/p>\n","protected":false},"author":2226,"featured_media":0,"parent":0,"menu_order":0,"comment_status":"closed","ping_status":"closed","template":"","meta":{"footnotes":""},"class_list":["post-6589","page","type-page","status-publish","hentry"],"_links":{"self":[{"href":"https:\/\/etab.ac-reunion.fr\/lyc-victor-schoelcher\/wp-json\/wp\/v2\/pages\/6589","targetHints":{"allow":["GET"]}}],"collection":[{"href":"https:\/\/etab.ac-reunion.fr\/lyc-victor-schoelcher\/wp-json\/wp\/v2\/pages"}],"about":[{"href":"https:\/\/etab.ac-reunion.fr\/lyc-victor-schoelcher\/wp-json\/wp\/v2\/types\/page"}],"author":[{"embeddable":true,"href":"https:\/\/etab.ac-reunion.fr\/lyc-victor-schoelcher\/wp-json\/wp\/v2\/users\/2226"}],"replies":[{"embeddable":true,"href":"https:\/\/etab.ac-reunion.fr\/lyc-victor-schoelcher\/wp-json\/wp\/v2\/comments?post=6589"}],"version-history":[{"count":14,"href":"https:\/\/etab.ac-reunion.fr\/lyc-victor-schoelcher\/wp-json\/wp\/v2\/pages\/6589\/revisions"}],"predecessor-version":[{"id":6615,"href":"https:\/\/etab.ac-reunion.fr\/lyc-victor-schoelcher\/wp-json\/wp\/v2\/pages\/6589\/revisions\/6615"}],"wp:attachment":[{"href":"https:\/\/etab.ac-reunion.fr\/lyc-victor-schoelcher\/wp-json\/wp\/v2\/media?parent=6589"}],"curies":[{"name":"wp","href":"https:\/\/api.w.org\/{rel}","templated":true}]}}