{"id":6752,"date":"2025-12-06T05:25:12","date_gmt":"2025-12-06T01:25:12","guid":{"rendered":"https:\/\/etab.ac-reunion.fr\/lyc-victor-schoelcher\/?page_id=6752"},"modified":"2025-12-06T16:46:23","modified_gmt":"2025-12-06T12:46:23","slug":"proposition-darticle-pour-le-site-du-lycee","status":"publish","type":"page","link":"https:\/\/etab.ac-reunion.fr\/lyc-victor-schoelcher\/proposition-darticle-pour-le-site-du-lycee\/","title":{"rendered":"PROPOSER UN ARTICLE \/ UN PROJET"},"content":{"rendered":"\n<h1 class=\"wp-block-heading has-text-align-center has-white-color has-text-color has-background has-link-color wp-elements-d4d35e814ab818d7a1d0cdf8df255e65\" style=\"background-color:#2f6fa5\">Proposer un article \u2013 Valoriser les projets du lyc\u00e9e<\/h1>\n\n\n\n<div style=\"height:57px\" aria-hidden=\"true\" class=\"wp-block-spacer\"><\/div>\n\n\n\n<p>Le site internet du lyc\u00e9e professionnel Victor Schoelcher a pour vocation de valoriser les projets p\u00e9dagogiques, les actions \u00e9ducatives et les r\u00e9ussites des \u00e9l\u00e8ves men\u00e9es au sein de l\u2019\u00e9tablissement.<br>Cette page permet aux \u00e9quipes p\u00e9dagogiques et \u00e9ducatives de proposer des articles afin de partager et mettre en lumi\u00e8re les projets r\u00e9alis\u00e9s avec les \u00e9l\u00e8ves.<\/p>\n\n\n\n<h2 class=\"wp-block-heading\">\u00c0 quoi sert cette page ?<\/h2>\n\n\n\n<p>Cette page permet aux \u00e9quipes p\u00e9dagogiques et \u00e9ducatives de&nbsp;valoriser leurs actions, leurs initiatives et l\u2019engagement des \u00e9l\u00e8ves, tout en contribuant \u00e0 l\u2019image et au rayonnement de l\u2019\u00e9tablissement.<\/p>\n\n\n\n<h2 class=\"wp-block-heading has-background\" style=\"background-color:#f7f6f6\">\ud83e\udde9 Quels projets peuvent \u00eatre propos\u00e9s ?<\/h2>\n\n\n\n<p>Vous pouvez proposer un article pour :<\/p>\n\n\n\n<ul class=\"wp-block-list\">\n<li>un projet p\u00e9dagogique ou pluridisciplinaire<\/li>\n\n\n\n<li>une action \u00e9ducative, culturelle, citoyenne ou sportive<\/li>\n\n\n\n<li>un projet Erasmus+ ou international<\/li>\n\n\n\n<li>une sortie, un partenariat ou une intervention ext\u00e9rieure<\/li>\n\n\n\n<li>un concours, une r\u00e9ussite ou une valorisation d\u2019\u00e9l\u00e8ves<\/li>\n<\/ul>\n\n\n\n<p>Merci de compl\u00e9ter le formulaire ci-dessous. Les propositions sont relues avant publication.<\/p>\n\n\n\n<h2 class=\"wp-block-heading has-background\" style=\"background-color:#f7f6f6\">\ud83d\udcdd Comment proposer un article ?<\/h2>\n\n\n\n<p>Pour faciliter la publication et garantir une mise en ligne conforme au cadre r\u00e9glementaire, merci de compl\u00e9ter le&nbsp;<strong>formulaire ci-dessous<\/strong>.<\/p>\n\n\n\n<p>Le formulaire permet de transmettre :<\/p>\n\n\n\n<ul class=\"wp-block-list\">\n<li>le titre de l\u2019article<\/li>\n\n\n\n<li>le contexte et les objectifs du projet<\/li>\n\n\n\n<li>un court texte de pr\u00e9sentation<\/li>\n\n\n\n<li>les photographies ou supports \u00e0 publier<\/li>\n\n\n\n<li>les informations li\u00e9es au droit \u00e0 l\u2019image<\/li>\n\n\n\n<li>les coordonn\u00e9es de la personne r\u00e9f\u00e9rente<\/li>\n<\/ul>\n\n\n\n<h2 class=\"wp-block-heading has-background\" style=\"background-color:#f7f6f6\">\u26a0\ufe0f Points d\u2019attention importants<\/h2>\n\n\n\n<p>Avant toute publication, merci de vous assurer que :<\/p>\n\n\n\n<ul class=\"wp-block-list\">\n<li>les&nbsp;<strong>autorisations de droit \u00e0 l\u2019image<\/strong>&nbsp;ont bien \u00e9t\u00e9 recueillies (\u00e9l\u00e8ves mineurs ou majeurs)<\/li>\n\n\n\n<li>les photographies sont exploitables (qualit\u00e9 correcte, respect du cadre scolaire)<\/li>\n\n\n\n<li>les informations transmises sont exactes et valid\u00e9es<\/li>\n<\/ul>\n\n\n\n<p>La publication des articles est soumise \u00e0 validation avant mise en ligne.<\/p>\n\n\n\n<h2 class=\"wp-block-heading has-background\" style=\"background-color:#f7f6f6\">\ud83d\udcdd Proposer un article \/ un projet<\/h2>\n\n\n\n<div class=\"wp-block-group citation-proviseur\"><div class=\"wp-block-group__inner-container is-layout-constrained wp-block-group-is-layout-constrained\">\n<blockquote class=\"wp-block-quote is-layout-flow wp-block-quote-is-layout-flow\">\n<p class=\"has-text-align-left\">L\u2019essentiel est que les \u00e9l\u00e8ves prennent du plaisir \u00e0 s\u2019engager dans ces projets, tout en valorisant leurs comp\u00e9tences et le travail des \u00e9quipes qui les accompagnent.<\/p>\n<\/blockquote>\n\n\n\n<p class=\"has-text-align-right\"><em>                                              &#8211; Le proviseur du lyc\u00e9e Victor Schoelcher                          <\/em><\/p>\n<\/div><\/div>\n\n\n\n<p><strong>\ud83d\udc49 Vous avez un projet \u00e0 valoriser ?<\/strong><br>Remplissez le formulaire ci-dessous pour proposer un article destin\u00e9 au site du lyc\u00e9e.<\/p>\n\n\n\n<div class=\"wp-block-group formulaire-projet\"><div class=\"wp-block-group__inner-container is-layout-constrained wp-block-group-is-layout-constrained\">\n<div class=\"wpcf7 no-js\" id=\"wpcf7-f6751-o1\" lang=\"fr-FR\" dir=\"ltr\" data-wpcf7-id=\"6751\">\n<div class=\"screen-reader-response\"><p role=\"status\" aria-live=\"polite\" aria-atomic=\"true\"><\/p> <ul><\/ul><\/div>\n<form action=\"\/lyc-victor-schoelcher\/wp-json\/wp\/v2\/pages\/6752#wpcf7-f6751-o1\" method=\"post\" class=\"wpcf7-form init\" aria-label=\"Formulaire de contact\" enctype=\"multipart\/form-data\" novalidate=\"novalidate\" data-status=\"init\">\n<fieldset class=\"hidden-fields-container\"><input type=\"hidden\" name=\"_wpcf7\" value=\"6751\" \/><input type=\"hidden\" name=\"_wpcf7_version\" value=\"6.1.5\" \/><input type=\"hidden\" name=\"_wpcf7_locale\" value=\"fr_FR\" \/><input type=\"hidden\" name=\"_wpcf7_unit_tag\" value=\"wpcf7-f6751-o1\" \/><input type=\"hidden\" name=\"_wpcf7_container_post\" value=\"0\" \/><input type=\"hidden\" name=\"_wpcf7_posted_data_hash\" value=\"\" \/>\n<\/fieldset>\n<p><strong>1. Informations g\u00e9n\u00e9rales<\/strong>\n<\/p>\n<p><label>Titre de l\u2019article*<br \/>\n<span class=\"wpcf7-form-control-wrap\" data-name=\"titre-article\"><input size=\"40\" maxlength=\"120\" class=\"wpcf7-form-control wpcf7-text wpcf7-validates-as-required\" aria-required=\"true\" aria-invalid=\"false\" placeholder=\"Ex : Sortie p\u00e9dagogique des 1res MCV au mus\u00e9e de Vill\u00e8le\" value=\"\" type=\"text\" name=\"titre-article\" \/><\/span><\/label>\n<\/p>\n<p><label>Nom et pr\u00e9nom du r\u00e9dacteur \/ de la r\u00e9dactrice*<br \/>\n<span class=\"wpcf7-form-control-wrap\" data-name=\"auteur\"><input size=\"40\" maxlength=\"400\" class=\"wpcf7-form-control wpcf7-text wpcf7-validates-as-required\" aria-required=\"true\" aria-invalid=\"false\" placeholder=\"Ex : Mme Dupont\" value=\"\" type=\"text\" name=\"auteur\" \/><\/span><\/label>\n<\/p>\n<p><label>Discipline ou classe<br \/>\n<span class=\"wpcf7-form-control-wrap\" data-name=\"discipline\"><input size=\"40\" maxlength=\"400\" class=\"wpcf7-form-control wpcf7-text\" aria-invalid=\"false\" placeholder=\"Ex : Math\u00e9matiques, EPS, Administration\u2026\" value=\"\" type=\"text\" name=\"discipline\" \/><\/span><\/label>\n<\/p>\n<p><label>Date de l\u2019\u00e9v\u00e9nement (si applicable)<br \/>\n<span class=\"wpcf7-form-control-wrap\" data-name=\"date-evenement\"><input class=\"wpcf7-form-control wpcf7-date wpcf7-validates-as-date\" aria-invalid=\"false\" value=\"\" type=\"date\" name=\"date-evenement\" \/><\/span><\/label>\n<\/p>\n<p><label>Type d\u2019article*<br \/>\n<span class=\"wpcf7-form-control-wrap\" data-name=\"type-article\"><select class=\"wpcf7-form-control wpcf7-select wpcf7-validates-as-required\" aria-required=\"true\" aria-invalid=\"false\" name=\"type-article\"><option value=\"\">&#8212;Veuillez choisir une option&#8212;<\/option><option value=\"Sortie p\u00e9dagogique\">Sortie p\u00e9dagogique<\/option><option value=\"Projet\">Projet<\/option><option value=\"\u00c9v\u00e9nement\">\u00c9v\u00e9nement<\/option><option value=\"Chef-d\u2019\u0153uvre\">Chef-d\u2019\u0153uvre<\/option><option value=\"Actualit\u00e9\">Actualit\u00e9<\/option><option value=\"Autre\">Autre<\/option><\/select><\/span><\/label>\n<\/p>\n<hr \/>\n<p><strong>2. Contenu de l\u2019article<\/strong>\n<\/p>\n<p><label>Texte de l\u2019article (10\u201315 lignes max)*<br \/>\n<span class=\"wpcf7-form-control-wrap\" data-name=\"texte-article\"><textarea cols=\"40\" rows=\"10\" maxlength=\"2000\" class=\"wpcf7-form-control wpcf7-textarea wpcf7-validates-as-required\" aria-required=\"true\" aria-invalid=\"false\" placeholder=\"R\u00e9digez ici le texte principal. Pr\u00e9cisez le d\u00e9roul\u00e9, les comp\u00e9tences mises en \u0153uvre ainsi qu\u2019un t\u00e9moignage d\u2019\u00e9l\u00e8ve.\" name=\"texte-article\"><\/textarea><\/span><\/label>\n<\/p>\n<p><label>Participants (classes, enseignants, intervenants, etc.)<br \/>\n<span class=\"wpcf7-form-control-wrap\" data-name=\"participants\"><textarea cols=\"40\" rows=\"10\" maxlength=\"2000\" class=\"wpcf7-form-control wpcf7-textarea\" aria-invalid=\"false\" placeholder=\"Ex : 1MCVA et 1MCVB, encadr\u00e9es par M. Dijoux et Mme X.\" name=\"participants\"><\/textarea><\/span><\/label>\n<\/p>\n<p><label><br \/>\n<span class=\"wpcf7-form-control-wrap\" data-name=\"lien-externe\"><input size=\"40\" maxlength=\"400\" class=\"wpcf7-form-control wpcf7-url wpcf7-text wpcf7-validates-as-url\" aria-invalid=\"false\" placeholder=\"Ex : https:\/\/www.exemple.fr\" value=\"\" type=\"url\" name=\"lien-externe\" \/><\/span><\/label>\n<\/p>\n<hr \/>\n<p><strong>3. Illustrations<\/strong>\n<\/p>\n<p><label>Photo principale (obligatoire, .jpg\/.png, 10 Mo max)*<br \/>\n<span class=\"wpcf7-form-control-wrap\" data-name=\"photo-principale\"><input size=\"40\" class=\"wpcf7-form-control wpcf7-file wpcf7-validates-as-required\" accept=\".jpg,.jpeg,.png\" aria-required=\"true\" aria-invalid=\"false\" type=\"file\" name=\"photo-principale\" \/><\/span><\/label>\n<\/p>\n<p><label>Autres photos ou lien de d\u00e9p\u00f4t APPS \u00c9ducation (facultatif)<br \/>\n<em>\ud83d\udd12 Les photos ne sont pas envoy\u00e9es par e-mail. Les fichiers doivent \u00eatre d\u00e9pos\u00e9s sur votre compte <strong> APPS \u00c9ducation (Nuage)<\/strong>. Merci d\u2019en partager le lien et de le communiquer dans le champ ci-dessous.<br \/>\n<label><br \/>\n<span class=\"wpcf7-form-control-wrap\" data-name=\"lien-externe\"><input size=\"40\" maxlength=\"400\" class=\"wpcf7-form-control wpcf7-url wpcf7-text wpcf7-validates-as-url\" aria-invalid=\"false\" placeholder=\"Ex : https:\/\/www.exemple.fr\" value=\"\" type=\"url\" name=\"lien-externe\" \/><\/span><\/label><br \/>\nEn cas de besoin, contactez le <strong>RRUPN<\/strong> du lyc\u00e9e pour vous aider dans cette proc\u00e9dure. Les fichiers sont stock\u00e9s de fa\u00e7on s\u00e9curis\u00e9e sur le serveur, consultables uniquement par le webmestre.<\/em><br \/>\n<\/label>\n<\/p>\n<hr \/>\n<p><strong>4. Autorisations<\/strong>\n<\/p>\n<p><span class=\"wpcf7-form-control-wrap\" data-name=\"autorisation\"><span class=\"wpcf7-form-control wpcf7-checkbox wpcf7-validates-as-required\"><span class=\"wpcf7-list-item first last\"><label><input type=\"checkbox\" name=\"autorisation[]\" value=\"J\u2019atteste les autorisations de publication des personnes visibles (droit \u00e0 l\u2019image).\" \/><span class=\"wpcf7-list-item-label\">J\u2019atteste les autorisations de publication des personnes visibles (droit \u00e0 l\u2019image).<\/span><\/label><\/span><\/span><\/span><br \/>\n<span class=\"wpcf7-form-control-wrap\" data-name=\"autorisation\"><span class=\"wpcf7-form-control wpcf7-checkbox wpcf7-validates-as-required\"><span class=\"wpcf7-list-item first last\"><label><input type=\"checkbox\" name=\"autorisation[]\" value=\"Je consens \u00e0 la transmission de ces informations pour la publication sur le site du lyc\u00e9e.\" \/><span class=\"wpcf7-list-item-label\">Je consens \u00e0 la transmission de ces informations pour la publication sur le site du lyc\u00e9e.<\/span><\/label><\/span><\/span><\/span>\n<\/p>\n<p><input class=\"wpcf7-form-control wpcf7-submit has-spinner\" type=\"submit\" value=\"\ud83d\udce4 Envoyer la proposition d\u2019article\" \/>\n<\/p><div class=\"wpcf7-response-output\" aria-hidden=\"true\"><\/div>\n<\/form>\n<\/div>\n\n<\/div><\/div>\n\n\n\n<blockquote class=\"wp-block-quote is-layout-flow wp-block-quote-is-layout-flow\">\n<blockquote class=\"wp-block-quote is-layout-flow wp-block-quote-is-layout-flow\">\n<blockquote class=\"wp-block-quote is-layout-flow wp-block-quote-is-layout-flow\">\n<p><\/p>\n<\/blockquote>\n<\/blockquote>\n<\/blockquote>\n\n\n\n<p><\/p>\n","protected":false},"excerpt":{"rendered":"<p>Proposer un article \u2013 Valoriser les projets du lyc\u00e9e Le site internet du lyc\u00e9e professionnel Victor Schoelcher a pour vocation de valoriser les projets p\u00e9dagogiques, les actions \u00e9ducatives et les r\u00e9ussites des \u00e9l\u00e8ves men\u00e9es au sein de l\u2019\u00e9tablissement.Cette page permet aux \u00e9quipes p\u00e9dagogiques et \u00e9ducatives de proposer des articles afin&#8230;<\/p>\n<p> <a class=\"continue-reading-link\" href=\"https:\/\/etab.ac-reunion.fr\/lyc-victor-schoelcher\/proposition-darticle-pour-le-site-du-lycee\/\"><span>Lire le contenu<\/span><i class=\"crycon-right-dir\"><\/i><\/a> <\/p>\n","protected":false},"author":2226,"featured_media":0,"parent":0,"menu_order":0,"comment_status":"closed","ping_status":"closed","template":"","meta":{"footnotes":""},"class_list":["post-6752","page","type-page","status-publish","hentry"],"_links":{"self":[{"href":"https:\/\/etab.ac-reunion.fr\/lyc-victor-schoelcher\/wp-json\/wp\/v2\/pages\/6752","targetHints":{"allow":["GET"]}}],"collection":[{"href":"https:\/\/etab.ac-reunion.fr\/lyc-victor-schoelcher\/wp-json\/wp\/v2\/pages"}],"about":[{"href":"https:\/\/etab.ac-reunion.fr\/lyc-victor-schoelcher\/wp-json\/wp\/v2\/types\/page"}],"author":[{"embeddable":true,"href":"https:\/\/etab.ac-reunion.fr\/lyc-victor-schoelcher\/wp-json\/wp\/v2\/users\/2226"}],"replies":[{"embeddable":true,"href":"https:\/\/etab.ac-reunion.fr\/lyc-victor-schoelcher\/wp-json\/wp\/v2\/comments?post=6752"}],"version-history":[{"count":35,"href":"https:\/\/etab.ac-reunion.fr\/lyc-victor-schoelcher\/wp-json\/wp\/v2\/pages\/6752\/revisions"}],"predecessor-version":[{"id":7073,"href":"https:\/\/etab.ac-reunion.fr\/lyc-victor-schoelcher\/wp-json\/wp\/v2\/pages\/6752\/revisions\/7073"}],"wp:attachment":[{"href":"https:\/\/etab.ac-reunion.fr\/lyc-victor-schoelcher\/wp-json\/wp\/v2\/media?parent=6752"}],"curies":[{"name":"wp","href":"https:\/\/api.w.org\/{rel}","templated":true}]}}