{"id":153,"date":"2015-09-30T10:47:55","date_gmt":"2015-09-30T06:47:55","guid":{"rendered":"http:\/\/lycee-vincendo.ac-reunion.fr\/?page_id=153"},"modified":"2024-10-17T20:47:48","modified_gmt":"2024-10-17T16:47:48","slug":"presentation","status":"publish","type":"page","link":"https:\/\/etab.ac-reunion.fr\/lyc-vincendo\/presentation\/","title":{"rendered":"Historique"},"content":{"rendered":"<p>Le lyc\u00e9e doit son nom au site de Vincendo.<\/p>\n<p>Fran\u00e7ois Vincendo, dit Discret, est n\u00e9 \u00e0 Scill\u00e9 dans les Deux-S\u00e8vres vers 1652. Il est arriv\u00e9 \u00e0 l&rsquo;\u00eele Bourbon (ancien nom de l&rsquo;\u00eele de la R\u00e9union) \u00e0 bord du \u00ab\u00a0Soleil d&rsquo;Orient\u00a0\u00bb, navire de la Compagnie des Indes Orientales, qui faisait route de Siam (aujourd&rsquo;hui la Tha\u00eflande) vers la France en 1681.<\/p>\n<p>Il \u00e9pouse Louise de Fons\u00e8que, une m\u00e9tiss\u00e9e indo-portugaise, n\u00e9e en 1669 en Inde et envoy\u00e9e sur l&rsquo;\u00eele\u00a0 sur le \u00ab\u00a0Rossignol\u00a0\u00bb en novembre 1678. Apr\u00e8s Fran\u00e7ois, Jean Vincendo s&rsquo;installe dans la r\u00e9gion et lui laisse son nom. On retrouve aux archives un acte de propri\u00e9t\u00e9 en date du 12 avril 1725 au nom de Monique Vincendo, fille de Jean et veuve Garnier.<\/p>\n<hr \/>\n<p>Le quartier de Vincendo, dans la commune de Saint-Joseph \u00e0 La R\u00e9union, est entour\u00e9 d&rsquo;un cadre naturel exceptionnel qui fait le charme du sud sauvage de l&rsquo;\u00eele. Cette r\u00e9gion est marqu\u00e9e par une c\u00f4te d\u00e9coup\u00e9e, des paysages verdoyants et un environnement encore pr\u00e9serv\u00e9 du tourisme de masse.<\/p>\n<p>Voici quelques \u00e9l\u00e9ments qui caract\u00e9risent ce cadre unique:<\/p>\n<div class=\"h5p-iframe-wrapper\"><iframe id=\"h5p-iframe-103\" class=\"h5p-iframe\" data-content-id=\"103\" style=\"height:1px\" src=\"about:blank\" frameBorder=\"0\" scrolling=\"no\" title=\"Pr\u00e9sentation\"><\/iframe><\/div>\n","protected":false},"excerpt":{"rendered":"<p>Le lyc\u00e9e doit son nom au site de Vincendo. Fran\u00e7ois Vincendo, dit Discret, est n\u00e9 \u00e0 Scill\u00e9 dans les Deux-S\u00e8vres vers 1652. Il est arriv\u00e9 \u00e0 l&rsquo;\u00eele Bourbon (ancien nom de l&rsquo;\u00eele de la R\u00e9union) \u00e0 bord du \u00ab\u00a0Soleil d&rsquo;Orient\u00a0\u00bb, navire de la Compagnie des Indes Orientales, qui faisait route\u2026<\/p>\n<p class=\"continue-reading-button\"> <a class=\"continue-reading-link\" href=\"https:\/\/etab.ac-reunion.fr\/lyc-vincendo\/presentation\/\">Lire la suite<i class=\"crycon-right-dir\"><\/i><\/a><\/p>\n","protected":false},"author":8485,"featured_media":0,"parent":0,"menu_order":0,"comment_status":"closed","ping_status":"closed","template":"","meta":{"footnotes":""},"class_list":["post-153","page","type-page","status-publish","hentry"],"_links":{"self":[{"href":"https:\/\/etab.ac-reunion.fr\/lyc-vincendo\/wp-json\/wp\/v2\/pages\/153","targetHints":{"allow":["GET"]}}],"collection":[{"href":"https:\/\/etab.ac-reunion.fr\/lyc-vincendo\/wp-json\/wp\/v2\/pages"}],"about":[{"href":"https:\/\/etab.ac-reunion.fr\/lyc-vincendo\/wp-json\/wp\/v2\/types\/page"}],"author":[{"embeddable":true,"href":"https:\/\/etab.ac-reunion.fr\/lyc-vincendo\/wp-json\/wp\/v2\/users\/8485"}],"replies":[{"embeddable":true,"href":"https:\/\/etab.ac-reunion.fr\/lyc-vincendo\/wp-json\/wp\/v2\/comments?post=153"}],"version-history":[{"count":20,"href":"https:\/\/etab.ac-reunion.fr\/lyc-vincendo\/wp-json\/wp\/v2\/pages\/153\/revisions"}],"predecessor-version":[{"id":4490,"href":"https:\/\/etab.ac-reunion.fr\/lyc-vincendo\/wp-json\/wp\/v2\/pages\/153\/revisions\/4490"}],"wp:attachment":[{"href":"https:\/\/etab.ac-reunion.fr\/lyc-vincendo\/wp-json\/wp\/v2\/media?parent=153"}],"curies":[{"name":"wp","href":"https:\/\/api.w.org\/{rel}","templated":true}]}}