{"id":1892,"date":"2019-01-12T09:00:23","date_gmt":"2019-01-12T05:00:23","guid":{"rendered":"http:\/\/lycee-vincendo.ac-reunion.fr\/?page_id=1892"},"modified":"2021-02-07T16:08:20","modified_gmt":"2021-02-07T12:08:20","slug":"orientation","status":"publish","type":"page","link":"https:\/\/etab.ac-reunion.fr\/lyc-vincendo\/orientation\/","title":{"rendered":"Orientation"},"content":{"rendered":"<p><span style=\"text-decoration: underline;color: #ff0000\"><strong>Pr\u00e9sentation du BTS Gestion de la PME<\/strong><\/span><\/p>\n<div class=\"su-spacer\" style=\"height:20px\"><\/div>\n<div class=\"su-document su-u-responsive-media-yes\"><iframe loading=\"lazy\" src=\"\/\/docs.google.com\/viewer?embedded=true&url=https:\/\/etab.ac-reunion.fr\/lyc-vincendo\/wp-content\/uploads\/sites\/132\/2021\/02\/Plaquette_BTS_Gestion_de_la_PME_Vincendo-1.pdf\" width=\"1120\" height=\"800\" class=\"su-document resultats\" title=\"\"><\/iframe><\/div>\n<p>&nbsp;<\/p>\n<p><strong><span style=\"text-decoration: underline\"><span style=\"color: #ff0000;text-decoration: underline\">Orientation des lyc\u00e9ens vers l&rsquo;enseignement sup\u00e9rieur<\/span><\/span><\/strong><\/p>\n<div class=\"su-document su-u-responsive-media-yes\"><iframe loading=\"lazy\" src=\"\/\/docs.google.com\/viewer?embedded=true&url=https:\/\/etab.ac-reunion.fr\/lyc-vincendo\/wp-content\/uploads\/sites\/132\/2019\/03\/Post_BAC-version-\u00e9l\u00e8ves-d\u00e9c.-2018.pdf\" width=\"1120\" height=\"800\" class=\"su-document resultats\" title=\"\"><\/iframe><\/div>\n<p>&nbsp;<\/p>\n","protected":false},"excerpt":{"rendered":"<p>Pr\u00e9sentation du BTS Gestion de la PME &nbsp; Orientation des lyc\u00e9ens vers l&rsquo;enseignement sup\u00e9rieur &nbsp;<\/p>\n<p class=\"continue-reading-button\"> <a class=\"continue-reading-link\" href=\"https:\/\/etab.ac-reunion.fr\/lyc-vincendo\/orientation\/\">Lire la suite<i class=\"crycon-right-dir\"><\/i><\/a><\/p>\n","protected":false},"author":13188,"featured_media":0,"parent":0,"menu_order":0,"comment_status":"closed","ping_status":"closed","template":"","meta":{"footnotes":""},"class_list":["post-1892","page","type-page","status-publish","hentry"],"_links":{"self":[{"href":"https:\/\/etab.ac-reunion.fr\/lyc-vincendo\/wp-json\/wp\/v2\/pages\/1892","targetHints":{"allow":["GET"]}}],"collection":[{"href":"https:\/\/etab.ac-reunion.fr\/lyc-vincendo\/wp-json\/wp\/v2\/pages"}],"about":[{"href":"https:\/\/etab.ac-reunion.fr\/lyc-vincendo\/wp-json\/wp\/v2\/types\/page"}],"author":[{"embeddable":true,"href":"https:\/\/etab.ac-reunion.fr\/lyc-vincendo\/wp-json\/wp\/v2\/users\/13188"}],"replies":[{"embeddable":true,"href":"https:\/\/etab.ac-reunion.fr\/lyc-vincendo\/wp-json\/wp\/v2\/comments?post=1892"}],"version-history":[{"count":8,"href":"https:\/\/etab.ac-reunion.fr\/lyc-vincendo\/wp-json\/wp\/v2\/pages\/1892\/revisions"}],"predecessor-version":[{"id":2295,"href":"https:\/\/etab.ac-reunion.fr\/lyc-vincendo\/wp-json\/wp\/v2\/pages\/1892\/revisions\/2295"}],"wp:attachment":[{"href":"https:\/\/etab.ac-reunion.fr\/lyc-vincendo\/wp-json\/wp\/v2\/media?parent=1892"}],"curies":[{"name":"wp","href":"https:\/\/api.w.org\/{rel}","templated":true}]}}