{"id":1930,"date":"2019-01-12T10:48:24","date_gmt":"2019-01-12T06:48:24","guid":{"rendered":"http:\/\/lycee-vincendo.ac-reunion.fr\/?page_id=1930"},"modified":"2025-12-08T15:05:57","modified_gmt":"2025-12-08T11:05:57","slug":"specialites","status":"publish","type":"page","link":"https:\/\/etab.ac-reunion.fr\/lyc-vincendo\/specialites\/","title":{"rendered":"Sp\u00e9cialit\u00e9s"},"content":{"rendered":"<p><a href=\"https:\/\/prezi.com\/view\/HfDP4CEpDtn9mdFQGTCA\/\" target=\"_blank\" rel=\"noopener\"><img loading=\"lazy\" decoding=\"async\" class=\"alignnone wp-image-3799\" src=\"https:\/\/etab.ac-reunion.fr\/lyc-vincendo\/wp-content\/uploads\/sites\/132\/2023\/12\/prezi00-300x162.jpg\" alt=\"\" width=\"653\" height=\"353\" srcset=\"https:\/\/etab.ac-reunion.fr\/lyc-vincendo\/wp-content\/uploads\/sites\/132\/2023\/12\/prezi00-300x162.jpg 300w, https:\/\/etab.ac-reunion.fr\/lyc-vincendo\/wp-content\/uploads\/sites\/132\/2023\/12\/prezi00-1024x554.jpg 1024w, https:\/\/etab.ac-reunion.fr\/lyc-vincendo\/wp-content\/uploads\/sites\/132\/2023\/12\/prezi00-1536x831.jpg 1536w, https:\/\/etab.ac-reunion.fr\/lyc-vincendo\/wp-content\/uploads\/sites\/132\/2023\/12\/prezi00-2048x1108.jpg 2048w, https:\/\/etab.ac-reunion.fr\/lyc-vincendo\/wp-content\/uploads\/sites\/132\/2023\/12\/prezi00-150x81.jpg 150w\" sizes=\"auto, (max-width: 653px) 100vw, 653px\" \/><\/a><\/p>\n<p>&nbsp;<\/p>\n<a href=\"https:\/\/etab.ac-reunion.fr\/lyc-vincendo\/wp-content\/uploads\/sites\/132\/2025\/12\/Listes-de-specialites-possibles-2026.pdf\" class=\"pdfemb-viewer\" style=\"width:800px;height:450px;\" data-width=\"800\" data-height=\"450\" data-toolbar=\"bottom\" data-toolbar-fixed=\"on\">Listes-de-specialites-possibles-2026<\/a>\n<p><strong><span style=\"text-decoration: underline\"><span style=\"color: #ff0000;text-decoration: underline\">Sp\u00e9cialit\u00e9s de la voie g\u00e9n\u00e9rale<\/span><\/span><br \/>\n<\/strong><\/p>\n<p><a class=\"customize-unpreviewable fancybox-pdf\" href=\"https:\/\/etab.ac-reunion.fr\/lyc-vincendo\/wp-content\/uploads\/sites\/132\/2019\/01\/SPE-SVT-1\u00e8re.pdf\">SPECIALITE SVT <\/a><\/p>\n<p><a class=\"customize-unpreviewable fancybox-pdf\" href=\"https:\/\/etab.ac-reunion.fr\/lyc-vincendo\/wp-content\/uploads\/sites\/132\/2019\/01\/SPE-SES-1\u00e8re.pdf\">SPECIALTE SES <\/a><\/p>\n<p><a class=\"customize-unpreviewable fancybox-pdf\" href=\"https:\/\/etab.ac-reunion.fr\/lyc-vincendo\/wp-content\/uploads\/sites\/132\/2019\/01\/SPE-PC-1\u00e8re.pdf\">SPECIALITE Physique-Chimie <\/a><\/p>\n<p><a class=\"customize-unpreviewable fancybox-pdf\" href=\"https:\/\/etab.ac-reunion.fr\/lyc-vincendo\/wp-content\/uploads\/sites\/132\/2019\/01\/SPE-maths-1\u00e8re.pdf\">SPECIALITE Maths 1\u00e8re et term\u00a0<\/a><\/p>\n<p><a class=\"customize-unpreviewable fancybox-pdf\" href=\"https:\/\/etab.ac-reunion.fr\/lyc-vincendo\/wp-content\/uploads\/sites\/132\/2019\/01\/SPE-LV-anglais-1\u00e8re.pdf\">SPECIALITE LLCE Anglais et Espagnol\u00a0 1\u00e8re et term\u00a0<\/a><\/p>\n<p><a class=\"customize-unpreviewable fancybox-pdf\" href=\"https:\/\/etab.ac-reunion.fr\/lyc-vincendo\/wp-content\/uploads\/sites\/132\/2019\/01\/SPE-HUM-LITT-PHILO-1\u00e8re.pdf\">SPECIALITE Humanit\u00e9, Litt\u00e9rature et Philosophie 1\u00e8re<\/a><\/p>\n<p><a class=\"customize-unpreviewable fancybox-pdf\" href=\"https:\/\/etab.ac-reunion.fr\/lyc-vincendo\/wp-content\/uploads\/sites\/132\/2019\/01\/SPE-HG-PO-1\u00e8re.pdf\">SPECIALITE HG, G\u00e9opolitique et Sciences politiques 1\u00e8re<\/a><\/p>\n<p>SPECIALITE EPPCS, Education Physique, Pratiques et Culture Sportives<\/p>\n<p>&nbsp;<\/p>\n<p><span style=\"text-decoration: underline\"><span style=\"color: #ff0000;text-decoration: underline\"><strong>S<\/strong><\/span><span style=\"color: #ff0000;text-decoration: underline\"><strong>p\u00e9cialit\u00e9s de la ST2S<\/strong><\/span><\/span><\/p>\n<p><a class=\"customize-unpreviewable fancybox-pdf\" href=\"https:\/\/etab.ac-reunion.fr\/lyc-vincendo\/wp-content\/uploads\/sites\/132\/2019\/01\/SPE-STSS-1\u00e8re.pdf\">SPECIALITE STSS 1\u00e8re<\/a><\/p>\n<p><a class=\"customize-unpreviewable fancybox-pdf\" href=\"https:\/\/etab.ac-reunion.fr\/lyc-vincendo\/wp-content\/uploads\/sites\/132\/2019\/01\/SPE-BIO-PHYSIO-PATHO-1\u00e8re.pdf\">SPECIALITE Biologie, Physiopathologie humaines 1\u00e8re<\/a><\/p>\n<p><a class=\"customize-unpreviewable fancybox-pdf\" href=\"https:\/\/etab.ac-reunion.fr\/lyc-vincendo\/wp-content\/uploads\/sites\/132\/2019\/01\/SPE-PC-pour-la-sant\u00e9-1\u00e8re-term.pdf\">SPECIALITE Physique Chimie pour la sant\u00e9 (1\u00e8re + term)<\/a><\/p>\n<p>&nbsp;<\/p>\n<p><span style=\"text-decoration: underline;color: #ff0000\"><strong>Sp\u00e9cialit\u00e9s pour la STMG<\/strong><\/span><\/p>\n<p><a class=\"customize-unpreviewable fancybox-pdf\" href=\"https:\/\/etab.ac-reunion.fr\/lyc-vincendo\/wp-content\/uploads\/sites\/132\/2019\/01\/SPE-DROIT-ECO.pdf\">SPECIALITE Droit et Economie<\/a><\/p>\n<p><a class=\"customize-unpreviewable fancybox-pdf\" href=\"https:\/\/etab.ac-reunion.fr\/lyc-vincendo\/wp-content\/uploads\/sites\/132\/2019\/01\/SPE-MANAGEMENT-1\u00e8re.pdf\">SPECIALITE Management 1\u00e8re<\/a><\/p>\n<p><a class=\"customize-unpreviewable fancybox-pdf\" href=\"https:\/\/etab.ac-reunion.fr\/lyc-vincendo\/wp-content\/uploads\/sites\/132\/2019\/01\/SPE-SC-GESTION-NUM-1\u00e8re.pdf\">SPECIALITE Science de Gestion Num\u00e9rique 1\u00e8re<\/a><\/p>\n","protected":false},"excerpt":{"rendered":"<p>&nbsp; Sp\u00e9cialit\u00e9s de la voie g\u00e9n\u00e9rale SPECIALITE SVT SPECIALTE SES SPECIALITE Physique-Chimie SPECIALITE Maths 1\u00e8re et term\u00a0 SPECIALITE LLCE Anglais et Espagnol\u00a0 1\u00e8re et term\u00a0 SPECIALITE Humanit\u00e9, Litt\u00e9rature et Philosophie 1\u00e8re SPECIALITE HG, G\u00e9opolitique et Sciences politiques 1\u00e8re SPECIALITE EPPCS, Education Physique, Pratiques et Culture Sportives &nbsp; Sp\u00e9cialit\u00e9s de la\u2026<\/p>\n<p class=\"continue-reading-button\"> <a class=\"continue-reading-link\" href=\"https:\/\/etab.ac-reunion.fr\/lyc-vincendo\/specialites\/\">Lire la suite<i class=\"crycon-right-dir\"><\/i><\/a><\/p>\n","protected":false},"author":13188,"featured_media":0,"parent":0,"menu_order":0,"comment_status":"closed","ping_status":"closed","template":"","meta":{"footnotes":""},"class_list":["post-1930","page","type-page","status-publish","hentry"],"_links":{"self":[{"href":"https:\/\/etab.ac-reunion.fr\/lyc-vincendo\/wp-json\/wp\/v2\/pages\/1930","targetHints":{"allow":["GET"]}}],"collection":[{"href":"https:\/\/etab.ac-reunion.fr\/lyc-vincendo\/wp-json\/wp\/v2\/pages"}],"about":[{"href":"https:\/\/etab.ac-reunion.fr\/lyc-vincendo\/wp-json\/wp\/v2\/types\/page"}],"author":[{"embeddable":true,"href":"https:\/\/etab.ac-reunion.fr\/lyc-vincendo\/wp-json\/wp\/v2\/users\/13188"}],"replies":[{"embeddable":true,"href":"https:\/\/etab.ac-reunion.fr\/lyc-vincendo\/wp-json\/wp\/v2\/comments?post=1930"}],"version-history":[{"count":10,"href":"https:\/\/etab.ac-reunion.fr\/lyc-vincendo\/wp-json\/wp\/v2\/pages\/1930\/revisions"}],"predecessor-version":[{"id":4950,"href":"https:\/\/etab.ac-reunion.fr\/lyc-vincendo\/wp-json\/wp\/v2\/pages\/1930\/revisions\/4950"}],"wp:attachment":[{"href":"https:\/\/etab.ac-reunion.fr\/lyc-vincendo\/wp-json\/wp\/v2\/media?parent=1930"}],"curies":[{"name":"wp","href":"https:\/\/api.w.org\/{rel}","templated":true}]}}