{"id":241,"date":"2015-11-10T09:50:39","date_gmt":"2015-11-10T05:50:39","guid":{"rendered":"http:\/\/lycee-vincendo.ac-reunion.fr\/?page_id=241"},"modified":"2016-03-24T10:26:17","modified_gmt":"2016-03-24T06:26:17","slug":"es-matieres-enseignees-et-coefficients","status":"publish","type":"page","link":"https:\/\/etab.ac-reunion.fr\/lyc-vincendo\/es-matieres-enseignees-et-coefficients\/","title":{"rendered":"ES-Mati\u00e8res enseign\u00e9es et coefficients"},"content":{"rendered":"<div class=\"formation_ligne_noire_100p marge_bas_10\"><\/div>\n<div style=\"font-size: 14px;width: 625px;height: 80px;color: #ffffff;background-color: #4a3469;border-top: 1px solid #000000;border-right: 1px solid #000000;border-left: 1px solid #000000;clear: both\">\n<div style=\"float: left;width: 300px;height: 80px;border-right: 1px solid #000000;padding-left: 4px\">Enseignements<\/div>\n<div style=\"float: left;width: 100px;height: 80px;padding-left: 4px\">Classe de premi\u00e8re Horaire par \u00e9l\u00e8ve<\/div>\n<div style=\"float: left;width: 200px;height: 80px;border-left: 1px solid #000000;padding-left: 4px\">Classe terminale Horaire par \u00e9l\u00e8ve<\/div>\n<\/div>\n<div class=\"l1\" style=\"font-size: 14px;width: 625px;height: 24px;color: #000000;background-color: #c9c2d2;border-top: 1px solid #000000;border-right: 1px solid #000000;border-left: 1px solid #000000;clear: both\">\n<div style=\"float: left;width: 300px;height: 24px;border-right: 1px solid #000000;padding-left: 4px\">Fran\u00e7ais<\/div>\n<div style=\"float: left;width: 100px;height: 24px;padding-left: 4px\">4h<\/div>\n<div style=\"float: left;width: 200px;height: 24px;border-left: 1px solid #000000;padding-left: 4px\">&#8211;<\/div>\n<\/div>\n<div class=\"l2\" style=\"font-size: 14px;width: 625px;height: 24px;color: #000000;background-color: #ffffff;border-top: 1px solid #000000;border-right: 1px solid #000000;border-left: 1px solid #000000;clear: both\">\n<div style=\"float: left;width: 300px;height: 24px;border-right: 1px solid #000000;padding-left: 4px\">Philosophie<\/div>\n<div style=\"float: left;width: 100px;height: 24px;padding-left: 4px\">&#8211;<\/div>\n<div style=\"float: left;width: 200px;height: 24px;border-left: 1px solid #000000;padding-left: 4px\">4h<\/div>\n<\/div>\n<div class=\"l1\" style=\"font-size: 14px;width: 625px;height: 24px;color: #000000;background-color: #c9c2d2;border-top: 1px solid #000000;border-right: 1px solid #000000;border-left: 1px solid #000000;clear: both\">\n<div style=\"float: left;width: 300px;height: 24px;border-right: 1px solid #000000;padding-left: 4px\">Histoire-g\u00e9ographie<\/div>\n<div style=\"float: left;width: 100px;height: 24px;padding-left: 4px\">4h<\/div>\n<div style=\"float: left;width: 200px;height: 24px;border-left: 1px solid #000000;padding-left: 4px\">4h<\/div>\n<\/div>\n<div class=\"l2\" style=\"font-size: 14px;width: 625px;height: 24px;color: #000000;background-color: #ffffff;border-top: 1px solid #000000;border-right: 1px solid #000000;border-left: 1px solid #000000;clear: both\">\n<div style=\"float: left;width: 300px;height: 24px;border-right: 1px solid #000000;padding-left: 4px\">Langues vivantes 1 et 2 (horaire globalis\u00e9)<\/div>\n<div style=\"float: left;width: 100px;height: 24px;padding-left: 4px\">4h30<\/div>\n<div style=\"float: left;width: 200px;height: 24px;border-left: 1px solid #000000;padding-left: 4px\">4h<\/div>\n<\/div>\n<div class=\"l1\" style=\"font-size: 14px;width: 625px;height: 24px;color: #000000;background-color: #c9c2d2;border-top: 1px solid #000000;border-right: 1px solid #000000;border-left: 1px solid #000000;clear: both\">\n<div style=\"float: left;width: 300px;height: 24px;border-right: 1px solid #000000;padding-left: 4px\">Education physique et sportive<\/div>\n<div style=\"float: left;width: 100px;height: 24px;padding-left: 4px\">2h<\/div>\n<div style=\"float: left;width: 200px;height: 24px;border-left: 1px solid #000000;padding-left: 4px\">2h<\/div>\n<\/div>\n<div class=\"l2\" style=\"font-size: 14px;width: 625px;height: 24px;color: #000000;background-color: #ffffff;border-top: 1px solid #000000;border-right: 1px solid #000000;border-left: 1px solid #000000;clear: both\">\n<div style=\"float: left;width: 300px;height: 24px;border-right: 1px solid #000000;padding-left: 4px\">Education morale et civique<\/div>\n<div style=\"float: left;width: 100px;height: 24px;padding-left: 4px\">0h30<\/div>\n<div style=\"float: left;width: 200px;height: 24px;border-left: 1px solid #000000;padding-left: 4px\">0h30<\/div>\n<\/div>\n<div class=\"l1\" style=\"font-size: 14px;width: 625px;height: 24px;color: #000000;background-color: #c9c2d2;border-top: 1px solid #000000;border-right: 1px solid #000000;border-left: 1px solid #000000;clear: both\">\n<div style=\"float: left;width: 300px;height: 24px;border-right: 1px solid #000000;padding-left: 4px\">Math\u00e9matiques<\/div>\n<div style=\"float: left;width: 100px;height: 24px;padding-left: 4px\">3h<\/div>\n<div style=\"float: left;width: 200px;height: 24px;border-left: 1px solid #000000;padding-left: 4px\">4h<\/div>\n<\/div>\n<div class=\"l2\" style=\"font-size: 14px;width: 625px;height: 24px;color: #000000;background-color: #ffffff;border-top: 1px solid #000000;border-right: 1px solid #000000;border-left: 1px solid #000000;clear: both\">\n<div style=\"float: left;width: 300px;height: 24px;border-right: 1px solid #000000;padding-left: 4px\">Sciences<\/div>\n<div style=\"float: left;width: 100px;height: 24px;padding-left: 4px\">1h30<\/div>\n<div style=\"float: left;width: 200px;height: 24px;border-left: 1px solid #000000;padding-left: 4px\">&#8211;<\/div>\n<\/div>\n<div class=\"l1\" style=\"font-size: 14px;width: 625px;height: 24px;color: #000000;background-color: #c9c2d2;border-top: 1px solid #000000;border-right: 1px solid #000000;border-left: 1px solid #000000;clear: both\">\n<div style=\"float: left;width: 300px;height: 24px;border-right: 1px solid #000000;padding-left: 4px\">Sciences \u00e9conomiques et sociales<\/div>\n<div style=\"float: left;width: 100px;height: 24px;padding-left: 4px\">5h<\/div>\n<div style=\"float: left;width: 200px;height: 24px;border-left: 1px solid #000000;padding-left: 4px\">5h<\/div>\n<\/div>\n<div class=\"l2\" style=\"font-size: 14px;width: 625px;height: 72px;color: #000000;background-color: #ffffff;border-top: 1px solid #000000;border-right: 1px solid #000000;border-left: 1px solid #000000;clear: both\">\n<div style=\"float: left;width: 300px;height: 72px;border-right: 1px solid #000000;padding-left: 4px\">Un enseignement de sp\u00e9cialit\u00e9 au choix :<br \/>\n<strong style=\"color: #ff0000\">Math\u00e9matiques, ou Sciences sociales et politiques<\/strong>,<\/div>\n<div style=\"float: left;width: 100px;height: 72px;padding-left: 4px\">&#8211;<\/div>\n<div style=\"float: left;width: 200px;height: 72px;border-left: 1px solid #000000;padding-left: 4px\">1h30<\/div>\n<\/div>\n<div class=\"l1\" style=\"font-size: 14px;width: 625px;height: 48px;color: #000000;background-color: #c9c2d2;border-top: 1px solid #000000;border-right: 1px solid #000000;border-left: 1px solid #000000;clear: both\">\n<div style=\"float: left;width: 300px;height: 48px;border-right: 1px solid #000000;padding-left: 4px\">Accompagnement personnalis\u00e9 : soutien, approfondissement, aide \u00e0 l&rsquo;orientation<\/div>\n<div style=\"float: left;width: 100px;height: 48px;padding-left: 4px\">2h<\/div>\n<div style=\"float: left;width: 200px;height: 48px;border-left: 1px solid #000000;padding-left: 4px\">2h<\/div>\n<\/div>\n<div class=\"l2\" style=\"font-size: 14px;width: 625px;height: 24px;color: #000000;background-color: #ffffff;border-top: 1px solid #000000;border-right: 1px solid #000000;border-left: 1px solid #000000;clear: both\">\n<div style=\"float: left;width: 300px;height: 24px;border-right: 1px solid #000000;padding-left: 4px\">TPE<\/div>\n<div style=\"float: left;width: 100px;height: 24px;padding-left: 4px\">1h<\/div>\n<div style=\"float: left;width: 200px;height: 24px;border-left: 1px solid #000000;padding-left: 4px\">&#8211;<\/div>\n<\/div>\n<div class=\"l2\" style=\"font-size: 14px;width: 625px;height: 24px;color: #000000;background-color: #ffffff;clear: both;border: 1px solid #000000\">\n<div style=\"float: left;width: 300px;height: 24px;border-right: 1px solid #000000;padding-left: 4px\">Examen facultatif Latin<\/div>\n<div style=\"float: left;width: 100px;height: 24px;padding-left: 4px\">3h<\/div>\n<div style=\"float: left;width: 200px;height: 24px;border-left: 1px solid #000000;padding-left: 4px\">3h<\/div>\n<\/div>\n<p>&nbsp;<\/p>\n<div style=\"color: #000000;font-weight: bold\">Examens en fin de Premi\u00e8re (EAF) :<\/div>\n<ul style=\"margin-top: 0\">\n<li style=\"color: #000000;font-weight: bold\">Oral de Fran\u00e7ais (Coefficient 2),<\/li>\n<li style=\"color: #000000;font-weight: bold\">Fran\u00e7ais Ecrit (Coefficient 2),<\/li>\n<li style=\"color: #000000;font-weight: bold\">TPE (Coefficient 2)<\/li>\n<\/ul>\n<div style=\"font-weight: bold;color: #135191\">Examens en fin de Terminale :<\/div>\n<ul style=\"margin-top: 0\">\n<li style=\"color: #ffa500\">Math\u00e9matiques (Coefficient 7),<\/li>\n<li style=\"color: #ffa500\">Physique chimie (Coefficient 6)<\/li>\n<li style=\"color: #ffa500\">SVT (Coefficient 6)<\/li>\n<li style=\"color: #ffa500\">Philosophie (Coefficient 3),<\/li>\n<li style=\"color: #ffa500\">Histoire-g\u00e9ographie (Coefficient 3),<\/li>\n<li style=\"color: #ffa500\">Langue vivante 1 (Coefficient 3)<\/li>\n<li style=\"color: #ffa500\">Langue vivante 2 (Coefficient 2)<\/li>\n<li style=\"color: #ffa500\">Education Physique et Sportive (Coefficient 2) (CCF).<\/li>\n<li style=\"color: #ffa500\">Epreuves de sp\u00e9cialit\u00e9 : math\u00e9matiques ou science sociale et politique (une au choix).<\/li>\n<\/ul>\n<div style=\"font-weight: bold;color: #1359a0\">Sp\u00e9cialit\u00e9s au choix :<\/div>\n<p>\u2022 En classe de Terminale, vous choisirez UNE mati\u00e8re qui vous plait le plus et o\u00f9 vous serez assur\u00e9 d\u2019obtenir une bonne note : Parmi les mati\u00e8res d\u00e9j\u00e0 enseign\u00e9es (math\u00e9matiques ou sciences sociales et politiques) : <strong style=\"background-color: #ffff00\">Coefficient 2 qui s\u2019ajoute au coefficient de la mati\u00e8re<\/strong>.<\/p>\n","protected":false},"excerpt":{"rendered":"<p>Enseignements Classe de premi\u00e8re Horaire par \u00e9l\u00e8ve Classe terminale Horaire par \u00e9l\u00e8ve Fran\u00e7ais 4h &#8211; Philosophie &#8211; 4h Histoire-g\u00e9ographie 4h 4h Langues vivantes 1 et 2 (horaire globalis\u00e9) 4h30 4h Education physique et sportive 2h 2h Education morale et civique 0h30 0h30 Math\u00e9matiques 3h 4h Sciences 1h30 &#8211; Sciences \u00e9conomiques\u2026<\/p>\n<p class=\"continue-reading-button\"> <a class=\"continue-reading-link\" href=\"https:\/\/etab.ac-reunion.fr\/lyc-vincendo\/es-matieres-enseignees-et-coefficients\/\">Lire la suite<i class=\"crycon-right-dir\"><\/i><\/a><\/p>\n","protected":false},"author":8485,"featured_media":0,"parent":0,"menu_order":0,"comment_status":"closed","ping_status":"closed","template":"","meta":{"footnotes":""},"class_list":["post-241","page","type-page","status-publish","hentry"],"_links":{"self":[{"href":"https:\/\/etab.ac-reunion.fr\/lyc-vincendo\/wp-json\/wp\/v2\/pages\/241","targetHints":{"allow":["GET"]}}],"collection":[{"href":"https:\/\/etab.ac-reunion.fr\/lyc-vincendo\/wp-json\/wp\/v2\/pages"}],"about":[{"href":"https:\/\/etab.ac-reunion.fr\/lyc-vincendo\/wp-json\/wp\/v2\/types\/page"}],"author":[{"embeddable":true,"href":"https:\/\/etab.ac-reunion.fr\/lyc-vincendo\/wp-json\/wp\/v2\/users\/8485"}],"replies":[{"embeddable":true,"href":"https:\/\/etab.ac-reunion.fr\/lyc-vincendo\/wp-json\/wp\/v2\/comments?post=241"}],"version-history":[{"count":9,"href":"https:\/\/etab.ac-reunion.fr\/lyc-vincendo\/wp-json\/wp\/v2\/pages\/241\/revisions"}],"predecessor-version":[{"id":1372,"href":"https:\/\/etab.ac-reunion.fr\/lyc-vincendo\/wp-json\/wp\/v2\/pages\/241\/revisions\/1372"}],"wp:attachment":[{"href":"https:\/\/etab.ac-reunion.fr\/lyc-vincendo\/wp-json\/wp\/v2\/media?parent=241"}],"curies":[{"name":"wp","href":"https:\/\/api.w.org\/{rel}","templated":true}]}}