{"id":249,"date":"2015-11-10T10:21:20","date_gmt":"2015-11-10T06:21:20","guid":{"rendered":"http:\/\/lycee-vincendo.ac-reunion.fr\/?page_id=249"},"modified":"2024-11-04T21:32:34","modified_gmt":"2024-11-04T17:32:34","slug":"bac-st2s","status":"publish","type":"page","link":"https:\/\/etab.ac-reunion.fr\/lyc-vincendo\/bac-st2s\/","title":{"rendered":"Bac ST2S"},"content":{"rendered":"<div class=\"formation_ligne_noire_100p marge_bas_10\">Les mati\u00e8res enseign\u00e9es:<\/div>\n<div style=\"font-size: 14px;width: 625px;height: 80px;color: #ffffff;background-color: #4a3469;border-top: 1px solid #000000;border-right: 1px solid #000000;border-left: 1px solid #000000;clear: both\">\n<div style=\"float: left;width: 300px;height: 80px;border-right: 1px solid #000000;padding-left: 4px\">Enseignements<\/div>\n<div style=\"float: left;width: 100px;height: 80px;padding-left: 4px\">Classe de premi\u00e8re Horaire par \u00e9l\u00e8ve<\/div>\n<div style=\"float: left;width: 200px;height: 80px;border-left: 1px solid #000000;padding-left: 4px\">Classe terminale Horaire par \u00e9l\u00e8ve<\/div>\n<\/div>\n<div class=\"l1\" style=\"font-size: 14px;width: 625px;height: 24px;color: #000000;background-color: #c9c2d2;border-top: 1px solid #000000;border-right: 1px solid #000000;border-left: 1px solid #000000;clear: both\">\n<div style=\"float: left;width: 300px;height: 24px;border-right: 1px solid #000000;padding-left: 4px\">Sciences et techniques sanitaires et sociales<\/div>\n<div style=\"float: left;width: 100px;height: 24px;padding-left: 4px\">7h<\/div>\n<div style=\"float: left;width: 200px;height: 24px;border-left: 1px solid #000000;padding-left: 4px\">8h<\/div>\n<\/div>\n<div class=\"l2\" style=\"font-size: 14px;width: 625px;height: 24px;color: #000000;background-color: #ffffff;border-top: 1px solid #000000;border-right: 1px solid #000000;border-left: 1px solid #000000;clear: both\">\n<div style=\"float: left;width: 300px;height: 24px;border-right: 1px solid #000000;padding-left: 4px\">Biologie et physiopathologie humaines<\/div>\n<div style=\"float: left;width: 100px;height: 24px;padding-left: 4px\">3h<\/div>\n<div style=\"float: left;width: 200px;height: 24px;border-left: 1px solid #000000;padding-left: 4px\">5h<\/div>\n<\/div>\n<div class=\"l1\" style=\"font-size: 14px;width: 625px;height: 24px;color: #000000;background-color: #c9c2d2;border-top: 1px solid #000000;border-right: 1px solid #000000;border-left: 1px solid #000000;clear: both\">\n<div style=\"float: left;width: 300px;height: 24px;border-right: 1px solid #000000;padding-left: 4px\">Fran\u00e7ais<\/div>\n<div style=\"float: left;width: 100px;height: 24px;padding-left: 4px\">3h<\/div>\n<div style=\"float: left;width: 200px;height: 24px;border-left: 1px solid #000000;padding-left: 4px\">&#8211;<\/div>\n<\/div>\n<div class=\"l2\" style=\"font-size: 14px;width: 625px;height: 24px;color: #000000;background-color: #ffffff;border-top: 1px solid #000000;border-right: 1px solid #000000;border-left: 1px solid #000000;clear: both\">\n<div style=\"float: left;width: 300px;height: 24px;border-right: 1px solid #000000;padding-left: 4px\">Langues vivantes 1 et 2<\/div>\n<div style=\"float: left;width: 100px;height: 24px;padding-left: 4px\">3h<\/div>\n<div style=\"float: left;width: 200px;height: 24px;border-left: 1px solid #000000;padding-left: 4px\">3h<\/div>\n<\/div>\n<div class=\"l1\" style=\"font-size: 14px;width: 625px;height: 24px;color: #000000;background-color: #c9c2d2;border-top: 1px solid #000000;border-right: 1px solid #000000;border-left: 1px solid #000000;clear: both\">\n<div style=\"float: left;width: 300px;height: 24px;border-right: 1px solid #000000;padding-left: 4px\">Math\u00e9matiques<\/div>\n<div style=\"float: left;width: 100px;height: 24px;padding-left: 4px\">3h<\/div>\n<div style=\"float: left;width: 200px;height: 24px;border-left: 1px solid #000000;padding-left: 4px\">3h<\/div>\n<\/div>\n<div class=\"l2\" style=\"font-size: 14px;width: 625px;height: 24px;color: #000000;background-color: #ffffff;border-top: 1px solid #000000;border-right: 1px solid #000000;border-left: 1px solid #000000;clear: both\">\n<div style=\"float: left;width: 300px;height: 24px;border-right: 1px solid #000000;padding-left: 4px\">Sciences physiques et chimiques<\/div>\n<div style=\"float: left;width: 100px;height: 24px;padding-left: 4px\">3h<\/div>\n<div style=\"float: left;width: 200px;height: 24px;border-left: 1px solid #000000;padding-left: 4px\">3h<\/div>\n<\/div>\n<div class=\"l1\" style=\"font-size: 14px;width: 625px;height: 24px;color: #000000;background-color: #c9c2d2;border-top: 1px solid #000000;border-right: 1px solid #000000;border-left: 1px solid #000000;clear: both\">\n<div style=\"float: left;width: 300px;height: 24px;border-right: 1px solid #000000;padding-left: 4px\">\u00c9ducation physique et sportive<\/div>\n<div style=\"float: left;width: 100px;height: 24px;padding-left: 4px\">2h<\/div>\n<div style=\"float: left;width: 200px;height: 24px;border-left: 1px solid #000000;padding-left: 4px\">2h<\/div>\n<\/div>\n<div class=\"l2\" style=\"font-size: 14px;width: 625px;height: 24px;color: #000000;background-color: #ffffff;border-top: 1px solid #000000;border-right: 1px solid #000000;border-left: 1px solid #000000;clear: both\">\n<div style=\"float: left;width: 300px;height: 24px;border-right: 1px solid #000000;padding-left: 4px\">Histoire-g\u00e9ographie<\/div>\n<div style=\"float: left;width: 100px;height: 24px;padding-left: 4px\">1h30<\/div>\n<div style=\"float: left;width: 200px;height: 24px;border-left: 1px solid #000000;padding-left: 4px\">1h30<\/div>\n<\/div>\n<div class=\"l1\" style=\"font-size: 14px;width: 625px;height: 24px;color: #000000;background-color: #c9c2d2;border-top: 1px solid #000000;border-right: 1px solid #000000;border-left: 1px solid #000000;clear: both\">\n<div style=\"float: left;width: 300px;height: 24px;border-right: 1px solid #000000;padding-left: 4px\">Philosophie<\/div>\n<div style=\"float: left;width: 100px;height: 24px;padding-left: 4px\">&#8211;<\/div>\n<div style=\"float: left;width: 200px;height: 24px;border-left: 1px solid #000000;padding-left: 4px\">2h<\/div>\n<\/div>\n<div class=\"l2\" style=\"font-size: 14px;width: 625px;height: 24px;color: #000000;background-color: #ffffff;border-top: 1px solid #000000;border-right: 1px solid #000000;border-left: 1px solid #000000;clear: both\">\n<div style=\"float: left;width: 300px;height: 24px;border-right: 1px solid #000000;padding-left: 4px\">Accompagnement personnalis\u00e9<\/div>\n<div style=\"float: left;width: 100px;height: 24px;padding-left: 4px\">2h<\/div>\n<div style=\"float: left;width: 200px;height: 24px;border-left: 1px solid #000000;padding-left: 4px\">2h<\/div>\n<\/div>\n<div class=\"l1\" style=\"font-size: 14px;width: 625px;height: 24px;color: #000000;background-color: #c9c2d2;clear: both;border: 1px solid #000000\">\n<div style=\"float: left;width: 300px;height: 24px;border-right: 1px solid #000000;padding-left: 4px\">EMC<\/div>\n<div style=\"float: left;width: 100px;height: 24px;padding-left: 4px\">0h30<\/div>\n<div style=\"float: left;width: 200px;height: 24px;border-left: 1px solid #000000;padding-left: 4px\">0h30<\/div>\n<\/div>\n<div class=\"marge_bas_20\"><\/div>\n<div style=\"font-weight: bold;color: #135191\">Examens en fin de Premi\u00e8re (EAF) :<\/div>\n<ul style=\"margin-top: 0\">\n<li style=\"color: #ffa500\">Oral de Fran\u00e7ais ,<\/li>\n<li style=\"color: #ffa500\">Fran\u00e7ais Ecrit.<\/li>\n<\/ul>\n<div style=\"font-weight: bold;color: #135191\">Examens en fin de Terminale :<\/div>\n<ul style=\"margin-top: 0\">\n<li style=\"color: #ffa500\">Biologie et physiopathologie humaines<\/li>\n<li style=\"color: #ffa500\">Sciences et techniques sanitaires et sociales<\/li>\n<li style=\"color: #ffa500\">Le grand oral<\/li>\n<li style=\"color: #ffa500\">Philosophie<\/li>\n<\/ul>\n<p>Que faire apr\u00e8s un Bac ST2S ?<\/p>\n<p>Le bac ST2S apporte des atouts pour continuer des \u00e9tudes dans le <a href=\"http:\/\/www.onisep.fr\/Choisir-mes-etudes\/Apres-le-bac\/Principaux-domaines-d-etudes\/Les-ecoles-du-paramedical\">param\u00e9dical<\/a> et le <a href=\"http:\/\/www.onisep.fr\/Choisir-mes-etudes\/Apres-le-bac\/Principaux-domaines-d-etudes\/Les-ecoles-du-social\">social<\/a>, principalement en BTS (brevet de technicien sup\u00e9rieur) ou en IUT (institut universitaire de technologie).<\/p>\n<p>Vous pouvez int\u00e9grer des \u00e9coles param\u00e9dicales et sociales pour pr\u00e9parer un dipl\u00f4me d\u2019Etat, mais il est conseill\u00e9 de suivre une pr\u00e9paration au concours d\u2019entr\u00e9e pour mettre toutes les chances de votre c\u00f4t\u00e9.<\/p>\n<p>Si vous \u00eates motiv\u00e9s par les \u00e9tudes universitaires plus g\u00e9n\u00e9rales vous pouvez vous inscrire en licence pour 3 ans.<br \/>\nLes licences de <a href=\"http:\/\/www.onisep.fr\/Choisir-mes-etudes\/Apres-le-bac\/Principaux-domaines-d-etudes\/Licence-les-mentions-du-domaine-sciences-technologie-et-sante\">sciences sanitaires et sociales<\/a> sont les plus adapt\u00e9es.<br \/>\nCelles de <a href=\"http:\/\/www.onisep.fr\/Choisir-mes-etudes\/Apres-le-bac\/Principaux-domaines-d-etudes\/Licence-les-mentions-du-domaine-sciences-humaines-et-sociales\">sciences humaines et sociales<\/a> (psychologie, sociologie, histoire ou sciences de l&rsquo;\u00e9ducation) requi\u00e8rent une solide culture g\u00e9n\u00e9rale, une aisance \u00e0 l&rsquo;\u00e9crit et des capacit\u00e9s d&rsquo;analyse.<br \/>\nLes licences de <a href=\"http:\/\/www.onisep.fr\/Choisir-mes-etudes\/Apres-le-bac\/Principaux-domaines-d-etudes\/Licence-les-mentions-du-domaine-sciences-technologie-et-sante\">sciences de la vie<\/a> <strong>drainent aussi de nombreux ST2S<\/strong>.Elles n\u00e9cessitent un bon bagage scientifique.<\/p>\n<p><strong>Dans certaines universit\u00e9s, les bacheliers issus de la s\u00e9rie technologique peuvent b\u00e9n\u00e9ficier d&rsquo;une ann\u00e9e de mise \u00e0 niveau.<\/strong><\/p>\n","protected":false},"excerpt":{"rendered":"<p>Les mati\u00e8res enseign\u00e9es: Enseignements Classe de premi\u00e8re Horaire par \u00e9l\u00e8ve Classe terminale Horaire par \u00e9l\u00e8ve Sciences et techniques sanitaires et sociales 7h 8h Biologie et physiopathologie humaines 3h 5h Fran\u00e7ais 3h &#8211; Langues vivantes 1 et 2 3h 3h Math\u00e9matiques 3h 3h Sciences physiques et chimiques 3h 3h \u00c9ducation physique\u2026<\/p>\n<p class=\"continue-reading-button\"> <a class=\"continue-reading-link\" href=\"https:\/\/etab.ac-reunion.fr\/lyc-vincendo\/bac-st2s\/\">Lire la suite<i class=\"crycon-right-dir\"><\/i><\/a><\/p>\n","protected":false},"author":8485,"featured_media":0,"parent":0,"menu_order":0,"comment_status":"closed","ping_status":"closed","template":"","meta":{"footnotes":""},"class_list":["post-249","page","type-page","status-publish","hentry"],"_links":{"self":[{"href":"https:\/\/etab.ac-reunion.fr\/lyc-vincendo\/wp-json\/wp\/v2\/pages\/249","targetHints":{"allow":["GET"]}}],"collection":[{"href":"https:\/\/etab.ac-reunion.fr\/lyc-vincendo\/wp-json\/wp\/v2\/pages"}],"about":[{"href":"https:\/\/etab.ac-reunion.fr\/lyc-vincendo\/wp-json\/wp\/v2\/types\/page"}],"author":[{"embeddable":true,"href":"https:\/\/etab.ac-reunion.fr\/lyc-vincendo\/wp-json\/wp\/v2\/users\/8485"}],"replies":[{"embeddable":true,"href":"https:\/\/etab.ac-reunion.fr\/lyc-vincendo\/wp-json\/wp\/v2\/comments?post=249"}],"version-history":[{"count":13,"href":"https:\/\/etab.ac-reunion.fr\/lyc-vincendo\/wp-json\/wp\/v2\/pages\/249\/revisions"}],"predecessor-version":[{"id":4519,"href":"https:\/\/etab.ac-reunion.fr\/lyc-vincendo\/wp-json\/wp\/v2\/pages\/249\/revisions\/4519"}],"wp:attachment":[{"href":"https:\/\/etab.ac-reunion.fr\/lyc-vincendo\/wp-json\/wp\/v2\/media?parent=249"}],"curies":[{"name":"wp","href":"https:\/\/api.w.org\/{rel}","templated":true}]}}