{"id":2501,"date":"2021-09-12T17:54:00","date_gmt":"2021-09-12T13:54:00","guid":{"rendered":"http:\/\/lycee-vincendo.ac-reunion.fr\/?page_id=2501"},"modified":"2021-10-03T18:19:45","modified_gmt":"2021-10-03T14:19:45","slug":"projets-erasmus","status":"publish","type":"page","link":"https:\/\/etab.ac-reunion.fr\/lyc-vincendo\/projets-erasmus\/","title":{"rendered":"Projets Erasmus"},"content":{"rendered":"<p><strong>Projet ERASMUS <em>\u00ab\u00a0Electronic Cultural Portfolio of my Region\u00a0\u00bb<\/em> 2019-2022<\/strong><\/p>\n<p><img loading=\"lazy\" decoding=\"async\" class=\"size-medium wp-image-2355 aligncenter\" src=\"https:\/\/etab.ac-reunion.fr\/lyc-vincendo\/wp-content\/uploads\/sites\/132\/2019\/09\/eramus-logo-300x65.jpg\" alt=\"\" width=\"300\" height=\"65\" srcset=\"https:\/\/etab.ac-reunion.fr\/lyc-vincendo\/wp-content\/uploads\/sites\/132\/2019\/09\/eramus-logo-300x65.jpg 300w, https:\/\/etab.ac-reunion.fr\/lyc-vincendo\/wp-content\/uploads\/sites\/132\/2019\/09\/eramus-logo-150x32.jpg 150w, https:\/\/etab.ac-reunion.fr\/lyc-vincendo\/wp-content\/uploads\/sites\/132\/2019\/09\/eramus-logo.jpg 421w\" sizes=\"auto, (max-width: 300px) 100vw, 300px\" \/><\/p>\n<p><a href=\"https:\/\/twinspace.etwinning.net\/85693\/home\">https:\/\/twinspace.etwinning.net\/85693\/home<\/a><\/p>\n<p>Projet qui consiste \u00e0 cr\u00e9er des livres \u00e9lectroniques et \u00e0 travailler conjointement avec des \u00e9tablissements europ\u00e9ens sur des activit\u00e9s d&rsquo;apprentissage \u00e0 destination des apprenants et des formations de personnels.<\/p>\n<p>Les partenaires de ce projet:<\/p>\n<ul>\n<li>Vimmerby Gymnasium en Su\u00e8de (https:\/\/www.vimmerbygymnasium.se\/)<\/li>\n<li>South West College (https:\/\/www.swc.ac.uk\/home)<\/li>\n<li>Liceul Tehnologic Terezianum (https:\/\/terezianum.ro\/)<\/li>\n<li>\u00d6demi\u015f Ticaret Odas\u0131 Anadolu Lisesi (http:\/\/odemisaol.meb.k12.tr\/)<\/li>\n<li>Lyc\u00e9e de Vincendo<\/li>\n<\/ul>\n<p>Ce projet a \u00e9t\u00e9 fortement impact\u00e9 par la crise COVID19, nous avons b\u00e9n\u00e9fici\u00e9 d&rsquo;une extension d&rsquo;un an et le programme d&rsquo;activit\u00e9s a \u00e9t\u00e9 all\u00e9g\u00e9. Les activit\u00e9s en cours en 2020-21 incluent la cr\u00e9ation de vid\u00e9os et de livres \u00e9lectroniques collaboratifs ainsi que la mise en place de visioconf\u00e9rences entre les diff\u00e9rents pays partenaires.<\/p>\n<p>-1er livre \u00e9lectronique cr\u00e9e en collaboration avec les partenaires sur le th\u00e8me de l&rsquo;architecture:<\/p>\n<p><a href=\"https:\/\/madmagz.com\/magazine\/1682139\">https:\/\/madmagz.com\/magazine\/1682139<\/a><\/p>\n<p>&#8211; R\u00e9union conjointe de personnels en novembre 2019, avec les partenaires europ\u00e9ens su\u00e9dois, roumains, turcs et nord-irlandais:<\/p>\n<p><img loading=\"lazy\" decoding=\"async\" class=\"alignnone size-medium wp-image-2683\" src=\"https:\/\/etab.ac-reunion.fr\/lyc-vincendo\/wp-content\/uploads\/sites\/132\/2021\/10\/IMG_8130-300x200.jpg\" alt=\"\" width=\"300\" height=\"200\" srcset=\"https:\/\/etab.ac-reunion.fr\/lyc-vincendo\/wp-content\/uploads\/sites\/132\/2021\/10\/IMG_8130-300x200.jpg 300w, https:\/\/etab.ac-reunion.fr\/lyc-vincendo\/wp-content\/uploads\/sites\/132\/2021\/10\/IMG_8130-1024x683.jpg 1024w, https:\/\/etab.ac-reunion.fr\/lyc-vincendo\/wp-content\/uploads\/sites\/132\/2021\/10\/IMG_8130-1536x1024.jpg 1536w, https:\/\/etab.ac-reunion.fr\/lyc-vincendo\/wp-content\/uploads\/sites\/132\/2021\/10\/IMG_8130-2048x1365.jpg 2048w, https:\/\/etab.ac-reunion.fr\/lyc-vincendo\/wp-content\/uploads\/sites\/132\/2021\/10\/IMG_8130-150x100.jpg 150w\" sizes=\"auto, (max-width: 300px) 100vw, 300px\" \/> <img loading=\"lazy\" decoding=\"async\" class=\"alignnone size-medium wp-image-2684\" src=\"https:\/\/etab.ac-reunion.fr\/lyc-vincendo\/wp-content\/uploads\/sites\/132\/2021\/10\/IMG_8121-300x200.jpg\" alt=\"\" width=\"300\" height=\"200\" srcset=\"https:\/\/etab.ac-reunion.fr\/lyc-vincendo\/wp-content\/uploads\/sites\/132\/2021\/10\/IMG_8121-300x200.jpg 300w, https:\/\/etab.ac-reunion.fr\/lyc-vincendo\/wp-content\/uploads\/sites\/132\/2021\/10\/IMG_8121-1024x683.jpg 1024w, https:\/\/etab.ac-reunion.fr\/lyc-vincendo\/wp-content\/uploads\/sites\/132\/2021\/10\/IMG_8121-1536x1024.jpg 1536w, https:\/\/etab.ac-reunion.fr\/lyc-vincendo\/wp-content\/uploads\/sites\/132\/2021\/10\/IMG_8121-2048x1365.jpg 2048w, https:\/\/etab.ac-reunion.fr\/lyc-vincendo\/wp-content\/uploads\/sites\/132\/2021\/10\/IMG_8121-150x100.jpg 150w\" sizes=\"auto, (max-width: 300px) 100vw, 300px\" \/><img loading=\"lazy\" decoding=\"async\" class=\"alignnone size-medium wp-image-2685\" src=\"https:\/\/etab.ac-reunion.fr\/lyc-vincendo\/wp-content\/uploads\/sites\/132\/2021\/10\/20191114_131412-300x300.jpg\" alt=\"\" width=\"300\" height=\"300\" srcset=\"https:\/\/etab.ac-reunion.fr\/lyc-vincendo\/wp-content\/uploads\/sites\/132\/2021\/10\/20191114_131412-300x300.jpg 300w, https:\/\/etab.ac-reunion.fr\/lyc-vincendo\/wp-content\/uploads\/sites\/132\/2021\/10\/20191114_131412-1024x1024.jpg 1024w, https:\/\/etab.ac-reunion.fr\/lyc-vincendo\/wp-content\/uploads\/sites\/132\/2021\/10\/20191114_131412-100x100.jpg 100w, https:\/\/etab.ac-reunion.fr\/lyc-vincendo\/wp-content\/uploads\/sites\/132\/2021\/10\/20191114_131412-1536x1536.jpg 1536w, https:\/\/etab.ac-reunion.fr\/lyc-vincendo\/wp-content\/uploads\/sites\/132\/2021\/10\/20191114_131412-2048x2048.jpg 2048w, https:\/\/etab.ac-reunion.fr\/lyc-vincendo\/wp-content\/uploads\/sites\/132\/2021\/10\/20191114_131412-150x150.jpg 150w\" sizes=\"auto, (max-width: 300px) 100vw, 300px\" \/> <img loading=\"lazy\" decoding=\"async\" class=\"alignnone size-medium wp-image-2686\" src=\"https:\/\/etab.ac-reunion.fr\/lyc-vincendo\/wp-content\/uploads\/sites\/132\/2021\/10\/received_578277122715672-300x225.jpeg\" alt=\"\" width=\"300\" height=\"225\" srcset=\"https:\/\/etab.ac-reunion.fr\/lyc-vincendo\/wp-content\/uploads\/sites\/132\/2021\/10\/received_578277122715672-300x225.jpeg 300w, https:\/\/etab.ac-reunion.fr\/lyc-vincendo\/wp-content\/uploads\/sites\/132\/2021\/10\/received_578277122715672-1024x768.jpeg 1024w, https:\/\/etab.ac-reunion.fr\/lyc-vincendo\/wp-content\/uploads\/sites\/132\/2021\/10\/received_578277122715672-1536x1152.jpeg 1536w, https:\/\/etab.ac-reunion.fr\/lyc-vincendo\/wp-content\/uploads\/sites\/132\/2021\/10\/received_578277122715672-150x113.jpeg 150w, https:\/\/etab.ac-reunion.fr\/lyc-vincendo\/wp-content\/uploads\/sites\/132\/2021\/10\/received_578277122715672.jpeg 2000w\" sizes=\"auto, (max-width: 300px) 100vw, 300px\" \/><img loading=\"lazy\" decoding=\"async\" class=\"alignnone size-medium wp-image-2687\" src=\"https:\/\/etab.ac-reunion.fr\/lyc-vincendo\/wp-content\/uploads\/sites\/132\/2021\/10\/IMG_8118-300x200.jpg\" alt=\"\" width=\"300\" height=\"200\" srcset=\"https:\/\/etab.ac-reunion.fr\/lyc-vincendo\/wp-content\/uploads\/sites\/132\/2021\/10\/IMG_8118-300x200.jpg 300w, https:\/\/etab.ac-reunion.fr\/lyc-vincendo\/wp-content\/uploads\/sites\/132\/2021\/10\/IMG_8118-1024x683.jpg 1024w, https:\/\/etab.ac-reunion.fr\/lyc-vincendo\/wp-content\/uploads\/sites\/132\/2021\/10\/IMG_8118-1536x1024.jpg 1536w, https:\/\/etab.ac-reunion.fr\/lyc-vincendo\/wp-content\/uploads\/sites\/132\/2021\/10\/IMG_8118-2048x1365.jpg 2048w, https:\/\/etab.ac-reunion.fr\/lyc-vincendo\/wp-content\/uploads\/sites\/132\/2021\/10\/IMG_8118-150x100.jpg 150w\" sizes=\"auto, (max-width: 300px) 100vw, 300px\" \/><\/p>\n","protected":false},"excerpt":{"rendered":"<p>Projet ERASMUS \u00ab\u00a0Electronic Cultural Portfolio of my Region\u00a0\u00bb 2019-2022 https:\/\/twinspace.etwinning.net\/85693\/home Projet qui consiste \u00e0 cr\u00e9er des livres \u00e9lectroniques et \u00e0 travailler conjointement avec des \u00e9tablissements europ\u00e9ens sur des activit\u00e9s d&rsquo;apprentissage \u00e0 destination des apprenants et des formations de personnels. Les partenaires de ce projet: Vimmerby Gymnasium en Su\u00e8de (https:\/\/www.vimmerbygymnasium.se\/) South\u2026<\/p>\n<p class=\"continue-reading-button\"> <a class=\"continue-reading-link\" href=\"https:\/\/etab.ac-reunion.fr\/lyc-vincendo\/projets-erasmus\/\">Lire la suite<i class=\"crycon-right-dir\"><\/i><\/a><\/p>\n","protected":false},"author":13188,"featured_media":0,"parent":0,"menu_order":0,"comment_status":"closed","ping_status":"closed","template":"","meta":{"footnotes":""},"class_list":["post-2501","page","type-page","status-publish","hentry"],"_links":{"self":[{"href":"https:\/\/etab.ac-reunion.fr\/lyc-vincendo\/wp-json\/wp\/v2\/pages\/2501","targetHints":{"allow":["GET"]}}],"collection":[{"href":"https:\/\/etab.ac-reunion.fr\/lyc-vincendo\/wp-json\/wp\/v2\/pages"}],"about":[{"href":"https:\/\/etab.ac-reunion.fr\/lyc-vincendo\/wp-json\/wp\/v2\/types\/page"}],"author":[{"embeddable":true,"href":"https:\/\/etab.ac-reunion.fr\/lyc-vincendo\/wp-json\/wp\/v2\/users\/13188"}],"replies":[{"embeddable":true,"href":"https:\/\/etab.ac-reunion.fr\/lyc-vincendo\/wp-json\/wp\/v2\/comments?post=2501"}],"version-history":[{"count":8,"href":"https:\/\/etab.ac-reunion.fr\/lyc-vincendo\/wp-json\/wp\/v2\/pages\/2501\/revisions"}],"predecessor-version":[{"id":2691,"href":"https:\/\/etab.ac-reunion.fr\/lyc-vincendo\/wp-json\/wp\/v2\/pages\/2501\/revisions\/2691"}],"wp:attachment":[{"href":"https:\/\/etab.ac-reunion.fr\/lyc-vincendo\/wp-json\/wp\/v2\/media?parent=2501"}],"curies":[{"name":"wp","href":"https:\/\/api.w.org\/{rel}","templated":true}]}}