{"id":2830,"date":"2021-12-09T08:42:26","date_gmt":"2021-12-09T04:42:26","guid":{"rendered":"http:\/\/lycee-vincendo.ac-reunion.fr\/?page_id=2830"},"modified":"2025-06-04T10:23:37","modified_gmt":"2025-06-04T06:23:37","slug":"specialite-arts-du-cirque","status":"publish","type":"page","link":"https:\/\/etab.ac-reunion.fr\/lyc-vincendo\/specialite-arts-du-cirque\/","title":{"rendered":"Sp\u00e9cialit\u00e9 \u00ab\u00a0ARTS DU CIRQUE\u00a0\u00bb"},"content":{"rendered":"<div class=\"h5p-iframe-wrapper\"><iframe id=\"h5p-iframe-109\" class=\"h5p-iframe\" data-content-id=\"109\" style=\"height:1px\" src=\"about:blank\" frameBorder=\"0\" scrolling=\"no\" title=\"Sorties ADC\"><\/iframe><\/div>\n<div class=\"h5p-iframe-wrapper\"><iframe id=\"h5p-iframe-85\" class=\"h5p-iframe\" data-content-id=\"85\" style=\"height:1px\" src=\"about:blank\" frameBorder=\"0\" scrolling=\"no\" title=\"ADC - sortie\"><\/iframe><\/div>\n<div class=\"h5p-iframe-wrapper\"><iframe id=\"h5p-iframe-69\" class=\"h5p-iframe\" data-content-id=\"69\" style=\"height:1px\" src=\"about:blank\" frameBorder=\"0\" scrolling=\"no\" title=\"ADC - 2023\"><\/iframe><\/div>\n<div class=\"h5p-iframe-wrapper\"><iframe id=\"h5p-iframe-23\" class=\"h5p-iframe\" data-content-id=\"23\" style=\"height:1px\" src=\"about:blank\" frameBorder=\"0\" scrolling=\"no\" title=\"Arts du cirque\"><\/iframe><\/div>\n<div class=\"h5p-iframe-wrapper\"><iframe id=\"h5p-iframe-51\" class=\"h5p-iframe\" data-content-id=\"51\" style=\"height:1px\" src=\"about:blank\" frameBorder=\"0\" scrolling=\"no\" title=\"Arts du cirque 2022\"><\/iframe><\/div>\n<div class=\"h5p-iframe-wrapper\"><iframe id=\"h5p-iframe-51\" class=\"h5p-iframe\" data-content-id=\"51\" style=\"height:1px\" src=\"about:blank\" frameBorder=\"0\" scrolling=\"no\" title=\"Arts du cirque 2022\"><\/iframe><\/div>\n<div class=\"h5p-iframe-wrapper\"><iframe id=\"h5p-iframe-23\" class=\"h5p-iframe\" data-content-id=\"23\" style=\"height:1px\" src=\"about:blank\" frameBorder=\"0\" scrolling=\"no\" title=\"Arts du cirque\"><\/iframe><\/div>\n<h3><strong>Arts du Cirque<\/strong><\/h3>\n<h3><strong>Dans les jardins-collections du FRAC (Fonds R\u00e9gional d\u2019Art Contemporain) le 17 mai 2025<\/strong><\/h3>\n<h3><strong>Performances \u00e0 la mani\u00e8re de Will Dorner,<em> Bodies in Urban Spaces<\/em><\/strong><\/h3>\n<p><img loading=\"lazy\" decoding=\"async\" class=\"alignnone wp-image-4745 size-full\" src=\"https:\/\/etab.ac-reunion.fr\/lyc-vincendo\/wp-content\/uploads\/sites\/132\/2025\/06\/adc11.jpg\" alt=\"\" width=\"698\" height=\"394\" srcset=\"https:\/\/etab.ac-reunion.fr\/lyc-vincendo\/wp-content\/uploads\/sites\/132\/2025\/06\/adc11.jpg 698w, https:\/\/etab.ac-reunion.fr\/lyc-vincendo\/wp-content\/uploads\/sites\/132\/2025\/06\/adc11-300x169.jpg 300w, https:\/\/etab.ac-reunion.fr\/lyc-vincendo\/wp-content\/uploads\/sites\/132\/2025\/06\/adc11-150x85.jpg 150w\" sizes=\"auto, (max-width: 698px) 100vw, 698px\" \/><\/p>\n<p><strong><em>Sylvain et Mathys pinc\u00e9s et mis \u00e0 s\u00e9cher<\/em><\/strong><\/p>\n<p><img loading=\"lazy\" decoding=\"async\" class=\"alignnone wp-image-4746 size-full\" src=\"https:\/\/etab.ac-reunion.fr\/lyc-vincendo\/wp-content\/uploads\/sites\/132\/2025\/06\/adc12.png\" alt=\"\" width=\"327\" height=\"419\" srcset=\"https:\/\/etab.ac-reunion.fr\/lyc-vincendo\/wp-content\/uploads\/sites\/132\/2025\/06\/adc12.png 327w, https:\/\/etab.ac-reunion.fr\/lyc-vincendo\/wp-content\/uploads\/sites\/132\/2025\/06\/adc12-234x300.png 234w, https:\/\/etab.ac-reunion.fr\/lyc-vincendo\/wp-content\/uploads\/sites\/132\/2025\/06\/adc12-117x150.png 117w\" sizes=\"auto, (max-width: 327px) 100vw, 327px\" \/> <img loading=\"lazy\" decoding=\"async\" class=\"alignnone wp-image-4747 size-full\" src=\"https:\/\/etab.ac-reunion.fr\/lyc-vincendo\/wp-content\/uploads\/sites\/132\/2025\/06\/adc13.png\" alt=\"\" width=\"328\" height=\"418\" srcset=\"https:\/\/etab.ac-reunion.fr\/lyc-vincendo\/wp-content\/uploads\/sites\/132\/2025\/06\/adc13.png 328w, https:\/\/etab.ac-reunion.fr\/lyc-vincendo\/wp-content\/uploads\/sites\/132\/2025\/06\/adc13-235x300.png 235w, https:\/\/etab.ac-reunion.fr\/lyc-vincendo\/wp-content\/uploads\/sites\/132\/2025\/06\/adc13-118x150.png 118w\" sizes=\"auto, (max-width: 328px) 100vw, 328px\" \/><\/p>\n<p><strong><em>Na\u00eblys et Elisa assoiff\u00e9es d\u2019art\u2026\u00a0 \u00a0 \u00a0 \u00a0 \u00a0 \u00a0 \u00a0 \u00a0 \u00a0 \u00a0 \u00a0 \u00a0 \u00a0 \u00a0Et Elisa chuta !<\/em><\/strong><\/p>\n<p><img loading=\"lazy\" decoding=\"async\" class=\"alignnone wp-image-4748 size-full\" src=\"https:\/\/etab.ac-reunion.fr\/lyc-vincendo\/wp-content\/uploads\/sites\/132\/2025\/06\/adc14.jpg\" alt=\"\" width=\"299\" height=\"448\" srcset=\"https:\/\/etab.ac-reunion.fr\/lyc-vincendo\/wp-content\/uploads\/sites\/132\/2025\/06\/adc14.jpg 299w, https:\/\/etab.ac-reunion.fr\/lyc-vincendo\/wp-content\/uploads\/sites\/132\/2025\/06\/adc14-200x300.jpg 200w, https:\/\/etab.ac-reunion.fr\/lyc-vincendo\/wp-content\/uploads\/sites\/132\/2025\/06\/adc14-100x150.jpg 100w\" sizes=\"auto, (max-width: 299px) 100vw, 299px\" \/> <img loading=\"lazy\" decoding=\"async\" class=\"alignnone wp-image-4749 size-full\" src=\"https:\/\/etab.ac-reunion.fr\/lyc-vincendo\/wp-content\/uploads\/sites\/132\/2025\/06\/adc15.jpg\" alt=\"\" width=\"341\" height=\"383\" srcset=\"https:\/\/etab.ac-reunion.fr\/lyc-vincendo\/wp-content\/uploads\/sites\/132\/2025\/06\/adc15.jpg 341w, https:\/\/etab.ac-reunion.fr\/lyc-vincendo\/wp-content\/uploads\/sites\/132\/2025\/06\/adc15-267x300.jpg 267w, https:\/\/etab.ac-reunion.fr\/lyc-vincendo\/wp-content\/uploads\/sites\/132\/2025\/06\/adc15-134x150.jpg 134w\" sizes=\"auto, (max-width: 341px) 100vw, 341px\" \/><\/p>\n<p><strong>Samuel vertical<\/strong>\u00a0 \u00a0 \u00a0 \u00a0 \u00a0 \u00a0 \u00a0 \u00a0 \u00a0 \u00a0 \u00a0 \u00a0 \u00a0 \u00a0 \u00a0 \u00a0 \u00a0 \u00a0 \u00a0 \u00a0 \u00a0 \u00a0 \u00a0 \u00a0 \u00a0 \u00a0 <strong><em>Klo\u00e9 ou Oph\u00e9lie ?<\/em><\/strong><\/p>\n<p><img loading=\"lazy\" decoding=\"async\" class=\"alignnone wp-image-4750 size-full\" src=\"https:\/\/etab.ac-reunion.fr\/lyc-vincendo\/wp-content\/uploads\/sites\/132\/2025\/06\/adc16.png\" alt=\"\" width=\"266\" height=\"395\" srcset=\"https:\/\/etab.ac-reunion.fr\/lyc-vincendo\/wp-content\/uploads\/sites\/132\/2025\/06\/adc16.png 266w, https:\/\/etab.ac-reunion.fr\/lyc-vincendo\/wp-content\/uploads\/sites\/132\/2025\/06\/adc16-202x300.png 202w, https:\/\/etab.ac-reunion.fr\/lyc-vincendo\/wp-content\/uploads\/sites\/132\/2025\/06\/adc16-101x150.png 101w\" sizes=\"auto, (max-width: 266px) 100vw, 266px\" \/><\/p>\n<p><strong><em>Discr\u00e8te enqu\u00eate<\/em><\/strong><\/p>\n","protected":false},"excerpt":{"rendered":"<p>Arts du Cirque Dans les jardins-collections du FRAC (Fonds R\u00e9gional d\u2019Art Contemporain) le 17 mai 2025 Performances \u00e0 la mani\u00e8re de Will Dorner, Bodies in Urban Spaces Sylvain et Mathys pinc\u00e9s et mis \u00e0 s\u00e9cher Na\u00eblys et Elisa assoiff\u00e9es d\u2019art\u2026\u00a0 \u00a0 \u00a0 \u00a0 \u00a0 \u00a0 \u00a0 \u00a0 \u00a0 \u00a0 \u00a0\u2026<\/p>\n<p class=\"continue-reading-button\"> <a class=\"continue-reading-link\" href=\"https:\/\/etab.ac-reunion.fr\/lyc-vincendo\/specialite-arts-du-cirque\/\">Lire la suite<i class=\"crycon-right-dir\"><\/i><\/a><\/p>\n","protected":false},"author":30249,"featured_media":0,"parent":0,"menu_order":0,"comment_status":"closed","ping_status":"closed","template":"","meta":{"footnotes":""},"class_list":["post-2830","page","type-page","status-publish","hentry"],"_links":{"self":[{"href":"https:\/\/etab.ac-reunion.fr\/lyc-vincendo\/wp-json\/wp\/v2\/pages\/2830","targetHints":{"allow":["GET"]}}],"collection":[{"href":"https:\/\/etab.ac-reunion.fr\/lyc-vincendo\/wp-json\/wp\/v2\/pages"}],"about":[{"href":"https:\/\/etab.ac-reunion.fr\/lyc-vincendo\/wp-json\/wp\/v2\/types\/page"}],"author":[{"embeddable":true,"href":"https:\/\/etab.ac-reunion.fr\/lyc-vincendo\/wp-json\/wp\/v2\/users\/30249"}],"replies":[{"embeddable":true,"href":"https:\/\/etab.ac-reunion.fr\/lyc-vincendo\/wp-json\/wp\/v2\/comments?post=2830"}],"version-history":[{"count":10,"href":"https:\/\/etab.ac-reunion.fr\/lyc-vincendo\/wp-json\/wp\/v2\/pages\/2830\/revisions"}],"predecessor-version":[{"id":4753,"href":"https:\/\/etab.ac-reunion.fr\/lyc-vincendo\/wp-json\/wp\/v2\/pages\/2830\/revisions\/4753"}],"wp:attachment":[{"href":"https:\/\/etab.ac-reunion.fr\/lyc-vincendo\/wp-json\/wp\/v2\/media?parent=2830"}],"curies":[{"name":"wp","href":"https:\/\/api.w.org\/{rel}","templated":true}]}}