{"id":35,"date":"2015-09-10T11:16:08","date_gmt":"2015-09-10T07:16:08","guid":{"rendered":"http:\/\/lycee-vincendo.ac-reunion.fr\/?page_id=35"},"modified":"2021-08-24T15:54:36","modified_gmt":"2021-08-24T11:54:36","slug":"accueil","status":"publish","type":"page","link":"https:\/\/etab.ac-reunion.fr\/lyc-vincendo\/accueil\/","title":{"rendered":"Accueil"},"content":{"rendered":"<div class=\"su-spacer\" style=\"height:20px\"><\/div>\n<div class=\"su-row\">\n<div class=\"su-column su-column-size-1-4\"><div class=\"su-column-inner su-u-clearfix su-u-trim\"><a href=\"http:\/\/9741230U.esidoc.fr\"><img decoding=\"async\" style=\"width: 70%;height: auto\" title=\"Portail du CDI\" src=\"https:\/\/etab.ac-reunion.fr\/lyc-vincendo\/wp-content\/uploads\/sites\/132\/2015\/10\/esidoc.png\" alt=\"esidoc\" \/><\/a><\/div><\/div>\n<div class=\"su-column su-column-size-1-4\"><div class=\"su-column-inner su-u-clearfix su-u-trim\"><a href=\"http:\/\/metice.ac-reunion.fr\"><img decoding=\"async\" style=\"width: 50%;height: auto\" title=\"Portail m\u00e9tice\" src=\"https:\/\/etab.ac-reunion.fr\/lyc-vincendo\/wp-content\/uploads\/sites\/132\/2015\/09\/metice_100x104.png\" alt=\"m\u00e9tice\" \/><\/a><\/div><\/div>\n<div class=\"su-column su-column-size-1-4\"><div class=\"su-column-inner su-u-clearfix su-u-trim\"><a href=\"http:\/\/www.onisep.fr\/\"><img decoding=\"async\" style=\"width: 40%;height: auto;margin-bottom: 0\" src=\"https:\/\/etab.ac-reunion.fr\/lyc-vincendo\/wp-content\/uploads\/sites\/132\/2015\/10\/logo_onisep.jpg\" alt=\"onisep\" \/><\/a><\/div><\/div>\n<div class=\"su-column su-column-size-1-4\"><div class=\"su-column-inner su-u-clearfix su-u-trim\"><a href=\"https:\/\/9741230U.index-education.net\/pronote\/\"><img decoding=\"async\" style=\"width: 50%;height: auto;margin-bottom: 0\" src=\"https:\/\/etab.ac-reunion.fr\/lyc-vincendo\/wp-content\/uploads\/sites\/132\/2020\/03\/pronote.jpg\" alt=\"pronote\" \/><\/a><\/div><\/div>\n<\/div>\n<div style=\"font-family: 'lucida handwriting';font-weight: bold;font-size: 34px;color: #000000\">Bienvenue au Lyc\u00e9e Vincendo.<\/div>\n<p>&nbsp;<\/p>\n<p><span style=\"color: #ff0000\"><strong>PROTOCOLE ET CADRE SANITAIRE<br \/>\n<\/strong><\/span><\/p>\n<div class=\"su-document su-u-responsive-media-yes\"><iframe loading=\"lazy\" src=\"\/\/docs.google.com\/viewer?embedded=true&url=https:\/\/etab.ac-reunion.fr\/lyc-vincendo\/wp-content\/uploads\/sites\/132\/2021\/08\/Protocole_Lycee_VINCENDO-1.pdf\" width=\"1000\" height=\"700\" class=\"su-document resultats\" title=\"\"><\/iframe><\/div>\n<div class=\"su-spacer\" style=\"height:20px\"><\/div>\n<div class=\"su-document su-u-responsive-media-yes\"><iframe loading=\"lazy\" src=\"\/\/docs.google.com\/viewer?embedded=true&url=https:\/\/etab.ac-reunion.fr\/lyc-vincendo\/wp-content\/uploads\/sites\/132\/2021\/04\/AVIS-AUX-PARENTS-CAMPAGNE-DE-BOURSE-2021-2022.pdf\" width=\"1000\" height=\"700\" class=\"su-document resultats\" title=\"\"><\/iframe><\/div>\n<p><span style=\"color: #ff0000\"><strong>Information de la PEEP \u00e0 l&rsquo;attention des parents d&rsquo;\u00e9l\u00e8ves du Lyc\u00e9e de Vincendo<\/strong><\/span><\/p>\n<div class=\"su-spacer\" style=\"height:20px\"><\/div>\n<div class=\"su-document su-u-responsive-media-yes\"><iframe loading=\"lazy\" src=\"\/\/docs.google.com\/viewer?embedded=true&url=https:\/\/etab.ac-reunion.fr\/lyc-vincendo\/wp-content\/uploads\/sites\/132\/2021\/06\/lettre-aux-parents-de-la-PEEP-1.pdf\" width=\"1000\" height=\"700\" class=\"su-document resultats\" title=\"\"><\/iframe><\/div>\n<p>&nbsp;<\/p>\n<p>&nbsp;<\/p>\n<p>Information sur le post Bac dans l&rsquo;onglet <a href=\"https:\/\/etab.ac-reunion.fr\/lyc-vincendo\/orientation\/\">Orientation<\/a><\/p>\n<p>&nbsp;<\/p>\n<p>&nbsp;<\/p>\n","protected":false},"excerpt":{"rendered":"<p>Bienvenue au Lyc\u00e9e Vincendo. &nbsp; PROTOCOLE ET CADRE SANITAIRE Information de la PEEP \u00e0 l&rsquo;attention des parents d&rsquo;\u00e9l\u00e8ves du Lyc\u00e9e de Vincendo &nbsp; &nbsp; Information sur le post Bac dans l&rsquo;onglet Orientation &nbsp; &nbsp;<\/p>\n<p class=\"continue-reading-button\"> <a class=\"continue-reading-link\" href=\"https:\/\/etab.ac-reunion.fr\/lyc-vincendo\/accueil\/\">Lire la suite<i class=\"crycon-right-dir\"><\/i><\/a><\/p>\n","protected":false},"author":8485,"featured_media":0,"parent":0,"menu_order":0,"comment_status":"closed","ping_status":"closed","template":"templates\/template-onecolumn.php","meta":{"footnotes":""},"class_list":["post-35","page","type-page","status-publish","hentry"],"_links":{"self":[{"href":"https:\/\/etab.ac-reunion.fr\/lyc-vincendo\/wp-json\/wp\/v2\/pages\/35","targetHints":{"allow":["GET"]}}],"collection":[{"href":"https:\/\/etab.ac-reunion.fr\/lyc-vincendo\/wp-json\/wp\/v2\/pages"}],"about":[{"href":"https:\/\/etab.ac-reunion.fr\/lyc-vincendo\/wp-json\/wp\/v2\/types\/page"}],"author":[{"embeddable":true,"href":"https:\/\/etab.ac-reunion.fr\/lyc-vincendo\/wp-json\/wp\/v2\/users\/8485"}],"replies":[{"embeddable":true,"href":"https:\/\/etab.ac-reunion.fr\/lyc-vincendo\/wp-json\/wp\/v2\/comments?post=35"}],"version-history":[{"count":111,"href":"https:\/\/etab.ac-reunion.fr\/lyc-vincendo\/wp-json\/wp\/v2\/pages\/35\/revisions"}],"predecessor-version":[{"id":2371,"href":"https:\/\/etab.ac-reunion.fr\/lyc-vincendo\/wp-json\/wp\/v2\/pages\/35\/revisions\/2371"}],"wp:attachment":[{"href":"https:\/\/etab.ac-reunion.fr\/lyc-vincendo\/wp-json\/wp\/v2\/media?parent=35"}],"curies":[{"name":"wp","href":"https:\/\/api.w.org\/{rel}","templated":true}]}}