{"id":3649,"date":"2023-06-09T08:07:20","date_gmt":"2023-06-09T04:07:20","guid":{"rendered":"https:\/\/etab.ac-reunion.fr\/lyc-vincendo\/?page_id=3649"},"modified":"2025-03-24T14:07:14","modified_gmt":"2025-03-24T10:07:14","slug":"web-radio","status":"publish","type":"page","link":"https:\/\/etab.ac-reunion.fr\/lyc-vincendo\/web-radio\/","title":{"rendered":"WEB-RADIO &#8211; V.Waves (Vincendo Waves)"},"content":{"rendered":"<p><a href=\"https:\/\/fr.play.radioking.com\/radio\/vincendo\" target=\"_blank\" rel=\"noopener\"><img loading=\"lazy\" decoding=\"async\" class=\"alignnone size-medium wp-image-4618\" src=\"https:\/\/etab.ac-reunion.fr\/lyc-vincendo\/wp-content\/uploads\/sites\/132\/2024\/12\/Logo-Webradio-287x300.jpg\" alt=\"\" width=\"287\" height=\"300\" srcset=\"https:\/\/etab.ac-reunion.fr\/lyc-vincendo\/wp-content\/uploads\/sites\/132\/2024\/12\/Logo-Webradio-287x300.jpg 287w, https:\/\/etab.ac-reunion.fr\/lyc-vincendo\/wp-content\/uploads\/sites\/132\/2024\/12\/Logo-Webradio-144x150.jpg 144w, https:\/\/etab.ac-reunion.fr\/lyc-vincendo\/wp-content\/uploads\/sites\/132\/2024\/12\/Logo-Webradio.jpg 753w\" sizes=\"auto, (max-width: 287px) 100vw, 287px\" \/><\/a><\/p>\n<p>La Webradio du Lyc\u00e9e de VINCENDO se veut avant tout un m\u00e9dia au service des apprentissages\u00a0 et des diff\u00e9rents objectifs du projet d\u2019\u00e9tablissement, notamment\u00a0:<\/p>\n<ul>\n<li>L\u2019expression orale.<\/li>\n<li>L\u2019expression \u00e9crite.<\/li>\n<li>Initier aux technologies de la communication.<\/li>\n<\/ul>\n<p>Quelques images d&rsquo;un premier enregistrement : <code><div class=\"h5p-iframe-wrapper\"><iframe id=\"h5p-iframe-62\" class=\"h5p-iframe\" data-content-id=\"62\" style=\"height:1px\" src=\"about:blank\" frameBorder=\"0\" scrolling=\"no\" title=\"webradio\"><\/iframe><\/div><\/code><\/p>\n<p>L&rsquo;article de J\u00e9romine Santo Gammaire sur la page Parall\u00e8le Sud : <a href=\"https:\/\/parallelesud.com\/lycee-de-vincendo-web-radio-on-air\/\">lire ici \u00a0\u00bb\u00a0\u00a0 <\/a>\u00ab\u00a0Web radio on air\u00a0\u00bb<\/p>\n<p>Les podacasts :<\/p>\n<div class=\"wp-playlist wp-audio-playlist wp-playlist-light\">\n\t\t\t<div class=\"wp-playlist-current-item\"><\/div>\n\t\t<audio controls=\"controls\" preload=\"none\" width=\"878\"\n\t\t\t><\/audio>\n\t<div class=\"wp-playlist-next\"><\/div>\n\t<div class=\"wp-playlist-prev\"><\/div>\n\t<noscript>\n\t<ol>\n\t\t<li><a href='https:\/\/etab.ac-reunion.fr\/lyc-vincendo\/wp-content\/uploads\/sites\/132\/2023\/06\/Reportage-M.COLIN_.mp3'>Reportage-M.COLIN<\/a><\/li><li><a href='https:\/\/etab.ac-reunion.fr\/lyc-vincendo\/wp-content\/uploads\/sites\/132\/2023\/06\/MAHAVEL-1.mp3'>MAHAVEL-1<\/a><\/li>\t<\/ol>\n\t<\/noscript>\n\t<script type=\"application\/json\" class=\"wp-playlist-script\">{\"type\":\"audio\",\"tracklist\":true,\"tracknumbers\":true,\"images\":true,\"artists\":true,\"tracks\":[{\"src\":\"https:\/\/etab.ac-reunion.fr\/lyc-vincendo\/wp-content\/uploads\/sites\/132\/2023\/06\/Reportage-M.COLIN_.mp3\",\"type\":\"audio\/mpeg\",\"title\":\"Reportage-M.COLIN\",\"caption\":\"\",\"description\":\"\\u003Ci\\u003EReportage-M.COLIN\\u003C\/i\\u003E. Date de sortie\\u00a0: 2023.\",\"meta\":{\"year\":\"2023.03.06;16.53;A\",\"length_formatted\":\"11:31\"},\"image\":{\"src\":\"https:\/\/etab.ac-reunion.fr\/lyc-vincendo\/wp-includes\/images\/media\/audio.svg\",\"width\":48,\"height\":64},\"thumb\":{\"src\":\"https:\/\/etab.ac-reunion.fr\/lyc-vincendo\/wp-includes\/images\/media\/audio.svg\",\"width\":48,\"height\":64}},{\"src\":\"https:\/\/etab.ac-reunion.fr\/lyc-vincendo\/wp-content\/uploads\/sites\/132\/2023\/06\/MAHAVEL-1.mp3\",\"type\":\"audio\/mpeg\",\"title\":\"MAHAVEL-1\",\"caption\":\"\",\"description\":\"\\u003Ci\\u003EMAHAVEL-1\\u003C\/i\\u003E. Date de sortie\\u00a0: 2022.\",\"meta\":{\"year\":\"2022.12.29;13.50;A\",\"length_formatted\":\"1:37\"},\"image\":{\"src\":\"https:\/\/etab.ac-reunion.fr\/lyc-vincendo\/wp-includes\/images\/media\/audio.svg\",\"width\":48,\"height\":64},\"thumb\":{\"src\":\"https:\/\/etab.ac-reunion.fr\/lyc-vincendo\/wp-includes\/images\/media\/audio.svg\",\"width\":48,\"height\":64}}]}<\/script>\n<\/div>\n\t\n<div class=\"wp-playlist wp-audio-playlist wp-playlist-light\">\n\t\t\t<div class=\"wp-playlist-current-item\"><\/div>\n\t\t<audio controls=\"controls\" preload=\"none\" width=\"878\"\n\t\t\t><\/audio>\n\t<div class=\"wp-playlist-next\"><\/div>\n\t<div class=\"wp-playlist-prev\"><\/div>\n\t<noscript>\n\t<ol>\n\t\t<li><a href='https:\/\/etab.ac-reunion.fr\/lyc-vincendo\/wp-content\/uploads\/sites\/132\/2023\/06\/MaHavel-performance-au-kerveguen-demi-finale-son-du-bahut.mp3'>MaHavel performance au kerveguen (demi finale son du bahut)<\/a><\/li><li><a href='https:\/\/etab.ac-reunion.fr\/lyc-vincendo\/wp-content\/uploads\/sites\/132\/2023\/06\/1-La-rectrice-de-la-Reunion-interviewee-par-les-lyceens-de-Vincendo1.mp3'>1-La rectrice de la R\u00e9union interview\u00e9e par les lyc\u00e9ens de Vincendo(1)<\/a><\/li><li><a href='https:\/\/etab.ac-reunion.fr\/lyc-vincendo\/wp-content\/uploads\/sites\/132\/2023\/06\/2-La-rectrice-de-la-Reunion-Chantal-Manes-Bonisseau-face-aux-lyceens-de-Vincendo.mp3'>2-La rectrice de la R\u00e9union, Chantal Man\u00e8s-Bonisseau, face aux lyc\u00e9ens de Vincendo<\/a><\/li><li><a href='https:\/\/etab.ac-reunion.fr\/lyc-vincendo\/wp-content\/uploads\/sites\/132\/2023\/06\/3-La-metteuse-en-scene-de-theatre-forum-Delixia-Perrine-interviewee-par-les-lyceens-de-Vincendo1.mp3'>3-La metteuse en sc\u00e8ne de th\u00e9\u00e2tre forum Delixia Perrine interview\u00e9e par les lyc\u00e9ens de Vincendo(1)<\/a><\/li>\t<\/ol>\n\t<\/noscript>\n\t<script type=\"application\/json\" class=\"wp-playlist-script\">{\"type\":\"audio\",\"tracklist\":true,\"tracknumbers\":true,\"images\":true,\"artists\":true,\"tracks\":[{\"src\":\"https:\/\/etab.ac-reunion.fr\/lyc-vincendo\/wp-content\/uploads\/sites\/132\/2023\/06\/MaHavel-performance-au-kerveguen-demi-finale-son-du-bahut.mp3\",\"type\":\"audio\/mpeg\",\"title\":\"MaHavel performance au kerveguen (demi finale son du bahut)\",\"caption\":\"\",\"description\":\"\\u003Ci\\u003EMaHavel performance au kerveguen (demi finale son du bahut)\\u003C\/i\\u003E.\",\"meta\":{\"length_formatted\":\"4:34\"},\"image\":{\"src\":\"https:\/\/etab.ac-reunion.fr\/lyc-vincendo\/wp-includes\/images\/media\/audio.svg\",\"width\":48,\"height\":64},\"thumb\":{\"src\":\"https:\/\/etab.ac-reunion.fr\/lyc-vincendo\/wp-includes\/images\/media\/audio.svg\",\"width\":48,\"height\":64}},{\"src\":\"https:\/\/etab.ac-reunion.fr\/lyc-vincendo\/wp-content\/uploads\/sites\/132\/2023\/06\/1-La-rectrice-de-la-Reunion-interviewee-par-les-lyceens-de-Vincendo1.mp3\",\"type\":\"audio\/mpeg\",\"title\":\"1-La rectrice de la R\\u00e9union interview\\u00e9e par les lyc\\u00e9ens de Vincendo(1)\",\"caption\":\"\",\"description\":\"\\u003Ci\\u003E1-La rectrice de la R\\u00e9union interview\\u00e9e par les lyc\\u00e9ens de Vincendo(1)\\u003C\/i\\u003E.\",\"meta\":{\"length_formatted\":\"14:03\"},\"image\":{\"src\":\"https:\/\/etab.ac-reunion.fr\/lyc-vincendo\/wp-includes\/images\/media\/audio.svg\",\"width\":48,\"height\":64},\"thumb\":{\"src\":\"https:\/\/etab.ac-reunion.fr\/lyc-vincendo\/wp-includes\/images\/media\/audio.svg\",\"width\":48,\"height\":64}},{\"src\":\"https:\/\/etab.ac-reunion.fr\/lyc-vincendo\/wp-content\/uploads\/sites\/132\/2023\/06\/2-La-rectrice-de-la-Reunion-Chantal-Manes-Bonisseau-face-aux-lyceens-de-Vincendo.mp3\",\"type\":\"audio\/mpeg\",\"title\":\"2-La rectrice de la R\\u00e9union, Chantal Man\\u00e8s-Bonisseau, face aux lyc\\u00e9ens de Vincendo\",\"caption\":\"\",\"description\":\"\\u003Ci\\u003E2-La rectrice de la R\\u00e9union, Chantal Man\\u00e8s-Bonisseau, face aux lyc\\u00e9ens de Vincendo\\u003C\/i\\u003E.\",\"meta\":{\"length_formatted\":\"4:45\"},\"image\":{\"src\":\"https:\/\/etab.ac-reunion.fr\/lyc-vincendo\/wp-includes\/images\/media\/audio.svg\",\"width\":48,\"height\":64},\"thumb\":{\"src\":\"https:\/\/etab.ac-reunion.fr\/lyc-vincendo\/wp-includes\/images\/media\/audio.svg\",\"width\":48,\"height\":64}},{\"src\":\"https:\/\/etab.ac-reunion.fr\/lyc-vincendo\/wp-content\/uploads\/sites\/132\/2023\/06\/3-La-metteuse-en-scene-de-theatre-forum-Delixia-Perrine-interviewee-par-les-lyceens-de-Vincendo1.mp3\",\"type\":\"audio\/mpeg\",\"title\":\"3-La metteuse en sc\\u00e8ne de th\\u00e9\\u00e2tre forum Delixia Perrine interview\\u00e9e par les lyc\\u00e9ens de Vincendo(1)\",\"caption\":\"\",\"description\":\"\\u003Ci\\u003E3-La metteuse en sc\\u00e8ne de th\\u00e9\\u00e2tre forum Delixia Perrine interview\\u00e9e par les lyc\\u00e9ens de Vincendo(1)\\u003C\/i\\u003E.\",\"meta\":{\"length_formatted\":\"15:19\"},\"image\":{\"src\":\"https:\/\/etab.ac-reunion.fr\/lyc-vincendo\/wp-includes\/images\/media\/audio.svg\",\"width\":48,\"height\":64},\"thumb\":{\"src\":\"https:\/\/etab.ac-reunion.fr\/lyc-vincendo\/wp-includes\/images\/media\/audio.svg\",\"width\":48,\"height\":64}}]}<\/script>\n<\/div>\n\t\n<h3><strong>\u00c9missions Orientation TOP CHRONO<\/strong><\/h3>\n<p><img loading=\"lazy\" decoding=\"async\" class=\"alignnone size-medium wp-image-3915\" src=\"https:\/\/etab.ac-reunion.fr\/lyc-vincendo\/wp-content\/uploads\/sites\/132\/2024\/02\/Affiche-Web-radio_page-0001-212x300.jpg\" alt=\"\" width=\"212\" height=\"300\" srcset=\"https:\/\/etab.ac-reunion.fr\/lyc-vincendo\/wp-content\/uploads\/sites\/132\/2024\/02\/Affiche-Web-radio_page-0001-212x300.jpg 212w, https:\/\/etab.ac-reunion.fr\/lyc-vincendo\/wp-content\/uploads\/sites\/132\/2024\/02\/Affiche-Web-radio_page-0001-725x1024.jpg 725w, https:\/\/etab.ac-reunion.fr\/lyc-vincendo\/wp-content\/uploads\/sites\/132\/2024\/02\/Affiche-Web-radio_page-0001-1087x1536.jpg 1087w, https:\/\/etab.ac-reunion.fr\/lyc-vincendo\/wp-content\/uploads\/sites\/132\/2024\/02\/Affiche-Web-radio_page-0001-1449x2048.jpg 1449w, https:\/\/etab.ac-reunion.fr\/lyc-vincendo\/wp-content\/uploads\/sites\/132\/2024\/02\/Affiche-Web-radio_page-0001-106x150.jpg 106w, https:\/\/etab.ac-reunion.fr\/lyc-vincendo\/wp-content\/uploads\/sites\/132\/2024\/02\/Affiche-Web-radio_page-0001.jpg 1755w\" sizes=\"auto, (max-width: 212px) 100vw, 212px\" \/><\/p>\n<h4><strong>SVT &#8211; Mme BERNARD<\/strong><\/h4>\n<audio class=\"wp-audio-shortcode\" id=\"audio-3649-1\" preload=\"none\" style=\"width: 100%;\" controls=\"controls\"><source type=\"audio\/mpeg\" src=\"https:\/\/etab.ac-reunion.fr\/lyc-vincendo\/wp-content\/uploads\/sites\/132\/2024\/02\/Orientation-TopChrono-La-spe-SVT.mp3?_=1\" \/><a href=\"https:\/\/etab.ac-reunion.fr\/lyc-vincendo\/wp-content\/uploads\/sites\/132\/2024\/02\/Orientation-TopChrono-La-spe-SVT.mp3\">https:\/\/etab.ac-reunion.fr\/lyc-vincendo\/wp-content\/uploads\/sites\/132\/2024\/02\/Orientation-TopChrono-La-spe-SVT.mp3<\/a><\/audio>\n<h4><strong>HLP &#8211; M.POTARD\/M.BENOIT GONIN<\/strong><\/h4>\n<audio class=\"wp-audio-shortcode\" id=\"audio-3649-2\" preload=\"none\" style=\"width: 100%;\" controls=\"controls\"><source type=\"audio\/mpeg\" src=\"https:\/\/etab.ac-reunion.fr\/lyc-vincendo\/wp-content\/uploads\/sites\/132\/2023\/06\/hlp-pf-MP3.mp3?_=2\" \/><a href=\"https:\/\/etab.ac-reunion.fr\/lyc-vincendo\/wp-content\/uploads\/sites\/132\/2023\/06\/hlp-pf-MP3.mp3\">https:\/\/etab.ac-reunion.fr\/lyc-vincendo\/wp-content\/uploads\/sites\/132\/2023\/06\/hlp-pf-MP3.mp3<\/a><\/audio>\n<h4><strong>Physique-Chimie &#8211; M.COLIN<\/strong><\/h4>\n<audio class=\"wp-audio-shortcode\" id=\"audio-3649-3\" preload=\"none\" style=\"width: 100%;\" controls=\"controls\"><source type=\"audio\/mpeg\" src=\"https:\/\/etab.ac-reunion.fr\/lyc-vincendo\/wp-content\/uploads\/sites\/132\/2023\/06\/Mr-colin-WR-pf-MP3.mp3?_=3\" \/><a href=\"https:\/\/etab.ac-reunion.fr\/lyc-vincendo\/wp-content\/uploads\/sites\/132\/2023\/06\/Mr-colin-WR-pf-MP3.mp3\">https:\/\/etab.ac-reunion.fr\/lyc-vincendo\/wp-content\/uploads\/sites\/132\/2023\/06\/Mr-colin-WR-pf-MP3.mp3<\/a><\/audio>\n<h4><strong><span style=\"color: #000000\">LLCE (langues, litt\u00e9ratures et civilisations \u00e9trang\u00e8res) &#8211; Mme Mussard<\/span><\/strong><\/h4>\n<audio class=\"wp-audio-shortcode\" id=\"audio-3649-4\" preload=\"none\" style=\"width: 100%;\" controls=\"controls\"><source type=\"audio\/mpeg\" src=\"https:\/\/etab.ac-reunion.fr\/lyc-vincendo\/wp-content\/uploads\/sites\/132\/2024\/03\/Orientation-Top_Chrono-La-spe-LLCE.mp3?_=4\" \/><a href=\"https:\/\/etab.ac-reunion.fr\/lyc-vincendo\/wp-content\/uploads\/sites\/132\/2024\/03\/Orientation-Top_Chrono-La-spe-LLCE.mp3\">https:\/\/etab.ac-reunion.fr\/lyc-vincendo\/wp-content\/uploads\/sites\/132\/2024\/03\/Orientation-Top_Chrono-La-spe-LLCE.mp3<\/a><\/audio>\n<p>&nbsp;<\/p>\n<h4><strong>\u00c9missions en partenariat avec la radio SUNLIGHT<\/strong><\/h4>\n<p><iframe loading=\"lazy\" title=\"Emission au Lyc\u00e9e de Vincendo : lutte contre le harc\u00e8lement \u00e0 l&#039;\u00e9cole 09\/11\/2023 by Radio Sunlihgt Fm\" width=\"900\" height=\"400\" scrolling=\"no\" frameborder=\"no\" src=\"https:\/\/w.soundcloud.com\/player\/?visual=true&#038;url=https%3A%2F%2Fapi.soundcloud.com%2Ftracks%2F1660609776&#038;show_artwork=true&#038;maxheight=1000&#038;maxwidth=900\"><\/iframe><\/p>\n<div class=\"su-youtube su-u-responsive-media-yes\"><iframe loading=\"lazy\" width=\"200\" height=\"200\" src=\"https:\/\/www.youtube.com\/embed\/MXtwl_rmnEY?\" frameborder=\"0\" allowfullscreen allow=\"autoplay; encrypted-media; picture-in-picture\" title=\"\"><\/iframe><\/div>\n<h4><strong>HGGSP (<span class=\"BxUVEf ILfuVd\" lang=\"fr\"><span class=\"hgKElc\"><b>histoire-g\u00e9ographie, g\u00e9opolitique et sciences politiques<\/b><\/span><\/span>) &#8211; M.IGNACE<\/strong><\/h4>\n<audio class=\"wp-audio-shortcode\" id=\"audio-3649-5\" preload=\"none\" style=\"width: 100%;\" controls=\"controls\"><source type=\"audio\/mpeg\" src=\"https:\/\/etab.ac-reunion.fr\/lyc-vincendo\/wp-content\/uploads\/sites\/132\/2024\/02\/Orientation-Top_Chrono-La-spe-HGGSP.mp3?_=5\" \/><a href=\"https:\/\/etab.ac-reunion.fr\/lyc-vincendo\/wp-content\/uploads\/sites\/132\/2024\/02\/Orientation-Top_Chrono-La-spe-HGGSP.mp3\">https:\/\/etab.ac-reunion.fr\/lyc-vincendo\/wp-content\/uploads\/sites\/132\/2024\/02\/Orientation-Top_Chrono-La-spe-HGGSP.mp3<\/a><\/audio>\n<h4><strong>La semaine de la mer &#8211; M.COLIN<\/strong><\/h4>\n<audio class=\"wp-audio-shortcode\" id=\"audio-3649-6\" preload=\"none\" style=\"width: 100%;\" controls=\"controls\"><source type=\"audio\/mpeg\" src=\"https:\/\/etab.ac-reunion.fr\/lyc-vincendo\/wp-content\/uploads\/sites\/132\/2024\/02\/Semaine-De-La-Mer-M.Colin-_-Emilie-Delarue1.mp3?_=6\" \/><a href=\"https:\/\/etab.ac-reunion.fr\/lyc-vincendo\/wp-content\/uploads\/sites\/132\/2024\/02\/Semaine-De-La-Mer-M.Colin-_-Emilie-Delarue1.mp3\">https:\/\/etab.ac-reunion.fr\/lyc-vincendo\/wp-content\/uploads\/sites\/132\/2024\/02\/Semaine-De-La-Mer-M.Colin-_-Emilie-Delarue1.mp3<\/a><\/audio>\n<h4><strong>Les anciens \u00e9l\u00e8ves du Lyc\u00e9e<br \/>\n<\/strong><\/h4>\n<audio class=\"wp-audio-shortcode\" id=\"audio-3649-7\" preload=\"none\" style=\"width: 100%;\" controls=\"controls\"><source type=\"audio\/mpeg\" src=\"https:\/\/etab.ac-reunion.fr\/lyc-vincendo\/wp-content\/uploads\/sites\/132\/2024\/06\/Pad-interview-1-post-Bac-des-anciens-lyceens-du-lycee-de-vincendo-Juin-2024.mp3?_=7\" \/><a href=\"https:\/\/etab.ac-reunion.fr\/lyc-vincendo\/wp-content\/uploads\/sites\/132\/2024\/06\/Pad-interview-1-post-Bac-des-anciens-lyceens-du-lycee-de-vincendo-Juin-2024.mp3\">https:\/\/etab.ac-reunion.fr\/lyc-vincendo\/wp-content\/uploads\/sites\/132\/2024\/06\/Pad-interview-1-post-Bac-des-anciens-lyceens-du-lycee-de-vincendo-Juin-2024.mp3<\/a><\/audio>\n<p>&nbsp;<\/p>\n<audio class=\"wp-audio-shortcode\" id=\"audio-3649-8\" preload=\"none\" style=\"width: 100%;\" controls=\"controls\"><source type=\"audio\/mpeg\" src=\"https:\/\/etab.ac-reunion.fr\/lyc-vincendo\/wp-content\/uploads\/sites\/132\/2024\/06\/Pad-interview-2-souvenirs-des-anciens-lyceens-du-lycee-de-vincendo-Juin-2024.mp3?_=8\" \/><a href=\"https:\/\/etab.ac-reunion.fr\/lyc-vincendo\/wp-content\/uploads\/sites\/132\/2024\/06\/Pad-interview-2-souvenirs-des-anciens-lyceens-du-lycee-de-vincendo-Juin-2024.mp3\">https:\/\/etab.ac-reunion.fr\/lyc-vincendo\/wp-content\/uploads\/sites\/132\/2024\/06\/Pad-interview-2-souvenirs-des-anciens-lyceens-du-lycee-de-vincendo-Juin-2024.mp3<\/a><\/audio>\n<p>&nbsp;<\/p>\n<p><iframe loading=\"lazy\" title=\"Emission Des Lyc\u00e9ens Du Lyc\u00e9e De Vincendo le 30 Octobre 2024 by Radio Sunlihgt Fm\" width=\"900\" height=\"400\" scrolling=\"no\" frameborder=\"no\" src=\"https:\/\/w.soundcloud.com\/player\/?visual=true&#038;url=https%3A%2F%2Fapi.soundcloud.com%2Ftracks%2F1949047283&#038;show_artwork=true&#038;maxheight=1000&#038;maxwidth=900\"><\/iframe><\/p>\n<div class=\"wp-playlist wp-audio-playlist wp-playlist-light\">\n\t\t\t<div class=\"wp-playlist-current-item\"><\/div>\n\t\t<audio controls=\"controls\" preload=\"none\" width=\"878\"\n\t\t\t><\/audio>\n\t<div class=\"wp-playlist-next\"><\/div>\n\t<div class=\"wp-playlist-prev\"><\/div>\n\t<noscript>\n\t<ol>\n\t\t<li><a href='https:\/\/etab.ac-reunion.fr\/lyc-vincendo\/wp-content\/uploads\/sites\/132\/2024\/11\/ITV-concours-deloquence-1.mp3'>ITV concours d'\u00e9loquence<\/a><\/li><li><a href='https:\/\/etab.ac-reunion.fr\/lyc-vincendo\/wp-content\/uploads\/sites\/132\/2024\/11\/ITV-eloquence-gagnante.mp3'>Interview Lucie eloquence<\/a><\/li><li><a href='https:\/\/etab.ac-reunion.fr\/lyc-vincendo\/wp-content\/uploads\/sites\/132\/2024\/11\/Passage-Emeline-Kbidi.mp3'>Passage Emeline Kbidi<\/a><\/li><li><a href='https:\/\/etab.ac-reunion.fr\/lyc-vincendo\/wp-content\/uploads\/sites\/132\/2024\/11\/discours-Mathys.mp3'>discours Mathys<\/a><\/li><li><a href='https:\/\/etab.ac-reunion.fr\/lyc-vincendo\/wp-content\/uploads\/sites\/132\/2024\/11\/discours-Lucie.mp3'>discours Lucie<\/a><\/li><li><a href='https:\/\/etab.ac-reunion.fr\/lyc-vincendo\/wp-content\/uploads\/sites\/132\/2024\/11\/discours-Emilie-H.mp3'>discours Emilie H<\/a><\/li><li><a href='https:\/\/etab.ac-reunion.fr\/lyc-vincendo\/wp-content\/uploads\/sites\/132\/2024\/11\/Discours-Deva.mp3'>Concours ELOQUENCE  - MAIRIE St JO<\/a><\/li>\t<\/ol>\n\t<\/noscript>\n\t<script type=\"application\/json\" class=\"wp-playlist-script\">{\"type\":\"audio\",\"tracklist\":true,\"tracknumbers\":true,\"images\":true,\"artists\":true,\"tracks\":[{\"src\":\"https:\/\/etab.ac-reunion.fr\/lyc-vincendo\/wp-content\/uploads\/sites\/132\/2024\/11\/ITV-concours-deloquence-1.mp3\",\"type\":\"audio\/mpeg\",\"title\":\"ITV concours d'\\u00e9loquence\",\"caption\":\"\",\"description\":\"\\u003Ci\\u003EITV concours d'\\u00e9loquence\\u003C\/i\\u003E.\",\"meta\":{\"length_formatted\":\"4:33\"},\"image\":{\"src\":\"https:\/\/etab.ac-reunion.fr\/lyc-vincendo\/wp-includes\/images\/media\/audio.svg\",\"width\":48,\"height\":64},\"thumb\":{\"src\":\"https:\/\/etab.ac-reunion.fr\/lyc-vincendo\/wp-includes\/images\/media\/audio.svg\",\"width\":48,\"height\":64}},{\"src\":\"https:\/\/etab.ac-reunion.fr\/lyc-vincendo\/wp-content\/uploads\/sites\/132\/2024\/11\/ITV-eloquence-gagnante.mp3\",\"type\":\"audio\/mpeg\",\"title\":\"Interview Lucie eloquence\",\"caption\":\"\",\"description\":\"\\u003Ci\\u003EInterview Lucie eloquence\\u003C\/i\\u003E.\",\"meta\":{\"length_formatted\":\"3:01\"},\"image\":{\"src\":\"https:\/\/etab.ac-reunion.fr\/lyc-vincendo\/wp-includes\/images\/media\/audio.svg\",\"width\":48,\"height\":64},\"thumb\":{\"src\":\"https:\/\/etab.ac-reunion.fr\/lyc-vincendo\/wp-includes\/images\/media\/audio.svg\",\"width\":48,\"height\":64}},{\"src\":\"https:\/\/etab.ac-reunion.fr\/lyc-vincendo\/wp-content\/uploads\/sites\/132\/2024\/11\/Passage-Emeline-Kbidi.mp3\",\"type\":\"audio\/mpeg\",\"title\":\"Passage Emeline Kbidi\",\"caption\":\"\",\"description\":\"\\u003Ci\\u003EPassage Emeline Kbidi\\u003C\/i\\u003E.\",\"meta\":{\"length_formatted\":\"0:25\"},\"image\":{\"src\":\"https:\/\/etab.ac-reunion.fr\/lyc-vincendo\/wp-includes\/images\/media\/audio.svg\",\"width\":48,\"height\":64},\"thumb\":{\"src\":\"https:\/\/etab.ac-reunion.fr\/lyc-vincendo\/wp-includes\/images\/media\/audio.svg\",\"width\":48,\"height\":64}},{\"src\":\"https:\/\/etab.ac-reunion.fr\/lyc-vincendo\/wp-content\/uploads\/sites\/132\/2024\/11\/discours-Mathys.mp3\",\"type\":\"audio\/mpeg\",\"title\":\"discours Mathys\",\"caption\":\"\",\"description\":\"\\u003Ci\\u003Ediscours Mathys\\u003C\/i\\u003E. Date de sortie\\u00a0: 2024.\",\"meta\":{\"year\":\"2024\",\"length_formatted\":\"2:36\"},\"image\":{\"src\":\"https:\/\/etab.ac-reunion.fr\/lyc-vincendo\/wp-includes\/images\/media\/audio.svg\",\"width\":48,\"height\":64},\"thumb\":{\"src\":\"https:\/\/etab.ac-reunion.fr\/lyc-vincendo\/wp-includes\/images\/media\/audio.svg\",\"width\":48,\"height\":64}},{\"src\":\"https:\/\/etab.ac-reunion.fr\/lyc-vincendo\/wp-content\/uploads\/sites\/132\/2024\/11\/discours-Lucie.mp3\",\"type\":\"audio\/mpeg\",\"title\":\"discours Lucie\",\"caption\":\"\",\"description\":\"\\u003Ci\\u003Ediscours Lucie\\u003C\/i\\u003E. Date de sortie\\u00a0: 2024.\",\"meta\":{\"year\":\"2024\",\"length_formatted\":\"3:38\"},\"image\":{\"src\":\"https:\/\/etab.ac-reunion.fr\/lyc-vincendo\/wp-includes\/images\/media\/audio.svg\",\"width\":48,\"height\":64},\"thumb\":{\"src\":\"https:\/\/etab.ac-reunion.fr\/lyc-vincendo\/wp-includes\/images\/media\/audio.svg\",\"width\":48,\"height\":64}},{\"src\":\"https:\/\/etab.ac-reunion.fr\/lyc-vincendo\/wp-content\/uploads\/sites\/132\/2024\/11\/discours-Emilie-H.mp3\",\"type\":\"audio\/mpeg\",\"title\":\"discours Emilie H\",\"caption\":\"\",\"description\":\"\\u003Ci\\u003Ediscours Emilie H\\u003C\/i\\u003E. Date de sortie\\u00a0: 2024.\",\"meta\":{\"year\":\"2024\",\"length_formatted\":\"2:30\"},\"image\":{\"src\":\"https:\/\/etab.ac-reunion.fr\/lyc-vincendo\/wp-includes\/images\/media\/audio.svg\",\"width\":48,\"height\":64},\"thumb\":{\"src\":\"https:\/\/etab.ac-reunion.fr\/lyc-vincendo\/wp-includes\/images\/media\/audio.svg\",\"width\":48,\"height\":64}},{\"src\":\"https:\/\/etab.ac-reunion.fr\/lyc-vincendo\/wp-content\/uploads\/sites\/132\/2024\/11\/Discours-Deva.mp3\",\"type\":\"audio\/mpeg\",\"title\":\"Concours ELOQUENCE  - MAIRIE St JO\",\"caption\":\"\",\"description\":\"\\u003Ci\\u003EDiscours Deva\\u003C\/i\\u003E. Date de sortie\\u00a0: 2024.\",\"meta\":{\"year\":\"2024\",\"length_formatted\":\"1:26\"},\"image\":{\"src\":\"https:\/\/etab.ac-reunion.fr\/lyc-vincendo\/wp-includes\/images\/media\/audio.svg\",\"width\":48,\"height\":64},\"thumb\":{\"src\":\"https:\/\/etab.ac-reunion.fr\/lyc-vincendo\/wp-includes\/images\/media\/audio.svg\",\"width\":48,\"height\":64}}]}<\/script>\n<\/div>\n\t\n<h4>Journ\u00e9e de l&rsquo;orientation vendredi 08 novembre 2024<\/h4>\n<p><iframe loading=\"lazy\" title=\"Forum de lorientation au lyc\u00e9e de Vincendo le 08 Novembre 2024 by Radio Sunlihgt Fm\" width=\"900\" height=\"400\" scrolling=\"no\" frameborder=\"no\" src=\"https:\/\/w.soundcloud.com\/player\/?visual=true&#038;url=https%3A%2F%2Fapi.soundcloud.com%2Ftracks%2F1955881463&#038;show_artwork=true&#038;maxheight=1000&#038;maxwidth=900\"><\/iframe><\/p>\n<h4>Interview de Monsieur Le recteur Mardi 18 mars 2025<\/h4>\n<div style=\"width: 640px;\" class=\"wp-video\"><video class=\"wp-video-shortcode\" id=\"video-3649-1\" width=\"640\" height=\"360\" preload=\"metadata\" controls=\"controls\"><source type=\"video\/mp4\" src=\"https:\/\/podeduc.apps.education.fr\/media\/videos\/5129b383ba5dd6c58a2bfae54a7007c71cacf0b31b2f83f734c4de4ef2db6377\/84948\/720p.mp4?_=1\" \/><a href=\"https:\/\/podeduc.apps.education.fr\/media\/videos\/5129b383ba5dd6c58a2bfae54a7007c71cacf0b31b2f83f734c4de4ef2db6377\/84948\/720p.mp4\">https:\/\/podeduc.apps.education.fr\/media\/videos\/5129b383ba5dd6c58a2bfae54a7007c71cacf0b31b2f83f734c4de4ef2db6377\/84948\/720p.mp4<\/a><\/video><\/div>\n<p><iframe loading=\"lazy\" title=\"Reportage sur la visite du Recteur mardi 18 Mars 2025 - Vwaves\" width=\"900\" height=\"506\" src=\"https:\/\/www.youtube.com\/embed\/PnQberdPc2k?feature=oembed\" frameborder=\"0\" allow=\"accelerometer; autoplay; clipboard-write; encrypted-media; gyroscope; picture-in-picture; web-share\" referrerpolicy=\"strict-origin-when-cross-origin\" allowfullscreen><\/iframe><\/p>\n<p>&nbsp;<\/p>\n","protected":false},"excerpt":{"rendered":"<p>La Webradio du Lyc\u00e9e de VINCENDO se veut avant tout un m\u00e9dia au service des apprentissages\u00a0 et des diff\u00e9rents objectifs du projet d\u2019\u00e9tablissement, notamment\u00a0: L\u2019expression orale. L\u2019expression \u00e9crite. Initier aux technologies de la communication. Quelques images d&rsquo;un premier enregistrement : L&rsquo;article de J\u00e9romine Santo Gammaire sur la page Parall\u00e8le Sud\u2026<\/p>\n<p class=\"continue-reading-button\"> <a class=\"continue-reading-link\" href=\"https:\/\/etab.ac-reunion.fr\/lyc-vincendo\/web-radio\/\">Lire la suite<i class=\"crycon-right-dir\"><\/i><\/a><\/p>\n","protected":false},"author":30249,"featured_media":0,"parent":0,"menu_order":0,"comment_status":"closed","ping_status":"closed","template":"","meta":{"footnotes":""},"class_list":["post-3649","page","type-page","status-publish","hentry"],"_links":{"self":[{"href":"https:\/\/etab.ac-reunion.fr\/lyc-vincendo\/wp-json\/wp\/v2\/pages\/3649","targetHints":{"allow":["GET"]}}],"collection":[{"href":"https:\/\/etab.ac-reunion.fr\/lyc-vincendo\/wp-json\/wp\/v2\/pages"}],"about":[{"href":"https:\/\/etab.ac-reunion.fr\/lyc-vincendo\/wp-json\/wp\/v2\/types\/page"}],"author":[{"embeddable":true,"href":"https:\/\/etab.ac-reunion.fr\/lyc-vincendo\/wp-json\/wp\/v2\/users\/30249"}],"replies":[{"embeddable":true,"href":"https:\/\/etab.ac-reunion.fr\/lyc-vincendo\/wp-json\/wp\/v2\/comments?post=3649"}],"version-history":[{"count":33,"href":"https:\/\/etab.ac-reunion.fr\/lyc-vincendo\/wp-json\/wp\/v2\/pages\/3649\/revisions"}],"predecessor-version":[{"id":4711,"href":"https:\/\/etab.ac-reunion.fr\/lyc-vincendo\/wp-json\/wp\/v2\/pages\/3649\/revisions\/4711"}],"wp:attachment":[{"href":"https:\/\/etab.ac-reunion.fr\/lyc-vincendo\/wp-json\/wp\/v2\/media?parent=3649"}],"curies":[{"name":"wp","href":"https:\/\/api.w.org\/{rel}","templated":true}]}}