{"id":4004,"date":"2024-05-23T16:34:14","date_gmt":"2024-05-23T12:34:14","guid":{"rendered":"https:\/\/etab.ac-reunion.fr\/lyc-vincendo\/?page_id=4004"},"modified":"2024-05-23T16:42:25","modified_gmt":"2024-05-23T12:42:25","slug":"projet-chef-doeuvres-2023-2024","status":"publish","type":"page","link":"https:\/\/etab.ac-reunion.fr\/lyc-vincendo\/projet-chef-doeuvres-2023-2024\/","title":{"rendered":"Projet chef d&rsquo;\u0153uvres 2023\/2024"},"content":{"rendered":"<h1><strong>Projet chef d&rsquo;\u0153uvres 2023\/2024 &#8211; Terminale BPOL<\/strong><\/h1>\n<p><span style=\"color: #0000ff\"><img loading=\"lazy\" decoding=\"async\" class=\"alignnone wp-image-4005 size-large aligncenter\" src=\"https:\/\/etab.ac-reunion.fr\/lyc-vincendo\/wp-content\/uploads\/sites\/132\/2024\/05\/BLOG-page-de-garde-1-596x1024.jpg\" alt=\"\" width=\"596\" height=\"1024\" srcset=\"https:\/\/etab.ac-reunion.fr\/lyc-vincendo\/wp-content\/uploads\/sites\/132\/2024\/05\/BLOG-page-de-garde-1-596x1024.jpg 596w, https:\/\/etab.ac-reunion.fr\/lyc-vincendo\/wp-content\/uploads\/sites\/132\/2024\/05\/BLOG-page-de-garde-1-175x300.jpg 175w, https:\/\/etab.ac-reunion.fr\/lyc-vincendo\/wp-content\/uploads\/sites\/132\/2024\/05\/BLOG-page-de-garde-1-87x150.jpg 87w, https:\/\/etab.ac-reunion.fr\/lyc-vincendo\/wp-content\/uploads\/sites\/132\/2024\/05\/BLOG-page-de-garde-1.jpg 640w\" sizes=\"auto, (max-width: 596px) 100vw, 596px\" \/><\/span><\/p>\n<h4><span style=\"color: #0000ff\"><strong>Dans le cadre d&rsquo;un projet chef d&rsquo;\u0153uvre, nous, \u00e9l\u00e8ves de baccalaur\u00e9at professionnel optique lunetterie nous avons r\u00e9alis\u00e9 une page web en guise de chef d&rsquo;\u0153uvre.<\/strong><\/span><\/h4>\n<p><img loading=\"lazy\" decoding=\"async\" class=\"alignnone wp-image-4014 size-large\" src=\"https:\/\/etab.ac-reunion.fr\/lyc-vincendo\/wp-content\/uploads\/sites\/132\/2024\/05\/BLOG-planning-internat-2-1-574x1024.jpg\" alt=\"\" width=\"574\" height=\"1024\" srcset=\"https:\/\/etab.ac-reunion.fr\/lyc-vincendo\/wp-content\/uploads\/sites\/132\/2024\/05\/BLOG-planning-internat-2-1-574x1024.jpg 574w, https:\/\/etab.ac-reunion.fr\/lyc-vincendo\/wp-content\/uploads\/sites\/132\/2024\/05\/BLOG-planning-internat-2-1-168x300.jpg 168w, https:\/\/etab.ac-reunion.fr\/lyc-vincendo\/wp-content\/uploads\/sites\/132\/2024\/05\/BLOG-planning-internat-2-1-84x150.jpg 84w, https:\/\/etab.ac-reunion.fr\/lyc-vincendo\/wp-content\/uploads\/sites\/132\/2024\/05\/BLOG-planning-internat-2-1.jpg 640w\" sizes=\"auto, (max-width: 574px) 100vw, 574px\" \/><\/p>\n<h4><span style=\"color: #0000ff\"><strong> Le baccalaur\u00e9at professionnel d&rsquo;optique lunetterie se faisant uniquement sur le lyc\u00e9e de Vincendo, de nombreux \u00e9l\u00e8ves viennent de chaque communes de l&rsquo;ile pour suivre cette formation. Pour cela nous avons \u00e0 dispositions des places d&rsquo;internat situ\u00e9es au lyc\u00e9e de Paul Langevin.<\/strong><\/span><\/h4>\n<h4><span style=\"color: #0000ff\"><strong>Voici le d\u00e9roulement global de la vie des internes.<\/strong><\/span><\/h4>\n<p><img loading=\"lazy\" decoding=\"async\" class=\"alignnone wp-image-4016 size-large\" src=\"https:\/\/etab.ac-reunion.fr\/lyc-vincendo\/wp-content\/uploads\/sites\/132\/2024\/05\/BLOG-internat-3-581x1024.jpg\" alt=\"\" width=\"581\" height=\"1024\" srcset=\"https:\/\/etab.ac-reunion.fr\/lyc-vincendo\/wp-content\/uploads\/sites\/132\/2024\/05\/BLOG-internat-3-581x1024.jpg 581w, https:\/\/etab.ac-reunion.fr\/lyc-vincendo\/wp-content\/uploads\/sites\/132\/2024\/05\/BLOG-internat-3-170x300.jpg 170w, https:\/\/etab.ac-reunion.fr\/lyc-vincendo\/wp-content\/uploads\/sites\/132\/2024\/05\/BLOG-internat-3-85x150.jpg 85w, https:\/\/etab.ac-reunion.fr\/lyc-vincendo\/wp-content\/uploads\/sites\/132\/2024\/05\/BLOG-internat-3.jpg 640w\" sizes=\"auto, (max-width: 581px) 100vw, 581px\" \/><\/p>\n<h4><span style=\"color: #0000ff\"><strong>Quelques photos de l&rsquo;internat.<\/strong><\/span><\/h4>\n<p><img loading=\"lazy\" decoding=\"async\" class=\"alignnone wp-image-4018 size-large\" src=\"https:\/\/etab.ac-reunion.fr\/lyc-vincendo\/wp-content\/uploads\/sites\/132\/2024\/05\/BLOG-matiere-pro-et-general-4-579x1024.jpg\" alt=\"\" width=\"579\" height=\"1024\" srcset=\"https:\/\/etab.ac-reunion.fr\/lyc-vincendo\/wp-content\/uploads\/sites\/132\/2024\/05\/BLOG-matiere-pro-et-general-4-579x1024.jpg 579w, https:\/\/etab.ac-reunion.fr\/lyc-vincendo\/wp-content\/uploads\/sites\/132\/2024\/05\/BLOG-matiere-pro-et-general-4-170x300.jpg 170w, https:\/\/etab.ac-reunion.fr\/lyc-vincendo\/wp-content\/uploads\/sites\/132\/2024\/05\/BLOG-matiere-pro-et-general-4-85x150.jpg 85w, https:\/\/etab.ac-reunion.fr\/lyc-vincendo\/wp-content\/uploads\/sites\/132\/2024\/05\/BLOG-matiere-pro-et-general-4.jpg 640w\" sizes=\"auto, (max-width: 579px) 100vw, 579px\" \/><\/p>\n<h4><span style=\"color: #0000ff\"><strong>Nous avons diff\u00e9rentes disciplines scolaires, professionnelles et g\u00e9n\u00e9rales. Notamment sp\u00e9cialis\u00e9es dans le domaine de l&rsquo;optique et d&rsquo;autres domaines professionnels.<\/strong><\/span><\/h4>\n<p><img loading=\"lazy\" decoding=\"async\" class=\"alignnone wp-image-4019 size-large\" src=\"https:\/\/etab.ac-reunion.fr\/lyc-vincendo\/wp-content\/uploads\/sites\/132\/2024\/05\/BLOG-excamen-prealable-5-567x1024.jpg\" alt=\"\" width=\"567\" height=\"1024\" srcset=\"https:\/\/etab.ac-reunion.fr\/lyc-vincendo\/wp-content\/uploads\/sites\/132\/2024\/05\/BLOG-excamen-prealable-5-567x1024.jpg 567w, https:\/\/etab.ac-reunion.fr\/lyc-vincendo\/wp-content\/uploads\/sites\/132\/2024\/05\/BLOG-excamen-prealable-5-166x300.jpg 166w, https:\/\/etab.ac-reunion.fr\/lyc-vincendo\/wp-content\/uploads\/sites\/132\/2024\/05\/BLOG-excamen-prealable-5-83x150.jpg 83w, https:\/\/etab.ac-reunion.fr\/lyc-vincendo\/wp-content\/uploads\/sites\/132\/2024\/05\/BLOG-excamen-prealable-5.jpg 600w\" sizes=\"auto, (max-width: 567px) 100vw, 567px\" \/><\/p>\n<h4><span style=\"color: #0000ff\"><strong>L&rsquo; examen pr\u00e9alable consiste \u00e0 effectuer une \u00e9valuation de la vue pour d\u00e9terminer la correction n\u00e9cessaire avec des lunettes. Cela implique g\u00e9n\u00e9ralement des tests visuels pour mesurer l&rsquo;acuit\u00e9 visuelle et d&rsquo;autres aspects de la vision.<\/strong><\/span><\/h4>\n<p><img loading=\"lazy\" decoding=\"async\" class=\"alignnone wp-image-4020 size-large\" src=\"https:\/\/etab.ac-reunion.fr\/lyc-vincendo\/wp-content\/uploads\/sites\/132\/2024\/05\/BLOG-vente-6-580x1024.jpg\" alt=\"\" width=\"580\" height=\"1024\" srcset=\"https:\/\/etab.ac-reunion.fr\/lyc-vincendo\/wp-content\/uploads\/sites\/132\/2024\/05\/BLOG-vente-6-580x1024.jpg 580w, https:\/\/etab.ac-reunion.fr\/lyc-vincendo\/wp-content\/uploads\/sites\/132\/2024\/05\/BLOG-vente-6-170x300.jpg 170w, https:\/\/etab.ac-reunion.fr\/lyc-vincendo\/wp-content\/uploads\/sites\/132\/2024\/05\/BLOG-vente-6-85x150.jpg 85w, https:\/\/etab.ac-reunion.fr\/lyc-vincendo\/wp-content\/uploads\/sites\/132\/2024\/05\/BLOG-vente-6.jpg 640w\" sizes=\"auto, (max-width: 580px) 100vw, 580px\" \/><\/p>\n<h4><span style=\"color: #0000ff\"><strong>Dans notre formation on nous enseigne \u00e9galement certains aspects de la vente et le conseil clients afin de subvenir aux besoins de tous.<\/strong><\/span><\/h4>\n<p><img loading=\"lazy\" decoding=\"async\" class=\"alignnone wp-image-4022 size-large\" src=\"https:\/\/etab.ac-reunion.fr\/lyc-vincendo\/wp-content\/uploads\/sites\/132\/2024\/05\/A685E286-9295-4DCE-B2D4-BB339172F3E6-554x1024.jpg\" alt=\"\" width=\"554\" height=\"1024\" srcset=\"https:\/\/etab.ac-reunion.fr\/lyc-vincendo\/wp-content\/uploads\/sites\/132\/2024\/05\/A685E286-9295-4DCE-B2D4-BB339172F3E6-554x1024.jpg 554w, https:\/\/etab.ac-reunion.fr\/lyc-vincendo\/wp-content\/uploads\/sites\/132\/2024\/05\/A685E286-9295-4DCE-B2D4-BB339172F3E6-162x300.jpg 162w, https:\/\/etab.ac-reunion.fr\/lyc-vincendo\/wp-content\/uploads\/sites\/132\/2024\/05\/A685E286-9295-4DCE-B2D4-BB339172F3E6-81x150.jpg 81w, https:\/\/etab.ac-reunion.fr\/lyc-vincendo\/wp-content\/uploads\/sites\/132\/2024\/05\/A685E286-9295-4DCE-B2D4-BB339172F3E6.jpg 720w\" sizes=\"auto, (max-width: 554px) 100vw, 554px\" \/><\/p>\n<h4><span style=\"color: #0000ff\"><strong>Nos sorties scolaires consistent \u00e0 mieux nous int\u00e9grer \u00e0 l&rsquo;ensemble de la fili\u00e8re optique lunetterie.<\/strong><\/span><\/h4>\n<h4><span style=\"color: #0000ff\"><strong>Certaines de nos sorties organis\u00e9es sont comptabilis\u00e9es pour les \u00e9preuves du bac (Mafate).<\/strong><\/span><\/h4>\n<p><img loading=\"lazy\" decoding=\"async\" class=\"alignnone wp-image-4023 size-large\" src=\"https:\/\/etab.ac-reunion.fr\/lyc-vincendo\/wp-content\/uploads\/sites\/132\/2024\/05\/BLOG-ccf-art-applique-au-makes-9-1-730x1024.jpg\" alt=\"\" width=\"730\" height=\"1024\" srcset=\"https:\/\/etab.ac-reunion.fr\/lyc-vincendo\/wp-content\/uploads\/sites\/132\/2024\/05\/BLOG-ccf-art-applique-au-makes-9-1-730x1024.jpg 730w, https:\/\/etab.ac-reunion.fr\/lyc-vincendo\/wp-content\/uploads\/sites\/132\/2024\/05\/BLOG-ccf-art-applique-au-makes-9-1-214x300.jpg 214w, https:\/\/etab.ac-reunion.fr\/lyc-vincendo\/wp-content\/uploads\/sites\/132\/2024\/05\/BLOG-ccf-art-applique-au-makes-9-1-107x150.jpg 107w, https:\/\/etab.ac-reunion.fr\/lyc-vincendo\/wp-content\/uploads\/sites\/132\/2024\/05\/BLOG-ccf-art-applique-au-makes-9-1.jpg 763w\" sizes=\"auto, (max-width: 730px) 100vw, 730px\" \/><\/p>\n<h4><span style=\"color: #0000ff\"><strong>Dans le cadre de l&rsquo;\u00e9preuve d&rsquo;art appliqu\u00e9, nous avons effectu\u00e9 une sortie afin de relever de nombreux croquis de montagne qui nous aiderons pour la suite de l&rsquo;\u00e9preuve, CCF (<\/strong><strong> Contr\u00f4le en cours de formation).<\/strong><\/span><\/h4>\n<p><img loading=\"lazy\" decoding=\"async\" class=\"alignnone wp-image-4026 size-large\" src=\"https:\/\/etab.ac-reunion.fr\/lyc-vincendo\/wp-content\/uploads\/sites\/132\/2024\/05\/BF811543-4425-4AEA-B13F-453D5A741F41-591x1024.jpg\" alt=\"\" width=\"591\" height=\"1024\" srcset=\"https:\/\/etab.ac-reunion.fr\/lyc-vincendo\/wp-content\/uploads\/sites\/132\/2024\/05\/BF811543-4425-4AEA-B13F-453D5A741F41-591x1024.jpg 591w, https:\/\/etab.ac-reunion.fr\/lyc-vincendo\/wp-content\/uploads\/sites\/132\/2024\/05\/BF811543-4425-4AEA-B13F-453D5A741F41-173x300.jpg 173w, https:\/\/etab.ac-reunion.fr\/lyc-vincendo\/wp-content\/uploads\/sites\/132\/2024\/05\/BF811543-4425-4AEA-B13F-453D5A741F41-87x150.jpg 87w, https:\/\/etab.ac-reunion.fr\/lyc-vincendo\/wp-content\/uploads\/sites\/132\/2024\/05\/BF811543-4425-4AEA-B13F-453D5A741F41.jpg 720w\" sizes=\"auto, (max-width: 591px) 100vw, 591px\" \/><\/p>\n<h4><span style=\"color: #0000ff\"><strong>Durant notre formation nous serons amen\u00e9s \u00e0 utiliser diff\u00e9rents mat\u00e9riaux.<\/strong><\/span><\/h4>\n<p><img loading=\"lazy\" decoding=\"async\" class=\"alignnone wp-image-4027 size-large\" src=\"https:\/\/etab.ac-reunion.fr\/lyc-vincendo\/wp-content\/uploads\/sites\/132\/2024\/05\/BLOG-essaie-lentille-10-1-574x1024.jpg\" alt=\"\" width=\"574\" height=\"1024\" srcset=\"https:\/\/etab.ac-reunion.fr\/lyc-vincendo\/wp-content\/uploads\/sites\/132\/2024\/05\/BLOG-essaie-lentille-10-1-574x1024.jpg 574w, https:\/\/etab.ac-reunion.fr\/lyc-vincendo\/wp-content\/uploads\/sites\/132\/2024\/05\/BLOG-essaie-lentille-10-1-168x300.jpg 168w, https:\/\/etab.ac-reunion.fr\/lyc-vincendo\/wp-content\/uploads\/sites\/132\/2024\/05\/BLOG-essaie-lentille-10-1-84x150.jpg 84w, https:\/\/etab.ac-reunion.fr\/lyc-vincendo\/wp-content\/uploads\/sites\/132\/2024\/05\/BLOG-essaie-lentille-10-1.jpg 640w\" sizes=\"auto, (max-width: 574px) 100vw, 574px\" \/><\/p>\n<h4><span style=\"color: #0000ff\"><strong>A la fin de notre formation on nous apprend \u00e0 faire une pose compl\u00e8te de lentille sur l&rsquo;\u0153il avec l&rsquo;aide de notre professeur.<\/strong><\/span><\/h4>\n<h4><\/h4>\n<h4><strong>Nous restons \u00e0 votre disposition pour de plus amples informations.<\/strong><\/h4>\n<h4><strong>\u00a0\u00cates-vous pr\u00eats pour cette nouvelle aventure ?<\/strong><\/h4>\n<p>&nbsp;<\/p>\n<p>&nbsp;<\/p>\n","protected":false},"excerpt":{"rendered":"<p>Projet chef d&rsquo;\u0153uvres 2023\/2024 &#8211; Terminale BPOL Dans le cadre d&rsquo;un projet chef d&rsquo;\u0153uvre, nous, \u00e9l\u00e8ves de baccalaur\u00e9at professionnel optique lunetterie nous avons r\u00e9alis\u00e9 une page web en guise de chef d&rsquo;\u0153uvre. Le baccalaur\u00e9at professionnel d&rsquo;optique lunetterie se faisant uniquement sur le lyc\u00e9e de Vincendo, de nombreux \u00e9l\u00e8ves viennent de\u2026<\/p>\n<p class=\"continue-reading-button\"> <a class=\"continue-reading-link\" href=\"https:\/\/etab.ac-reunion.fr\/lyc-vincendo\/projet-chef-doeuvres-2023-2024\/\">Lire la suite<i class=\"crycon-right-dir\"><\/i><\/a><\/p>\n","protected":false},"author":30249,"featured_media":0,"parent":0,"menu_order":0,"comment_status":"closed","ping_status":"closed","template":"","meta":{"footnotes":""},"class_list":["post-4004","page","type-page","status-publish","hentry"],"_links":{"self":[{"href":"https:\/\/etab.ac-reunion.fr\/lyc-vincendo\/wp-json\/wp\/v2\/pages\/4004","targetHints":{"allow":["GET"]}}],"collection":[{"href":"https:\/\/etab.ac-reunion.fr\/lyc-vincendo\/wp-json\/wp\/v2\/pages"}],"about":[{"href":"https:\/\/etab.ac-reunion.fr\/lyc-vincendo\/wp-json\/wp\/v2\/types\/page"}],"author":[{"embeddable":true,"href":"https:\/\/etab.ac-reunion.fr\/lyc-vincendo\/wp-json\/wp\/v2\/users\/30249"}],"replies":[{"embeddable":true,"href":"https:\/\/etab.ac-reunion.fr\/lyc-vincendo\/wp-json\/wp\/v2\/comments?post=4004"}],"version-history":[{"count":21,"href":"https:\/\/etab.ac-reunion.fr\/lyc-vincendo\/wp-json\/wp\/v2\/pages\/4004\/revisions"}],"predecessor-version":[{"id":4041,"href":"https:\/\/etab.ac-reunion.fr\/lyc-vincendo\/wp-json\/wp\/v2\/pages\/4004\/revisions\/4041"}],"wp:attachment":[{"href":"https:\/\/etab.ac-reunion.fr\/lyc-vincendo\/wp-json\/wp\/v2\/media?parent=4004"}],"curies":[{"name":"wp","href":"https:\/\/api.w.org\/{rel}","templated":true}]}}