{"id":1603,"date":"2017-04-04T11:28:07","date_gmt":"2017-04-04T07:28:07","guid":{"rendered":"http:\/\/lycee.vuebelle.ac-reunion.fr\/?page_id=1603"},"modified":"2024-06-24T07:56:14","modified_gmt":"2024-06-24T03:56:14","slug":"notre-lycee","status":"publish","type":"page","link":"https:\/\/etab.ac-reunion.fr\/lyc-vue-belle\/notre-lycee\/","title":{"rendered":"Notre lyc\u00e9e"},"content":{"rendered":"<h3 class=\"western\" align=\"center\"><strong><span style=\"color: #0070c0\"><span style=\"font-size: large\">Pr\u00e9sentation de l\u2019\u00e9tablissement<\/span><\/span><\/strong><\/h3>\n<p class=\"western\"><span style=\"color: #0070c0\"><b>Effectifs\u00a0: <\/b><\/span><\/p>\n<ul>\n<li>Effectif global\u00a0: 900 \u00e9l\u00e8ves<\/li>\n<li>Nombre de demi-pensionnaires\u00a0: 435<\/li>\n<li>Nombre d\u2019internes : 26<\/li>\n<\/ul>\n<p class=\"western\"><span style=\"color: #0070c0\"><b>Formations dispens\u00e9es\u00a0: <\/b><\/span><\/p>\n<ul>\n<li>CAP\u00a0:\n<ul>\n<li>AAGA (Agent Accompagnant au Grand Age)<\/li>\n<li>AEPE (Accompagnant Educatif Petite Enfance)<\/li>\n<li>EPC (Equipier Polyvalent du Commerce)<\/li>\n<li>MMVF (M\u00e9tier de la Mode &#8211; V\u00eatement Flou)<\/li>\n<li>PSR (Production et Service en Restauration)<\/li>\n<\/ul>\n<\/li>\n<\/ul>\n<ul>\n<li>Bac Professionnel :\n<ul>\n<li>AEPA (Animation Enfance et Personnes Ag\u00e9es)<\/li>\n<li>AGORA (Assistance \u00e0 la Gestion des Organisations et de leurs Activit\u00e9s)<\/li>\n<li>ASSP (Accompagnement, Soins et Services \u00e0 la Personne)<\/li>\n<li>MA (M\u00e9tiers de l&rsquo;Accueil)<\/li>\n<li>MCV (M\u00e9tiers du Commerce et de la Vente) <strong>option A<\/strong> (Animation et gestion de l&rsquo;espace commercial)<\/li>\n<li>MCV (M\u00e9tiers du Commerce et de la Vente) <strong>option B<\/strong> (Prospection et valorisation de l&rsquo;offre commerciale)<\/li>\n<\/ul>\n<\/li>\n<\/ul>\n<ul>\n<li>Post-Bac :\n<ul>\n<li>BTS MCO (Management Commercial Op\u00e9rationnel) <strong>option Entrepreneuriat<\/strong><\/li>\n<li>Mention Compl\u00e9mentaire :\n<ul>\n<li>ACVD (Assistance, Conseil, Vente \u00e0 Distance)<\/li>\n<\/ul>\n<\/li>\n<\/ul>\n<\/li>\n<\/ul>\n<p class=\"western\">36 divisions, deux dispositif ULIS, une pr\u00e9pa-foquale (d\u00e9localis\u00e9e \u00e0 Plateau Caillou)<\/p>\n<p class=\"western\"><span style=\"color: #0070c0\"><b>Equipe P\u00e9dagogique\u00a0: <\/b><\/span><\/p>\n<ul>\n<li>108 enseignants<\/li>\n<\/ul>\n<p class=\"western\"><span style=\"color: #0070c0\"><b>Equipe Educative\u00a0: <\/b><\/span><\/p>\n<ul>\n<li>3 CPE (Conseiller Principal d\u2019Education)\n<ul>\n<li>Mme ALY<\/li>\n<li>Mme RIDOIN<\/li>\n<li>M. ESSOB<\/li>\n<\/ul>\n<\/li>\n<li>22 AED (Assistant d\u2019Education) dont 10 \u00e0 l\u2019internat<\/li>\n<li>2 AESH-CO (Accompagnant El\u00e8ve en Situation de Handicap Collectif) rattach\u00e9s au dispositif ULIS.<\/li>\n<\/ul>\n<p class=\"western\"><span style=\"color: #0070c0\"><b>Equipe TICE\u00a0: <\/b><\/span><\/p>\n<ul>\n<li>RUPPN : M. VALMAR<\/li>\n<li>AMI (Maintenance Informatique) : M. DE BOISVILLIERS<\/li>\n<li>Animateur ARTICE (dispositif \u00ab\u00a0Num\u00e9risak\u00a0\u00bb): M. ARHIMAN<\/li>\n<\/ul>\n<p class=\"western\"><span style=\"color: #0070c0\"><b>Internat\u00a0: <\/b><\/span><\/p>\n<p class=\"western\">Capacit\u00e9 d\u2019accueil\u00a0: 185 places<\/p>\n<ul>\n<li>107 places pour les gar\u00e7ons<\/li>\n<li>78 places pour les filles<\/li>\n<\/ul>\n<p class=\"western\" align=\"justify\">Cet internat accueille les \u00e9l\u00e8ves du lyc\u00e9e Professionnel de Vue Belle, des \u00e9l\u00e8ves venant du Lyc\u00e9e Trois Bassins et du Lyc\u00e9e Professionnel H\u00f4telier.<\/p>\n<p class=\"western\" align=\"justify\">Il accueille les \u00e9l\u00e8ves du lundi soir au jeudi soir inclus. Pas d\u2019accueil pendant les vacances scolaires et le week-end.<\/p>\n<p class=\"western\" align=\"justify\">Tarif\u00a0annuel : environ 1280\u20ac (pour les \u00e9l\u00e8ves non boursiers).<\/p>\n","protected":false},"excerpt":{"rendered":"<p>\u2026<\/p>\n<p class=\"continue-reading-button\"> <a class=\"continue-reading-link\" href=\"https:\/\/etab.ac-reunion.fr\/lyc-vue-belle\/notre-lycee\/\">LIRE LA SUITE<i class=\"crycon-right-dir\"><\/i><\/a><\/p>\n","protected":false},"author":2237,"featured_media":0,"parent":0,"menu_order":0,"comment_status":"closed","ping_status":"closed","template":"","meta":{"footnotes":""},"class_list":["post-1603","page","type-page","status-publish","hentry"],"_links":{"self":[{"href":"https:\/\/etab.ac-reunion.fr\/lyc-vue-belle\/wp-json\/wp\/v2\/pages\/1603","targetHints":{"allow":["GET"]}}],"collection":[{"href":"https:\/\/etab.ac-reunion.fr\/lyc-vue-belle\/wp-json\/wp\/v2\/pages"}],"about":[{"href":"https:\/\/etab.ac-reunion.fr\/lyc-vue-belle\/wp-json\/wp\/v2\/types\/page"}],"author":[{"embeddable":true,"href":"https:\/\/etab.ac-reunion.fr\/lyc-vue-belle\/wp-json\/wp\/v2\/users\/2237"}],"replies":[{"embeddable":true,"href":"https:\/\/etab.ac-reunion.fr\/lyc-vue-belle\/wp-json\/wp\/v2\/comments?post=1603"}],"version-history":[{"count":6,"href":"https:\/\/etab.ac-reunion.fr\/lyc-vue-belle\/wp-json\/wp\/v2\/pages\/1603\/revisions"}],"predecessor-version":[{"id":4646,"href":"https:\/\/etab.ac-reunion.fr\/lyc-vue-belle\/wp-json\/wp\/v2\/pages\/1603\/revisions\/4646"}],"wp:attachment":[{"href":"https:\/\/etab.ac-reunion.fr\/lyc-vue-belle\/wp-json\/wp\/v2\/media?parent=1603"}],"curies":[{"name":"wp","href":"https:\/\/api.w.org\/{rel}","templated":true}]}}