{"id":1667,"date":"2017-04-11T12:09:40","date_gmt":"2017-04-11T08:09:40","guid":{"rendered":"http:\/\/lycee.vuebelle.ac-reunion.fr\/?page_id=1667"},"modified":"2019-02-28T11:47:47","modified_gmt":"2019-02-28T07:47:47","slug":"le-secretariat-des-eleves","status":"publish","type":"page","link":"https:\/\/etab.ac-reunion.fr\/lyc-vue-belle\/le-secretariat-des-eleves\/","title":{"rendered":"Le secr\u00e9tariat des \u00e9l\u00e8ves"},"content":{"rendered":"<p>Veuillez\u00a0 utiliser\u00a0 l&rsquo;adresse\u00a0 suivante \u00a0 : ce9740015y@ac-reunion.fr \u00a0\u00a0 pour contacter le secr\u00e9tariat des \u00e9l\u00e8ves .<\/p>\n","protected":false},"excerpt":{"rendered":"<p>\u2026<\/p>\n<p class=\"continue-reading-button\"> <a class=\"continue-reading-link\" href=\"https:\/\/etab.ac-reunion.fr\/lyc-vue-belle\/le-secretariat-des-eleves\/\">LIRE LA SUITE<i class=\"crycon-right-dir\"><\/i><\/a><\/p>\n","protected":false},"author":2237,"featured_media":0,"parent":0,"menu_order":0,"comment_status":"closed","ping_status":"closed","template":"","meta":{"footnotes":""},"class_list":["post-1667","page","type-page","status-publish","hentry"],"_links":{"self":[{"href":"https:\/\/etab.ac-reunion.fr\/lyc-vue-belle\/wp-json\/wp\/v2\/pages\/1667","targetHints":{"allow":["GET"]}}],"collection":[{"href":"https:\/\/etab.ac-reunion.fr\/lyc-vue-belle\/wp-json\/wp\/v2\/pages"}],"about":[{"href":"https:\/\/etab.ac-reunion.fr\/lyc-vue-belle\/wp-json\/wp\/v2\/types\/page"}],"author":[{"embeddable":true,"href":"https:\/\/etab.ac-reunion.fr\/lyc-vue-belle\/wp-json\/wp\/v2\/users\/2237"}],"replies":[{"embeddable":true,"href":"https:\/\/etab.ac-reunion.fr\/lyc-vue-belle\/wp-json\/wp\/v2\/comments?post=1667"}],"version-history":[{"count":4,"href":"https:\/\/etab.ac-reunion.fr\/lyc-vue-belle\/wp-json\/wp\/v2\/pages\/1667\/revisions"}],"predecessor-version":[{"id":2889,"href":"https:\/\/etab.ac-reunion.fr\/lyc-vue-belle\/wp-json\/wp\/v2\/pages\/1667\/revisions\/2889"}],"wp:attachment":[{"href":"https:\/\/etab.ac-reunion.fr\/lyc-vue-belle\/wp-json\/wp\/v2\/media?parent=1667"}],"curies":[{"name":"wp","href":"https:\/\/api.w.org\/{rel}","templated":true}]}}